{"id":72029,"date":"2025-06-14T12:26:18","date_gmt":"2025-06-14T09:26:18","guid":{"rendered":"https:\/\/vinodeli.ee\/?post_type=product&#038;p=72029"},"modified":"2025-06-14T12:27:49","modified_gmt":"2025-06-14T09:27:49","slug":"la-garnacha-prometida-2019","status":"publish","type":"product","link":"https:\/\/vinodeli.ee\/en\/product\/la-garnacha-prometida-2019\/","title":{"rendered":"Arad\u00f3n La Garnacha Prometida DOCa Rioja 2019 15% vol. (in a box)"},"content":{"rendered":"<blockquote>\n<h5>Aradon was a village which existed in Roman times but which mysteriously disappeared.\u00a0<span lang=\"EN-US\">Aradon was situated at the top of a plain with an altitude of 550 m, called \u201cLa Mesa\u201d (The Table), which nowadays is occupied by vines of up to 90 years old, belonging to the winery. From 1957 onwards and continuing to the present day, in the village of Alcanadre, which is located 36 Km east of Logro\u00f1o, vinegrowers, from Alcanadre, have chosen to pay tribute to Aradon by naming their wines after it. These wines are elaborated with fruit coming from ancestral vineyards, grown with care and expertise by our experienced vinegrowers, whose knowledge has been passed down through the generations over centuries.<\/span><\/h5>\n<\/blockquote>\n<h3>Winemaking<\/h3>\n<p>Origin: 4 micro plots of bush vines over 85 years old, in clay-limestone soil and with a production of less than 1,800kg per hectare.Harvested in batches of 18kg and fermented in 500-litre barrels of extra-fine French oak. Two thirds of the resulting wine are aged in barrel, while one third ages in concrete egg tank.<\/p>\n<h3>Tasting notes<\/h3>\n<p>The wineyard strives for each bottle to be the purest embodiment of the Garnacha personality: its uniqueness, freshness, and elegance. Their promise is to return to their roots and revive the Garnacha variety; pure and exquisite, which reined majestically over our vineyards for millennia. For its complexity and the elegance of its aromas of red fruits, strawberries, floral touches and saline notes. For its tremendous body, fine and harmonious tannins, high acidity, concentration and freshness. This is a wine that you do not soon forget.<\/p>\n","protected":false},"excerpt":{"rendered":"<blockquote>\n<h4>Grape variety:100% Garnacha<\/h4>\n<\/blockquote>\n<ul>\n<li>Robert Parker Wine Advocate \u2013 91 points<\/li>\n<li>Gu\u00eda Pe\u00f1\u00edn (2020, vintage 2016) \u2013 90 points<\/li>\n<li>Tim Atkin \u2013 Master of Wine (2022, vintage 2018) \u2013 90 points<\/li>\n<\/ul>\n","protected":false},"featured_media":43266,"template":"","meta":{"_acf_changed":false},"product_brand":[],"product_cat":[19462],"product_tag":[],"class_list":{"0":"post-72029","1":"product","2":"type-product","3":"status-publish","4":"has-post-thumbnail","6":"product_cat-red-wine","8":"first","9":"instock","10":"downloadable","11":"taxable","12":"shipping-taxable","13":"purchasable","14":"product-type-simple"},"acf":[],"yoast_head":"<!-- This site is optimized with the Yoast SEO plugin v25.7 - https:\/\/yoast.com\/wordpress\/plugins\/seo\/ -->\n<title>Arad\u00f3n La Garnacha Prometida DOCa Rioja 2019 15% vol. (in a box) - Vinodeli<\/title>\n<meta name=\"robots\" content=\"index, follow, max-snippet:-1, max-image-preview:large, max-video-preview:-1\" \/>\n<link rel=\"canonical\" href=\"https:\/\/vinodeli.ee\/en\/product\/la-garnacha-prometida-2019\/\" \/>\n<meta property=\"og:locale\" content=\"en_US\" \/>\n<meta property=\"og:type\" content=\"article\" \/>\n<meta property=\"og:title\" content=\"Arad\u00f3n La Garnacha Prometida DOCa Rioja 2019 15% vol. (in a box) - Vinodeli\" \/>\n<meta property=\"og:description\" content=\"Grape variety:100% Garnacha    Robert Parker Wine Advocate \u2013 91 points  Gu\u00eda Pe\u00f1\u00edn (2020, vintage 2016) \u2013 90 points  Tim Atkin \u2013 Master of Wine (2022, vintage 2018) \u2013 90 points\" \/>\n<meta property=\"og:url\" content=\"https:\/\/vinodeli.ee\/en\/product\/la-garnacha-prometida-2019\/\" \/>\n<meta property=\"og:site_name\" content=\"Vinodeli\" \/>\n<meta property=\"article:modified_time\" content=\"2025-06-14T09:27:49+00:00\" \/>\n<meta property=\"og:image\" content=\"https:\/\/vinodeli.ee\/wp-content\/uploads\/2023\/11\/garnacha_prometida-jpg-2.webp\" \/>\n\t<meta property=\"og:image:width\" content=\"1000\" \/>\n\t<meta property=\"og:image:height\" content=\"1000\" \/>\n\t<meta property=\"og:image:type\" content=\"image\/webp\" \/>\n<meta name=\"twitter:card\" content=\"summary_large_image\" \/>\n<meta name=\"twitter:label1\" content=\"Est. reading time\" \/>\n\t<meta name=\"twitter:data1\" content=\"1 minute\" \/>\n<script type=\"application\/ld+json\" class=\"yoast-schema-graph\">{\"@context\":\"https:\/\/schema.org\",\"@graph\":[{\"@type\":\"WebPage\",\"@id\":\"https:\/\/vinodeli.ee\/en\/product\/la-garnacha-prometida-2019\/\",\"url\":\"https:\/\/vinodeli.ee\/en\/product\/la-garnacha-prometida-2019\/\",\"name\":\"Arad\u00f3n La Garnacha Prometida DOCa Rioja 2019 15% vol. (in a box) - Vinodeli\",\"isPartOf\":{\"@id\":\"https:\/\/vinodeli.ee\/#website\"},\"primaryImageOfPage\":{\"@id\":\"https:\/\/vinodeli.ee\/en\/product\/la-garnacha-prometida-2019\/#primaryimage\"},\"image\":{\"@id\":\"https:\/\/vinodeli.ee\/en\/product\/la-garnacha-prometida-2019\/#primaryimage\"},\"thumbnailUrl\":\"https:\/\/vinodeli.ee\/wp-content\/uploads\/2023\/11\/garnacha_prometida-jpg-2.webp\",\"datePublished\":\"2025-06-14T09:26:18+00:00\",\"dateModified\":\"2025-06-14T09:27:49+00:00\",\"breadcrumb\":{\"@id\":\"https:\/\/vinodeli.ee\/en\/product\/la-garnacha-prometida-2019\/#breadcrumb\"},\"inLanguage\":\"en-US\",\"potentialAction\":[{\"@type\":\"ReadAction\",\"target\":[\"https:\/\/vinodeli.ee\/en\/product\/la-garnacha-prometida-2019\/\"]}]},{\"@type\":\"ImageObject\",\"inLanguage\":\"en-US\",\"@id\":\"https:\/\/vinodeli.ee\/en\/product\/la-garnacha-prometida-2019\/#primaryimage\",\"url\":\"https:\/\/vinodeli.ee\/wp-content\/uploads\/2023\/11\/garnacha_prometida-jpg-2.webp\",\"contentUrl\":\"https:\/\/vinodeli.ee\/wp-content\/uploads\/2023\/11\/garnacha_prometida-jpg-2.webp\",\"width\":1000,\"height\":1000},{\"@type\":\"BreadcrumbList\",\"@id\":\"https:\/\/vinodeli.ee\/en\/product\/la-garnacha-prometida-2019\/#breadcrumb\",\"itemListElement\":[{\"@type\":\"ListItem\",\"position\":1,\"name\":\"Home\",\"item\":\"https:\/\/vinodeli.ee\/en\/\"},{\"@type\":\"ListItem\",\"position\":2,\"name\":\"Shop\",\"item\":\"https:\/\/vinodeli.ee\/pood\/\"},{\"@type\":\"ListItem\",\"position\":3,\"name\":\"Arad\u00f3n La Garnacha Prometida DOCa Rioja 2019 15% vol. (in a box)\"}]},{\"@type\":\"WebSite\",\"@id\":\"https:\/\/vinodeli.ee\/#website\",\"url\":\"https:\/\/vinodeli.ee\/\",\"name\":\"Vinodeli\",\"description\":\"\",\"publisher\":{\"@id\":\"https:\/\/vinodeli.ee\/#organization\"},\"potentialAction\":[{\"@type\":\"SearchAction\",\"target\":{\"@type\":\"EntryPoint\",\"urlTemplate\":\"https:\/\/vinodeli.ee\/?s={search_term_string}\"},\"query-input\":{\"@type\":\"PropertyValueSpecification\",\"valueRequired\":true,\"valueName\":\"search_term_string\"}}],\"inLanguage\":\"en-US\"},{\"@type\":\"Organization\",\"@id\":\"https:\/\/vinodeli.ee\/#organization\",\"name\":\"Vinodeli O\u00dc\",\"url\":\"https:\/\/vinodeli.ee\/\",\"logo\":{\"@type\":\"ImageObject\",\"inLanguage\":\"en-US\",\"@id\":\"https:\/\/vinodeli.ee\/#\/schema\/logo\/image\/\",\"url\":\"https:\/\/vinodeli.ee\/wp-content\/uploads\/2024\/02\/logo-winodeli-1.png\",\"contentUrl\":\"https:\/\/vinodeli.ee\/wp-content\/uploads\/2024\/02\/logo-winodeli-1.png\",\"width\":1500,\"height\":1150,\"caption\":\"Vinodeli O\u00dc\"},\"image\":{\"@id\":\"https:\/\/vinodeli.ee\/#\/schema\/logo\/image\/\"}}]}<\/script>\n<!-- \/ Yoast SEO plugin. -->","yoast_head_json":{"title":"Arad\u00f3n La Garnacha Prometida DOCa Rioja 2019 15% vol. (in a box) - Vinodeli","robots":{"index":"index","follow":"follow","max-snippet":"max-snippet:-1","max-image-preview":"max-image-preview:large","max-video-preview":"max-video-preview:-1"},"canonical":"https:\/\/vinodeli.ee\/en\/product\/la-garnacha-prometida-2019\/","og_locale":"en_US","og_type":"article","og_title":"Arad\u00f3n La Garnacha Prometida DOCa Rioja 2019 15% vol. (in a box) - Vinodeli","og_description":"Grape variety:100% Garnacha    Robert Parker Wine Advocate \u2013 91 points  Gu\u00eda Pe\u00f1\u00edn (2020, vintage 2016) \u2013 90 points  Tim Atkin \u2013 Master of Wine (2022, vintage 2018) \u2013 90 points","og_url":"https:\/\/vinodeli.ee\/en\/product\/la-garnacha-prometida-2019\/","og_site_name":"Vinodeli","article_modified_time":"2025-06-14T09:27:49+00:00","og_image":[{"width":1000,"height":1000,"url":"https:\/\/vinodeli.ee\/wp-content\/uploads\/2023\/11\/garnacha_prometida-jpg-2.webp","type":"image\/webp"}],"twitter_card":"summary_large_image","twitter_misc":{"Est. reading time":"1 minute"},"schema":{"@context":"https:\/\/schema.org","@graph":[{"@type":"WebPage","@id":"https:\/\/vinodeli.ee\/en\/product\/la-garnacha-prometida-2019\/","url":"https:\/\/vinodeli.ee\/en\/product\/la-garnacha-prometida-2019\/","name":"Arad\u00f3n La Garnacha Prometida DOCa Rioja 2019 15% vol. (in a box) - Vinodeli","isPartOf":{"@id":"https:\/\/vinodeli.ee\/#website"},"primaryImageOfPage":{"@id":"https:\/\/vinodeli.ee\/en\/product\/la-garnacha-prometida-2019\/#primaryimage"},"image":{"@id":"https:\/\/vinodeli.ee\/en\/product\/la-garnacha-prometida-2019\/#primaryimage"},"thumbnailUrl":"https:\/\/vinodeli.ee\/wp-content\/uploads\/2023\/11\/garnacha_prometida-jpg-2.webp","datePublished":"2025-06-14T09:26:18+00:00","dateModified":"2025-06-14T09:27:49+00:00","breadcrumb":{"@id":"https:\/\/vinodeli.ee\/en\/product\/la-garnacha-prometida-2019\/#breadcrumb"},"inLanguage":"en-US","potentialAction":[{"@type":"ReadAction","target":["https:\/\/vinodeli.ee\/en\/product\/la-garnacha-prometida-2019\/"]}]},{"@type":"ImageObject","inLanguage":"en-US","@id":"https:\/\/vinodeli.ee\/en\/product\/la-garnacha-prometida-2019\/#primaryimage","url":"https:\/\/vinodeli.ee\/wp-content\/uploads\/2023\/11\/garnacha_prometida-jpg-2.webp","contentUrl":"https:\/\/vinodeli.ee\/wp-content\/uploads\/2023\/11\/garnacha_prometida-jpg-2.webp","width":1000,"height":1000},{"@type":"BreadcrumbList","@id":"https:\/\/vinodeli.ee\/en\/product\/la-garnacha-prometida-2019\/#breadcrumb","itemListElement":[{"@type":"ListItem","position":1,"name":"Home","item":"https:\/\/vinodeli.ee\/en\/"},{"@type":"ListItem","position":2,"name":"Shop","item":"https:\/\/vinodeli.ee\/pood\/"},{"@type":"ListItem","position":3,"name":"Arad\u00f3n La Garnacha Prometida DOCa Rioja 2019 15% vol. (in a box)"}]},{"@type":"WebSite","@id":"https:\/\/vinodeli.ee\/#website","url":"https:\/\/vinodeli.ee\/","name":"Vinodeli","description":"","publisher":{"@id":"https:\/\/vinodeli.ee\/#organization"},"potentialAction":[{"@type":"SearchAction","target":{"@type":"EntryPoint","urlTemplate":"https:\/\/vinodeli.ee\/?s={search_term_string}"},"query-input":{"@type":"PropertyValueSpecification","valueRequired":true,"valueName":"search_term_string"}}],"inLanguage":"en-US"},{"@type":"Organization","@id":"https:\/\/vinodeli.ee\/#organization","name":"Vinodeli O\u00dc","url":"https:\/\/vinodeli.ee\/","logo":{"@type":"ImageObject","inLanguage":"en-US","@id":"https:\/\/vinodeli.ee\/#\/schema\/logo\/image\/","url":"https:\/\/vinodeli.ee\/wp-content\/uploads\/2024\/02\/logo-winodeli-1.png","contentUrl":"https:\/\/vinodeli.ee\/wp-content\/uploads\/2024\/02\/logo-winodeli-1.png","width":1500,"height":1150,"caption":"Vinodeli O\u00dc"},"image":{"@id":"https:\/\/vinodeli.ee\/#\/schema\/logo\/image\/"}}]}},"_links":{"self":[{"href":"https:\/\/vinodeli.ee\/en\/wp-json\/wp\/v2\/product\/72029","targetHints":{"allow":["GET"]}}],"collection":[{"href":"https:\/\/vinodeli.ee\/en\/wp-json\/wp\/v2\/product"}],"about":[{"href":"https:\/\/vinodeli.ee\/en\/wp-json\/wp\/v2\/types\/product"}],"version-history":[{"count":0,"href":"https:\/\/vinodeli.ee\/en\/wp-json\/wp\/v2\/product\/72029\/revisions"}],"wp:featuredmedia":[{"embeddable":true,"href":"https:\/\/vinodeli.ee\/en\/wp-json\/wp\/v2\/media\/43266"}],"wp:attachment":[{"href":"https:\/\/vinodeli.ee\/en\/wp-json\/wp\/v2\/media?parent=72029"}],"wp:term":[{"taxonomy":"product_brand","embeddable":true,"href":"https:\/\/vinodeli.ee\/en\/wp-json\/wp\/v2\/product_brand?post=72029"},{"taxonomy":"product_cat","embeddable":true,"href":"https:\/\/vinodeli.ee\/en\/wp-json\/wp\/v2\/product_cat?post=72029"},{"taxonomy":"product_tag","embeddable":true,"href":"https:\/\/vinodeli.ee\/en\/wp-json\/wp\/v2\/product_tag?post=72029"}],"curies":[{"name":"wp","href":"https:\/\/api.w.org\/{rel}","templated":true}]}}