{"id":72658,"date":"2025-07-03T17:35:46","date_gmt":"2025-07-03T14:35:46","guid":{"rendered":"https:\/\/vinodeli.ee\/?post_type=product&#038;p=72658"},"modified":"2026-04-01T21:52:19","modified_gmt":"2026-04-01T18:52:19","slug":"terrebrune-rose-anjou","status":"publish","type":"product","link":"https:\/\/vinodeli.ee\/en\/product\/terrebrune-rose-anjou\/","title":{"rendered":"Domaine de Terrebrune Ros\u00e9 d&#8217;Anjou AOC Grolleau 2025 10.5% vol. 0.75l"},"content":{"rendered":"<blockquote>\n<h5>The Domaine de Terre Brune is located in Notre Dame d&#8217;Allen\u00e7on, Anjou, in the heart of the UNESCO World Heritage Loire Valley, 20 kilometres south-west of Angers, at a place called La Motte. Just 5 kilometres from the village of Brissac Quinc\u00e9, famous for its historic Ch\u00e2teau, the highest in France and one of the most original in terms of its mix of architectural periods. Known as much for its mild climate as for its vineyards, Anjou offers the most diverse range of colours and flavours in the Loire Valley: dry or soft ros\u00e9s, supple or full-bodied reds, dry or sweet whites and, of course, fine bubbles.<\/h5>\n<\/blockquote>\n<h3>Winemaking<\/h3>\n<p data-start=\"1061\" data-end=\"1242\">Clay and clay-sandy soils. Average vine age of 25 years. Mechanical harvest at optimal ripeness after berry tasting, under very good climatic conditions.<\/p>\n<p data-start=\"1244\" data-end=\"1671\">Aged in stainless steel tanks. Protection from oxidation followed by direct pressing. Long fermentation at low temperature, encouraging aromatic development, then fermentation is stopped to achieve a beautiful balance of sweetness and freshness using a tangential filter (less sulphites). Sparkling pink colour with purplish highlights. Nose of citrus and candy. Very well-balanced ros\u00e9 with a refreshing finish.<\/p>\n<h3>Tasting notes<\/h3>\n<p data-start=\"1673\" data-end=\"1853\">Off-dry ros\u00e9. Salmon pink, sparkling rose colour with purplish highlights. Nose of fresh fruit and citrus. On the palate, notes of Arlequin candy, red fruit aromas, raspberry, and a smooth finish.<\/p>\n<h3>Food pairing<\/h3>\n<p data-start=\"1855\" data-end=\"1953\">Perfect as an aperitif, with cold cuts, white meats, or as a terrace ros\u00e9 \u2014 a ros\u00e9 for every occasion., suurep\u00e4rane k\u00fclmlaua lihade, valge liha v\u00f5i terrassi-rosee&#8217;na \u2014 rosee igaks hetkeks.<\/p>\n","protected":false},"excerpt":{"rendered":"<blockquote>\n<h4>Grape variety:<br \/>\n100% Grolleau<\/h4>\n<\/blockquote>\n","protected":false},"featured_media":73593,"template":"","meta":{"_acf_changed":false},"product_brand":[],"product_cat":[22101,19480],"product_tag":[],"class_list":{"0":"post-72658","1":"product","2":"type-product","3":"status-publish","4":"has-post-thumbnail","6":"product_cat-semi-dry-semi-sweet","7":"product_cat-rose-wine","9":"first","10":"instock","11":"taxable","12":"shipping-taxable","13":"purchasable","14":"product-type-simple"},"acf":[],"yoast_head":"<!-- This site is optimized with the Yoast SEO plugin v25.7 - https:\/\/yoast.com\/wordpress\/plugins\/seo\/ -->\n<title>Domaine de Terrebrune Ros\u00e9 d&#039;Anjou AOC Grolleau 2025 10.5% vol. 0.75l - Vinodeli<\/title>\n<meta name=\"robots\" content=\"index, follow, max-snippet:-1, max-image-preview:large, max-video-preview:-1\" \/>\n<link rel=\"canonical\" href=\"https:\/\/vinodeli.ee\/en\/product\/terrebrune-rose-anjou\/\" \/>\n<meta property=\"og:locale\" content=\"en_US\" \/>\n<meta property=\"og:type\" content=\"article\" \/>\n<meta property=\"og:title\" content=\"Domaine de Terrebrune Ros\u00e9 d&#039;Anjou AOC Grolleau 2025 10.5% vol. 0.75l - Vinodeli\" \/>\n<meta property=\"og:description\" content=\"Grape variety: 100% Grolleau\" \/>\n<meta property=\"og:url\" content=\"https:\/\/vinodeli.ee\/en\/product\/terrebrune-rose-anjou\/\" \/>\n<meta property=\"og:site_name\" content=\"Vinodeli\" \/>\n<meta property=\"article:modified_time\" content=\"2026-04-01T18:52:19+00:00\" \/>\n<meta property=\"og:image\" content=\"https:\/\/vinodeli.ee\/wp-content\/uploads\/2025\/07\/tb-rose-anjou.webp\" \/>\n\t<meta property=\"og:image:width\" content=\"1200\" \/>\n\t<meta property=\"og:image:height\" content=\"1200\" \/>\n\t<meta property=\"og:image:type\" content=\"image\/webp\" \/>\n<meta name=\"twitter:card\" content=\"summary_large_image\" \/>\n<meta name=\"twitter:label1\" content=\"Est. reading time\" \/>\n\t<meta name=\"twitter:data1\" content=\"1 minute\" \/>\n<script type=\"application\/ld+json\" class=\"yoast-schema-graph\">{\"@context\":\"https:\/\/schema.org\",\"@graph\":[{\"@type\":\"WebPage\",\"@id\":\"https:\/\/vinodeli.ee\/en\/product\/terrebrune-rose-anjou\/\",\"url\":\"https:\/\/vinodeli.ee\/en\/product\/terrebrune-rose-anjou\/\",\"name\":\"Domaine de Terrebrune Ros\u00e9 d'Anjou AOC Grolleau 2025 10.5% vol. 0.75l - Vinodeli\",\"isPartOf\":{\"@id\":\"https:\/\/vinodeli.ee\/#website\"},\"primaryImageOfPage\":{\"@id\":\"https:\/\/vinodeli.ee\/en\/product\/terrebrune-rose-anjou\/#primaryimage\"},\"image\":{\"@id\":\"https:\/\/vinodeli.ee\/en\/product\/terrebrune-rose-anjou\/#primaryimage\"},\"thumbnailUrl\":\"https:\/\/vinodeli.ee\/wp-content\/uploads\/2025\/07\/tb-rose-anjou.webp\",\"datePublished\":\"2025-07-03T14:35:46+00:00\",\"dateModified\":\"2026-04-01T18:52:19+00:00\",\"breadcrumb\":{\"@id\":\"https:\/\/vinodeli.ee\/en\/product\/terrebrune-rose-anjou\/#breadcrumb\"},\"inLanguage\":\"en-US\",\"potentialAction\":[{\"@type\":\"ReadAction\",\"target\":[\"https:\/\/vinodeli.ee\/en\/product\/terrebrune-rose-anjou\/\"]}]},{\"@type\":\"ImageObject\",\"inLanguage\":\"en-US\",\"@id\":\"https:\/\/vinodeli.ee\/en\/product\/terrebrune-rose-anjou\/#primaryimage\",\"url\":\"https:\/\/vinodeli.ee\/wp-content\/uploads\/2025\/07\/tb-rose-anjou.webp\",\"contentUrl\":\"https:\/\/vinodeli.ee\/wp-content\/uploads\/2025\/07\/tb-rose-anjou.webp\",\"width\":1200,\"height\":1200},{\"@type\":\"BreadcrumbList\",\"@id\":\"https:\/\/vinodeli.ee\/en\/product\/terrebrune-rose-anjou\/#breadcrumb\",\"itemListElement\":[{\"@type\":\"ListItem\",\"position\":1,\"name\":\"Home\",\"item\":\"https:\/\/vinodeli.ee\/en\/\"},{\"@type\":\"ListItem\",\"position\":2,\"name\":\"Shop\",\"item\":\"https:\/\/vinodeli.ee\/pood\/\"},{\"@type\":\"ListItem\",\"position\":3,\"name\":\"Domaine de Terrebrune Ros\u00e9 d&#8217;Anjou AOC Grolleau 2025 10.5% vol. 0.75l\"}]},{\"@type\":\"WebSite\",\"@id\":\"https:\/\/vinodeli.ee\/#website\",\"url\":\"https:\/\/vinodeli.ee\/\",\"name\":\"Vinodeli\",\"description\":\"\",\"publisher\":{\"@id\":\"https:\/\/vinodeli.ee\/#organization\"},\"potentialAction\":[{\"@type\":\"SearchAction\",\"target\":{\"@type\":\"EntryPoint\",\"urlTemplate\":\"https:\/\/vinodeli.ee\/?s={search_term_string}\"},\"query-input\":{\"@type\":\"PropertyValueSpecification\",\"valueRequired\":true,\"valueName\":\"search_term_string\"}}],\"inLanguage\":\"en-US\"},{\"@type\":\"Organization\",\"@id\":\"https:\/\/vinodeli.ee\/#organization\",\"name\":\"Vinodeli O\u00dc\",\"url\":\"https:\/\/vinodeli.ee\/\",\"logo\":{\"@type\":\"ImageObject\",\"inLanguage\":\"en-US\",\"@id\":\"https:\/\/vinodeli.ee\/#\/schema\/logo\/image\/\",\"url\":\"https:\/\/vinodeli.ee\/wp-content\/uploads\/2024\/02\/logo-winodeli-1.png\",\"contentUrl\":\"https:\/\/vinodeli.ee\/wp-content\/uploads\/2024\/02\/logo-winodeli-1.png\",\"width\":1500,\"height\":1150,\"caption\":\"Vinodeli O\u00dc\"},\"image\":{\"@id\":\"https:\/\/vinodeli.ee\/#\/schema\/logo\/image\/\"}}]}<\/script>\n<!-- \/ Yoast SEO plugin. -->","yoast_head_json":{"title":"Domaine de Terrebrune Ros\u00e9 d'Anjou AOC Grolleau 2025 10.5% vol. 0.75l - Vinodeli","robots":{"index":"index","follow":"follow","max-snippet":"max-snippet:-1","max-image-preview":"max-image-preview:large","max-video-preview":"max-video-preview:-1"},"canonical":"https:\/\/vinodeli.ee\/en\/product\/terrebrune-rose-anjou\/","og_locale":"en_US","og_type":"article","og_title":"Domaine de Terrebrune Ros\u00e9 d'Anjou AOC Grolleau 2025 10.5% vol. 0.75l - Vinodeli","og_description":"Grape variety: 100% Grolleau","og_url":"https:\/\/vinodeli.ee\/en\/product\/terrebrune-rose-anjou\/","og_site_name":"Vinodeli","article_modified_time":"2026-04-01T18:52:19+00:00","og_image":[{"width":1200,"height":1200,"url":"https:\/\/vinodeli.ee\/wp-content\/uploads\/2025\/07\/tb-rose-anjou.webp","type":"image\/webp"}],"twitter_card":"summary_large_image","twitter_misc":{"Est. reading time":"1 minute"},"schema":{"@context":"https:\/\/schema.org","@graph":[{"@type":"WebPage","@id":"https:\/\/vinodeli.ee\/en\/product\/terrebrune-rose-anjou\/","url":"https:\/\/vinodeli.ee\/en\/product\/terrebrune-rose-anjou\/","name":"Domaine de Terrebrune Ros\u00e9 d'Anjou AOC Grolleau 2025 10.5% vol. 0.75l - Vinodeli","isPartOf":{"@id":"https:\/\/vinodeli.ee\/#website"},"primaryImageOfPage":{"@id":"https:\/\/vinodeli.ee\/en\/product\/terrebrune-rose-anjou\/#primaryimage"},"image":{"@id":"https:\/\/vinodeli.ee\/en\/product\/terrebrune-rose-anjou\/#primaryimage"},"thumbnailUrl":"https:\/\/vinodeli.ee\/wp-content\/uploads\/2025\/07\/tb-rose-anjou.webp","datePublished":"2025-07-03T14:35:46+00:00","dateModified":"2026-04-01T18:52:19+00:00","breadcrumb":{"@id":"https:\/\/vinodeli.ee\/en\/product\/terrebrune-rose-anjou\/#breadcrumb"},"inLanguage":"en-US","potentialAction":[{"@type":"ReadAction","target":["https:\/\/vinodeli.ee\/en\/product\/terrebrune-rose-anjou\/"]}]},{"@type":"ImageObject","inLanguage":"en-US","@id":"https:\/\/vinodeli.ee\/en\/product\/terrebrune-rose-anjou\/#primaryimage","url":"https:\/\/vinodeli.ee\/wp-content\/uploads\/2025\/07\/tb-rose-anjou.webp","contentUrl":"https:\/\/vinodeli.ee\/wp-content\/uploads\/2025\/07\/tb-rose-anjou.webp","width":1200,"height":1200},{"@type":"BreadcrumbList","@id":"https:\/\/vinodeli.ee\/en\/product\/terrebrune-rose-anjou\/#breadcrumb","itemListElement":[{"@type":"ListItem","position":1,"name":"Home","item":"https:\/\/vinodeli.ee\/en\/"},{"@type":"ListItem","position":2,"name":"Shop","item":"https:\/\/vinodeli.ee\/pood\/"},{"@type":"ListItem","position":3,"name":"Domaine de Terrebrune Ros\u00e9 d&#8217;Anjou AOC Grolleau 2025 10.5% vol. 0.75l"}]},{"@type":"WebSite","@id":"https:\/\/vinodeli.ee\/#website","url":"https:\/\/vinodeli.ee\/","name":"Vinodeli","description":"","publisher":{"@id":"https:\/\/vinodeli.ee\/#organization"},"potentialAction":[{"@type":"SearchAction","target":{"@type":"EntryPoint","urlTemplate":"https:\/\/vinodeli.ee\/?s={search_term_string}"},"query-input":{"@type":"PropertyValueSpecification","valueRequired":true,"valueName":"search_term_string"}}],"inLanguage":"en-US"},{"@type":"Organization","@id":"https:\/\/vinodeli.ee\/#organization","name":"Vinodeli O\u00dc","url":"https:\/\/vinodeli.ee\/","logo":{"@type":"ImageObject","inLanguage":"en-US","@id":"https:\/\/vinodeli.ee\/#\/schema\/logo\/image\/","url":"https:\/\/vinodeli.ee\/wp-content\/uploads\/2024\/02\/logo-winodeli-1.png","contentUrl":"https:\/\/vinodeli.ee\/wp-content\/uploads\/2024\/02\/logo-winodeli-1.png","width":1500,"height":1150,"caption":"Vinodeli O\u00dc"},"image":{"@id":"https:\/\/vinodeli.ee\/#\/schema\/logo\/image\/"}}]}},"_links":{"self":[{"href":"https:\/\/vinodeli.ee\/en\/wp-json\/wp\/v2\/product\/72658","targetHints":{"allow":["GET"]}}],"collection":[{"href":"https:\/\/vinodeli.ee\/en\/wp-json\/wp\/v2\/product"}],"about":[{"href":"https:\/\/vinodeli.ee\/en\/wp-json\/wp\/v2\/types\/product"}],"version-history":[{"count":0,"href":"https:\/\/vinodeli.ee\/en\/wp-json\/wp\/v2\/product\/72658\/revisions"}],"wp:featuredmedia":[{"embeddable":true,"href":"https:\/\/vinodeli.ee\/en\/wp-json\/wp\/v2\/media\/73593"}],"wp:attachment":[{"href":"https:\/\/vinodeli.ee\/en\/wp-json\/wp\/v2\/media?parent=72658"}],"wp:term":[{"taxonomy":"product_brand","embeddable":true,"href":"https:\/\/vinodeli.ee\/en\/wp-json\/wp\/v2\/product_brand?post=72658"},{"taxonomy":"product_cat","embeddable":true,"href":"https:\/\/vinodeli.ee\/en\/wp-json\/wp\/v2\/product_cat?post=72658"},{"taxonomy":"product_tag","embeddable":true,"href":"https:\/\/vinodeli.ee\/en\/wp-json\/wp\/v2\/product_tag?post=72658"}],"curies":[{"name":"wp","href":"https:\/\/api.w.org\/{rel}","templated":true}]}}