{"id":73170,"date":"2025-07-16T13:14:30","date_gmt":"2025-07-16T10:14:30","guid":{"rendered":"https:\/\/vinodeli.ee\/product\/marquis-de-saint-loup-pommeau\/"},"modified":"2025-07-16T13:14:30","modified_gmt":"2025-07-16T10:14:30","slug":"marquis-de-saint-loup-pommeau","status":"publish","type":"product","link":"https:\/\/vinodeli.ee\/en\/product\/marquis-de-saint-loup-pommeau\/","title":{"rendered":"Marquis de Saint-Loup Pommeau de Normandie AOC 17% vol. 700ml"},"content":{"rendered":"<blockquote>\n<h5>This producer has been dedicated to cider and Calvados production for three generations. Marquis de Saint-Loup Calvados AOC is distilled in a column still giving the Calvados a very fruity and straightforward style. Their Calvados AOC Pays d\u2019Auge, on the other hand, is distilled in a copper pot still which creates a mellow and full-bodied Calvados. Marquis de Saint-Loup cidre is an IGP Cidre de Normandie (indication g\u00e9ographique prot\u00e9g\u00e9e). To receive the IGP designation, all apples used to make Marquis de Saint-Loup cidre must be an approved variety and must come from a specially certified geographic area.    <\/h5>\n<\/blockquote>\n<h3>About the Pommeau<\/h3>\n<p data-start=\"1446\" data-end=\"2015\">The Marquis de Saint-Loup comes from the controlled appellation Pommeau de Normandie and is a speciality made from apple must fortified with young Calvados. The Calvados is added directly to the must immediately after pressing the apples, preventing any fermentation from taking place. The ratio of must to Calvados is 2:1. This results in a sweeter profile with a relatively high alcohol content. After maturing for 18 months in oak barrels, the Pommeau is bottled for sale by Christian Drouin. A total of 30 apple varieties are authorised for the production of Pommeau.     <\/p>\n<h3>Tasting notes<\/h3>\n<p data-start=\"2017\" data-end=\"2359\">In the glass, Pommeau appears a dark amber colour with mahogany nuances and releases a fruity bouquet with notes of baked apples, caramelised sugar and buttery hints. The distinctive apple aroma is also beautifully present on the palate, complemented by a balanced play of acidity and fruity sweetness. A touch of vanilla rounds out the smooth flavour profile.  <\/p>\n<h3>Food pairing<\/h3>\n<p data-start=\"2361\" data-end=\"2692\">In France, Pommeau is traditionally served as an aperitif in a tulip-shaped wine glass. At a serving temperature between 8 and 10\u00b0C, this Normandy speciality develops its full bouquet. It is also perfect for mixing with sparkling wines or as an ingredient in cocktails. Furthermore, it pairs beautifully with apple tart.   <\/p>\n","protected":false},"excerpt":{"rendered":"<p>This producer has been dedicated to cider and Calvados production for three generations. Marquis de Saint-Loup Calvados AOC is distilled<\/p>\n","protected":false},"featured_media":73167,"template":"","meta":{"_acf_changed":false},"product_brand":[],"product_cat":[22943],"product_tag":[],"class_list":{"0":"post-73170","1":"product","2":"type-product","3":"status-publish","4":"has-post-thumbnail","6":"product_cat-pommeau-en-2","8":"first","9":"instock","10":"taxable","11":"shipping-taxable","12":"purchasable","13":"product-type-simple"},"acf":[],"yoast_head":"<!-- This site is optimized with the Yoast SEO plugin v25.7 - https:\/\/yoast.com\/wordpress\/plugins\/seo\/ -->\n<title>Marquis de Saint-Loup Pommeau de Normandie AOC 17% vol. 700ml - Vinodeli<\/title>\n<meta name=\"robots\" content=\"index, follow, max-snippet:-1, max-image-preview:large, max-video-preview:-1\" \/>\n<link rel=\"canonical\" href=\"https:\/\/vinodeli.ee\/en\/product\/marquis-de-saint-loup-pommeau\/\" \/>\n<meta property=\"og:locale\" content=\"en_US\" \/>\n<meta property=\"og:type\" content=\"article\" \/>\n<meta property=\"og:title\" content=\"Marquis de Saint-Loup Pommeau de Normandie AOC 17% vol. 700ml - Vinodeli\" \/>\n<meta property=\"og:description\" content=\"This producer has been dedicated to cider and Calvados production for three generations. Marquis de Saint-Loup Calvados AOC is distilled\" \/>\n<meta property=\"og:url\" content=\"https:\/\/vinodeli.ee\/en\/product\/marquis-de-saint-loup-pommeau\/\" \/>\n<meta property=\"og:site_name\" content=\"Vinodeli\" \/>\n<meta property=\"og:image\" content=\"https:\/\/vinodeli.ee\/wp-content\/uploads\/2025\/07\/pommeau.jpg\" \/>\n\t<meta property=\"og:image:width\" content=\"1150\" \/>\n\t<meta property=\"og:image:height\" content=\"1150\" \/>\n\t<meta property=\"og:image:type\" content=\"image\/jpeg\" \/>\n<meta name=\"twitter:card\" content=\"summary_large_image\" \/>\n<meta name=\"twitter:label1\" content=\"Est. reading time\" \/>\n\t<meta name=\"twitter:data1\" content=\"2 minutes\" \/>\n<script type=\"application\/ld+json\" class=\"yoast-schema-graph\">{\"@context\":\"https:\/\/schema.org\",\"@graph\":[{\"@type\":\"WebPage\",\"@id\":\"https:\/\/vinodeli.ee\/en\/product\/marquis-de-saint-loup-pommeau\/\",\"url\":\"https:\/\/vinodeli.ee\/en\/product\/marquis-de-saint-loup-pommeau\/\",\"name\":\"Marquis de Saint-Loup Pommeau de Normandie AOC 17% vol. 700ml - Vinodeli\",\"isPartOf\":{\"@id\":\"https:\/\/vinodeli.ee\/#website\"},\"primaryImageOfPage\":{\"@id\":\"https:\/\/vinodeli.ee\/en\/product\/marquis-de-saint-loup-pommeau\/#primaryimage\"},\"image\":{\"@id\":\"https:\/\/vinodeli.ee\/en\/product\/marquis-de-saint-loup-pommeau\/#primaryimage\"},\"thumbnailUrl\":\"https:\/\/vinodeli.ee\/wp-content\/uploads\/2025\/07\/pommeau.jpg\",\"datePublished\":\"2025-07-16T10:14:30+00:00\",\"breadcrumb\":{\"@id\":\"https:\/\/vinodeli.ee\/en\/product\/marquis-de-saint-loup-pommeau\/#breadcrumb\"},\"inLanguage\":\"en-US\",\"potentialAction\":[{\"@type\":\"ReadAction\",\"target\":[\"https:\/\/vinodeli.ee\/en\/product\/marquis-de-saint-loup-pommeau\/\"]}]},{\"@type\":\"ImageObject\",\"inLanguage\":\"en-US\",\"@id\":\"https:\/\/vinodeli.ee\/en\/product\/marquis-de-saint-loup-pommeau\/#primaryimage\",\"url\":\"https:\/\/vinodeli.ee\/wp-content\/uploads\/2025\/07\/pommeau.jpg\",\"contentUrl\":\"https:\/\/vinodeli.ee\/wp-content\/uploads\/2025\/07\/pommeau.jpg\",\"width\":1150,\"height\":1150},{\"@type\":\"BreadcrumbList\",\"@id\":\"https:\/\/vinodeli.ee\/en\/product\/marquis-de-saint-loup-pommeau\/#breadcrumb\",\"itemListElement\":[{\"@type\":\"ListItem\",\"position\":1,\"name\":\"Home\",\"item\":\"https:\/\/vinodeli.ee\/en\/\"},{\"@type\":\"ListItem\",\"position\":2,\"name\":\"Shop\",\"item\":\"https:\/\/vinodeli.ee\/pood\/\"},{\"@type\":\"ListItem\",\"position\":3,\"name\":\"Marquis de Saint-Loup Pommeau de Normandie AOC 17% vol. 700ml\"}]},{\"@type\":\"WebSite\",\"@id\":\"https:\/\/vinodeli.ee\/#website\",\"url\":\"https:\/\/vinodeli.ee\/\",\"name\":\"Vinodeli\",\"description\":\"\",\"publisher\":{\"@id\":\"https:\/\/vinodeli.ee\/#organization\"},\"potentialAction\":[{\"@type\":\"SearchAction\",\"target\":{\"@type\":\"EntryPoint\",\"urlTemplate\":\"https:\/\/vinodeli.ee\/?s={search_term_string}\"},\"query-input\":{\"@type\":\"PropertyValueSpecification\",\"valueRequired\":true,\"valueName\":\"search_term_string\"}}],\"inLanguage\":\"en-US\"},{\"@type\":\"Organization\",\"@id\":\"https:\/\/vinodeli.ee\/#organization\",\"name\":\"Vinodeli O\u00dc\",\"url\":\"https:\/\/vinodeli.ee\/\",\"logo\":{\"@type\":\"ImageObject\",\"inLanguage\":\"en-US\",\"@id\":\"https:\/\/vinodeli.ee\/#\/schema\/logo\/image\/\",\"url\":\"https:\/\/vinodeli.ee\/wp-content\/uploads\/2024\/02\/logo-winodeli-1.png\",\"contentUrl\":\"https:\/\/vinodeli.ee\/wp-content\/uploads\/2024\/02\/logo-winodeli-1.png\",\"width\":1500,\"height\":1150,\"caption\":\"Vinodeli O\u00dc\"},\"image\":{\"@id\":\"https:\/\/vinodeli.ee\/#\/schema\/logo\/image\/\"}}]}<\/script>\n<!-- \/ Yoast SEO plugin. -->","yoast_head_json":{"title":"Marquis de Saint-Loup Pommeau de Normandie AOC 17% vol. 700ml - Vinodeli","robots":{"index":"index","follow":"follow","max-snippet":"max-snippet:-1","max-image-preview":"max-image-preview:large","max-video-preview":"max-video-preview:-1"},"canonical":"https:\/\/vinodeli.ee\/en\/product\/marquis-de-saint-loup-pommeau\/","og_locale":"en_US","og_type":"article","og_title":"Marquis de Saint-Loup Pommeau de Normandie AOC 17% vol. 700ml - Vinodeli","og_description":"This producer has been dedicated to cider and Calvados production for three generations. Marquis de Saint-Loup Calvados AOC is distilled","og_url":"https:\/\/vinodeli.ee\/en\/product\/marquis-de-saint-loup-pommeau\/","og_site_name":"Vinodeli","og_image":[{"width":1150,"height":1150,"url":"https:\/\/vinodeli.ee\/wp-content\/uploads\/2025\/07\/pommeau.jpg","type":"image\/jpeg"}],"twitter_card":"summary_large_image","twitter_misc":{"Est. reading time":"2 minutes"},"schema":{"@context":"https:\/\/schema.org","@graph":[{"@type":"WebPage","@id":"https:\/\/vinodeli.ee\/en\/product\/marquis-de-saint-loup-pommeau\/","url":"https:\/\/vinodeli.ee\/en\/product\/marquis-de-saint-loup-pommeau\/","name":"Marquis de Saint-Loup Pommeau de Normandie AOC 17% vol. 700ml - Vinodeli","isPartOf":{"@id":"https:\/\/vinodeli.ee\/#website"},"primaryImageOfPage":{"@id":"https:\/\/vinodeli.ee\/en\/product\/marquis-de-saint-loup-pommeau\/#primaryimage"},"image":{"@id":"https:\/\/vinodeli.ee\/en\/product\/marquis-de-saint-loup-pommeau\/#primaryimage"},"thumbnailUrl":"https:\/\/vinodeli.ee\/wp-content\/uploads\/2025\/07\/pommeau.jpg","datePublished":"2025-07-16T10:14:30+00:00","breadcrumb":{"@id":"https:\/\/vinodeli.ee\/en\/product\/marquis-de-saint-loup-pommeau\/#breadcrumb"},"inLanguage":"en-US","potentialAction":[{"@type":"ReadAction","target":["https:\/\/vinodeli.ee\/en\/product\/marquis-de-saint-loup-pommeau\/"]}]},{"@type":"ImageObject","inLanguage":"en-US","@id":"https:\/\/vinodeli.ee\/en\/product\/marquis-de-saint-loup-pommeau\/#primaryimage","url":"https:\/\/vinodeli.ee\/wp-content\/uploads\/2025\/07\/pommeau.jpg","contentUrl":"https:\/\/vinodeli.ee\/wp-content\/uploads\/2025\/07\/pommeau.jpg","width":1150,"height":1150},{"@type":"BreadcrumbList","@id":"https:\/\/vinodeli.ee\/en\/product\/marquis-de-saint-loup-pommeau\/#breadcrumb","itemListElement":[{"@type":"ListItem","position":1,"name":"Home","item":"https:\/\/vinodeli.ee\/en\/"},{"@type":"ListItem","position":2,"name":"Shop","item":"https:\/\/vinodeli.ee\/pood\/"},{"@type":"ListItem","position":3,"name":"Marquis de Saint-Loup Pommeau de Normandie AOC 17% vol. 700ml"}]},{"@type":"WebSite","@id":"https:\/\/vinodeli.ee\/#website","url":"https:\/\/vinodeli.ee\/","name":"Vinodeli","description":"","publisher":{"@id":"https:\/\/vinodeli.ee\/#organization"},"potentialAction":[{"@type":"SearchAction","target":{"@type":"EntryPoint","urlTemplate":"https:\/\/vinodeli.ee\/?s={search_term_string}"},"query-input":{"@type":"PropertyValueSpecification","valueRequired":true,"valueName":"search_term_string"}}],"inLanguage":"en-US"},{"@type":"Organization","@id":"https:\/\/vinodeli.ee\/#organization","name":"Vinodeli O\u00dc","url":"https:\/\/vinodeli.ee\/","logo":{"@type":"ImageObject","inLanguage":"en-US","@id":"https:\/\/vinodeli.ee\/#\/schema\/logo\/image\/","url":"https:\/\/vinodeli.ee\/wp-content\/uploads\/2024\/02\/logo-winodeli-1.png","contentUrl":"https:\/\/vinodeli.ee\/wp-content\/uploads\/2024\/02\/logo-winodeli-1.png","width":1500,"height":1150,"caption":"Vinodeli O\u00dc"},"image":{"@id":"https:\/\/vinodeli.ee\/#\/schema\/logo\/image\/"}}]}},"_links":{"self":[{"href":"https:\/\/vinodeli.ee\/en\/wp-json\/wp\/v2\/product\/73170","targetHints":{"allow":["GET"]}}],"collection":[{"href":"https:\/\/vinodeli.ee\/en\/wp-json\/wp\/v2\/product"}],"about":[{"href":"https:\/\/vinodeli.ee\/en\/wp-json\/wp\/v2\/types\/product"}],"version-history":[{"count":0,"href":"https:\/\/vinodeli.ee\/en\/wp-json\/wp\/v2\/product\/73170\/revisions"}],"wp:featuredmedia":[{"embeddable":true,"href":"https:\/\/vinodeli.ee\/en\/wp-json\/wp\/v2\/media\/73167"}],"wp:attachment":[{"href":"https:\/\/vinodeli.ee\/en\/wp-json\/wp\/v2\/media?parent=73170"}],"wp:term":[{"taxonomy":"product_brand","embeddable":true,"href":"https:\/\/vinodeli.ee\/en\/wp-json\/wp\/v2\/product_brand?post=73170"},{"taxonomy":"product_cat","embeddable":true,"href":"https:\/\/vinodeli.ee\/en\/wp-json\/wp\/v2\/product_cat?post=73170"},{"taxonomy":"product_tag","embeddable":true,"href":"https:\/\/vinodeli.ee\/en\/wp-json\/wp\/v2\/product_tag?post=73170"}],"curies":[{"name":"wp","href":"https:\/\/api.w.org\/{rel}","templated":true}]}}