{"id":73211,"date":"2025-07-17T17:57:11","date_gmt":"2025-07-17T14:57:11","guid":{"rendered":"https:\/\/vinodeli.ee\/?post_type=product&#038;p=73211"},"modified":"2025-07-19T18:54:08","modified_gmt":"2025-07-19T15:54:08","slug":"marquis-de-saint-loup-cidre-brut","status":"publish","type":"product","link":"https:\/\/vinodeli.ee\/en\/product\/marquis-de-saint-loup-cidre-brut\/","title":{"rendered":"Marquis de Saint-Loup Cidre de Normandie AOC Brut pasteuris\u00e9 4.5% vol. 0.75l"},"content":{"rendered":"<blockquote>\n<h5>This producer has been dedicated to cider and Calvados production for three generations. Marquis de Saint-Loup Calvados AOC is distilled in a column still giving the Calvados a very fruity and straightforward style. Their Calvados AOC Pays d\u2019Auge, on the other hand, is distilled in a copper pot still which creates a mellow and full-bodied Calvados. Marquis de Saint-Loup cidre is an IGP Cidre de Normandie (indication g\u00e9ographique prot\u00e9g\u00e9e). To receive the IGP designation, all apples used to make Marquis de Saint-Loup cidre must be an approved variety and must come from a specially certified geographic area.    <\/h5>\n<\/blockquote>\n<h3 data-start=\"2361\" data-end=\"2692\">Tasting notes<\/h3>\n<p data-start=\"297\" data-end=\"453\">Dry, yet beautifully juicy apple flavour \u2013 this is what makes this top-quality cidre stand out. A popular choice for many years. <\/p>\n<h3 data-start=\"297\" data-end=\"453\">Food pairing<\/h3>\n<p>This is an easy-drinking brut cidre \u2013 all-natural, fermented from pure apple juice, gently sparkling and not overly sweet. A reliable choice for nearly any occasion, whether you&#8217;re enjoying shared small plates or celebrating something more special. It\u2019s delicious served by the glass at the bar, chilled in an ice bucket at the table, or offered to guests at a rehearsal dinner. Its fine bubbles linger delightfully.   <\/p>\n","protected":false},"excerpt":{"rendered":"<p>This producer has been dedicated to cider and Calvados production for three generations. Marquis de Saint-Loup Calvados AOC is distilled<\/p>\n","protected":false},"featured_media":73214,"template":"","meta":{"_acf_changed":false},"product_brand":[],"product_cat":[19472],"product_tag":[],"class_list":{"0":"post-73211","1":"product","2":"type-product","3":"status-publish","4":"has-post-thumbnail","6":"product_cat-cider","8":"first","9":"instock","10":"taxable","11":"shipping-taxable","12":"purchasable","13":"product-type-simple"},"acf":[],"yoast_head":"<!-- This site is optimized with the Yoast SEO plugin v25.7 - https:\/\/yoast.com\/wordpress\/plugins\/seo\/ -->\n<title>Marquis de Saint-Loup Cidre de Normandie AOC Brut pasteuris\u00e9 4.5% vol. 0.75l - Vinodeli<\/title>\n<meta name=\"robots\" content=\"index, follow, max-snippet:-1, max-image-preview:large, max-video-preview:-1\" \/>\n<link rel=\"canonical\" href=\"https:\/\/vinodeli.ee\/en\/product\/marquis-de-saint-loup-cidre-brut\/\" \/>\n<meta property=\"og:locale\" content=\"en_US\" \/>\n<meta property=\"og:type\" content=\"article\" \/>\n<meta property=\"og:title\" content=\"Marquis de Saint-Loup Cidre de Normandie AOC Brut pasteuris\u00e9 4.5% vol. 0.75l - Vinodeli\" \/>\n<meta property=\"og:description\" content=\"This producer has been dedicated to cider and Calvados production for three generations. Marquis de Saint-Loup Calvados AOC is distilled\" \/>\n<meta property=\"og:url\" content=\"https:\/\/vinodeli.ee\/en\/product\/marquis-de-saint-loup-cidre-brut\/\" \/>\n<meta property=\"og:site_name\" content=\"Vinodeli\" \/>\n<meta property=\"article:modified_time\" content=\"2025-07-19T15:54:08+00:00\" \/>\n<meta property=\"og:image\" content=\"https:\/\/vinodeli.ee\/wp-content\/uploads\/2025\/07\/cidre-brut.jpg\" \/>\n\t<meta property=\"og:image:width\" content=\"720\" \/>\n\t<meta property=\"og:image:height\" content=\"720\" \/>\n\t<meta property=\"og:image:type\" content=\"image\/jpeg\" \/>\n<meta name=\"twitter:card\" content=\"summary_large_image\" \/>\n<meta name=\"twitter:label1\" content=\"Est. reading time\" \/>\n\t<meta name=\"twitter:data1\" content=\"1 minute\" \/>\n<script type=\"application\/ld+json\" class=\"yoast-schema-graph\">{\"@context\":\"https:\/\/schema.org\",\"@graph\":[{\"@type\":\"WebPage\",\"@id\":\"https:\/\/vinodeli.ee\/en\/product\/marquis-de-saint-loup-cidre-brut\/\",\"url\":\"https:\/\/vinodeli.ee\/en\/product\/marquis-de-saint-loup-cidre-brut\/\",\"name\":\"Marquis de Saint-Loup Cidre de Normandie AOC Brut pasteuris\u00e9 4.5% vol. 0.75l - Vinodeli\",\"isPartOf\":{\"@id\":\"https:\/\/vinodeli.ee\/#website\"},\"primaryImageOfPage\":{\"@id\":\"https:\/\/vinodeli.ee\/en\/product\/marquis-de-saint-loup-cidre-brut\/#primaryimage\"},\"image\":{\"@id\":\"https:\/\/vinodeli.ee\/en\/product\/marquis-de-saint-loup-cidre-brut\/#primaryimage\"},\"thumbnailUrl\":\"https:\/\/vinodeli.ee\/wp-content\/uploads\/2025\/07\/cidre-brut.jpg\",\"datePublished\":\"2025-07-17T14:57:11+00:00\",\"dateModified\":\"2025-07-19T15:54:08+00:00\",\"breadcrumb\":{\"@id\":\"https:\/\/vinodeli.ee\/en\/product\/marquis-de-saint-loup-cidre-brut\/#breadcrumb\"},\"inLanguage\":\"en-US\",\"potentialAction\":[{\"@type\":\"ReadAction\",\"target\":[\"https:\/\/vinodeli.ee\/en\/product\/marquis-de-saint-loup-cidre-brut\/\"]}]},{\"@type\":\"ImageObject\",\"inLanguage\":\"en-US\",\"@id\":\"https:\/\/vinodeli.ee\/en\/product\/marquis-de-saint-loup-cidre-brut\/#primaryimage\",\"url\":\"https:\/\/vinodeli.ee\/wp-content\/uploads\/2025\/07\/cidre-brut.jpg\",\"contentUrl\":\"https:\/\/vinodeli.ee\/wp-content\/uploads\/2025\/07\/cidre-brut.jpg\",\"width\":720,\"height\":720},{\"@type\":\"BreadcrumbList\",\"@id\":\"https:\/\/vinodeli.ee\/en\/product\/marquis-de-saint-loup-cidre-brut\/#breadcrumb\",\"itemListElement\":[{\"@type\":\"ListItem\",\"position\":1,\"name\":\"Home\",\"item\":\"https:\/\/vinodeli.ee\/en\/\"},{\"@type\":\"ListItem\",\"position\":2,\"name\":\"Shop\",\"item\":\"https:\/\/vinodeli.ee\/pood\/\"},{\"@type\":\"ListItem\",\"position\":3,\"name\":\"Marquis de Saint-Loup Cidre de Normandie AOC Brut pasteuris\u00e9 4.5% vol. 0.75l\"}]},{\"@type\":\"WebSite\",\"@id\":\"https:\/\/vinodeli.ee\/#website\",\"url\":\"https:\/\/vinodeli.ee\/\",\"name\":\"Vinodeli\",\"description\":\"\",\"publisher\":{\"@id\":\"https:\/\/vinodeli.ee\/#organization\"},\"potentialAction\":[{\"@type\":\"SearchAction\",\"target\":{\"@type\":\"EntryPoint\",\"urlTemplate\":\"https:\/\/vinodeli.ee\/?s={search_term_string}\"},\"query-input\":{\"@type\":\"PropertyValueSpecification\",\"valueRequired\":true,\"valueName\":\"search_term_string\"}}],\"inLanguage\":\"en-US\"},{\"@type\":\"Organization\",\"@id\":\"https:\/\/vinodeli.ee\/#organization\",\"name\":\"Vinodeli O\u00dc\",\"url\":\"https:\/\/vinodeli.ee\/\",\"logo\":{\"@type\":\"ImageObject\",\"inLanguage\":\"en-US\",\"@id\":\"https:\/\/vinodeli.ee\/#\/schema\/logo\/image\/\",\"url\":\"https:\/\/vinodeli.ee\/wp-content\/uploads\/2024\/02\/logo-winodeli-1.png\",\"contentUrl\":\"https:\/\/vinodeli.ee\/wp-content\/uploads\/2024\/02\/logo-winodeli-1.png\",\"width\":1500,\"height\":1150,\"caption\":\"Vinodeli O\u00dc\"},\"image\":{\"@id\":\"https:\/\/vinodeli.ee\/#\/schema\/logo\/image\/\"}}]}<\/script>\n<!-- \/ Yoast SEO plugin. -->","yoast_head_json":{"title":"Marquis de Saint-Loup Cidre de Normandie AOC Brut pasteuris\u00e9 4.5% vol. 0.75l - Vinodeli","robots":{"index":"index","follow":"follow","max-snippet":"max-snippet:-1","max-image-preview":"max-image-preview:large","max-video-preview":"max-video-preview:-1"},"canonical":"https:\/\/vinodeli.ee\/en\/product\/marquis-de-saint-loup-cidre-brut\/","og_locale":"en_US","og_type":"article","og_title":"Marquis de Saint-Loup Cidre de Normandie AOC Brut pasteuris\u00e9 4.5% vol. 0.75l - Vinodeli","og_description":"This producer has been dedicated to cider and Calvados production for three generations. Marquis de Saint-Loup Calvados AOC is distilled","og_url":"https:\/\/vinodeli.ee\/en\/product\/marquis-de-saint-loup-cidre-brut\/","og_site_name":"Vinodeli","article_modified_time":"2025-07-19T15:54:08+00:00","og_image":[{"width":720,"height":720,"url":"https:\/\/vinodeli.ee\/wp-content\/uploads\/2025\/07\/cidre-brut.jpg","type":"image\/jpeg"}],"twitter_card":"summary_large_image","twitter_misc":{"Est. reading time":"1 minute"},"schema":{"@context":"https:\/\/schema.org","@graph":[{"@type":"WebPage","@id":"https:\/\/vinodeli.ee\/en\/product\/marquis-de-saint-loup-cidre-brut\/","url":"https:\/\/vinodeli.ee\/en\/product\/marquis-de-saint-loup-cidre-brut\/","name":"Marquis de Saint-Loup Cidre de Normandie AOC Brut pasteuris\u00e9 4.5% vol. 0.75l - Vinodeli","isPartOf":{"@id":"https:\/\/vinodeli.ee\/#website"},"primaryImageOfPage":{"@id":"https:\/\/vinodeli.ee\/en\/product\/marquis-de-saint-loup-cidre-brut\/#primaryimage"},"image":{"@id":"https:\/\/vinodeli.ee\/en\/product\/marquis-de-saint-loup-cidre-brut\/#primaryimage"},"thumbnailUrl":"https:\/\/vinodeli.ee\/wp-content\/uploads\/2025\/07\/cidre-brut.jpg","datePublished":"2025-07-17T14:57:11+00:00","dateModified":"2025-07-19T15:54:08+00:00","breadcrumb":{"@id":"https:\/\/vinodeli.ee\/en\/product\/marquis-de-saint-loup-cidre-brut\/#breadcrumb"},"inLanguage":"en-US","potentialAction":[{"@type":"ReadAction","target":["https:\/\/vinodeli.ee\/en\/product\/marquis-de-saint-loup-cidre-brut\/"]}]},{"@type":"ImageObject","inLanguage":"en-US","@id":"https:\/\/vinodeli.ee\/en\/product\/marquis-de-saint-loup-cidre-brut\/#primaryimage","url":"https:\/\/vinodeli.ee\/wp-content\/uploads\/2025\/07\/cidre-brut.jpg","contentUrl":"https:\/\/vinodeli.ee\/wp-content\/uploads\/2025\/07\/cidre-brut.jpg","width":720,"height":720},{"@type":"BreadcrumbList","@id":"https:\/\/vinodeli.ee\/en\/product\/marquis-de-saint-loup-cidre-brut\/#breadcrumb","itemListElement":[{"@type":"ListItem","position":1,"name":"Home","item":"https:\/\/vinodeli.ee\/en\/"},{"@type":"ListItem","position":2,"name":"Shop","item":"https:\/\/vinodeli.ee\/pood\/"},{"@type":"ListItem","position":3,"name":"Marquis de Saint-Loup Cidre de Normandie AOC Brut pasteuris\u00e9 4.5% vol. 0.75l"}]},{"@type":"WebSite","@id":"https:\/\/vinodeli.ee\/#website","url":"https:\/\/vinodeli.ee\/","name":"Vinodeli","description":"","publisher":{"@id":"https:\/\/vinodeli.ee\/#organization"},"potentialAction":[{"@type":"SearchAction","target":{"@type":"EntryPoint","urlTemplate":"https:\/\/vinodeli.ee\/?s={search_term_string}"},"query-input":{"@type":"PropertyValueSpecification","valueRequired":true,"valueName":"search_term_string"}}],"inLanguage":"en-US"},{"@type":"Organization","@id":"https:\/\/vinodeli.ee\/#organization","name":"Vinodeli O\u00dc","url":"https:\/\/vinodeli.ee\/","logo":{"@type":"ImageObject","inLanguage":"en-US","@id":"https:\/\/vinodeli.ee\/#\/schema\/logo\/image\/","url":"https:\/\/vinodeli.ee\/wp-content\/uploads\/2024\/02\/logo-winodeli-1.png","contentUrl":"https:\/\/vinodeli.ee\/wp-content\/uploads\/2024\/02\/logo-winodeli-1.png","width":1500,"height":1150,"caption":"Vinodeli O\u00dc"},"image":{"@id":"https:\/\/vinodeli.ee\/#\/schema\/logo\/image\/"}}]}},"_links":{"self":[{"href":"https:\/\/vinodeli.ee\/en\/wp-json\/wp\/v2\/product\/73211","targetHints":{"allow":["GET"]}}],"collection":[{"href":"https:\/\/vinodeli.ee\/en\/wp-json\/wp\/v2\/product"}],"about":[{"href":"https:\/\/vinodeli.ee\/en\/wp-json\/wp\/v2\/types\/product"}],"version-history":[{"count":0,"href":"https:\/\/vinodeli.ee\/en\/wp-json\/wp\/v2\/product\/73211\/revisions"}],"wp:featuredmedia":[{"embeddable":true,"href":"https:\/\/vinodeli.ee\/en\/wp-json\/wp\/v2\/media\/73214"}],"wp:attachment":[{"href":"https:\/\/vinodeli.ee\/en\/wp-json\/wp\/v2\/media?parent=73211"}],"wp:term":[{"taxonomy":"product_brand","embeddable":true,"href":"https:\/\/vinodeli.ee\/en\/wp-json\/wp\/v2\/product_brand?post=73211"},{"taxonomy":"product_cat","embeddable":true,"href":"https:\/\/vinodeli.ee\/en\/wp-json\/wp\/v2\/product_cat?post=73211"},{"taxonomy":"product_tag","embeddable":true,"href":"https:\/\/vinodeli.ee\/en\/wp-json\/wp\/v2\/product_tag?post=73211"}],"curies":[{"name":"wp","href":"https:\/\/api.w.org\/{rel}","templated":true}]}}