{"id":73223,"date":"2025-07-17T18:10:52","date_gmt":"2025-07-17T15:10:52","guid":{"rendered":"https:\/\/vinodeli.ee\/?post_type=product&#038;p=73223"},"modified":"2025-07-17T18:40:07","modified_gmt":"2025-07-17T15:40:07","slug":"marquis-de-saint-calvados-selection","status":"publish","type":"product","link":"https:\/\/vinodeli.ee\/en\/product\/marquis-de-saint-calvados-selection\/","title":{"rendered":"Marquis de Saint-Loup S\u00e9lection Calvados AOC 40% vol. 700ml"},"content":{"rendered":"<blockquote>\n<h5>This producer has been dedicated to cider and Calvados production for three generations. Marquis de Saint-Loup Calvados AOC is distilled in a column still giving the Calvados a very fruity and straightforward style. Their Calvados AOC Pays d\u2019Auge, on the other hand, is distilled in a copper pot still which creates a mellow and full-bodied Calvados. Marquis de Saint-Loup cidre is an IGP Cidre de Normandie (indication g\u00e9ographique prot\u00e9g\u00e9e). To receive the IGP designation, all apples used to make Marquis de Saint-Loup cidre must be an approved variety and must come from a specially certified geographic area.    <\/h5>\n<\/blockquote>\n<h3 data-start=\"2361\" data-end=\"2692\">About the Calvados<\/h3>\n<p data-start=\"184\" data-end=\"487\"><strong data-start=\"184\" data-end=\"218\">Calvados Marquis de Saint-Loup<\/strong> is distilled from cider made using 30 apple varieties native to Normandy and Brittany, introduced to France as early as the 12th century. As harvest begins in September, apples are allowed to fall naturally to the ground before being gathered \u2013 ensuring they\u2019ve reached perfect ripeness for Calvados production.   <\/p>\n<p data-start=\"489\" data-end=\"784\">The spirit is aged in oak barrels. Over time, the more volatile compounds that give young Calvados its harsh edge dissipate. Meanwhile, the oak imparts tannins and other elements that develop its colour and structure. As oxygen interacts with the wood-derived compounds, chemical changes occur, releasing new and evolving aromas.   <\/p>\n<p data-start=\"786\" data-end=\"1179\">The Marquis de Saint-Loup estate cellars are filled with small barrels, which encourage a greater exchange between the wood and the spirit. This accelerates the ageing process but also results in a higher evaporation loss \u2013 affectionately known as the &#8220;angels&#8217; share.&#8221; Many of the casks are former sherry or port barrels, which lend a smoother profile, with fewer bitter tannins and a deeper, more aromatic complexity.  <\/p>\n<p data-start=\"1181\" data-end=\"1580\"><strong data-start=\"1181\" data-end=\"1216\">Calvados from the Domfrontais region<\/strong> is especially fruity in character, making it enjoyable even when young. That\u2019s why the Marquises of Saint-Loup offer a Domfront-style Calvados as their entry-level option. These Calvados are unique due to the high proportion of pear cider (30%), the region\u2019s shale and granite soils, and the single distillation process that defines their style.  <\/p>\n<h3>Food pairing<\/h3>\n<p>It\u2019s particularly suited for those who enjoy Calvados as an aperitif \u2013 served with tonic, over ice (3cl with two cubes), or even in coffee (a splash directly into the cup). It\u2019s also ideal in fruit-based cocktails, cooking recipes, or apple slush drinks. <\/p>\n","protected":false},"excerpt":{"rendered":"<p>This producer has been dedicated to cider and Calvados production for three generations. Marquis de Saint-Loup Calvados AOC is distilled<\/p>\n","protected":false},"featured_media":73226,"template":"","meta":{"_acf_changed":false},"product_brand":[],"product_cat":[22952],"product_tag":[],"class_list":{"0":"post-73223","1":"product","2":"type-product","3":"status-publish","4":"has-post-thumbnail","6":"product_cat-calvados","8":"first","9":"instock","10":"taxable","11":"shipping-taxable","12":"purchasable","13":"product-type-simple"},"acf":[],"yoast_head":"<!-- This site is optimized with the Yoast SEO plugin v25.7 - https:\/\/yoast.com\/wordpress\/plugins\/seo\/ -->\n<title>Marquis de Saint-Loup S\u00e9lection Calvados AOC 40% vol. 700ml - Vinodeli<\/title>\n<meta name=\"robots\" content=\"index, follow, max-snippet:-1, max-image-preview:large, max-video-preview:-1\" \/>\n<link rel=\"canonical\" href=\"https:\/\/vinodeli.ee\/en\/product\/marquis-de-saint-calvados-selection\/\" \/>\n<meta property=\"og:locale\" content=\"en_US\" \/>\n<meta property=\"og:type\" content=\"article\" \/>\n<meta property=\"og:title\" content=\"Marquis de Saint-Loup S\u00e9lection Calvados AOC 40% vol. 700ml - Vinodeli\" \/>\n<meta property=\"og:description\" content=\"This producer has been dedicated to cider and Calvados production for three generations. Marquis de Saint-Loup Calvados AOC is distilled\" \/>\n<meta property=\"og:url\" content=\"https:\/\/vinodeli.ee\/en\/product\/marquis-de-saint-calvados-selection\/\" \/>\n<meta property=\"og:site_name\" content=\"Vinodeli\" \/>\n<meta property=\"article:modified_time\" content=\"2025-07-17T15:40:07+00:00\" \/>\n<meta property=\"og:image\" content=\"https:\/\/vinodeli.ee\/wp-content\/uploads\/2025\/07\/calvados-selection.jpg\" \/>\n\t<meta property=\"og:image:width\" content=\"1500\" \/>\n\t<meta property=\"og:image:height\" content=\"1500\" \/>\n\t<meta property=\"og:image:type\" content=\"image\/jpeg\" \/>\n<meta name=\"twitter:card\" content=\"summary_large_image\" \/>\n<meta name=\"twitter:label1\" content=\"Est. reading time\" \/>\n\t<meta name=\"twitter:data1\" content=\"2 minutes\" \/>\n<script type=\"application\/ld+json\" class=\"yoast-schema-graph\">{\"@context\":\"https:\/\/schema.org\",\"@graph\":[{\"@type\":\"WebPage\",\"@id\":\"https:\/\/vinodeli.ee\/en\/product\/marquis-de-saint-calvados-selection\/\",\"url\":\"https:\/\/vinodeli.ee\/en\/product\/marquis-de-saint-calvados-selection\/\",\"name\":\"Marquis de Saint-Loup S\u00e9lection Calvados AOC 40% vol. 700ml - Vinodeli\",\"isPartOf\":{\"@id\":\"https:\/\/vinodeli.ee\/#website\"},\"primaryImageOfPage\":{\"@id\":\"https:\/\/vinodeli.ee\/en\/product\/marquis-de-saint-calvados-selection\/#primaryimage\"},\"image\":{\"@id\":\"https:\/\/vinodeli.ee\/en\/product\/marquis-de-saint-calvados-selection\/#primaryimage\"},\"thumbnailUrl\":\"https:\/\/vinodeli.ee\/wp-content\/uploads\/2025\/07\/calvados-selection.jpg\",\"datePublished\":\"2025-07-17T15:10:52+00:00\",\"dateModified\":\"2025-07-17T15:40:07+00:00\",\"breadcrumb\":{\"@id\":\"https:\/\/vinodeli.ee\/en\/product\/marquis-de-saint-calvados-selection\/#breadcrumb\"},\"inLanguage\":\"en-US\",\"potentialAction\":[{\"@type\":\"ReadAction\",\"target\":[\"https:\/\/vinodeli.ee\/en\/product\/marquis-de-saint-calvados-selection\/\"]}]},{\"@type\":\"ImageObject\",\"inLanguage\":\"en-US\",\"@id\":\"https:\/\/vinodeli.ee\/en\/product\/marquis-de-saint-calvados-selection\/#primaryimage\",\"url\":\"https:\/\/vinodeli.ee\/wp-content\/uploads\/2025\/07\/calvados-selection.jpg\",\"contentUrl\":\"https:\/\/vinodeli.ee\/wp-content\/uploads\/2025\/07\/calvados-selection.jpg\",\"width\":1500,\"height\":1500},{\"@type\":\"BreadcrumbList\",\"@id\":\"https:\/\/vinodeli.ee\/en\/product\/marquis-de-saint-calvados-selection\/#breadcrumb\",\"itemListElement\":[{\"@type\":\"ListItem\",\"position\":1,\"name\":\"Home\",\"item\":\"https:\/\/vinodeli.ee\/en\/\"},{\"@type\":\"ListItem\",\"position\":2,\"name\":\"Shop\",\"item\":\"https:\/\/vinodeli.ee\/pood\/\"},{\"@type\":\"ListItem\",\"position\":3,\"name\":\"Marquis de Saint-Loup S\u00e9lection Calvados AOC 40% vol. 700ml\"}]},{\"@type\":\"WebSite\",\"@id\":\"https:\/\/vinodeli.ee\/#website\",\"url\":\"https:\/\/vinodeli.ee\/\",\"name\":\"Vinodeli\",\"description\":\"\",\"publisher\":{\"@id\":\"https:\/\/vinodeli.ee\/#organization\"},\"potentialAction\":[{\"@type\":\"SearchAction\",\"target\":{\"@type\":\"EntryPoint\",\"urlTemplate\":\"https:\/\/vinodeli.ee\/?s={search_term_string}\"},\"query-input\":{\"@type\":\"PropertyValueSpecification\",\"valueRequired\":true,\"valueName\":\"search_term_string\"}}],\"inLanguage\":\"en-US\"},{\"@type\":\"Organization\",\"@id\":\"https:\/\/vinodeli.ee\/#organization\",\"name\":\"Vinodeli O\u00dc\",\"url\":\"https:\/\/vinodeli.ee\/\",\"logo\":{\"@type\":\"ImageObject\",\"inLanguage\":\"en-US\",\"@id\":\"https:\/\/vinodeli.ee\/#\/schema\/logo\/image\/\",\"url\":\"https:\/\/vinodeli.ee\/wp-content\/uploads\/2024\/02\/logo-winodeli-1.png\",\"contentUrl\":\"https:\/\/vinodeli.ee\/wp-content\/uploads\/2024\/02\/logo-winodeli-1.png\",\"width\":1500,\"height\":1150,\"caption\":\"Vinodeli O\u00dc\"},\"image\":{\"@id\":\"https:\/\/vinodeli.ee\/#\/schema\/logo\/image\/\"}}]}<\/script>\n<!-- \/ Yoast SEO plugin. -->","yoast_head_json":{"title":"Marquis de Saint-Loup S\u00e9lection Calvados AOC 40% vol. 700ml - Vinodeli","robots":{"index":"index","follow":"follow","max-snippet":"max-snippet:-1","max-image-preview":"max-image-preview:large","max-video-preview":"max-video-preview:-1"},"canonical":"https:\/\/vinodeli.ee\/en\/product\/marquis-de-saint-calvados-selection\/","og_locale":"en_US","og_type":"article","og_title":"Marquis de Saint-Loup S\u00e9lection Calvados AOC 40% vol. 700ml - Vinodeli","og_description":"This producer has been dedicated to cider and Calvados production for three generations. Marquis de Saint-Loup Calvados AOC is distilled","og_url":"https:\/\/vinodeli.ee\/en\/product\/marquis-de-saint-calvados-selection\/","og_site_name":"Vinodeli","article_modified_time":"2025-07-17T15:40:07+00:00","og_image":[{"width":1500,"height":1500,"url":"https:\/\/vinodeli.ee\/wp-content\/uploads\/2025\/07\/calvados-selection.jpg","type":"image\/jpeg"}],"twitter_card":"summary_large_image","twitter_misc":{"Est. reading time":"2 minutes"},"schema":{"@context":"https:\/\/schema.org","@graph":[{"@type":"WebPage","@id":"https:\/\/vinodeli.ee\/en\/product\/marquis-de-saint-calvados-selection\/","url":"https:\/\/vinodeli.ee\/en\/product\/marquis-de-saint-calvados-selection\/","name":"Marquis de Saint-Loup S\u00e9lection Calvados AOC 40% vol. 700ml - Vinodeli","isPartOf":{"@id":"https:\/\/vinodeli.ee\/#website"},"primaryImageOfPage":{"@id":"https:\/\/vinodeli.ee\/en\/product\/marquis-de-saint-calvados-selection\/#primaryimage"},"image":{"@id":"https:\/\/vinodeli.ee\/en\/product\/marquis-de-saint-calvados-selection\/#primaryimage"},"thumbnailUrl":"https:\/\/vinodeli.ee\/wp-content\/uploads\/2025\/07\/calvados-selection.jpg","datePublished":"2025-07-17T15:10:52+00:00","dateModified":"2025-07-17T15:40:07+00:00","breadcrumb":{"@id":"https:\/\/vinodeli.ee\/en\/product\/marquis-de-saint-calvados-selection\/#breadcrumb"},"inLanguage":"en-US","potentialAction":[{"@type":"ReadAction","target":["https:\/\/vinodeli.ee\/en\/product\/marquis-de-saint-calvados-selection\/"]}]},{"@type":"ImageObject","inLanguage":"en-US","@id":"https:\/\/vinodeli.ee\/en\/product\/marquis-de-saint-calvados-selection\/#primaryimage","url":"https:\/\/vinodeli.ee\/wp-content\/uploads\/2025\/07\/calvados-selection.jpg","contentUrl":"https:\/\/vinodeli.ee\/wp-content\/uploads\/2025\/07\/calvados-selection.jpg","width":1500,"height":1500},{"@type":"BreadcrumbList","@id":"https:\/\/vinodeli.ee\/en\/product\/marquis-de-saint-calvados-selection\/#breadcrumb","itemListElement":[{"@type":"ListItem","position":1,"name":"Home","item":"https:\/\/vinodeli.ee\/en\/"},{"@type":"ListItem","position":2,"name":"Shop","item":"https:\/\/vinodeli.ee\/pood\/"},{"@type":"ListItem","position":3,"name":"Marquis de Saint-Loup S\u00e9lection Calvados AOC 40% vol. 700ml"}]},{"@type":"WebSite","@id":"https:\/\/vinodeli.ee\/#website","url":"https:\/\/vinodeli.ee\/","name":"Vinodeli","description":"","publisher":{"@id":"https:\/\/vinodeli.ee\/#organization"},"potentialAction":[{"@type":"SearchAction","target":{"@type":"EntryPoint","urlTemplate":"https:\/\/vinodeli.ee\/?s={search_term_string}"},"query-input":{"@type":"PropertyValueSpecification","valueRequired":true,"valueName":"search_term_string"}}],"inLanguage":"en-US"},{"@type":"Organization","@id":"https:\/\/vinodeli.ee\/#organization","name":"Vinodeli O\u00dc","url":"https:\/\/vinodeli.ee\/","logo":{"@type":"ImageObject","inLanguage":"en-US","@id":"https:\/\/vinodeli.ee\/#\/schema\/logo\/image\/","url":"https:\/\/vinodeli.ee\/wp-content\/uploads\/2024\/02\/logo-winodeli-1.png","contentUrl":"https:\/\/vinodeli.ee\/wp-content\/uploads\/2024\/02\/logo-winodeli-1.png","width":1500,"height":1150,"caption":"Vinodeli O\u00dc"},"image":{"@id":"https:\/\/vinodeli.ee\/#\/schema\/logo\/image\/"}}]}},"_links":{"self":[{"href":"https:\/\/vinodeli.ee\/en\/wp-json\/wp\/v2\/product\/73223","targetHints":{"allow":["GET"]}}],"collection":[{"href":"https:\/\/vinodeli.ee\/en\/wp-json\/wp\/v2\/product"}],"about":[{"href":"https:\/\/vinodeli.ee\/en\/wp-json\/wp\/v2\/types\/product"}],"version-history":[{"count":0,"href":"https:\/\/vinodeli.ee\/en\/wp-json\/wp\/v2\/product\/73223\/revisions"}],"wp:featuredmedia":[{"embeddable":true,"href":"https:\/\/vinodeli.ee\/en\/wp-json\/wp\/v2\/media\/73226"}],"wp:attachment":[{"href":"https:\/\/vinodeli.ee\/en\/wp-json\/wp\/v2\/media?parent=73223"}],"wp:term":[{"taxonomy":"product_brand","embeddable":true,"href":"https:\/\/vinodeli.ee\/en\/wp-json\/wp\/v2\/product_brand?post=73223"},{"taxonomy":"product_cat","embeddable":true,"href":"https:\/\/vinodeli.ee\/en\/wp-json\/wp\/v2\/product_cat?post=73223"},{"taxonomy":"product_tag","embeddable":true,"href":"https:\/\/vinodeli.ee\/en\/wp-json\/wp\/v2\/product_tag?post=73223"}],"curies":[{"name":"wp","href":"https:\/\/api.w.org\/{rel}","templated":true}]}}