{"id":73432,"date":"2025-07-19T14:24:24","date_gmt":"2025-07-19T11:24:24","guid":{"rendered":"https:\/\/vinodeli.ee\/?post_type=product&#038;p=73432"},"modified":"2025-07-19T15:16:13","modified_gmt":"2025-07-19T12:16:13","slug":"maeste-alma-del-moral","status":"publish","type":"product","link":"https:\/\/vinodeli.ee\/en\/product\/maeste-alma-del-moral\/","title":{"rendered":"Maeste Alma del Moral DO Ribera del Duero 2023 14% vol. 0.75l"},"content":{"rendered":"<blockquote>\n<h5>In the heart of the appellation D.O. Ribera del Duero is located Bodegas Maeste, a winemaking project steeped in honesty, where the weight of their own family history and the commitment and respect for the environment encourages them to make authentic and personal wines, able to communicate the love for this land and to be part of their own personal story. The very basis of the project and the philosophy of their wines \u201cAlma del Vivar\u201d and \u201cAlma del Moral\u201d is to sustainably work in accordance with the terroir and the traditional history of Ribera del Duero, with the aim of making all wine and food lovers enjoy. The \u201cAlma\u201d of these wines are the different memories woven together of many lived experiences, which together with the Ribera del Duero wine culture and a selected raw material result in unique wines. Wines with \u201cAlma\u201d.   <\/h5>\n<\/blockquote>\n<h3>Viticulture<\/h3>\n<p data-start=\"2483\" data-end=\"2912\">lma del Moral has been made with different micro-plots of vineyards, highlighting a small old vineyard of about 60 years in Pedrosa de Duero, and the rest of about 30 years in the heart of the Ribera, mainly in the Rodero and Valdepila areas between the terms of San Mart\u00edn de Rubiales and Pe\u00f1afiel on the banks of the Duero river; and with small percentages of grapes from the Camino de las Colmenas area in Ba\u00f1os de Valdearados and the Las Braguillas area in Honrubia de la Cuesta. <\/p>\n<p data-start=\"2914\" data-end=\"3581\">Mostly influenced by the floods of the Duero River, the soils form a mixture of limestone, clay, sand, calcareous stones and minerals that also contribute to the sedimentation of the mountain as quartzite. Average attitude of 900 m, better ventilation and a vegetative advance due to its strong sunlight and less natural vegetation that will allow us to obtain an optimal grape regardless of the year. In the main vineyard average slope of 30%, which facilitates the runoff of the rains, avoiding waterlogging and humidity in the vineyards. On most microplots, the orientation is South with alignment of vineyards North &#8211; South, which allows to balance the strong insolation of the summer days and at the same time receive abundant light during most of the day throughout the year.   <\/p>\n<h3><strong>Winemaking<\/strong><\/h3>\n<p data-start=\"3583\" data-end=\"4111\">Manual harvest in small boxes of 12 kg, late September &#8211; early October. Selection in the vineyard and in the winery with a selection table with 8 hands. Autochthonous yeast and spontaneous fermentation. Weekly pumping and rackings keeping the thin lees. Ageing for 14 months in 225 L Bordeaux barrels of French (75%) and American (25%) toasted and fine grain oak, maintaining a balance between new (25%) and used first year (75%).     <\/p>\n<h3><strong>Tasting notes<\/strong><\/h3>\n<p data-start=\"4113\" data-end=\"4559\">At sight it is a wine with a deep upper layer, with an intense cherry red color and bluish-purple reflections. On the nose, aromas of black and red fruits stand out, such as mulberries, blackberries and cherries, giving way to very elegant and balanced subtle toasted notes, along with touches of cedar and spices such as cloves and pepper. On the palate it is fresh, long-lasting, with an elegant complexity of good acidity and tannins, with an aftertaste of fruit and hints of French and American oak.  <\/p>\n<h3><strong>Food pairing<\/strong><\/h3>\n<p data-start=\"4561\" data-end=\"4633\">A wine to enjoy without complexes and harmonize it with any quality gastronomic dish.<\/p>\n","protected":false},"excerpt":{"rendered":"<blockquote>\n<h4>Grape varieties:<br \/>\n97% Tempranillo and 3% Merlot<\/h4>\n<\/blockquote>\n","protected":false},"featured_media":73435,"template":"","meta":{"_acf_changed":false},"product_brand":[],"product_cat":[19462],"product_tag":[],"class_list":{"0":"post-73432","1":"product","2":"type-product","3":"status-publish","4":"has-post-thumbnail","6":"product_cat-red-wine","8":"first","9":"instock","10":"downloadable","11":"taxable","12":"shipping-taxable","13":"purchasable","14":"product-type-simple"},"acf":[],"yoast_head":"<!-- This site is optimized with the Yoast SEO plugin v25.7 - https:\/\/yoast.com\/wordpress\/plugins\/seo\/ -->\n<title>Maeste Alma del Moral DO Ribera del Duero 2023 14% vol. 0.75l - Vinodeli<\/title>\n<meta name=\"robots\" content=\"index, follow, max-snippet:-1, max-image-preview:large, max-video-preview:-1\" \/>\n<link rel=\"canonical\" href=\"https:\/\/vinodeli.ee\/en\/product\/maeste-alma-del-moral\/\" \/>\n<meta property=\"og:locale\" content=\"en_US\" \/>\n<meta property=\"og:type\" content=\"article\" \/>\n<meta property=\"og:title\" content=\"Maeste Alma del Moral DO Ribera del Duero 2023 14% vol. 0.75l - Vinodeli\" \/>\n<meta property=\"og:description\" content=\"Grape varieties: 97% Tempranillo and 3% Merlot\" \/>\n<meta property=\"og:url\" content=\"https:\/\/vinodeli.ee\/en\/product\/maeste-alma-del-moral\/\" \/>\n<meta property=\"og:site_name\" content=\"Vinodeli\" \/>\n<meta property=\"article:modified_time\" content=\"2025-07-19T12:16:13+00:00\" \/>\n<meta property=\"og:image\" content=\"https:\/\/vinodeli.ee\/wp-content\/uploads\/2025\/07\/alma-del-moral.jpg\" \/>\n\t<meta property=\"og:image:width\" content=\"1024\" \/>\n\t<meta property=\"og:image:height\" content=\"1024\" \/>\n\t<meta property=\"og:image:type\" content=\"image\/jpeg\" \/>\n<meta name=\"twitter:card\" content=\"summary_large_image\" \/>\n<meta name=\"twitter:label1\" content=\"Est. reading time\" \/>\n\t<meta name=\"twitter:data1\" content=\"3 minutes\" \/>\n<script type=\"application\/ld+json\" class=\"yoast-schema-graph\">{\"@context\":\"https:\/\/schema.org\",\"@graph\":[{\"@type\":\"WebPage\",\"@id\":\"https:\/\/vinodeli.ee\/en\/product\/maeste-alma-del-moral\/\",\"url\":\"https:\/\/vinodeli.ee\/en\/product\/maeste-alma-del-moral\/\",\"name\":\"Maeste Alma del Moral DO Ribera del Duero 2023 14% vol. 0.75l - Vinodeli\",\"isPartOf\":{\"@id\":\"https:\/\/vinodeli.ee\/#website\"},\"primaryImageOfPage\":{\"@id\":\"https:\/\/vinodeli.ee\/en\/product\/maeste-alma-del-moral\/#primaryimage\"},\"image\":{\"@id\":\"https:\/\/vinodeli.ee\/en\/product\/maeste-alma-del-moral\/#primaryimage\"},\"thumbnailUrl\":\"https:\/\/vinodeli.ee\/wp-content\/uploads\/2025\/07\/alma-del-moral.jpg\",\"datePublished\":\"2025-07-19T11:24:24+00:00\",\"dateModified\":\"2025-07-19T12:16:13+00:00\",\"breadcrumb\":{\"@id\":\"https:\/\/vinodeli.ee\/en\/product\/maeste-alma-del-moral\/#breadcrumb\"},\"inLanguage\":\"en-US\",\"potentialAction\":[{\"@type\":\"ReadAction\",\"target\":[\"https:\/\/vinodeli.ee\/en\/product\/maeste-alma-del-moral\/\"]}]},{\"@type\":\"ImageObject\",\"inLanguage\":\"en-US\",\"@id\":\"https:\/\/vinodeli.ee\/en\/product\/maeste-alma-del-moral\/#primaryimage\",\"url\":\"https:\/\/vinodeli.ee\/wp-content\/uploads\/2025\/07\/alma-del-moral.jpg\",\"contentUrl\":\"https:\/\/vinodeli.ee\/wp-content\/uploads\/2025\/07\/alma-del-moral.jpg\",\"width\":1024,\"height\":1024},{\"@type\":\"BreadcrumbList\",\"@id\":\"https:\/\/vinodeli.ee\/en\/product\/maeste-alma-del-moral\/#breadcrumb\",\"itemListElement\":[{\"@type\":\"ListItem\",\"position\":1,\"name\":\"Home\",\"item\":\"https:\/\/vinodeli.ee\/en\/\"},{\"@type\":\"ListItem\",\"position\":2,\"name\":\"Shop\",\"item\":\"https:\/\/vinodeli.ee\/pood\/\"},{\"@type\":\"ListItem\",\"position\":3,\"name\":\"Maeste Alma del Moral DO Ribera del Duero 2023 14% vol. 0.75l\"}]},{\"@type\":\"WebSite\",\"@id\":\"https:\/\/vinodeli.ee\/#website\",\"url\":\"https:\/\/vinodeli.ee\/\",\"name\":\"Vinodeli\",\"description\":\"\",\"publisher\":{\"@id\":\"https:\/\/vinodeli.ee\/#organization\"},\"potentialAction\":[{\"@type\":\"SearchAction\",\"target\":{\"@type\":\"EntryPoint\",\"urlTemplate\":\"https:\/\/vinodeli.ee\/?s={search_term_string}\"},\"query-input\":{\"@type\":\"PropertyValueSpecification\",\"valueRequired\":true,\"valueName\":\"search_term_string\"}}],\"inLanguage\":\"en-US\"},{\"@type\":\"Organization\",\"@id\":\"https:\/\/vinodeli.ee\/#organization\",\"name\":\"Vinodeli O\u00dc\",\"url\":\"https:\/\/vinodeli.ee\/\",\"logo\":{\"@type\":\"ImageObject\",\"inLanguage\":\"en-US\",\"@id\":\"https:\/\/vinodeli.ee\/#\/schema\/logo\/image\/\",\"url\":\"https:\/\/vinodeli.ee\/wp-content\/uploads\/2024\/02\/logo-winodeli-1.png\",\"contentUrl\":\"https:\/\/vinodeli.ee\/wp-content\/uploads\/2024\/02\/logo-winodeli-1.png\",\"width\":1500,\"height\":1150,\"caption\":\"Vinodeli O\u00dc\"},\"image\":{\"@id\":\"https:\/\/vinodeli.ee\/#\/schema\/logo\/image\/\"}}]}<\/script>\n<!-- \/ Yoast SEO plugin. -->","yoast_head_json":{"title":"Maeste Alma del Moral DO Ribera del Duero 2023 14% vol. 0.75l - Vinodeli","robots":{"index":"index","follow":"follow","max-snippet":"max-snippet:-1","max-image-preview":"max-image-preview:large","max-video-preview":"max-video-preview:-1"},"canonical":"https:\/\/vinodeli.ee\/en\/product\/maeste-alma-del-moral\/","og_locale":"en_US","og_type":"article","og_title":"Maeste Alma del Moral DO Ribera del Duero 2023 14% vol. 0.75l - Vinodeli","og_description":"Grape varieties: 97% Tempranillo and 3% Merlot","og_url":"https:\/\/vinodeli.ee\/en\/product\/maeste-alma-del-moral\/","og_site_name":"Vinodeli","article_modified_time":"2025-07-19T12:16:13+00:00","og_image":[{"width":1024,"height":1024,"url":"https:\/\/vinodeli.ee\/wp-content\/uploads\/2025\/07\/alma-del-moral.jpg","type":"image\/jpeg"}],"twitter_card":"summary_large_image","twitter_misc":{"Est. reading time":"3 minutes"},"schema":{"@context":"https:\/\/schema.org","@graph":[{"@type":"WebPage","@id":"https:\/\/vinodeli.ee\/en\/product\/maeste-alma-del-moral\/","url":"https:\/\/vinodeli.ee\/en\/product\/maeste-alma-del-moral\/","name":"Maeste Alma del Moral DO Ribera del Duero 2023 14% vol. 0.75l - Vinodeli","isPartOf":{"@id":"https:\/\/vinodeli.ee\/#website"},"primaryImageOfPage":{"@id":"https:\/\/vinodeli.ee\/en\/product\/maeste-alma-del-moral\/#primaryimage"},"image":{"@id":"https:\/\/vinodeli.ee\/en\/product\/maeste-alma-del-moral\/#primaryimage"},"thumbnailUrl":"https:\/\/vinodeli.ee\/wp-content\/uploads\/2025\/07\/alma-del-moral.jpg","datePublished":"2025-07-19T11:24:24+00:00","dateModified":"2025-07-19T12:16:13+00:00","breadcrumb":{"@id":"https:\/\/vinodeli.ee\/en\/product\/maeste-alma-del-moral\/#breadcrumb"},"inLanguage":"en-US","potentialAction":[{"@type":"ReadAction","target":["https:\/\/vinodeli.ee\/en\/product\/maeste-alma-del-moral\/"]}]},{"@type":"ImageObject","inLanguage":"en-US","@id":"https:\/\/vinodeli.ee\/en\/product\/maeste-alma-del-moral\/#primaryimage","url":"https:\/\/vinodeli.ee\/wp-content\/uploads\/2025\/07\/alma-del-moral.jpg","contentUrl":"https:\/\/vinodeli.ee\/wp-content\/uploads\/2025\/07\/alma-del-moral.jpg","width":1024,"height":1024},{"@type":"BreadcrumbList","@id":"https:\/\/vinodeli.ee\/en\/product\/maeste-alma-del-moral\/#breadcrumb","itemListElement":[{"@type":"ListItem","position":1,"name":"Home","item":"https:\/\/vinodeli.ee\/en\/"},{"@type":"ListItem","position":2,"name":"Shop","item":"https:\/\/vinodeli.ee\/pood\/"},{"@type":"ListItem","position":3,"name":"Maeste Alma del Moral DO Ribera del Duero 2023 14% vol. 0.75l"}]},{"@type":"WebSite","@id":"https:\/\/vinodeli.ee\/#website","url":"https:\/\/vinodeli.ee\/","name":"Vinodeli","description":"","publisher":{"@id":"https:\/\/vinodeli.ee\/#organization"},"potentialAction":[{"@type":"SearchAction","target":{"@type":"EntryPoint","urlTemplate":"https:\/\/vinodeli.ee\/?s={search_term_string}"},"query-input":{"@type":"PropertyValueSpecification","valueRequired":true,"valueName":"search_term_string"}}],"inLanguage":"en-US"},{"@type":"Organization","@id":"https:\/\/vinodeli.ee\/#organization","name":"Vinodeli O\u00dc","url":"https:\/\/vinodeli.ee\/","logo":{"@type":"ImageObject","inLanguage":"en-US","@id":"https:\/\/vinodeli.ee\/#\/schema\/logo\/image\/","url":"https:\/\/vinodeli.ee\/wp-content\/uploads\/2024\/02\/logo-winodeli-1.png","contentUrl":"https:\/\/vinodeli.ee\/wp-content\/uploads\/2024\/02\/logo-winodeli-1.png","width":1500,"height":1150,"caption":"Vinodeli O\u00dc"},"image":{"@id":"https:\/\/vinodeli.ee\/#\/schema\/logo\/image\/"}}]}},"_links":{"self":[{"href":"https:\/\/vinodeli.ee\/en\/wp-json\/wp\/v2\/product\/73432","targetHints":{"allow":["GET"]}}],"collection":[{"href":"https:\/\/vinodeli.ee\/en\/wp-json\/wp\/v2\/product"}],"about":[{"href":"https:\/\/vinodeli.ee\/en\/wp-json\/wp\/v2\/types\/product"}],"version-history":[{"count":0,"href":"https:\/\/vinodeli.ee\/en\/wp-json\/wp\/v2\/product\/73432\/revisions"}],"wp:featuredmedia":[{"embeddable":true,"href":"https:\/\/vinodeli.ee\/en\/wp-json\/wp\/v2\/media\/73435"}],"wp:attachment":[{"href":"https:\/\/vinodeli.ee\/en\/wp-json\/wp\/v2\/media?parent=73432"}],"wp:term":[{"taxonomy":"product_brand","embeddable":true,"href":"https:\/\/vinodeli.ee\/en\/wp-json\/wp\/v2\/product_brand?post=73432"},{"taxonomy":"product_cat","embeddable":true,"href":"https:\/\/vinodeli.ee\/en\/wp-json\/wp\/v2\/product_cat?post=73432"},{"taxonomy":"product_tag","embeddable":true,"href":"https:\/\/vinodeli.ee\/en\/wp-json\/wp\/v2\/product_tag?post=73432"}],"curies":[{"name":"wp","href":"https:\/\/api.w.org\/{rel}","templated":true}]}}