{"id":73821,"date":"2025-07-29T15:59:42","date_gmt":"2025-07-29T12:59:42","guid":{"rendered":"https:\/\/vinodeli.ee\/?post_type=product&#038;p=73821"},"modified":"2025-07-29T16:04:17","modified_gmt":"2025-07-29T13:04:17","slug":"marquis-de-saint-loup-1997","status":"publish","type":"product","link":"https:\/\/vinodeli.ee\/en\/product\/marquis-de-saint-loup-1997\/","title":{"rendered":"Marquis de Saint-Loup Mill\u00e9sime 1997 Calvados Pays d&#8217;Auge AOC 42% vol. 700ml (wooden box)"},"content":{"rendered":"<blockquote>\n<h5>This producer has been dedicated to cider and Calvados production for three generations. Marquis de Saint-Loup Calvados AOC is distilled in a column still giving the Calvados a very fruity and straightforward style. Their Calvados AOC Pays d\u2019Auge, on the other hand, is distilled in a copper pot still which creates a mellow and full-bodied Calvados. Marquis de Saint-Loup cidre is an IGP Cidre de Normandie (indication g\u00e9ographique prot\u00e9g\u00e9e). To receive the IGP designation, all apples used to make Marquis de Saint-Loup cidre must be an approved variety and must come from a specially certified geographic area.    <\/h5>\n<\/blockquote>\n<h3 data-start=\"995\" data-end=\"1264\">About the Calvados<\/h3>\n<p>Double distilled. Aged in old Calvados casks and casks that formerly contained Pommeau de Normandie. <\/p>\n<h3 data-start=\"995\" data-end=\"1264\">Tasting notes<\/h3>\n<p>Amber robe. On the nose, hint of ripe apples, quince, hazelnuts and flowers. A rich, powerful impression on the palate with a final marked by rancio.  <\/p>\n","protected":false},"excerpt":{"rendered":"<p>This producer has been dedicated to cider and Calvados production for three generations. Marquis de Saint-Loup Calvados AOC is distilled<\/p>\n","protected":false},"featured_media":74035,"template":"","meta":{"_acf_changed":false},"product_brand":[],"product_cat":[22952],"product_tag":[],"class_list":{"0":"post-73821","1":"product","2":"type-product","3":"status-publish","4":"has-post-thumbnail","6":"product_cat-calvados","8":"first","9":"instock","10":"sold-individually","11":"taxable","12":"shipping-taxable","13":"purchasable","14":"product-type-simple"},"acf":[],"yoast_head":"<!-- This site is optimized with the Yoast SEO plugin v25.7 - https:\/\/yoast.com\/wordpress\/plugins\/seo\/ -->\n<title>Marquis de Saint-Loup Mill\u00e9sime 1997 Calvados Pays d&#039;Auge AOC 42% vol. 700ml (wooden box) - Vinodeli<\/title>\n<meta name=\"robots\" content=\"index, follow, max-snippet:-1, max-image-preview:large, max-video-preview:-1\" \/>\n<link rel=\"canonical\" href=\"https:\/\/vinodeli.ee\/en\/product\/marquis-de-saint-loup-1997\/\" \/>\n<meta property=\"og:locale\" content=\"en_US\" \/>\n<meta property=\"og:type\" content=\"article\" \/>\n<meta property=\"og:title\" content=\"Marquis de Saint-Loup Mill\u00e9sime 1997 Calvados Pays d&#039;Auge AOC 42% vol. 700ml (wooden box) - Vinodeli\" \/>\n<meta property=\"og:description\" content=\"This producer has been dedicated to cider and Calvados production for three generations. Marquis de Saint-Loup Calvados AOC is distilled\" \/>\n<meta property=\"og:url\" content=\"https:\/\/vinodeli.ee\/en\/product\/marquis-de-saint-loup-1997\/\" \/>\n<meta property=\"og:site_name\" content=\"Vinodeli\" \/>\n<meta property=\"article:modified_time\" content=\"2025-07-29T13:04:17+00:00\" \/>\n<meta name=\"twitter:card\" content=\"summary_large_image\" \/>\n<meta name=\"twitter:label1\" content=\"Est. reading time\" \/>\n\t<meta name=\"twitter:data1\" content=\"1 minute\" \/>\n<script type=\"application\/ld+json\" class=\"yoast-schema-graph\">{\"@context\":\"https:\/\/schema.org\",\"@graph\":[{\"@type\":\"WebPage\",\"@id\":\"https:\/\/vinodeli.ee\/en\/product\/marquis-de-saint-loup-1997\/\",\"url\":\"https:\/\/vinodeli.ee\/en\/product\/marquis-de-saint-loup-1997\/\",\"name\":\"Marquis de Saint-Loup Mill\u00e9sime 1997 Calvados Pays d'Auge AOC 42% vol. 700ml (wooden box) - Vinodeli\",\"isPartOf\":{\"@id\":\"https:\/\/vinodeli.ee\/#website\"},\"primaryImageOfPage\":{\"@id\":\"https:\/\/vinodeli.ee\/en\/product\/marquis-de-saint-loup-1997\/#primaryimage\"},\"image\":{\"@id\":\"https:\/\/vinodeli.ee\/en\/product\/marquis-de-saint-loup-1997\/#primaryimage\"},\"thumbnailUrl\":\"https:\/\/vinodeli.ee\/wp-content\/uploads\/2025\/07\/c8dfdf93-3e71-4e2d-a1ba-683a89903f1c.jpeg\",\"datePublished\":\"2025-07-29T12:59:42+00:00\",\"dateModified\":\"2025-07-29T13:04:17+00:00\",\"breadcrumb\":{\"@id\":\"https:\/\/vinodeli.ee\/en\/product\/marquis-de-saint-loup-1997\/#breadcrumb\"},\"inLanguage\":\"en-US\",\"potentialAction\":[{\"@type\":\"ReadAction\",\"target\":[\"https:\/\/vinodeli.ee\/en\/product\/marquis-de-saint-loup-1997\/\"]}]},{\"@type\":\"ImageObject\",\"inLanguage\":\"en-US\",\"@id\":\"https:\/\/vinodeli.ee\/en\/product\/marquis-de-saint-loup-1997\/#primaryimage\",\"url\":\"https:\/\/vinodeli.ee\/wp-content\/uploads\/2025\/07\/c8dfdf93-3e71-4e2d-a1ba-683a89903f1c.jpeg\",\"contentUrl\":\"https:\/\/vinodeli.ee\/wp-content\/uploads\/2025\/07\/c8dfdf93-3e71-4e2d-a1ba-683a89903f1c.jpeg\",\"width\":768,\"height\":1024},{\"@type\":\"BreadcrumbList\",\"@id\":\"https:\/\/vinodeli.ee\/en\/product\/marquis-de-saint-loup-1997\/#breadcrumb\",\"itemListElement\":[{\"@type\":\"ListItem\",\"position\":1,\"name\":\"Home\",\"item\":\"https:\/\/vinodeli.ee\/en\/\"},{\"@type\":\"ListItem\",\"position\":2,\"name\":\"Shop\",\"item\":\"https:\/\/vinodeli.ee\/pood\/\"},{\"@type\":\"ListItem\",\"position\":3,\"name\":\"Marquis de Saint-Loup Mill\u00e9sime 1997 Calvados Pays d&#8217;Auge AOC 42% vol. 700ml (wooden box)\"}]},{\"@type\":\"WebSite\",\"@id\":\"https:\/\/vinodeli.ee\/#website\",\"url\":\"https:\/\/vinodeli.ee\/\",\"name\":\"Vinodeli\",\"description\":\"\",\"publisher\":{\"@id\":\"https:\/\/vinodeli.ee\/#organization\"},\"potentialAction\":[{\"@type\":\"SearchAction\",\"target\":{\"@type\":\"EntryPoint\",\"urlTemplate\":\"https:\/\/vinodeli.ee\/?s={search_term_string}\"},\"query-input\":{\"@type\":\"PropertyValueSpecification\",\"valueRequired\":true,\"valueName\":\"search_term_string\"}}],\"inLanguage\":\"en-US\"},{\"@type\":\"Organization\",\"@id\":\"https:\/\/vinodeli.ee\/#organization\",\"name\":\"Vinodeli O\u00dc\",\"url\":\"https:\/\/vinodeli.ee\/\",\"logo\":{\"@type\":\"ImageObject\",\"inLanguage\":\"en-US\",\"@id\":\"https:\/\/vinodeli.ee\/#\/schema\/logo\/image\/\",\"url\":\"https:\/\/vinodeli.ee\/wp-content\/uploads\/2024\/02\/logo-winodeli-1.png\",\"contentUrl\":\"https:\/\/vinodeli.ee\/wp-content\/uploads\/2024\/02\/logo-winodeli-1.png\",\"width\":1500,\"height\":1150,\"caption\":\"Vinodeli O\u00dc\"},\"image\":{\"@id\":\"https:\/\/vinodeli.ee\/#\/schema\/logo\/image\/\"}}]}<\/script>\n<!-- \/ Yoast SEO plugin. -->","yoast_head_json":{"title":"Marquis de Saint-Loup Mill\u00e9sime 1997 Calvados Pays d'Auge AOC 42% vol. 700ml (wooden box) - Vinodeli","robots":{"index":"index","follow":"follow","max-snippet":"max-snippet:-1","max-image-preview":"max-image-preview:large","max-video-preview":"max-video-preview:-1"},"canonical":"https:\/\/vinodeli.ee\/en\/product\/marquis-de-saint-loup-1997\/","og_locale":"en_US","og_type":"article","og_title":"Marquis de Saint-Loup Mill\u00e9sime 1997 Calvados Pays d'Auge AOC 42% vol. 700ml (wooden box) - Vinodeli","og_description":"This producer has been dedicated to cider and Calvados production for three generations. Marquis de Saint-Loup Calvados AOC is distilled","og_url":"https:\/\/vinodeli.ee\/en\/product\/marquis-de-saint-loup-1997\/","og_site_name":"Vinodeli","article_modified_time":"2025-07-29T13:04:17+00:00","twitter_card":"summary_large_image","twitter_misc":{"Est. reading time":"1 minute"},"schema":{"@context":"https:\/\/schema.org","@graph":[{"@type":"WebPage","@id":"https:\/\/vinodeli.ee\/en\/product\/marquis-de-saint-loup-1997\/","url":"https:\/\/vinodeli.ee\/en\/product\/marquis-de-saint-loup-1997\/","name":"Marquis de Saint-Loup Mill\u00e9sime 1997 Calvados Pays d'Auge AOC 42% vol. 700ml (wooden box) - Vinodeli","isPartOf":{"@id":"https:\/\/vinodeli.ee\/#website"},"primaryImageOfPage":{"@id":"https:\/\/vinodeli.ee\/en\/product\/marquis-de-saint-loup-1997\/#primaryimage"},"image":{"@id":"https:\/\/vinodeli.ee\/en\/product\/marquis-de-saint-loup-1997\/#primaryimage"},"thumbnailUrl":"https:\/\/vinodeli.ee\/wp-content\/uploads\/2025\/07\/c8dfdf93-3e71-4e2d-a1ba-683a89903f1c.jpeg","datePublished":"2025-07-29T12:59:42+00:00","dateModified":"2025-07-29T13:04:17+00:00","breadcrumb":{"@id":"https:\/\/vinodeli.ee\/en\/product\/marquis-de-saint-loup-1997\/#breadcrumb"},"inLanguage":"en-US","potentialAction":[{"@type":"ReadAction","target":["https:\/\/vinodeli.ee\/en\/product\/marquis-de-saint-loup-1997\/"]}]},{"@type":"ImageObject","inLanguage":"en-US","@id":"https:\/\/vinodeli.ee\/en\/product\/marquis-de-saint-loup-1997\/#primaryimage","url":"https:\/\/vinodeli.ee\/wp-content\/uploads\/2025\/07\/c8dfdf93-3e71-4e2d-a1ba-683a89903f1c.jpeg","contentUrl":"https:\/\/vinodeli.ee\/wp-content\/uploads\/2025\/07\/c8dfdf93-3e71-4e2d-a1ba-683a89903f1c.jpeg","width":768,"height":1024},{"@type":"BreadcrumbList","@id":"https:\/\/vinodeli.ee\/en\/product\/marquis-de-saint-loup-1997\/#breadcrumb","itemListElement":[{"@type":"ListItem","position":1,"name":"Home","item":"https:\/\/vinodeli.ee\/en\/"},{"@type":"ListItem","position":2,"name":"Shop","item":"https:\/\/vinodeli.ee\/pood\/"},{"@type":"ListItem","position":3,"name":"Marquis de Saint-Loup Mill\u00e9sime 1997 Calvados Pays d&#8217;Auge AOC 42% vol. 700ml (wooden box)"}]},{"@type":"WebSite","@id":"https:\/\/vinodeli.ee\/#website","url":"https:\/\/vinodeli.ee\/","name":"Vinodeli","description":"","publisher":{"@id":"https:\/\/vinodeli.ee\/#organization"},"potentialAction":[{"@type":"SearchAction","target":{"@type":"EntryPoint","urlTemplate":"https:\/\/vinodeli.ee\/?s={search_term_string}"},"query-input":{"@type":"PropertyValueSpecification","valueRequired":true,"valueName":"search_term_string"}}],"inLanguage":"en-US"},{"@type":"Organization","@id":"https:\/\/vinodeli.ee\/#organization","name":"Vinodeli O\u00dc","url":"https:\/\/vinodeli.ee\/","logo":{"@type":"ImageObject","inLanguage":"en-US","@id":"https:\/\/vinodeli.ee\/#\/schema\/logo\/image\/","url":"https:\/\/vinodeli.ee\/wp-content\/uploads\/2024\/02\/logo-winodeli-1.png","contentUrl":"https:\/\/vinodeli.ee\/wp-content\/uploads\/2024\/02\/logo-winodeli-1.png","width":1500,"height":1150,"caption":"Vinodeli O\u00dc"},"image":{"@id":"https:\/\/vinodeli.ee\/#\/schema\/logo\/image\/"}}]}},"_links":{"self":[{"href":"https:\/\/vinodeli.ee\/en\/wp-json\/wp\/v2\/product\/73821","targetHints":{"allow":["GET"]}}],"collection":[{"href":"https:\/\/vinodeli.ee\/en\/wp-json\/wp\/v2\/product"}],"about":[{"href":"https:\/\/vinodeli.ee\/en\/wp-json\/wp\/v2\/types\/product"}],"version-history":[{"count":0,"href":"https:\/\/vinodeli.ee\/en\/wp-json\/wp\/v2\/product\/73821\/revisions"}],"wp:featuredmedia":[{"embeddable":true,"href":"https:\/\/vinodeli.ee\/en\/wp-json\/wp\/v2\/media\/74035"}],"wp:attachment":[{"href":"https:\/\/vinodeli.ee\/en\/wp-json\/wp\/v2\/media?parent=73821"}],"wp:term":[{"taxonomy":"product_brand","embeddable":true,"href":"https:\/\/vinodeli.ee\/en\/wp-json\/wp\/v2\/product_brand?post=73821"},{"taxonomy":"product_cat","embeddable":true,"href":"https:\/\/vinodeli.ee\/en\/wp-json\/wp\/v2\/product_cat?post=73821"},{"taxonomy":"product_tag","embeddable":true,"href":"https:\/\/vinodeli.ee\/en\/wp-json\/wp\/v2\/product_tag?post=73821"}],"curies":[{"name":"wp","href":"https:\/\/api.w.org\/{rel}","templated":true}]}}