{"id":76017,"date":"2025-10-24T00:40:15","date_gmt":"2025-10-23T21:40:15","guid":{"rendered":"https:\/\/vinodeli.ee\/?post_type=product&#038;p=76017"},"modified":"2025-10-26T23:21:48","modified_gmt":"2025-10-26T21:21:48","slug":"marsuret-agostino","status":"publish","type":"product","link":"https:\/\/vinodeli.ee\/en\/product\/marsuret-agostino\/","title":{"rendered":"Marsuret &#8220;Agostino&#8221; Prosecco Superiore Valdobbiadene DOCG Dry 11,5% 0,75l"},"content":{"rendered":"<blockquote>\n<h5><strong data-start=\"472\" data-end=\"509\">Founded by Agostino Marsura, the winery<\/strong> remains in Val de Cune, in Guia di Valdobbiadene, in its original buildings that have been carefully expanded and modernised over the years.<br data-start=\"793\" data-end=\"796\">Today, these facilities combine tradition with advanced technology, ensuring consistent quality while respecting the environment.<br \/>The cellar nestles among the family\u2019s vineyards<strong data-start=\"867\" data-end=\"912\"> in the most prestigious DOCG areas<\/strong> \u2014 Cartizze, Col San Martino, Guia, Premaor, Rolle, Zuel and Le Serre. <\/h5>\n<\/blockquote>\n<h3 data-start=\"230\" data-end=\"254\">Winemaking<\/h3>\n<p data-start=\"255\" data-end=\"505\">\u00abAgostino\u00bb on suurep\u00e4rane vahuvein, mis p\u00e4rineb k\u00f5rgm\u00e4estiku viinamarjaistandustest, kus viinamarjad korjatakse k\u00e4sitsi ja hoolikalt valitakse.<br data-start=\"398\" data-end=\"401\">Veinivalmistamise alus on pehme pressimine ning spetsiaalne k\u00e4sitlus, mis r\u00f5hutab puhtust ja v\u00e4rskust.<\/p>\n<h3 data-start=\"507\" data-end=\"529\">Tasting notes<\/h3>\n<p data-start=\"530\" data-end=\"679\">Colour: pale straw yellow, clear and bright.<br data-start=\"579\" data-end=\"582\">Aroma: elegant and fresh, with notes of ripe fruit and white flowers.<br \/>Palate: soft, harmonious and refreshing, with pleasant fruit character and a fine, persistent perlage.<br \/>Serving temperature: 8\u20139 \u00b0C. <\/p>\n<h3 data-start=\"681\" data-end=\"700\">Food pairing<\/h3>\n<p data-start=\"701\" data-end=\"789\">Perfect as an aperitif and an excellent match with light appetisers or festive occasions.<\/p>\n","protected":false},"excerpt":{"rendered":"<blockquote>\n<h4>Grape variety:<br \/>\n100% Glera<\/h4>\n<\/blockquote>\n","protected":false},"featured_media":76036,"template":"","meta":{"_acf_changed":false},"product_brand":[],"product_cat":[19491],"product_tag":[],"class_list":{"0":"post-76017","1":"product","2":"type-product","3":"status-publish","4":"has-post-thumbnail","6":"product_cat-prosecco-en","8":"first","9":"outofstock","10":"downloadable","11":"taxable","12":"shipping-taxable","13":"purchasable","14":"product-type-simple"},"acf":[],"yoast_head":"<!-- This site is optimized with the Yoast SEO plugin v25.7 - https:\/\/yoast.com\/wordpress\/plugins\/seo\/ -->\n<title>Marsuret &quot;Agostino&quot; Prosecco Superiore Valdobbiadene DOCG Dry 11,5% 0,75l - Vinodeli<\/title>\n<meta name=\"robots\" content=\"index, follow, max-snippet:-1, max-image-preview:large, max-video-preview:-1\" \/>\n<link rel=\"canonical\" href=\"https:\/\/vinodeli.ee\/en\/product\/marsuret-agostino\/\" \/>\n<meta property=\"og:locale\" content=\"en_US\" \/>\n<meta property=\"og:type\" content=\"article\" \/>\n<meta property=\"og:title\" content=\"Marsuret &quot;Agostino&quot; Prosecco Superiore Valdobbiadene DOCG Dry 11,5% 0,75l - Vinodeli\" \/>\n<meta property=\"og:description\" content=\"Grape variety: 100% Glera\" \/>\n<meta property=\"og:url\" content=\"https:\/\/vinodeli.ee\/en\/product\/marsuret-agostino\/\" \/>\n<meta property=\"og:site_name\" content=\"Vinodeli\" \/>\n<meta property=\"article:modified_time\" content=\"2025-10-26T21:21:48+00:00\" \/>\n<meta property=\"og:image\" content=\"https:\/\/vinodeli.ee\/wp-content\/uploads\/2025\/10\/agostino.png\" \/>\n\t<meta property=\"og:image:width\" content=\"1900\" \/>\n\t<meta property=\"og:image:height\" content=\"1900\" \/>\n\t<meta property=\"og:image:type\" content=\"image\/png\" \/>\n<meta name=\"twitter:card\" content=\"summary_large_image\" \/>\n<meta name=\"twitter:label1\" content=\"Est. reading time\" \/>\n\t<meta name=\"twitter:data1\" content=\"1 minute\" \/>\n<script type=\"application\/ld+json\" class=\"yoast-schema-graph\">{\"@context\":\"https:\/\/schema.org\",\"@graph\":[{\"@type\":\"WebPage\",\"@id\":\"https:\/\/vinodeli.ee\/en\/product\/marsuret-agostino\/\",\"url\":\"https:\/\/vinodeli.ee\/en\/product\/marsuret-agostino\/\",\"name\":\"Marsuret \\\"Agostino\\\" Prosecco Superiore Valdobbiadene DOCG Dry 11,5% 0,75l - Vinodeli\",\"isPartOf\":{\"@id\":\"https:\/\/vinodeli.ee\/#website\"},\"primaryImageOfPage\":{\"@id\":\"https:\/\/vinodeli.ee\/en\/product\/marsuret-agostino\/#primaryimage\"},\"image\":{\"@id\":\"https:\/\/vinodeli.ee\/en\/product\/marsuret-agostino\/#primaryimage\"},\"thumbnailUrl\":\"https:\/\/vinodeli.ee\/wp-content\/uploads\/2025\/10\/agostino.png\",\"datePublished\":\"2025-10-23T21:40:15+00:00\",\"dateModified\":\"2025-10-26T21:21:48+00:00\",\"breadcrumb\":{\"@id\":\"https:\/\/vinodeli.ee\/en\/product\/marsuret-agostino\/#breadcrumb\"},\"inLanguage\":\"en-US\",\"potentialAction\":[{\"@type\":\"ReadAction\",\"target\":[\"https:\/\/vinodeli.ee\/en\/product\/marsuret-agostino\/\"]}]},{\"@type\":\"ImageObject\",\"inLanguage\":\"en-US\",\"@id\":\"https:\/\/vinodeli.ee\/en\/product\/marsuret-agostino\/#primaryimage\",\"url\":\"https:\/\/vinodeli.ee\/wp-content\/uploads\/2025\/10\/agostino.png\",\"contentUrl\":\"https:\/\/vinodeli.ee\/wp-content\/uploads\/2025\/10\/agostino.png\",\"width\":1900,\"height\":1900},{\"@type\":\"BreadcrumbList\",\"@id\":\"https:\/\/vinodeli.ee\/en\/product\/marsuret-agostino\/#breadcrumb\",\"itemListElement\":[{\"@type\":\"ListItem\",\"position\":1,\"name\":\"Home\",\"item\":\"https:\/\/vinodeli.ee\/en\/\"},{\"@type\":\"ListItem\",\"position\":2,\"name\":\"Shop\",\"item\":\"https:\/\/vinodeli.ee\/pood\/\"},{\"@type\":\"ListItem\",\"position\":3,\"name\":\"Marsuret &#8220;Agostino&#8221; Prosecco Superiore Valdobbiadene DOCG Dry 11,5% 0,75l\"}]},{\"@type\":\"WebSite\",\"@id\":\"https:\/\/vinodeli.ee\/#website\",\"url\":\"https:\/\/vinodeli.ee\/\",\"name\":\"Vinodeli\",\"description\":\"\",\"publisher\":{\"@id\":\"https:\/\/vinodeli.ee\/#organization\"},\"potentialAction\":[{\"@type\":\"SearchAction\",\"target\":{\"@type\":\"EntryPoint\",\"urlTemplate\":\"https:\/\/vinodeli.ee\/?s={search_term_string}\"},\"query-input\":{\"@type\":\"PropertyValueSpecification\",\"valueRequired\":true,\"valueName\":\"search_term_string\"}}],\"inLanguage\":\"en-US\"},{\"@type\":\"Organization\",\"@id\":\"https:\/\/vinodeli.ee\/#organization\",\"name\":\"Vinodeli O\u00dc\",\"url\":\"https:\/\/vinodeli.ee\/\",\"logo\":{\"@type\":\"ImageObject\",\"inLanguage\":\"en-US\",\"@id\":\"https:\/\/vinodeli.ee\/#\/schema\/logo\/image\/\",\"url\":\"https:\/\/vinodeli.ee\/wp-content\/uploads\/2024\/02\/logo-winodeli-1.png\",\"contentUrl\":\"https:\/\/vinodeli.ee\/wp-content\/uploads\/2024\/02\/logo-winodeli-1.png\",\"width\":1500,\"height\":1150,\"caption\":\"Vinodeli O\u00dc\"},\"image\":{\"@id\":\"https:\/\/vinodeli.ee\/#\/schema\/logo\/image\/\"}}]}<\/script>\n<!-- \/ Yoast SEO plugin. -->","yoast_head_json":{"title":"Marsuret \"Agostino\" Prosecco Superiore Valdobbiadene DOCG Dry 11,5% 0,75l - Vinodeli","robots":{"index":"index","follow":"follow","max-snippet":"max-snippet:-1","max-image-preview":"max-image-preview:large","max-video-preview":"max-video-preview:-1"},"canonical":"https:\/\/vinodeli.ee\/en\/product\/marsuret-agostino\/","og_locale":"en_US","og_type":"article","og_title":"Marsuret \"Agostino\" Prosecco Superiore Valdobbiadene DOCG Dry 11,5% 0,75l - Vinodeli","og_description":"Grape variety: 100% Glera","og_url":"https:\/\/vinodeli.ee\/en\/product\/marsuret-agostino\/","og_site_name":"Vinodeli","article_modified_time":"2025-10-26T21:21:48+00:00","og_image":[{"width":1900,"height":1900,"url":"https:\/\/vinodeli.ee\/wp-content\/uploads\/2025\/10\/agostino.png","type":"image\/png"}],"twitter_card":"summary_large_image","twitter_misc":{"Est. reading time":"1 minute"},"schema":{"@context":"https:\/\/schema.org","@graph":[{"@type":"WebPage","@id":"https:\/\/vinodeli.ee\/en\/product\/marsuret-agostino\/","url":"https:\/\/vinodeli.ee\/en\/product\/marsuret-agostino\/","name":"Marsuret \"Agostino\" Prosecco Superiore Valdobbiadene DOCG Dry 11,5% 0,75l - Vinodeli","isPartOf":{"@id":"https:\/\/vinodeli.ee\/#website"},"primaryImageOfPage":{"@id":"https:\/\/vinodeli.ee\/en\/product\/marsuret-agostino\/#primaryimage"},"image":{"@id":"https:\/\/vinodeli.ee\/en\/product\/marsuret-agostino\/#primaryimage"},"thumbnailUrl":"https:\/\/vinodeli.ee\/wp-content\/uploads\/2025\/10\/agostino.png","datePublished":"2025-10-23T21:40:15+00:00","dateModified":"2025-10-26T21:21:48+00:00","breadcrumb":{"@id":"https:\/\/vinodeli.ee\/en\/product\/marsuret-agostino\/#breadcrumb"},"inLanguage":"en-US","potentialAction":[{"@type":"ReadAction","target":["https:\/\/vinodeli.ee\/en\/product\/marsuret-agostino\/"]}]},{"@type":"ImageObject","inLanguage":"en-US","@id":"https:\/\/vinodeli.ee\/en\/product\/marsuret-agostino\/#primaryimage","url":"https:\/\/vinodeli.ee\/wp-content\/uploads\/2025\/10\/agostino.png","contentUrl":"https:\/\/vinodeli.ee\/wp-content\/uploads\/2025\/10\/agostino.png","width":1900,"height":1900},{"@type":"BreadcrumbList","@id":"https:\/\/vinodeli.ee\/en\/product\/marsuret-agostino\/#breadcrumb","itemListElement":[{"@type":"ListItem","position":1,"name":"Home","item":"https:\/\/vinodeli.ee\/en\/"},{"@type":"ListItem","position":2,"name":"Shop","item":"https:\/\/vinodeli.ee\/pood\/"},{"@type":"ListItem","position":3,"name":"Marsuret &#8220;Agostino&#8221; Prosecco Superiore Valdobbiadene DOCG Dry 11,5% 0,75l"}]},{"@type":"WebSite","@id":"https:\/\/vinodeli.ee\/#website","url":"https:\/\/vinodeli.ee\/","name":"Vinodeli","description":"","publisher":{"@id":"https:\/\/vinodeli.ee\/#organization"},"potentialAction":[{"@type":"SearchAction","target":{"@type":"EntryPoint","urlTemplate":"https:\/\/vinodeli.ee\/?s={search_term_string}"},"query-input":{"@type":"PropertyValueSpecification","valueRequired":true,"valueName":"search_term_string"}}],"inLanguage":"en-US"},{"@type":"Organization","@id":"https:\/\/vinodeli.ee\/#organization","name":"Vinodeli O\u00dc","url":"https:\/\/vinodeli.ee\/","logo":{"@type":"ImageObject","inLanguage":"en-US","@id":"https:\/\/vinodeli.ee\/#\/schema\/logo\/image\/","url":"https:\/\/vinodeli.ee\/wp-content\/uploads\/2024\/02\/logo-winodeli-1.png","contentUrl":"https:\/\/vinodeli.ee\/wp-content\/uploads\/2024\/02\/logo-winodeli-1.png","width":1500,"height":1150,"caption":"Vinodeli O\u00dc"},"image":{"@id":"https:\/\/vinodeli.ee\/#\/schema\/logo\/image\/"}}]}},"_links":{"self":[{"href":"https:\/\/vinodeli.ee\/en\/wp-json\/wp\/v2\/product\/76017","targetHints":{"allow":["GET"]}}],"collection":[{"href":"https:\/\/vinodeli.ee\/en\/wp-json\/wp\/v2\/product"}],"about":[{"href":"https:\/\/vinodeli.ee\/en\/wp-json\/wp\/v2\/types\/product"}],"version-history":[{"count":0,"href":"https:\/\/vinodeli.ee\/en\/wp-json\/wp\/v2\/product\/76017\/revisions"}],"wp:featuredmedia":[{"embeddable":true,"href":"https:\/\/vinodeli.ee\/en\/wp-json\/wp\/v2\/media\/76036"}],"wp:attachment":[{"href":"https:\/\/vinodeli.ee\/en\/wp-json\/wp\/v2\/media?parent=76017"}],"wp:term":[{"taxonomy":"product_brand","embeddable":true,"href":"https:\/\/vinodeli.ee\/en\/wp-json\/wp\/v2\/product_brand?post=76017"},{"taxonomy":"product_cat","embeddable":true,"href":"https:\/\/vinodeli.ee\/en\/wp-json\/wp\/v2\/product_cat?post=76017"},{"taxonomy":"product_tag","embeddable":true,"href":"https:\/\/vinodeli.ee\/en\/wp-json\/wp\/v2\/product_tag?post=76017"}],"curies":[{"name":"wp","href":"https:\/\/api.w.org\/{rel}","templated":true}]}}