{"id":77207,"date":"2025-12-04T17:02:52","date_gmt":"2025-12-04T15:02:52","guid":{"rendered":"https:\/\/vinodeli.ee\/?post_type=product&#038;p=77207"},"modified":"2025-12-04T17:41:39","modified_gmt":"2025-12-04T15:41:39","slug":"celine-frederic-gueguen-chablis-premiere-cru-vaucoupin-2023-aoc-125-075l","status":"publish","type":"product","link":"https:\/\/vinodeli.ee\/en\/product\/celine-frederic-gueguen-chablis-premiere-cru-vaucoupin-2023-aoc-125-075l\/","title":{"rendered":"Celine Frederic Gueguen Chablis Premiere Cru Vaucoupin 2023 AOC 12,5% 0,75l"},"content":{"rendered":"<blockquote><p>Born into families of winegrowers, C\u00e9line and Fr\u00e9d\u00e9ric embarked on their own adventure in 2013. They created their Estate nestled in the heart of the Chablis vineyard. With a deep attachment to their family roots, they are building a new Estate with a breath of freedom.  <\/p>\n<p>The plot is located in the village of Pr\u00e9hy to the southwest of the Chablis vineyard on the Kimmeridgian, the upper layer of the Jurassic composed of clay and limestone, with a south-eastern exposure. Surface : 7 ha Middle Age : 40 years old Yeld : 55hL\/ha <\/p>\n<p><strong>Viticulture<\/strong><\/p>\n<p>Domaine Guenguen practice a reasoned approach to viticulture having obtained the HVE level 3 label, which translates into ploughing which activates the organic and microbial life of the soil, partial grassing on certain plots and the use of natural fertilizers and treatments against diseases. <\/p>\n<p><strong>Winemaking<\/strong><\/p>\n<p>After a long and delicate pressing, a cold settling of about twenty hours, the fermentation took place at around 16\u00b0 to 18\u00b0 C using indigenous yeasts. The malolactic fermentation on fine lees from November to mid-April, then a light fining and filtration on earth in order to obtain a clear and stable wine before bottling by us at the estate.   <\/p>\n<p>Aging is done exclusively in stainless steel vats to preserve the freshness and fruitiness of the wine. These vats are thermoregulated, allowing fermentations at low temperatures to best develop the wine\u2019s aromas. <\/p>\n<p><b>Testing <\/b><\/p>\n<p>S\u00e4ravkollane v\u00e4rvus, peen ja v\u00e4ga puuviljane aroom. Veinil on mandli ja k\u00fcpsete puuviljade noodid. Kaunis mineraalne pingestatus annab elavust \u00fcmarale struktuurile ning toob esile pika j\u00e4relmaitse.  <\/p>\n<p><strong>Serveerimissoovitused<\/strong><\/p>\n<p>Fish with hollandaise sauce, lobster salad, matured goat cheeses.<\/p>\n<p>Should be served between 10\u201312 \u00b0C. Cellaring potential: 3\u20138 years. <\/p><\/blockquote>\n","protected":false},"excerpt":{"rendered":"<blockquote>\n<h4>Grape variety:<br \/>\n100% Chardonnay<\/h4>\n<h2>Chablis Premier Cru Vaucoupin 2023 \u2013 Reviews and Ratings<\/h2>\n<div>\n<div>\n<table>\n<thead>\n<tr>\n<th>Publication \/ critic<\/th>\n<th>Date<\/th>\n<th>Rating \/ Points<\/th>\n<\/tr>\n<\/thead>\n<tbody>\n<tr>\n<td>Guide Hachette des Vins<\/td>\n<td>2026<\/td>\n<td>\u2605 (1 star)<\/td>\n<\/tr>\n<tr>\n<td>Inside Burgundy (Jasper Morris)<\/td>\n<td>m\u00e4rts 2025<\/td>\n<td>90\u201391points<\/td>\n<\/tr>\n<tr>\n<td>View from the Cellar<\/td>\n<td>January 2025<\/td>\n<td>93 points<\/td>\n<\/tr>\n<tr>\n<td>Burgundy Reports<\/td>\n<td>January 2025<\/td>\n<td>Vintage 2023 overview<\/td>\n<\/tr>\n<tr>\n<td>Tim Atkin \u2013 Christy Canterbury<\/td>\n<td>2023<\/td>\n<td>89 points<\/td>\n<\/tr>\n<tr>\n<td>Burghound (Allen Meadows)<\/td>\n<td>October 2024<\/td>\n<td>89\u201392 points<\/td>\n<\/tr>\n<\/tbody>\n<\/table>\n<\/div>\n<div><\/div>\n<\/div>\n<div><\/div>\n<h6><\/h6>\n<\/blockquote>\n","protected":false},"featured_media":77210,"template":"","meta":{"_acf_changed":false},"product_brand":[],"product_cat":[19460],"product_tag":[],"class_list":{"0":"post-77207","1":"product","2":"type-product","3":"status-publish","4":"has-post-thumbnail","6":"product_cat-white-wine","8":"first","9":"instock","10":"taxable","11":"shipping-taxable","12":"purchasable","13":"product-type-simple"},"acf":[],"yoast_head":"<!-- This site is optimized with the Yoast SEO plugin v25.7 - https:\/\/yoast.com\/wordpress\/plugins\/seo\/ -->\n<title>Celine Frederic Gueguen Chablis Premiere Cru Vaucoupin 2023 AOC 12,5% 0,75l - Vinodeli<\/title>\n<meta name=\"robots\" content=\"index, follow, max-snippet:-1, max-image-preview:large, max-video-preview:-1\" \/>\n<link rel=\"canonical\" href=\"https:\/\/vinodeli.ee\/en\/product\/celine-frederic-gueguen-chablis-premiere-cru-vaucoupin-2023-aoc-125-075l\/\" \/>\n<meta property=\"og:locale\" content=\"en_US\" \/>\n<meta property=\"og:type\" content=\"article\" \/>\n<meta property=\"og:title\" content=\"Celine Frederic Gueguen Chablis Premiere Cru Vaucoupin 2023 AOC 12,5% 0,75l - Vinodeli\" \/>\n<meta property=\"og:description\" content=\"Grape variety: 100% Chardonnay Chablis Premier Cru Vaucoupin 2023 \u2013 Reviews and Ratings   Publication \/ critic Date Rating \/ Points   Guide Hachette des Vins 2026 \u2605 (1 star)  Inside Burgundy (Jasper Morris) m\u00e4rts 2025 90\u201391points  View from the Cellar January 2025 93 points  Burgundy Reports January 2025 Vintage 2023 overview  Tim Atkin \u2013 Christy Canterbury 2023 89 points  Burghound (Allen Meadows) October 2024 89\u201392 points\" \/>\n<meta property=\"og:url\" content=\"https:\/\/vinodeli.ee\/en\/product\/celine-frederic-gueguen-chablis-premiere-cru-vaucoupin-2023-aoc-125-075l\/\" \/>\n<meta property=\"og:site_name\" content=\"Vinodeli\" \/>\n<meta property=\"article:modified_time\" content=\"2025-12-04T15:41:39+00:00\" \/>\n<meta property=\"og:image\" content=\"https:\/\/vinodeli.ee\/wp-content\/uploads\/2025\/12\/Gueguen-Vaucoupin.jpg\" \/>\n\t<meta property=\"og:image:width\" content=\"800\" \/>\n\t<meta property=\"og:image:height\" content=\"800\" \/>\n\t<meta property=\"og:image:type\" content=\"image\/jpeg\" \/>\n<meta name=\"twitter:card\" content=\"summary_large_image\" \/>\n<meta name=\"twitter:label1\" content=\"Est. reading time\" \/>\n\t<meta name=\"twitter:data1\" content=\"2 minutes\" \/>\n<script type=\"application\/ld+json\" class=\"yoast-schema-graph\">{\"@context\":\"https:\/\/schema.org\",\"@graph\":[{\"@type\":\"WebPage\",\"@id\":\"https:\/\/vinodeli.ee\/en\/product\/celine-frederic-gueguen-chablis-premiere-cru-vaucoupin-2023-aoc-125-075l\/\",\"url\":\"https:\/\/vinodeli.ee\/en\/product\/celine-frederic-gueguen-chablis-premiere-cru-vaucoupin-2023-aoc-125-075l\/\",\"name\":\"Celine Frederic Gueguen Chablis Premiere Cru Vaucoupin 2023 AOC 12,5% 0,75l - Vinodeli\",\"isPartOf\":{\"@id\":\"https:\/\/vinodeli.ee\/#website\"},\"primaryImageOfPage\":{\"@id\":\"https:\/\/vinodeli.ee\/en\/product\/celine-frederic-gueguen-chablis-premiere-cru-vaucoupin-2023-aoc-125-075l\/#primaryimage\"},\"image\":{\"@id\":\"https:\/\/vinodeli.ee\/en\/product\/celine-frederic-gueguen-chablis-premiere-cru-vaucoupin-2023-aoc-125-075l\/#primaryimage\"},\"thumbnailUrl\":\"https:\/\/vinodeli.ee\/wp-content\/uploads\/2025\/12\/Gueguen-Vaucoupin.jpg\",\"datePublished\":\"2025-12-04T15:02:52+00:00\",\"dateModified\":\"2025-12-04T15:41:39+00:00\",\"breadcrumb\":{\"@id\":\"https:\/\/vinodeli.ee\/en\/product\/celine-frederic-gueguen-chablis-premiere-cru-vaucoupin-2023-aoc-125-075l\/#breadcrumb\"},\"inLanguage\":\"en-US\",\"potentialAction\":[{\"@type\":\"ReadAction\",\"target\":[\"https:\/\/vinodeli.ee\/en\/product\/celine-frederic-gueguen-chablis-premiere-cru-vaucoupin-2023-aoc-125-075l\/\"]}]},{\"@type\":\"ImageObject\",\"inLanguage\":\"en-US\",\"@id\":\"https:\/\/vinodeli.ee\/en\/product\/celine-frederic-gueguen-chablis-premiere-cru-vaucoupin-2023-aoc-125-075l\/#primaryimage\",\"url\":\"https:\/\/vinodeli.ee\/wp-content\/uploads\/2025\/12\/Gueguen-Vaucoupin.jpg\",\"contentUrl\":\"https:\/\/vinodeli.ee\/wp-content\/uploads\/2025\/12\/Gueguen-Vaucoupin.jpg\",\"width\":800,\"height\":800},{\"@type\":\"BreadcrumbList\",\"@id\":\"https:\/\/vinodeli.ee\/en\/product\/celine-frederic-gueguen-chablis-premiere-cru-vaucoupin-2023-aoc-125-075l\/#breadcrumb\",\"itemListElement\":[{\"@type\":\"ListItem\",\"position\":1,\"name\":\"Home\",\"item\":\"https:\/\/vinodeli.ee\/en\/\"},{\"@type\":\"ListItem\",\"position\":2,\"name\":\"Shop\",\"item\":\"https:\/\/vinodeli.ee\/pood\/\"},{\"@type\":\"ListItem\",\"position\":3,\"name\":\"Celine Frederic Gueguen Chablis Premiere Cru Vaucoupin 2023 AOC 12,5% 0,75l\"}]},{\"@type\":\"WebSite\",\"@id\":\"https:\/\/vinodeli.ee\/#website\",\"url\":\"https:\/\/vinodeli.ee\/\",\"name\":\"Vinodeli\",\"description\":\"\",\"publisher\":{\"@id\":\"https:\/\/vinodeli.ee\/#organization\"},\"potentialAction\":[{\"@type\":\"SearchAction\",\"target\":{\"@type\":\"EntryPoint\",\"urlTemplate\":\"https:\/\/vinodeli.ee\/?s={search_term_string}\"},\"query-input\":{\"@type\":\"PropertyValueSpecification\",\"valueRequired\":true,\"valueName\":\"search_term_string\"}}],\"inLanguage\":\"en-US\"},{\"@type\":\"Organization\",\"@id\":\"https:\/\/vinodeli.ee\/#organization\",\"name\":\"Vinodeli O\u00dc\",\"url\":\"https:\/\/vinodeli.ee\/\",\"logo\":{\"@type\":\"ImageObject\",\"inLanguage\":\"en-US\",\"@id\":\"https:\/\/vinodeli.ee\/#\/schema\/logo\/image\/\",\"url\":\"https:\/\/vinodeli.ee\/wp-content\/uploads\/2024\/02\/logo-winodeli-1.png\",\"contentUrl\":\"https:\/\/vinodeli.ee\/wp-content\/uploads\/2024\/02\/logo-winodeli-1.png\",\"width\":1500,\"height\":1150,\"caption\":\"Vinodeli O\u00dc\"},\"image\":{\"@id\":\"https:\/\/vinodeli.ee\/#\/schema\/logo\/image\/\"}}]}<\/script>\n<!-- \/ Yoast SEO plugin. -->","yoast_head_json":{"title":"Celine Frederic Gueguen Chablis Premiere Cru Vaucoupin 2023 AOC 12,5% 0,75l - Vinodeli","robots":{"index":"index","follow":"follow","max-snippet":"max-snippet:-1","max-image-preview":"max-image-preview:large","max-video-preview":"max-video-preview:-1"},"canonical":"https:\/\/vinodeli.ee\/en\/product\/celine-frederic-gueguen-chablis-premiere-cru-vaucoupin-2023-aoc-125-075l\/","og_locale":"en_US","og_type":"article","og_title":"Celine Frederic Gueguen Chablis Premiere Cru Vaucoupin 2023 AOC 12,5% 0,75l - Vinodeli","og_description":"Grape variety: 100% Chardonnay Chablis Premier Cru Vaucoupin 2023 \u2013 Reviews and Ratings   Publication \/ critic Date Rating \/ Points   Guide Hachette des Vins 2026 \u2605 (1 star)  Inside Burgundy (Jasper Morris) m\u00e4rts 2025 90\u201391points  View from the Cellar January 2025 93 points  Burgundy Reports January 2025 Vintage 2023 overview  Tim Atkin \u2013 Christy Canterbury 2023 89 points  Burghound (Allen Meadows) October 2024 89\u201392 points","og_url":"https:\/\/vinodeli.ee\/en\/product\/celine-frederic-gueguen-chablis-premiere-cru-vaucoupin-2023-aoc-125-075l\/","og_site_name":"Vinodeli","article_modified_time":"2025-12-04T15:41:39+00:00","og_image":[{"width":800,"height":800,"url":"https:\/\/vinodeli.ee\/wp-content\/uploads\/2025\/12\/Gueguen-Vaucoupin.jpg","type":"image\/jpeg"}],"twitter_card":"summary_large_image","twitter_misc":{"Est. reading time":"2 minutes"},"schema":{"@context":"https:\/\/schema.org","@graph":[{"@type":"WebPage","@id":"https:\/\/vinodeli.ee\/en\/product\/celine-frederic-gueguen-chablis-premiere-cru-vaucoupin-2023-aoc-125-075l\/","url":"https:\/\/vinodeli.ee\/en\/product\/celine-frederic-gueguen-chablis-premiere-cru-vaucoupin-2023-aoc-125-075l\/","name":"Celine Frederic Gueguen Chablis Premiere Cru Vaucoupin 2023 AOC 12,5% 0,75l - Vinodeli","isPartOf":{"@id":"https:\/\/vinodeli.ee\/#website"},"primaryImageOfPage":{"@id":"https:\/\/vinodeli.ee\/en\/product\/celine-frederic-gueguen-chablis-premiere-cru-vaucoupin-2023-aoc-125-075l\/#primaryimage"},"image":{"@id":"https:\/\/vinodeli.ee\/en\/product\/celine-frederic-gueguen-chablis-premiere-cru-vaucoupin-2023-aoc-125-075l\/#primaryimage"},"thumbnailUrl":"https:\/\/vinodeli.ee\/wp-content\/uploads\/2025\/12\/Gueguen-Vaucoupin.jpg","datePublished":"2025-12-04T15:02:52+00:00","dateModified":"2025-12-04T15:41:39+00:00","breadcrumb":{"@id":"https:\/\/vinodeli.ee\/en\/product\/celine-frederic-gueguen-chablis-premiere-cru-vaucoupin-2023-aoc-125-075l\/#breadcrumb"},"inLanguage":"en-US","potentialAction":[{"@type":"ReadAction","target":["https:\/\/vinodeli.ee\/en\/product\/celine-frederic-gueguen-chablis-premiere-cru-vaucoupin-2023-aoc-125-075l\/"]}]},{"@type":"ImageObject","inLanguage":"en-US","@id":"https:\/\/vinodeli.ee\/en\/product\/celine-frederic-gueguen-chablis-premiere-cru-vaucoupin-2023-aoc-125-075l\/#primaryimage","url":"https:\/\/vinodeli.ee\/wp-content\/uploads\/2025\/12\/Gueguen-Vaucoupin.jpg","contentUrl":"https:\/\/vinodeli.ee\/wp-content\/uploads\/2025\/12\/Gueguen-Vaucoupin.jpg","width":800,"height":800},{"@type":"BreadcrumbList","@id":"https:\/\/vinodeli.ee\/en\/product\/celine-frederic-gueguen-chablis-premiere-cru-vaucoupin-2023-aoc-125-075l\/#breadcrumb","itemListElement":[{"@type":"ListItem","position":1,"name":"Home","item":"https:\/\/vinodeli.ee\/en\/"},{"@type":"ListItem","position":2,"name":"Shop","item":"https:\/\/vinodeli.ee\/pood\/"},{"@type":"ListItem","position":3,"name":"Celine Frederic Gueguen Chablis Premiere Cru Vaucoupin 2023 AOC 12,5% 0,75l"}]},{"@type":"WebSite","@id":"https:\/\/vinodeli.ee\/#website","url":"https:\/\/vinodeli.ee\/","name":"Vinodeli","description":"","publisher":{"@id":"https:\/\/vinodeli.ee\/#organization"},"potentialAction":[{"@type":"SearchAction","target":{"@type":"EntryPoint","urlTemplate":"https:\/\/vinodeli.ee\/?s={search_term_string}"},"query-input":{"@type":"PropertyValueSpecification","valueRequired":true,"valueName":"search_term_string"}}],"inLanguage":"en-US"},{"@type":"Organization","@id":"https:\/\/vinodeli.ee\/#organization","name":"Vinodeli O\u00dc","url":"https:\/\/vinodeli.ee\/","logo":{"@type":"ImageObject","inLanguage":"en-US","@id":"https:\/\/vinodeli.ee\/#\/schema\/logo\/image\/","url":"https:\/\/vinodeli.ee\/wp-content\/uploads\/2024\/02\/logo-winodeli-1.png","contentUrl":"https:\/\/vinodeli.ee\/wp-content\/uploads\/2024\/02\/logo-winodeli-1.png","width":1500,"height":1150,"caption":"Vinodeli O\u00dc"},"image":{"@id":"https:\/\/vinodeli.ee\/#\/schema\/logo\/image\/"}}]}},"_links":{"self":[{"href":"https:\/\/vinodeli.ee\/en\/wp-json\/wp\/v2\/product\/77207","targetHints":{"allow":["GET"]}}],"collection":[{"href":"https:\/\/vinodeli.ee\/en\/wp-json\/wp\/v2\/product"}],"about":[{"href":"https:\/\/vinodeli.ee\/en\/wp-json\/wp\/v2\/types\/product"}],"version-history":[{"count":0,"href":"https:\/\/vinodeli.ee\/en\/wp-json\/wp\/v2\/product\/77207\/revisions"}],"wp:featuredmedia":[{"embeddable":true,"href":"https:\/\/vinodeli.ee\/en\/wp-json\/wp\/v2\/media\/77210"}],"wp:attachment":[{"href":"https:\/\/vinodeli.ee\/en\/wp-json\/wp\/v2\/media?parent=77207"}],"wp:term":[{"taxonomy":"product_brand","embeddable":true,"href":"https:\/\/vinodeli.ee\/en\/wp-json\/wp\/v2\/product_brand?post=77207"},{"taxonomy":"product_cat","embeddable":true,"href":"https:\/\/vinodeli.ee\/en\/wp-json\/wp\/v2\/product_cat?post=77207"},{"taxonomy":"product_tag","embeddable":true,"href":"https:\/\/vinodeli.ee\/en\/wp-json\/wp\/v2\/product_tag?post=77207"}],"curies":[{"name":"wp","href":"https:\/\/api.w.org\/{rel}","templated":true}]}}