{"id":77216,"date":"2025-12-04T17:52:40","date_gmt":"2025-12-04T15:52:40","guid":{"rendered":"https:\/\/vinodeli.ee\/?post_type=product&#038;p=77216"},"modified":"2025-12-04T18:18:51","modified_gmt":"2025-12-04T16:18:51","slug":"celine-frederic-gueguen-chablis-vieilles-vignes-la-vigne-de-1975-aoc-2024-125-075l","status":"publish","type":"product","link":"https:\/\/vinodeli.ee\/en\/product\/celine-frederic-gueguen-chablis-vieilles-vignes-la-vigne-de-1975-aoc-2024-125-075l\/","title":{"rendered":"Celine Frederic Gueguen Chablis Vieilles Vignes La Vigne de 1975 AOC 2024 12,5% 0,75l"},"content":{"rendered":"<blockquote><p>Born into families of winegrowers, C\u00e9line and Fr\u00e9d\u00e9ric embarked on their own adventure in 2013. They created their Estate nestled in the heart of the Chablis vineyard. With a deep attachment to their family roots, they are building a new Estate with a breath of freedom.  <\/p>\n<p>The parcel planted in 1975, almost 50 years old, is located in the village of Pr\u00e9hy on the Kimmeridgian \u2013 the upper Jurassic layer composed of clay and limestone \u2013 with a South-East exposure. Surface: 1.5 ha. Average vine age: 50 years. Yield: 55 hL\/ha.    <\/p>\n<p><strong>Viticulture<\/strong><\/p>\n<p>Domaine Guenguen practice a reasoned approach to viticulture having obtained the HVE level 3 label, which translates into ploughing which activates the organic and microbial life of the soil, partial grassing on certain plots and the use of natural fertilizers and treatments against diseases. <\/p>\n<p><strong>Winemaking<\/strong><\/p>\n<p>After a long and delicate pressing, a cold settling of about twenty hours, the fermentation took place at around 16\u00b0 to 18\u00b0 C using indigenous yeasts. The malolactic fermentation on fine lees from November to mid-April, then a light fining and filtration on earth in order to obtain a clear and stable wine before bottling by us at the estate.   <\/p>\n<p>Aging is done exclusively in stainless steel vats to preserve the freshness and fruitiness of the wine. These vats are thermoregulated, allowing fermentations at low temperatures to best develop the wine\u2019s aromas. <\/p>\n<p><b>Testing <\/b><\/p>\n<p>Cuv\u00e9e 1975 is a unique selection \u2013 the year of birth of C\u00e9line, Fr\u00e9d\u00e9ric, and their cherished Chablis vines. This cuv\u00e9e is very dear to them and offers aromas of great complexity. Bright yellow robe. Fine and very fruity nose, recalling white-fleshed fruits and citrus. Round and mineral on the palate, with beautiful length.  <\/p>\n<p><strong>Serving suggestions<\/strong><\/p>\n<p>As an aperitif, with oysters, seafood salad, Burgundy snails or with fresh goat cheese.<\/p>\n<p>Serve between 10\u201312 \u00b0C. Cellaring potential: 5\u201310 years. <\/p><\/blockquote>\n","protected":false},"excerpt":{"rendered":"<blockquote>\n<h4>Grape variety:<br \/>\n100% Chardonnay<\/h4>\n<h2>Chablis Premier Cru Vaucoupin 2023 \u2013 Reviews and Ratings<\/h2>\n<div>\n<div>\n<table>\n<thead>\n<tr>\n<th>Publication \/ critic<\/th>\n<th>Date<\/th>\n<th>Rating \/ Points<\/th>\n<\/tr>\n<\/thead>\n<tbody>\n<tr>\n<td>Guide Hachette des Vins<\/td>\n<td>2026<\/td>\n<td>\u2605 (1 star)<\/td>\n<\/tr>\n<tr>\n<td>Inside Burgundy (Jasper Morris)<\/td>\n<td>m\u00e4rts 2025<\/td>\n<td>90\u201391points<\/td>\n<\/tr>\n<tr>\n<td>View from the Cellar<\/td>\n<td>January 2025<\/td>\n<td>93 points<\/td>\n<\/tr>\n<tr>\n<td>Burgundy Reports<\/td>\n<td>January 2025<\/td>\n<td>Vintage 2023 overview<\/td>\n<\/tr>\n<tr>\n<td>Tim Atkin \u2013 Christy Canterbury<\/td>\n<td>2023<\/td>\n<td>89 points<\/td>\n<\/tr>\n<tr>\n<td>Burghound (Allen Meadows)<\/td>\n<td>October 2024<\/td>\n<td>89\u201392 points<\/td>\n<\/tr>\n<\/tbody>\n<\/table>\n<\/div>\n<div><\/div>\n<\/div>\n<div><\/div>\n<h6><\/h6>\n<\/blockquote>\n","protected":false},"featured_media":77219,"template":"","meta":{"_acf_changed":false},"product_brand":[],"product_cat":[19460],"product_tag":[],"class_list":{"0":"post-77216","1":"product","2":"type-product","3":"status-publish","4":"has-post-thumbnail","6":"product_cat-white-wine","8":"first","9":"instock","10":"taxable","11":"shipping-taxable","12":"purchasable","13":"product-type-simple"},"acf":[],"yoast_head":"<!-- This site is optimized with the Yoast SEO plugin v25.7 - https:\/\/yoast.com\/wordpress\/plugins\/seo\/ -->\n<title>Celine Frederic Gueguen Chablis Vieilles Vignes La Vigne de 1975 AOC 2024 12,5% 0,75l - Vinodeli<\/title>\n<meta name=\"robots\" content=\"index, follow, max-snippet:-1, max-image-preview:large, max-video-preview:-1\" \/>\n<link rel=\"canonical\" href=\"https:\/\/vinodeli.ee\/en\/product\/celine-frederic-gueguen-chablis-vieilles-vignes-la-vigne-de-1975-aoc-2024-125-075l\/\" \/>\n<meta property=\"og:locale\" content=\"en_US\" \/>\n<meta property=\"og:type\" content=\"article\" \/>\n<meta property=\"og:title\" content=\"Celine Frederic Gueguen Chablis Vieilles Vignes La Vigne de 1975 AOC 2024 12,5% 0,75l - Vinodeli\" \/>\n<meta property=\"og:description\" content=\"Grape variety: 100% Chardonnay Chablis Premier Cru Vaucoupin 2023 \u2013 Reviews and Ratings   Publication \/ critic Date Rating \/ Points   Guide Hachette des Vins 2026 \u2605 (1 star)  Inside Burgundy (Jasper Morris) m\u00e4rts 2025 90\u201391points  View from the Cellar January 2025 93 points  Burgundy Reports January 2025 Vintage 2023 overview  Tim Atkin \u2013 Christy Canterbury 2023 89 points  Burghound (Allen Meadows) October 2024 89\u201392 points\" \/>\n<meta property=\"og:url\" content=\"https:\/\/vinodeli.ee\/en\/product\/celine-frederic-gueguen-chablis-vieilles-vignes-la-vigne-de-1975-aoc-2024-125-075l\/\" \/>\n<meta property=\"og:site_name\" content=\"Vinodeli\" \/>\n<meta property=\"article:modified_time\" content=\"2025-12-04T16:18:51+00:00\" \/>\n<meta property=\"og:image\" content=\"https:\/\/vinodeli.ee\/wp-content\/uploads\/2025\/12\/Gueguen-1975.jpg\" \/>\n\t<meta property=\"og:image:width\" content=\"800\" \/>\n\t<meta property=\"og:image:height\" content=\"800\" \/>\n\t<meta property=\"og:image:type\" content=\"image\/jpeg\" \/>\n<meta name=\"twitter:card\" content=\"summary_large_image\" \/>\n<meta name=\"twitter:label1\" content=\"Est. reading time\" \/>\n\t<meta name=\"twitter:data1\" content=\"2 minutes\" \/>\n<script type=\"application\/ld+json\" class=\"yoast-schema-graph\">{\"@context\":\"https:\/\/schema.org\",\"@graph\":[{\"@type\":\"WebPage\",\"@id\":\"https:\/\/vinodeli.ee\/en\/product\/celine-frederic-gueguen-chablis-vieilles-vignes-la-vigne-de-1975-aoc-2024-125-075l\/\",\"url\":\"https:\/\/vinodeli.ee\/en\/product\/celine-frederic-gueguen-chablis-vieilles-vignes-la-vigne-de-1975-aoc-2024-125-075l\/\",\"name\":\"Celine Frederic Gueguen Chablis Vieilles Vignes La Vigne de 1975 AOC 2024 12,5% 0,75l - Vinodeli\",\"isPartOf\":{\"@id\":\"https:\/\/vinodeli.ee\/#website\"},\"primaryImageOfPage\":{\"@id\":\"https:\/\/vinodeli.ee\/en\/product\/celine-frederic-gueguen-chablis-vieilles-vignes-la-vigne-de-1975-aoc-2024-125-075l\/#primaryimage\"},\"image\":{\"@id\":\"https:\/\/vinodeli.ee\/en\/product\/celine-frederic-gueguen-chablis-vieilles-vignes-la-vigne-de-1975-aoc-2024-125-075l\/#primaryimage\"},\"thumbnailUrl\":\"https:\/\/vinodeli.ee\/wp-content\/uploads\/2025\/12\/Gueguen-1975.jpg\",\"datePublished\":\"2025-12-04T15:52:40+00:00\",\"dateModified\":\"2025-12-04T16:18:51+00:00\",\"breadcrumb\":{\"@id\":\"https:\/\/vinodeli.ee\/en\/product\/celine-frederic-gueguen-chablis-vieilles-vignes-la-vigne-de-1975-aoc-2024-125-075l\/#breadcrumb\"},\"inLanguage\":\"en-US\",\"potentialAction\":[{\"@type\":\"ReadAction\",\"target\":[\"https:\/\/vinodeli.ee\/en\/product\/celine-frederic-gueguen-chablis-vieilles-vignes-la-vigne-de-1975-aoc-2024-125-075l\/\"]}]},{\"@type\":\"ImageObject\",\"inLanguage\":\"en-US\",\"@id\":\"https:\/\/vinodeli.ee\/en\/product\/celine-frederic-gueguen-chablis-vieilles-vignes-la-vigne-de-1975-aoc-2024-125-075l\/#primaryimage\",\"url\":\"https:\/\/vinodeli.ee\/wp-content\/uploads\/2025\/12\/Gueguen-1975.jpg\",\"contentUrl\":\"https:\/\/vinodeli.ee\/wp-content\/uploads\/2025\/12\/Gueguen-1975.jpg\",\"width\":800,\"height\":800},{\"@type\":\"BreadcrumbList\",\"@id\":\"https:\/\/vinodeli.ee\/en\/product\/celine-frederic-gueguen-chablis-vieilles-vignes-la-vigne-de-1975-aoc-2024-125-075l\/#breadcrumb\",\"itemListElement\":[{\"@type\":\"ListItem\",\"position\":1,\"name\":\"Home\",\"item\":\"https:\/\/vinodeli.ee\/en\/\"},{\"@type\":\"ListItem\",\"position\":2,\"name\":\"Shop\",\"item\":\"https:\/\/vinodeli.ee\/pood\/\"},{\"@type\":\"ListItem\",\"position\":3,\"name\":\"Celine Frederic Gueguen Chablis Vieilles Vignes La Vigne de 1975 AOC 2024 12,5% 0,75l\"}]},{\"@type\":\"WebSite\",\"@id\":\"https:\/\/vinodeli.ee\/#website\",\"url\":\"https:\/\/vinodeli.ee\/\",\"name\":\"Vinodeli\",\"description\":\"\",\"publisher\":{\"@id\":\"https:\/\/vinodeli.ee\/#organization\"},\"potentialAction\":[{\"@type\":\"SearchAction\",\"target\":{\"@type\":\"EntryPoint\",\"urlTemplate\":\"https:\/\/vinodeli.ee\/?s={search_term_string}\"},\"query-input\":{\"@type\":\"PropertyValueSpecification\",\"valueRequired\":true,\"valueName\":\"search_term_string\"}}],\"inLanguage\":\"en-US\"},{\"@type\":\"Organization\",\"@id\":\"https:\/\/vinodeli.ee\/#organization\",\"name\":\"Vinodeli O\u00dc\",\"url\":\"https:\/\/vinodeli.ee\/\",\"logo\":{\"@type\":\"ImageObject\",\"inLanguage\":\"en-US\",\"@id\":\"https:\/\/vinodeli.ee\/#\/schema\/logo\/image\/\",\"url\":\"https:\/\/vinodeli.ee\/wp-content\/uploads\/2024\/02\/logo-winodeli-1.png\",\"contentUrl\":\"https:\/\/vinodeli.ee\/wp-content\/uploads\/2024\/02\/logo-winodeli-1.png\",\"width\":1500,\"height\":1150,\"caption\":\"Vinodeli O\u00dc\"},\"image\":{\"@id\":\"https:\/\/vinodeli.ee\/#\/schema\/logo\/image\/\"}}]}<\/script>\n<!-- \/ Yoast SEO plugin. -->","yoast_head_json":{"title":"Celine Frederic Gueguen Chablis Vieilles Vignes La Vigne de 1975 AOC 2024 12,5% 0,75l - Vinodeli","robots":{"index":"index","follow":"follow","max-snippet":"max-snippet:-1","max-image-preview":"max-image-preview:large","max-video-preview":"max-video-preview:-1"},"canonical":"https:\/\/vinodeli.ee\/en\/product\/celine-frederic-gueguen-chablis-vieilles-vignes-la-vigne-de-1975-aoc-2024-125-075l\/","og_locale":"en_US","og_type":"article","og_title":"Celine Frederic Gueguen Chablis Vieilles Vignes La Vigne de 1975 AOC 2024 12,5% 0,75l - Vinodeli","og_description":"Grape variety: 100% Chardonnay Chablis Premier Cru Vaucoupin 2023 \u2013 Reviews and Ratings   Publication \/ critic Date Rating \/ Points   Guide Hachette des Vins 2026 \u2605 (1 star)  Inside Burgundy (Jasper Morris) m\u00e4rts 2025 90\u201391points  View from the Cellar January 2025 93 points  Burgundy Reports January 2025 Vintage 2023 overview  Tim Atkin \u2013 Christy Canterbury 2023 89 points  Burghound (Allen Meadows) October 2024 89\u201392 points","og_url":"https:\/\/vinodeli.ee\/en\/product\/celine-frederic-gueguen-chablis-vieilles-vignes-la-vigne-de-1975-aoc-2024-125-075l\/","og_site_name":"Vinodeli","article_modified_time":"2025-12-04T16:18:51+00:00","og_image":[{"width":800,"height":800,"url":"https:\/\/vinodeli.ee\/wp-content\/uploads\/2025\/12\/Gueguen-1975.jpg","type":"image\/jpeg"}],"twitter_card":"summary_large_image","twitter_misc":{"Est. reading time":"2 minutes"},"schema":{"@context":"https:\/\/schema.org","@graph":[{"@type":"WebPage","@id":"https:\/\/vinodeli.ee\/en\/product\/celine-frederic-gueguen-chablis-vieilles-vignes-la-vigne-de-1975-aoc-2024-125-075l\/","url":"https:\/\/vinodeli.ee\/en\/product\/celine-frederic-gueguen-chablis-vieilles-vignes-la-vigne-de-1975-aoc-2024-125-075l\/","name":"Celine Frederic Gueguen Chablis Vieilles Vignes La Vigne de 1975 AOC 2024 12,5% 0,75l - Vinodeli","isPartOf":{"@id":"https:\/\/vinodeli.ee\/#website"},"primaryImageOfPage":{"@id":"https:\/\/vinodeli.ee\/en\/product\/celine-frederic-gueguen-chablis-vieilles-vignes-la-vigne-de-1975-aoc-2024-125-075l\/#primaryimage"},"image":{"@id":"https:\/\/vinodeli.ee\/en\/product\/celine-frederic-gueguen-chablis-vieilles-vignes-la-vigne-de-1975-aoc-2024-125-075l\/#primaryimage"},"thumbnailUrl":"https:\/\/vinodeli.ee\/wp-content\/uploads\/2025\/12\/Gueguen-1975.jpg","datePublished":"2025-12-04T15:52:40+00:00","dateModified":"2025-12-04T16:18:51+00:00","breadcrumb":{"@id":"https:\/\/vinodeli.ee\/en\/product\/celine-frederic-gueguen-chablis-vieilles-vignes-la-vigne-de-1975-aoc-2024-125-075l\/#breadcrumb"},"inLanguage":"en-US","potentialAction":[{"@type":"ReadAction","target":["https:\/\/vinodeli.ee\/en\/product\/celine-frederic-gueguen-chablis-vieilles-vignes-la-vigne-de-1975-aoc-2024-125-075l\/"]}]},{"@type":"ImageObject","inLanguage":"en-US","@id":"https:\/\/vinodeli.ee\/en\/product\/celine-frederic-gueguen-chablis-vieilles-vignes-la-vigne-de-1975-aoc-2024-125-075l\/#primaryimage","url":"https:\/\/vinodeli.ee\/wp-content\/uploads\/2025\/12\/Gueguen-1975.jpg","contentUrl":"https:\/\/vinodeli.ee\/wp-content\/uploads\/2025\/12\/Gueguen-1975.jpg","width":800,"height":800},{"@type":"BreadcrumbList","@id":"https:\/\/vinodeli.ee\/en\/product\/celine-frederic-gueguen-chablis-vieilles-vignes-la-vigne-de-1975-aoc-2024-125-075l\/#breadcrumb","itemListElement":[{"@type":"ListItem","position":1,"name":"Home","item":"https:\/\/vinodeli.ee\/en\/"},{"@type":"ListItem","position":2,"name":"Shop","item":"https:\/\/vinodeli.ee\/pood\/"},{"@type":"ListItem","position":3,"name":"Celine Frederic Gueguen Chablis Vieilles Vignes La Vigne de 1975 AOC 2024 12,5% 0,75l"}]},{"@type":"WebSite","@id":"https:\/\/vinodeli.ee\/#website","url":"https:\/\/vinodeli.ee\/","name":"Vinodeli","description":"","publisher":{"@id":"https:\/\/vinodeli.ee\/#organization"},"potentialAction":[{"@type":"SearchAction","target":{"@type":"EntryPoint","urlTemplate":"https:\/\/vinodeli.ee\/?s={search_term_string}"},"query-input":{"@type":"PropertyValueSpecification","valueRequired":true,"valueName":"search_term_string"}}],"inLanguage":"en-US"},{"@type":"Organization","@id":"https:\/\/vinodeli.ee\/#organization","name":"Vinodeli O\u00dc","url":"https:\/\/vinodeli.ee\/","logo":{"@type":"ImageObject","inLanguage":"en-US","@id":"https:\/\/vinodeli.ee\/#\/schema\/logo\/image\/","url":"https:\/\/vinodeli.ee\/wp-content\/uploads\/2024\/02\/logo-winodeli-1.png","contentUrl":"https:\/\/vinodeli.ee\/wp-content\/uploads\/2024\/02\/logo-winodeli-1.png","width":1500,"height":1150,"caption":"Vinodeli O\u00dc"},"image":{"@id":"https:\/\/vinodeli.ee\/#\/schema\/logo\/image\/"}}]}},"_links":{"self":[{"href":"https:\/\/vinodeli.ee\/en\/wp-json\/wp\/v2\/product\/77216","targetHints":{"allow":["GET"]}}],"collection":[{"href":"https:\/\/vinodeli.ee\/en\/wp-json\/wp\/v2\/product"}],"about":[{"href":"https:\/\/vinodeli.ee\/en\/wp-json\/wp\/v2\/types\/product"}],"version-history":[{"count":0,"href":"https:\/\/vinodeli.ee\/en\/wp-json\/wp\/v2\/product\/77216\/revisions"}],"wp:featuredmedia":[{"embeddable":true,"href":"https:\/\/vinodeli.ee\/en\/wp-json\/wp\/v2\/media\/77219"}],"wp:attachment":[{"href":"https:\/\/vinodeli.ee\/en\/wp-json\/wp\/v2\/media?parent=77216"}],"wp:term":[{"taxonomy":"product_brand","embeddable":true,"href":"https:\/\/vinodeli.ee\/en\/wp-json\/wp\/v2\/product_brand?post=77216"},{"taxonomy":"product_cat","embeddable":true,"href":"https:\/\/vinodeli.ee\/en\/wp-json\/wp\/v2\/product_cat?post=77216"},{"taxonomy":"product_tag","embeddable":true,"href":"https:\/\/vinodeli.ee\/en\/wp-json\/wp\/v2\/product_tag?post=77216"}],"curies":[{"name":"wp","href":"https:\/\/api.w.org\/{rel}","templated":true}]}}