{"id":77226,"date":"2025-12-04T18:19:22","date_gmt":"2025-12-04T16:19:22","guid":{"rendered":"https:\/\/vinodeli.ee\/?post_type=product&#038;p=77226"},"modified":"2025-12-04T18:31:29","modified_gmt":"2025-12-04T16:31:29","slug":"celine-frederic-gueguen-petit-chablis-aoc-2024-12-075l","status":"publish","type":"product","link":"https:\/\/vinodeli.ee\/en\/product\/celine-frederic-gueguen-petit-chablis-aoc-2024-12-075l\/","title":{"rendered":"Celine Frederic Gueguen Petit Chablis AOC 2024 12% 0,75l"},"content":{"rendered":"<blockquote><p>Born into families of winegrowers, C\u00e9line and Fr\u00e9d\u00e9ric embarked on their own adventure in 2013. They created their Estate nestled in the heart of the Chablis vineyard. With a deep attachment to their family roots, they are building a new Estate with a breath of freedom.  <\/p>\n<p>The parcel is located in the village of Pr\u00e9hy, southwest of the Chablis vineyard, on the Portlandian \u2013 the upper Jurassic layer composed of clay and limestone \u2013 with a North-East exposure. Average vine age: 25 years. Yield: 70 hL\/ha.  <\/p>\n<p><strong>Viticulture<\/strong><\/p>\n<p>Domaine Guenguen practice a reasoned approach to viticulture having obtained the HVE level 3 label, which translates into ploughing which activates the organic and microbial life of the soil, partial grassing on certain plots and the use of natural fertilizers and treatments against diseases. <\/p>\n<p><strong>Winemaking<\/strong><\/p>\n<p>After a long and delicate pressing, a cold settling of about twenty hours, the fermentation took place at around 16\u00b0 to 18\u00b0 C using indigenous yeasts. The malolactic fermentation on fine lees from November to mid-April, then a light fining and filtration on earth in order to obtain a clear and stable wine before bottling by us at the estate.   <\/p>\n<p>The aging is done exclusively in stainless steel vats to preserve the freshness and fruitiness of the wine. These vats are thermoregulated which allows fermentations to be carried out at low temperatures in order to best develop the aromas of the wine. <\/p>\n<p><b>Testing <\/b><\/p>\n<p>Bright yellow robe, fine and very fruity nose recalling white-fleshed fruits and citrus. The palate is supple and surprises with its freshness. Fruit and a slight liveliness prolong the aromas.  <\/p>\n<p><strong>Food pairing<\/strong><\/p>\n<p>Perfect as an aperitif, with oysters, seafood salad, Burgundy snails, or fresh goat cheese.<\/p>\n<p>Serve between 10\u201312 \u00b0C. Cellaring potential: 2\u20133 years. <\/p><\/blockquote>\n","protected":false},"excerpt":{"rendered":"<blockquote>\n<h4>Grape variety:<br \/>\n100% Chardonnay<\/h4>\n<\/blockquote>\n","protected":false},"featured_media":77235,"template":"","meta":{"_acf_changed":false},"product_brand":[],"product_cat":[19460],"product_tag":[],"class_list":{"0":"post-77226","1":"product","2":"type-product","3":"status-publish","4":"has-post-thumbnail","6":"product_cat-white-wine","8":"first","9":"instock","10":"taxable","11":"shipping-taxable","12":"purchasable","13":"product-type-simple"},"acf":[],"yoast_head":"<!-- This site is optimized with the Yoast SEO plugin v25.7 - https:\/\/yoast.com\/wordpress\/plugins\/seo\/ -->\n<title>Celine Frederic Gueguen Petit Chablis AOC 2024 12% 0,75l - Vinodeli<\/title>\n<meta name=\"robots\" content=\"index, follow, max-snippet:-1, max-image-preview:large, max-video-preview:-1\" \/>\n<link rel=\"canonical\" href=\"https:\/\/vinodeli.ee\/en\/product\/celine-frederic-gueguen-petit-chablis-aoc-2024-12-075l\/\" \/>\n<meta property=\"og:locale\" content=\"en_US\" \/>\n<meta property=\"og:type\" content=\"article\" \/>\n<meta property=\"og:title\" content=\"Celine Frederic Gueguen Petit Chablis AOC 2024 12% 0,75l - Vinodeli\" \/>\n<meta property=\"og:description\" content=\"Grape variety: 100% Chardonnay\" \/>\n<meta property=\"og:url\" content=\"https:\/\/vinodeli.ee\/en\/product\/celine-frederic-gueguen-petit-chablis-aoc-2024-12-075l\/\" \/>\n<meta property=\"og:site_name\" content=\"Vinodeli\" \/>\n<meta property=\"article:modified_time\" content=\"2025-12-04T16:31:29+00:00\" \/>\n<meta name=\"twitter:card\" content=\"summary_large_image\" \/>\n<meta name=\"twitter:label1\" content=\"Est. reading time\" \/>\n\t<meta name=\"twitter:data1\" content=\"2 minutes\" \/>\n<script type=\"application\/ld+json\" class=\"yoast-schema-graph\">{\"@context\":\"https:\/\/schema.org\",\"@graph\":[{\"@type\":\"WebPage\",\"@id\":\"https:\/\/vinodeli.ee\/en\/product\/celine-frederic-gueguen-petit-chablis-aoc-2024-12-075l\/\",\"url\":\"https:\/\/vinodeli.ee\/en\/product\/celine-frederic-gueguen-petit-chablis-aoc-2024-12-075l\/\",\"name\":\"Celine Frederic Gueguen Petit Chablis AOC 2024 12% 0,75l - Vinodeli\",\"isPartOf\":{\"@id\":\"https:\/\/vinodeli.ee\/#website\"},\"primaryImageOfPage\":{\"@id\":\"https:\/\/vinodeli.ee\/en\/product\/celine-frederic-gueguen-petit-chablis-aoc-2024-12-075l\/#primaryimage\"},\"image\":{\"@id\":\"https:\/\/vinodeli.ee\/en\/product\/celine-frederic-gueguen-petit-chablis-aoc-2024-12-075l\/#primaryimage\"},\"thumbnailUrl\":\"https:\/\/vinodeli.ee\/wp-content\/uploads\/2025\/12\/Gueguen-Petit-Ch-1.jpg\",\"datePublished\":\"2025-12-04T16:19:22+00:00\",\"dateModified\":\"2025-12-04T16:31:29+00:00\",\"breadcrumb\":{\"@id\":\"https:\/\/vinodeli.ee\/en\/product\/celine-frederic-gueguen-petit-chablis-aoc-2024-12-075l\/#breadcrumb\"},\"inLanguage\":\"en-US\",\"potentialAction\":[{\"@type\":\"ReadAction\",\"target\":[\"https:\/\/vinodeli.ee\/en\/product\/celine-frederic-gueguen-petit-chablis-aoc-2024-12-075l\/\"]}]},{\"@type\":\"ImageObject\",\"inLanguage\":\"en-US\",\"@id\":\"https:\/\/vinodeli.ee\/en\/product\/celine-frederic-gueguen-petit-chablis-aoc-2024-12-075l\/#primaryimage\",\"url\":\"https:\/\/vinodeli.ee\/wp-content\/uploads\/2025\/12\/Gueguen-Petit-Ch-1.jpg\",\"contentUrl\":\"https:\/\/vinodeli.ee\/wp-content\/uploads\/2025\/12\/Gueguen-Petit-Ch-1.jpg\",\"width\":800,\"height\":800},{\"@type\":\"BreadcrumbList\",\"@id\":\"https:\/\/vinodeli.ee\/en\/product\/celine-frederic-gueguen-petit-chablis-aoc-2024-12-075l\/#breadcrumb\",\"itemListElement\":[{\"@type\":\"ListItem\",\"position\":1,\"name\":\"Home\",\"item\":\"https:\/\/vinodeli.ee\/en\/\"},{\"@type\":\"ListItem\",\"position\":2,\"name\":\"Shop\",\"item\":\"https:\/\/vinodeli.ee\/pood\/\"},{\"@type\":\"ListItem\",\"position\":3,\"name\":\"Celine Frederic Gueguen Petit Chablis AOC 2024 12% 0,75l\"}]},{\"@type\":\"WebSite\",\"@id\":\"https:\/\/vinodeli.ee\/#website\",\"url\":\"https:\/\/vinodeli.ee\/\",\"name\":\"Vinodeli\",\"description\":\"\",\"publisher\":{\"@id\":\"https:\/\/vinodeli.ee\/#organization\"},\"potentialAction\":[{\"@type\":\"SearchAction\",\"target\":{\"@type\":\"EntryPoint\",\"urlTemplate\":\"https:\/\/vinodeli.ee\/?s={search_term_string}\"},\"query-input\":{\"@type\":\"PropertyValueSpecification\",\"valueRequired\":true,\"valueName\":\"search_term_string\"}}],\"inLanguage\":\"en-US\"},{\"@type\":\"Organization\",\"@id\":\"https:\/\/vinodeli.ee\/#organization\",\"name\":\"Vinodeli O\u00dc\",\"url\":\"https:\/\/vinodeli.ee\/\",\"logo\":{\"@type\":\"ImageObject\",\"inLanguage\":\"en-US\",\"@id\":\"https:\/\/vinodeli.ee\/#\/schema\/logo\/image\/\",\"url\":\"https:\/\/vinodeli.ee\/wp-content\/uploads\/2024\/02\/logo-winodeli-1.png\",\"contentUrl\":\"https:\/\/vinodeli.ee\/wp-content\/uploads\/2024\/02\/logo-winodeli-1.png\",\"width\":1500,\"height\":1150,\"caption\":\"Vinodeli O\u00dc\"},\"image\":{\"@id\":\"https:\/\/vinodeli.ee\/#\/schema\/logo\/image\/\"}}]}<\/script>\n<!-- \/ Yoast SEO plugin. -->","yoast_head_json":{"title":"Celine Frederic Gueguen Petit Chablis AOC 2024 12% 0,75l - Vinodeli","robots":{"index":"index","follow":"follow","max-snippet":"max-snippet:-1","max-image-preview":"max-image-preview:large","max-video-preview":"max-video-preview:-1"},"canonical":"https:\/\/vinodeli.ee\/en\/product\/celine-frederic-gueguen-petit-chablis-aoc-2024-12-075l\/","og_locale":"en_US","og_type":"article","og_title":"Celine Frederic Gueguen Petit Chablis AOC 2024 12% 0,75l - Vinodeli","og_description":"Grape variety: 100% Chardonnay","og_url":"https:\/\/vinodeli.ee\/en\/product\/celine-frederic-gueguen-petit-chablis-aoc-2024-12-075l\/","og_site_name":"Vinodeli","article_modified_time":"2025-12-04T16:31:29+00:00","twitter_card":"summary_large_image","twitter_misc":{"Est. reading time":"2 minutes"},"schema":{"@context":"https:\/\/schema.org","@graph":[{"@type":"WebPage","@id":"https:\/\/vinodeli.ee\/en\/product\/celine-frederic-gueguen-petit-chablis-aoc-2024-12-075l\/","url":"https:\/\/vinodeli.ee\/en\/product\/celine-frederic-gueguen-petit-chablis-aoc-2024-12-075l\/","name":"Celine Frederic Gueguen Petit Chablis AOC 2024 12% 0,75l - Vinodeli","isPartOf":{"@id":"https:\/\/vinodeli.ee\/#website"},"primaryImageOfPage":{"@id":"https:\/\/vinodeli.ee\/en\/product\/celine-frederic-gueguen-petit-chablis-aoc-2024-12-075l\/#primaryimage"},"image":{"@id":"https:\/\/vinodeli.ee\/en\/product\/celine-frederic-gueguen-petit-chablis-aoc-2024-12-075l\/#primaryimage"},"thumbnailUrl":"https:\/\/vinodeli.ee\/wp-content\/uploads\/2025\/12\/Gueguen-Petit-Ch-1.jpg","datePublished":"2025-12-04T16:19:22+00:00","dateModified":"2025-12-04T16:31:29+00:00","breadcrumb":{"@id":"https:\/\/vinodeli.ee\/en\/product\/celine-frederic-gueguen-petit-chablis-aoc-2024-12-075l\/#breadcrumb"},"inLanguage":"en-US","potentialAction":[{"@type":"ReadAction","target":["https:\/\/vinodeli.ee\/en\/product\/celine-frederic-gueguen-petit-chablis-aoc-2024-12-075l\/"]}]},{"@type":"ImageObject","inLanguage":"en-US","@id":"https:\/\/vinodeli.ee\/en\/product\/celine-frederic-gueguen-petit-chablis-aoc-2024-12-075l\/#primaryimage","url":"https:\/\/vinodeli.ee\/wp-content\/uploads\/2025\/12\/Gueguen-Petit-Ch-1.jpg","contentUrl":"https:\/\/vinodeli.ee\/wp-content\/uploads\/2025\/12\/Gueguen-Petit-Ch-1.jpg","width":800,"height":800},{"@type":"BreadcrumbList","@id":"https:\/\/vinodeli.ee\/en\/product\/celine-frederic-gueguen-petit-chablis-aoc-2024-12-075l\/#breadcrumb","itemListElement":[{"@type":"ListItem","position":1,"name":"Home","item":"https:\/\/vinodeli.ee\/en\/"},{"@type":"ListItem","position":2,"name":"Shop","item":"https:\/\/vinodeli.ee\/pood\/"},{"@type":"ListItem","position":3,"name":"Celine Frederic Gueguen Petit Chablis AOC 2024 12% 0,75l"}]},{"@type":"WebSite","@id":"https:\/\/vinodeli.ee\/#website","url":"https:\/\/vinodeli.ee\/","name":"Vinodeli","description":"","publisher":{"@id":"https:\/\/vinodeli.ee\/#organization"},"potentialAction":[{"@type":"SearchAction","target":{"@type":"EntryPoint","urlTemplate":"https:\/\/vinodeli.ee\/?s={search_term_string}"},"query-input":{"@type":"PropertyValueSpecification","valueRequired":true,"valueName":"search_term_string"}}],"inLanguage":"en-US"},{"@type":"Organization","@id":"https:\/\/vinodeli.ee\/#organization","name":"Vinodeli O\u00dc","url":"https:\/\/vinodeli.ee\/","logo":{"@type":"ImageObject","inLanguage":"en-US","@id":"https:\/\/vinodeli.ee\/#\/schema\/logo\/image\/","url":"https:\/\/vinodeli.ee\/wp-content\/uploads\/2024\/02\/logo-winodeli-1.png","contentUrl":"https:\/\/vinodeli.ee\/wp-content\/uploads\/2024\/02\/logo-winodeli-1.png","width":1500,"height":1150,"caption":"Vinodeli O\u00dc"},"image":{"@id":"https:\/\/vinodeli.ee\/#\/schema\/logo\/image\/"}}]}},"_links":{"self":[{"href":"https:\/\/vinodeli.ee\/en\/wp-json\/wp\/v2\/product\/77226","targetHints":{"allow":["GET"]}}],"collection":[{"href":"https:\/\/vinodeli.ee\/en\/wp-json\/wp\/v2\/product"}],"about":[{"href":"https:\/\/vinodeli.ee\/en\/wp-json\/wp\/v2\/types\/product"}],"version-history":[{"count":0,"href":"https:\/\/vinodeli.ee\/en\/wp-json\/wp\/v2\/product\/77226\/revisions"}],"wp:featuredmedia":[{"embeddable":true,"href":"https:\/\/vinodeli.ee\/en\/wp-json\/wp\/v2\/media\/77235"}],"wp:attachment":[{"href":"https:\/\/vinodeli.ee\/en\/wp-json\/wp\/v2\/media?parent=77226"}],"wp:term":[{"taxonomy":"product_brand","embeddable":true,"href":"https:\/\/vinodeli.ee\/en\/wp-json\/wp\/v2\/product_brand?post=77226"},{"taxonomy":"product_cat","embeddable":true,"href":"https:\/\/vinodeli.ee\/en\/wp-json\/wp\/v2\/product_cat?post=77226"},{"taxonomy":"product_tag","embeddable":true,"href":"https:\/\/vinodeli.ee\/en\/wp-json\/wp\/v2\/product_tag?post=77226"}],"curies":[{"name":"wp","href":"https:\/\/api.w.org\/{rel}","templated":true}]}}