{"id":77916,"date":"2025-12-14T20:40:54","date_gmt":"2025-12-14T18:40:54","guid":{"rendered":"https:\/\/vinodeli.ee\/?post_type=product&#038;p=77916"},"modified":"2025-12-14T21:05:35","modified_gmt":"2025-12-14T19:05:35","slug":"demarie-roero-valmaggiore-riserva-2020-docg-14-075l","status":"publish","type":"product","link":"https:\/\/vinodeli.ee\/en\/product\/demarie-roero-valmaggiore-riserva-2020-docg-14-075l\/","title":{"rendered":"Demarie Roero Valmaggiore Riserva 2020 DOCG 14% 0,75l"},"content":{"rendered":"<blockquote>\n<h5>In the heart of the Roero region, in Vezza d&#8217;Alba, the Demarie Giovanni family have been managing their estate for more than three generations with hard work and a real passion for viticulture. The winery has over 20 hectares of vineyards in the districts of Vezza, Castagnito, Castellinaldo and Guarene. The company&#8217;s choice to produce wine exclusively from grapes grown on its own vineyards guarantees the authenticity of the product. Demarie is also focused on the sustainability of its wines: by 2020. In 2007, their first wine was awarded BIO product certification.<\/h5>\n<\/blockquote>\n<h3>About the wine<\/h3>\n<p>Roero is a small paradise of sandy\u2011clayey hills with an ochre\u2011yellow color, covered by green vineyards that create a magical and enchanting landscape. The winemaking tradition of this territory, from which the denomination originates, has deep and ancient roots.<br \/>The wine is obtained from pure Nebbiolo grapes. On the right bank of the Tanaro River, Nebbiolo reaches its highest expression in Barolo and Barbaresco. In Roero, however, it produces a wine of rare finesse and elegance, which in just a few years has achieved remarkable success and recognition.<br \/>The geographical mention Valmaggiore is one of the most highly regarded MGA (Menzioni Geografiche Aggiuntive) of the municipality of Vezza d\u2019Alba. This area is distinguished by its extreme slopes and is considered one of the most suitable zones for Nebbiolo cultivation on the left bank of the Tanaro.       <\/p>\n<h3>Winemaking<\/h3>\n<p>Traditsiooniline, k\u00e4\u00e4ritamine roostevabast terasest v\u00f5i tsementmahutites. <strong>Laagerdumine:<\/strong> pikk k\u00fcpsemine suurtes vaatides ja barriques\u2019is. <\/p>\n<h3>Tasting notes<\/h3>\n<p>Color: Deep garnet red with brick\u2011like reflections.<br \/>Aroma: Ethereal and intense, with notes of violet, raspberry, and blackberry, enriched by elegant spicy touches.<br \/>Taste: A wine of great body, harmonious, warm, and enveloping. Nuances of violet and red fruits blend with pleasant spicy fragrances of licorice and cocoa. <\/p>\n<h3>Food pairing<\/h3>\n<p>Braised meats, game, and aged cheeses with strong flavors. Serving Temperature: 18\u202f\u00b0C. Best to Drink: Within 8 years after harvest.  <\/p>\n","protected":false},"excerpt":{"rendered":"<blockquote>\n<h4>Grape variety:100% Nebbiolo<\/h4>\n<\/blockquote>\n<p><strong>Reviews:<\/strong><\/p>\n<ul>\n<li>Jancis Robinson 2025 \u2014 16\/20<\/li>\n<li>I Vini di Veronelli 2025 \u2014 3 stars<\/li>\n<li>Bibenda 2025 \u2014 4 bunches of grapes<\/li>\n<li>Annuario dei migliori vini italiani 2025 \u2014 95\/100<\/li>\n<li>James Suckling 2022 \u2014 91\/100<\/li>\n<\/ul>\n","protected":false},"featured_media":77919,"template":"","meta":{"_acf_changed":false},"product_brand":[],"product_cat":[19462],"product_tag":[],"class_list":{"0":"post-77916","1":"product","2":"type-product","3":"status-publish","4":"has-post-thumbnail","6":"product_cat-red-wine","8":"first","9":"instock","10":"downloadable","11":"taxable","12":"shipping-taxable","13":"purchasable","14":"product-type-simple"},"acf":[],"yoast_head":"<!-- This site is optimized with the Yoast SEO plugin v25.7 - https:\/\/yoast.com\/wordpress\/plugins\/seo\/ -->\n<title>Demarie Roero Valmaggiore Riserva 2020 DOCG 14% 0,75l - Vinodeli<\/title>\n<meta name=\"robots\" content=\"index, follow, max-snippet:-1, max-image-preview:large, max-video-preview:-1\" \/>\n<link rel=\"canonical\" href=\"https:\/\/vinodeli.ee\/en\/product\/demarie-roero-valmaggiore-riserva-2020-docg-14-075l\/\" \/>\n<meta property=\"og:locale\" content=\"en_US\" \/>\n<meta property=\"og:type\" content=\"article\" \/>\n<meta property=\"og:title\" content=\"Demarie Roero Valmaggiore Riserva 2020 DOCG 14% 0,75l - Vinodeli\" \/>\n<meta property=\"og:description\" content=\"Grape variety:100% Nebbiolo Reviews:  Jancis Robinson 2025 \u2014 16\/20  I Vini di Veronelli 2025 \u2014 3 stars  Bibenda 2025 \u2014 4 bunches of grapes  Annuario dei migliori vini italiani 2025 \u2014 95\/100  James Suckling 2022 \u2014 91\/100\" \/>\n<meta property=\"og:url\" content=\"https:\/\/vinodeli.ee\/en\/product\/demarie-roero-valmaggiore-riserva-2020-docg-14-075l\/\" \/>\n<meta property=\"og:site_name\" content=\"Vinodeli\" \/>\n<meta property=\"article:modified_time\" content=\"2025-12-14T19:05:35+00:00\" \/>\n<meta property=\"og:image\" content=\"https:\/\/vinodeli.ee\/wp-content\/uploads\/2025\/12\/Valmaggiore.jpg\" \/>\n\t<meta property=\"og:image:width\" content=\"600\" \/>\n\t<meta property=\"og:image:height\" content=\"600\" \/>\n\t<meta property=\"og:image:type\" content=\"image\/jpeg\" \/>\n<meta name=\"twitter:card\" content=\"summary_large_image\" \/>\n<meta name=\"twitter:label1\" content=\"Est. reading time\" \/>\n\t<meta name=\"twitter:data1\" content=\"2 minutes\" \/>\n<script type=\"application\/ld+json\" class=\"yoast-schema-graph\">{\"@context\":\"https:\/\/schema.org\",\"@graph\":[{\"@type\":\"WebPage\",\"@id\":\"https:\/\/vinodeli.ee\/en\/product\/demarie-roero-valmaggiore-riserva-2020-docg-14-075l\/\",\"url\":\"https:\/\/vinodeli.ee\/en\/product\/demarie-roero-valmaggiore-riserva-2020-docg-14-075l\/\",\"name\":\"Demarie Roero Valmaggiore Riserva 2020 DOCG 14% 0,75l - Vinodeli\",\"isPartOf\":{\"@id\":\"https:\/\/vinodeli.ee\/#website\"},\"primaryImageOfPage\":{\"@id\":\"https:\/\/vinodeli.ee\/en\/product\/demarie-roero-valmaggiore-riserva-2020-docg-14-075l\/#primaryimage\"},\"image\":{\"@id\":\"https:\/\/vinodeli.ee\/en\/product\/demarie-roero-valmaggiore-riserva-2020-docg-14-075l\/#primaryimage\"},\"thumbnailUrl\":\"https:\/\/vinodeli.ee\/wp-content\/uploads\/2025\/12\/Valmaggiore.jpg\",\"datePublished\":\"2025-12-14T18:40:54+00:00\",\"dateModified\":\"2025-12-14T19:05:35+00:00\",\"breadcrumb\":{\"@id\":\"https:\/\/vinodeli.ee\/en\/product\/demarie-roero-valmaggiore-riserva-2020-docg-14-075l\/#breadcrumb\"},\"inLanguage\":\"en-US\",\"potentialAction\":[{\"@type\":\"ReadAction\",\"target\":[\"https:\/\/vinodeli.ee\/en\/product\/demarie-roero-valmaggiore-riserva-2020-docg-14-075l\/\"]}]},{\"@type\":\"ImageObject\",\"inLanguage\":\"en-US\",\"@id\":\"https:\/\/vinodeli.ee\/en\/product\/demarie-roero-valmaggiore-riserva-2020-docg-14-075l\/#primaryimage\",\"url\":\"https:\/\/vinodeli.ee\/wp-content\/uploads\/2025\/12\/Valmaggiore.jpg\",\"contentUrl\":\"https:\/\/vinodeli.ee\/wp-content\/uploads\/2025\/12\/Valmaggiore.jpg\",\"width\":600,\"height\":600},{\"@type\":\"BreadcrumbList\",\"@id\":\"https:\/\/vinodeli.ee\/en\/product\/demarie-roero-valmaggiore-riserva-2020-docg-14-075l\/#breadcrumb\",\"itemListElement\":[{\"@type\":\"ListItem\",\"position\":1,\"name\":\"Home\",\"item\":\"https:\/\/vinodeli.ee\/en\/\"},{\"@type\":\"ListItem\",\"position\":2,\"name\":\"Shop\",\"item\":\"https:\/\/vinodeli.ee\/pood\/\"},{\"@type\":\"ListItem\",\"position\":3,\"name\":\"Demarie Roero Valmaggiore Riserva 2020 DOCG 14% 0,75l\"}]},{\"@type\":\"WebSite\",\"@id\":\"https:\/\/vinodeli.ee\/#website\",\"url\":\"https:\/\/vinodeli.ee\/\",\"name\":\"Vinodeli\",\"description\":\"\",\"publisher\":{\"@id\":\"https:\/\/vinodeli.ee\/#organization\"},\"potentialAction\":[{\"@type\":\"SearchAction\",\"target\":{\"@type\":\"EntryPoint\",\"urlTemplate\":\"https:\/\/vinodeli.ee\/?s={search_term_string}\"},\"query-input\":{\"@type\":\"PropertyValueSpecification\",\"valueRequired\":true,\"valueName\":\"search_term_string\"}}],\"inLanguage\":\"en-US\"},{\"@type\":\"Organization\",\"@id\":\"https:\/\/vinodeli.ee\/#organization\",\"name\":\"Vinodeli O\u00dc\",\"url\":\"https:\/\/vinodeli.ee\/\",\"logo\":{\"@type\":\"ImageObject\",\"inLanguage\":\"en-US\",\"@id\":\"https:\/\/vinodeli.ee\/#\/schema\/logo\/image\/\",\"url\":\"https:\/\/vinodeli.ee\/wp-content\/uploads\/2024\/02\/logo-winodeli-1.png\",\"contentUrl\":\"https:\/\/vinodeli.ee\/wp-content\/uploads\/2024\/02\/logo-winodeli-1.png\",\"width\":1500,\"height\":1150,\"caption\":\"Vinodeli O\u00dc\"},\"image\":{\"@id\":\"https:\/\/vinodeli.ee\/#\/schema\/logo\/image\/\"}}]}<\/script>\n<!-- \/ Yoast SEO plugin. -->","yoast_head_json":{"title":"Demarie Roero Valmaggiore Riserva 2020 DOCG 14% 0,75l - Vinodeli","robots":{"index":"index","follow":"follow","max-snippet":"max-snippet:-1","max-image-preview":"max-image-preview:large","max-video-preview":"max-video-preview:-1"},"canonical":"https:\/\/vinodeli.ee\/en\/product\/demarie-roero-valmaggiore-riserva-2020-docg-14-075l\/","og_locale":"en_US","og_type":"article","og_title":"Demarie Roero Valmaggiore Riserva 2020 DOCG 14% 0,75l - Vinodeli","og_description":"Grape variety:100% Nebbiolo Reviews:  Jancis Robinson 2025 \u2014 16\/20  I Vini di Veronelli 2025 \u2014 3 stars  Bibenda 2025 \u2014 4 bunches of grapes  Annuario dei migliori vini italiani 2025 \u2014 95\/100  James Suckling 2022 \u2014 91\/100","og_url":"https:\/\/vinodeli.ee\/en\/product\/demarie-roero-valmaggiore-riserva-2020-docg-14-075l\/","og_site_name":"Vinodeli","article_modified_time":"2025-12-14T19:05:35+00:00","og_image":[{"width":600,"height":600,"url":"https:\/\/vinodeli.ee\/wp-content\/uploads\/2025\/12\/Valmaggiore.jpg","type":"image\/jpeg"}],"twitter_card":"summary_large_image","twitter_misc":{"Est. reading time":"2 minutes"},"schema":{"@context":"https:\/\/schema.org","@graph":[{"@type":"WebPage","@id":"https:\/\/vinodeli.ee\/en\/product\/demarie-roero-valmaggiore-riserva-2020-docg-14-075l\/","url":"https:\/\/vinodeli.ee\/en\/product\/demarie-roero-valmaggiore-riserva-2020-docg-14-075l\/","name":"Demarie Roero Valmaggiore Riserva 2020 DOCG 14% 0,75l - Vinodeli","isPartOf":{"@id":"https:\/\/vinodeli.ee\/#website"},"primaryImageOfPage":{"@id":"https:\/\/vinodeli.ee\/en\/product\/demarie-roero-valmaggiore-riserva-2020-docg-14-075l\/#primaryimage"},"image":{"@id":"https:\/\/vinodeli.ee\/en\/product\/demarie-roero-valmaggiore-riserva-2020-docg-14-075l\/#primaryimage"},"thumbnailUrl":"https:\/\/vinodeli.ee\/wp-content\/uploads\/2025\/12\/Valmaggiore.jpg","datePublished":"2025-12-14T18:40:54+00:00","dateModified":"2025-12-14T19:05:35+00:00","breadcrumb":{"@id":"https:\/\/vinodeli.ee\/en\/product\/demarie-roero-valmaggiore-riserva-2020-docg-14-075l\/#breadcrumb"},"inLanguage":"en-US","potentialAction":[{"@type":"ReadAction","target":["https:\/\/vinodeli.ee\/en\/product\/demarie-roero-valmaggiore-riserva-2020-docg-14-075l\/"]}]},{"@type":"ImageObject","inLanguage":"en-US","@id":"https:\/\/vinodeli.ee\/en\/product\/demarie-roero-valmaggiore-riserva-2020-docg-14-075l\/#primaryimage","url":"https:\/\/vinodeli.ee\/wp-content\/uploads\/2025\/12\/Valmaggiore.jpg","contentUrl":"https:\/\/vinodeli.ee\/wp-content\/uploads\/2025\/12\/Valmaggiore.jpg","width":600,"height":600},{"@type":"BreadcrumbList","@id":"https:\/\/vinodeli.ee\/en\/product\/demarie-roero-valmaggiore-riserva-2020-docg-14-075l\/#breadcrumb","itemListElement":[{"@type":"ListItem","position":1,"name":"Home","item":"https:\/\/vinodeli.ee\/en\/"},{"@type":"ListItem","position":2,"name":"Shop","item":"https:\/\/vinodeli.ee\/pood\/"},{"@type":"ListItem","position":3,"name":"Demarie Roero Valmaggiore Riserva 2020 DOCG 14% 0,75l"}]},{"@type":"WebSite","@id":"https:\/\/vinodeli.ee\/#website","url":"https:\/\/vinodeli.ee\/","name":"Vinodeli","description":"","publisher":{"@id":"https:\/\/vinodeli.ee\/#organization"},"potentialAction":[{"@type":"SearchAction","target":{"@type":"EntryPoint","urlTemplate":"https:\/\/vinodeli.ee\/?s={search_term_string}"},"query-input":{"@type":"PropertyValueSpecification","valueRequired":true,"valueName":"search_term_string"}}],"inLanguage":"en-US"},{"@type":"Organization","@id":"https:\/\/vinodeli.ee\/#organization","name":"Vinodeli O\u00dc","url":"https:\/\/vinodeli.ee\/","logo":{"@type":"ImageObject","inLanguage":"en-US","@id":"https:\/\/vinodeli.ee\/#\/schema\/logo\/image\/","url":"https:\/\/vinodeli.ee\/wp-content\/uploads\/2024\/02\/logo-winodeli-1.png","contentUrl":"https:\/\/vinodeli.ee\/wp-content\/uploads\/2024\/02\/logo-winodeli-1.png","width":1500,"height":1150,"caption":"Vinodeli O\u00dc"},"image":{"@id":"https:\/\/vinodeli.ee\/#\/schema\/logo\/image\/"}}]}},"_links":{"self":[{"href":"https:\/\/vinodeli.ee\/en\/wp-json\/wp\/v2\/product\/77916","targetHints":{"allow":["GET"]}}],"collection":[{"href":"https:\/\/vinodeli.ee\/en\/wp-json\/wp\/v2\/product"}],"about":[{"href":"https:\/\/vinodeli.ee\/en\/wp-json\/wp\/v2\/types\/product"}],"version-history":[{"count":0,"href":"https:\/\/vinodeli.ee\/en\/wp-json\/wp\/v2\/product\/77916\/revisions"}],"wp:featuredmedia":[{"embeddable":true,"href":"https:\/\/vinodeli.ee\/en\/wp-json\/wp\/v2\/media\/77919"}],"wp:attachment":[{"href":"https:\/\/vinodeli.ee\/en\/wp-json\/wp\/v2\/media?parent=77916"}],"wp:term":[{"taxonomy":"product_brand","embeddable":true,"href":"https:\/\/vinodeli.ee\/en\/wp-json\/wp\/v2\/product_brand?post=77916"},{"taxonomy":"product_cat","embeddable":true,"href":"https:\/\/vinodeli.ee\/en\/wp-json\/wp\/v2\/product_cat?post=77916"},{"taxonomy":"product_tag","embeddable":true,"href":"https:\/\/vinodeli.ee\/en\/wp-json\/wp\/v2\/product_tag?post=77916"}],"curies":[{"name":"wp","href":"https:\/\/api.w.org\/{rel}","templated":true}]}}