{"id":78110,"date":"2025-12-19T10:41:11","date_gmt":"2025-12-19T08:41:11","guid":{"rendered":"https:\/\/vinodeli.ee\/?post_type=product&#038;p=78110"},"modified":"2025-12-19T10:55:21","modified_gmt":"2025-12-19T08:55:21","slug":"mirabella-franciacorta-riserva-dom-dosaggio-zero-rose-2016-125-075l","status":"publish","type":"product","link":"https:\/\/vinodeli.ee\/en\/product\/mirabella-franciacorta-riserva-dom-dosaggio-zero-rose-2016-125-075l\/","title":{"rendered":"Mirabella Franciacorta Riserva Dom Dosaggio Zero Rose 2016 12,5% 0,75l"},"content":{"rendered":"<blockquote>\n<h5>Mirabella was founded in 1979 by a group of wine professionals from Brescia with a passion for viticulture and oenology. It was among the first wineries in Franciacorta to believe in the uniqueness of its territory and the potential of the \u201cFranciacorta\u201d name. Visionary oenologist Teresio Schiavi, together with Giacomo Cavalli, laid the foundation of the winery in Paderno Franciacorta. Today, Mirabella encompasses 45 hectares of vineyards registered under Franciacorta DOCG and is renowned for sustainability, quality, and its distinctive style.    <\/h5>\n<p>Every creation, an unmistakable style. From the bond with the land, Mirabella create Franciacorta wine with great personality. One of the distinguishing features is the use of Pinot Bianco, which is rare in Franciacorta: it adds freshness, elegance and gentleness. Another distinguishing feature of Mirabella is the age of the vineyards, fundamental for the longevity of Franciacorta wines, which enjoy a privileged, vocated position with ideal hillside exposure.   <\/p>\n<p>The <strong>Pas Dos\u00e9 Reserves <\/strong>Produced only in exceptional vintages, D\u00d8M and D\u00d8M Ros\u00e9 are Mirabella Reserve, the deepest heart of Mirabella. They age in the cellar for up to 85 months, when 60 would suffice. This is a long time, chosen to achieve rare maturity and absolute elegance.  <\/p>\n<p>They originate in Mirabella oldest vineyard, are harvested with maniacal care and vinified with artisanal precision. The result? Franciacorta of the highest class, capable of narrating not just a vintage, but Mirabella history. <\/p><\/blockquote>\n<h3>About the wine<\/h3>\n<p>Produced only in the finest vintages, <strong>D\u00d8M Ros\u00e9 Riserva<\/strong> represents a rare meeting between the bold personality of Pinot Noir and the elegance bestowed by long ageing.<\/p>\n<p>The grapes come exclusively from the Mirabella vineyard, located in Paderno Franciacorta. Soil: Fluvio-glacial. Vineyard training system: Sylvoz, 3,000 vines\/ha. Average vine age: 41 years. Yield: Not exceeding 60 q\/ha.<\/p>\n<p>Harvest: Manual, selecting only perfectly ripe and healthy bunches, picked into small perforated crates. Harvest period: First half of August \u2014 starting with Pinot Bianco, followed by Pinot Nero, and finishing with Chardonnay. Gentle pressing of whole clusters with a low yield (50%). Fermentation at 16\u201318\u00b0C in cement tanks, with 15% in barriques. Pinot Noir undergoes 18\u201324 hours of skin contact. Reserve wines: Only base wines from the same vintage. Tirage: In the spring following the harvest. Ageing: <g id=\"gid_0\">Minimum 80 months<\/g> on the lees. First vintage produced: 2012   <\/p>\n<p>&nbsp;<\/p>\n","protected":false},"excerpt":{"rendered":"<blockquote>\n<h4>Grape variety:100% Chardonnay<\/h4>\n<\/blockquote>\n<ul>\n<li>Wine Enthusiast &#8211; 88 points<\/li>\n<li>Andreas Larsson &#8211; Tasted.wine &#8211; 87 points<\/li>\n<\/ul>\n","protected":false},"featured_media":78113,"template":"","meta":{"_acf_changed":false},"product_brand":[],"product_cat":[19488,19497,19495],"product_tag":[],"class_list":{"0":"post-78110","1":"product","2":"type-product","3":"status-publish","4":"has-post-thumbnail","6":"product_cat-sparkling-wine","7":"product_cat-franciacorta-en","8":"product_cat-all-champagne-method","10":"first","11":"instock","12":"downloadable","13":"taxable","14":"shipping-taxable","15":"purchasable","16":"product-type-simple"},"acf":[],"yoast_head":"<!-- This site is optimized with the Yoast SEO plugin v25.7 - https:\/\/yoast.com\/wordpress\/plugins\/seo\/ -->\n<title>Mirabella Franciacorta Riserva Dom Dosaggio Zero Rose 2016 12,5% 0,75l - Vinodeli<\/title>\n<meta name=\"robots\" content=\"index, follow, max-snippet:-1, max-image-preview:large, max-video-preview:-1\" \/>\n<link rel=\"canonical\" href=\"https:\/\/vinodeli.ee\/en\/product\/mirabella-franciacorta-riserva-dom-dosaggio-zero-rose-2016-125-075l\/\" \/>\n<meta property=\"og:locale\" content=\"en_US\" \/>\n<meta property=\"og:type\" content=\"article\" \/>\n<meta property=\"og:title\" content=\"Mirabella Franciacorta Riserva Dom Dosaggio Zero Rose 2016 12,5% 0,75l - Vinodeli\" \/>\n<meta property=\"og:description\" content=\"Grape variety:100% Chardonnay Wine Enthusiast - 88 points Andreas Larsson - Tasted.wine - 87 points\" \/>\n<meta property=\"og:url\" content=\"https:\/\/vinodeli.ee\/en\/product\/mirabella-franciacorta-riserva-dom-dosaggio-zero-rose-2016-125-075l\/\" \/>\n<meta property=\"og:site_name\" content=\"Vinodeli\" \/>\n<meta property=\"article:modified_time\" content=\"2025-12-19T08:55:21+00:00\" \/>\n<meta property=\"og:image\" content=\"https:\/\/vinodeli.ee\/wp-content\/uploads\/2025\/12\/Dom-rose.jpg\" \/>\n\t<meta property=\"og:image:width\" content=\"863\" \/>\n\t<meta property=\"og:image:height\" content=\"863\" \/>\n\t<meta property=\"og:image:type\" content=\"image\/jpeg\" \/>\n<meta name=\"twitter:card\" content=\"summary_large_image\" \/>\n<meta name=\"twitter:label1\" content=\"Est. reading time\" \/>\n\t<meta name=\"twitter:data1\" content=\"2 minutes\" \/>\n<script type=\"application\/ld+json\" class=\"yoast-schema-graph\">{\"@context\":\"https:\/\/schema.org\",\"@graph\":[{\"@type\":\"WebPage\",\"@id\":\"https:\/\/vinodeli.ee\/en\/product\/mirabella-franciacorta-riserva-dom-dosaggio-zero-rose-2016-125-075l\/\",\"url\":\"https:\/\/vinodeli.ee\/en\/product\/mirabella-franciacorta-riserva-dom-dosaggio-zero-rose-2016-125-075l\/\",\"name\":\"Mirabella Franciacorta Riserva Dom Dosaggio Zero Rose 2016 12,5% 0,75l - Vinodeli\",\"isPartOf\":{\"@id\":\"https:\/\/vinodeli.ee\/#website\"},\"primaryImageOfPage\":{\"@id\":\"https:\/\/vinodeli.ee\/en\/product\/mirabella-franciacorta-riserva-dom-dosaggio-zero-rose-2016-125-075l\/#primaryimage\"},\"image\":{\"@id\":\"https:\/\/vinodeli.ee\/en\/product\/mirabella-franciacorta-riserva-dom-dosaggio-zero-rose-2016-125-075l\/#primaryimage\"},\"thumbnailUrl\":\"https:\/\/vinodeli.ee\/wp-content\/uploads\/2025\/12\/Dom-rose.jpg\",\"datePublished\":\"2025-12-19T08:41:11+00:00\",\"dateModified\":\"2025-12-19T08:55:21+00:00\",\"breadcrumb\":{\"@id\":\"https:\/\/vinodeli.ee\/en\/product\/mirabella-franciacorta-riserva-dom-dosaggio-zero-rose-2016-125-075l\/#breadcrumb\"},\"inLanguage\":\"en-US\",\"potentialAction\":[{\"@type\":\"ReadAction\",\"target\":[\"https:\/\/vinodeli.ee\/en\/product\/mirabella-franciacorta-riserva-dom-dosaggio-zero-rose-2016-125-075l\/\"]}]},{\"@type\":\"ImageObject\",\"inLanguage\":\"en-US\",\"@id\":\"https:\/\/vinodeli.ee\/en\/product\/mirabella-franciacorta-riserva-dom-dosaggio-zero-rose-2016-125-075l\/#primaryimage\",\"url\":\"https:\/\/vinodeli.ee\/wp-content\/uploads\/2025\/12\/Dom-rose.jpg\",\"contentUrl\":\"https:\/\/vinodeli.ee\/wp-content\/uploads\/2025\/12\/Dom-rose.jpg\",\"width\":863,\"height\":863},{\"@type\":\"BreadcrumbList\",\"@id\":\"https:\/\/vinodeli.ee\/en\/product\/mirabella-franciacorta-riserva-dom-dosaggio-zero-rose-2016-125-075l\/#breadcrumb\",\"itemListElement\":[{\"@type\":\"ListItem\",\"position\":1,\"name\":\"Home\",\"item\":\"https:\/\/vinodeli.ee\/en\/\"},{\"@type\":\"ListItem\",\"position\":2,\"name\":\"Shop\",\"item\":\"https:\/\/vinodeli.ee\/pood\/\"},{\"@type\":\"ListItem\",\"position\":3,\"name\":\"Mirabella Franciacorta Riserva Dom Dosaggio Zero Rose 2016 12,5% 0,75l\"}]},{\"@type\":\"WebSite\",\"@id\":\"https:\/\/vinodeli.ee\/#website\",\"url\":\"https:\/\/vinodeli.ee\/\",\"name\":\"Vinodeli\",\"description\":\"\",\"publisher\":{\"@id\":\"https:\/\/vinodeli.ee\/#organization\"},\"potentialAction\":[{\"@type\":\"SearchAction\",\"target\":{\"@type\":\"EntryPoint\",\"urlTemplate\":\"https:\/\/vinodeli.ee\/?s={search_term_string}\"},\"query-input\":{\"@type\":\"PropertyValueSpecification\",\"valueRequired\":true,\"valueName\":\"search_term_string\"}}],\"inLanguage\":\"en-US\"},{\"@type\":\"Organization\",\"@id\":\"https:\/\/vinodeli.ee\/#organization\",\"name\":\"Vinodeli O\u00dc\",\"url\":\"https:\/\/vinodeli.ee\/\",\"logo\":{\"@type\":\"ImageObject\",\"inLanguage\":\"en-US\",\"@id\":\"https:\/\/vinodeli.ee\/#\/schema\/logo\/image\/\",\"url\":\"https:\/\/vinodeli.ee\/wp-content\/uploads\/2024\/02\/logo-winodeli-1.png\",\"contentUrl\":\"https:\/\/vinodeli.ee\/wp-content\/uploads\/2024\/02\/logo-winodeli-1.png\",\"width\":1500,\"height\":1150,\"caption\":\"Vinodeli O\u00dc\"},\"image\":{\"@id\":\"https:\/\/vinodeli.ee\/#\/schema\/logo\/image\/\"}}]}<\/script>\n<!-- \/ Yoast SEO plugin. -->","yoast_head_json":{"title":"Mirabella Franciacorta Riserva Dom Dosaggio Zero Rose 2016 12,5% 0,75l - Vinodeli","robots":{"index":"index","follow":"follow","max-snippet":"max-snippet:-1","max-image-preview":"max-image-preview:large","max-video-preview":"max-video-preview:-1"},"canonical":"https:\/\/vinodeli.ee\/en\/product\/mirabella-franciacorta-riserva-dom-dosaggio-zero-rose-2016-125-075l\/","og_locale":"en_US","og_type":"article","og_title":"Mirabella Franciacorta Riserva Dom Dosaggio Zero Rose 2016 12,5% 0,75l - Vinodeli","og_description":"Grape variety:100% Chardonnay Wine Enthusiast - 88 points Andreas Larsson - Tasted.wine - 87 points","og_url":"https:\/\/vinodeli.ee\/en\/product\/mirabella-franciacorta-riserva-dom-dosaggio-zero-rose-2016-125-075l\/","og_site_name":"Vinodeli","article_modified_time":"2025-12-19T08:55:21+00:00","og_image":[{"width":863,"height":863,"url":"https:\/\/vinodeli.ee\/wp-content\/uploads\/2025\/12\/Dom-rose.jpg","type":"image\/jpeg"}],"twitter_card":"summary_large_image","twitter_misc":{"Est. reading time":"2 minutes"},"schema":{"@context":"https:\/\/schema.org","@graph":[{"@type":"WebPage","@id":"https:\/\/vinodeli.ee\/en\/product\/mirabella-franciacorta-riserva-dom-dosaggio-zero-rose-2016-125-075l\/","url":"https:\/\/vinodeli.ee\/en\/product\/mirabella-franciacorta-riserva-dom-dosaggio-zero-rose-2016-125-075l\/","name":"Mirabella Franciacorta Riserva Dom Dosaggio Zero Rose 2016 12,5% 0,75l - Vinodeli","isPartOf":{"@id":"https:\/\/vinodeli.ee\/#website"},"primaryImageOfPage":{"@id":"https:\/\/vinodeli.ee\/en\/product\/mirabella-franciacorta-riserva-dom-dosaggio-zero-rose-2016-125-075l\/#primaryimage"},"image":{"@id":"https:\/\/vinodeli.ee\/en\/product\/mirabella-franciacorta-riserva-dom-dosaggio-zero-rose-2016-125-075l\/#primaryimage"},"thumbnailUrl":"https:\/\/vinodeli.ee\/wp-content\/uploads\/2025\/12\/Dom-rose.jpg","datePublished":"2025-12-19T08:41:11+00:00","dateModified":"2025-12-19T08:55:21+00:00","breadcrumb":{"@id":"https:\/\/vinodeli.ee\/en\/product\/mirabella-franciacorta-riserva-dom-dosaggio-zero-rose-2016-125-075l\/#breadcrumb"},"inLanguage":"en-US","potentialAction":[{"@type":"ReadAction","target":["https:\/\/vinodeli.ee\/en\/product\/mirabella-franciacorta-riserva-dom-dosaggio-zero-rose-2016-125-075l\/"]}]},{"@type":"ImageObject","inLanguage":"en-US","@id":"https:\/\/vinodeli.ee\/en\/product\/mirabella-franciacorta-riserva-dom-dosaggio-zero-rose-2016-125-075l\/#primaryimage","url":"https:\/\/vinodeli.ee\/wp-content\/uploads\/2025\/12\/Dom-rose.jpg","contentUrl":"https:\/\/vinodeli.ee\/wp-content\/uploads\/2025\/12\/Dom-rose.jpg","width":863,"height":863},{"@type":"BreadcrumbList","@id":"https:\/\/vinodeli.ee\/en\/product\/mirabella-franciacorta-riserva-dom-dosaggio-zero-rose-2016-125-075l\/#breadcrumb","itemListElement":[{"@type":"ListItem","position":1,"name":"Home","item":"https:\/\/vinodeli.ee\/en\/"},{"@type":"ListItem","position":2,"name":"Shop","item":"https:\/\/vinodeli.ee\/pood\/"},{"@type":"ListItem","position":3,"name":"Mirabella Franciacorta Riserva Dom Dosaggio Zero Rose 2016 12,5% 0,75l"}]},{"@type":"WebSite","@id":"https:\/\/vinodeli.ee\/#website","url":"https:\/\/vinodeli.ee\/","name":"Vinodeli","description":"","publisher":{"@id":"https:\/\/vinodeli.ee\/#organization"},"potentialAction":[{"@type":"SearchAction","target":{"@type":"EntryPoint","urlTemplate":"https:\/\/vinodeli.ee\/?s={search_term_string}"},"query-input":{"@type":"PropertyValueSpecification","valueRequired":true,"valueName":"search_term_string"}}],"inLanguage":"en-US"},{"@type":"Organization","@id":"https:\/\/vinodeli.ee\/#organization","name":"Vinodeli O\u00dc","url":"https:\/\/vinodeli.ee\/","logo":{"@type":"ImageObject","inLanguage":"en-US","@id":"https:\/\/vinodeli.ee\/#\/schema\/logo\/image\/","url":"https:\/\/vinodeli.ee\/wp-content\/uploads\/2024\/02\/logo-winodeli-1.png","contentUrl":"https:\/\/vinodeli.ee\/wp-content\/uploads\/2024\/02\/logo-winodeli-1.png","width":1500,"height":1150,"caption":"Vinodeli O\u00dc"},"image":{"@id":"https:\/\/vinodeli.ee\/#\/schema\/logo\/image\/"}}]}},"_links":{"self":[{"href":"https:\/\/vinodeli.ee\/en\/wp-json\/wp\/v2\/product\/78110","targetHints":{"allow":["GET"]}}],"collection":[{"href":"https:\/\/vinodeli.ee\/en\/wp-json\/wp\/v2\/product"}],"about":[{"href":"https:\/\/vinodeli.ee\/en\/wp-json\/wp\/v2\/types\/product"}],"version-history":[{"count":0,"href":"https:\/\/vinodeli.ee\/en\/wp-json\/wp\/v2\/product\/78110\/revisions"}],"wp:featuredmedia":[{"embeddable":true,"href":"https:\/\/vinodeli.ee\/en\/wp-json\/wp\/v2\/media\/78113"}],"wp:attachment":[{"href":"https:\/\/vinodeli.ee\/en\/wp-json\/wp\/v2\/media?parent=78110"}],"wp:term":[{"taxonomy":"product_brand","embeddable":true,"href":"https:\/\/vinodeli.ee\/en\/wp-json\/wp\/v2\/product_brand?post=78110"},{"taxonomy":"product_cat","embeddable":true,"href":"https:\/\/vinodeli.ee\/en\/wp-json\/wp\/v2\/product_cat?post=78110"},{"taxonomy":"product_tag","embeddable":true,"href":"https:\/\/vinodeli.ee\/en\/wp-json\/wp\/v2\/product_tag?post=78110"}],"curies":[{"name":"wp","href":"https:\/\/api.w.org\/{rel}","templated":true}]}}