{"id":78262,"date":"2025-12-22T16:27:24","date_gmt":"2025-12-22T14:27:24","guid":{"rendered":"https:\/\/vinodeli.ee\/?post_type=product&#038;p=78262"},"modified":"2025-12-22T16:43:26","modified_gmt":"2025-12-22T14:43:26","slug":"vallee-noire-whisky-francaise-single-malt-40-07l","status":"publish","type":"product","link":"https:\/\/vinodeli.ee\/en\/product\/vallee-noire-whisky-francaise-single-malt-40-07l\/","title":{"rendered":"Vallee Noire Whisky Francaise Single Malt 40% 0,7L"},"content":{"rendered":"<blockquote>\n<h5>For the last 50 years, the Prulho name has been associated with the best distillation equipment in the business. Their expertise in providing the machinery and know-how for a complete distillation process sees their distilleries not only in the cognac, armagnac and calvados regions of France, but also in countries all over the world. These include the US, China, Bolivia, Italy, Japan and South Africa. This very specific know-how and experience in distillation procedures is applied to Cognac Prulho &#8211; and under the company&#8217;s label, there is a full range of cognacs.<\/h5>\n<\/blockquote>\n<p>&nbsp;<\/p>\n<p><em><strong>Vall\u00e9e Noire <\/strong><\/em>is aged entirely in Sherry Oloroso casks. As a result, this whisky is characterized by spicy notes and candied fruit aromas that enhance its natural fruitiness. A rich and indulgent whisky, it combines the heritage of both Breton and Spanish terroirs. It is made from French barley and matured in the cellars of Maison Prulho. The whisky is non\u2011chill\u2011filtered and retains its natural colour.    <\/p>\n<p><strong>Appearance<\/strong>: Amber. <strong>Aroma<\/strong>: Intense and elegant. Gourmet notes of vanilla and citrus, lifted by hints of dried fruits and a touch of menthol. <strong>Palate<\/strong>: Balanced and round. Flavours of cr\u00e8me br\u00fbl\u00e9e, prune and toasted almonds. <strong>Finish<\/strong>: Warm and lingering. Light vanilla notes, with sherry and spice accents.   <\/p>\n<p><strong>Tasting notes<\/strong><\/p>\n<p>Discover the unique character of this Single Malt by enjoying it neat. It also shines beautifully in a Whiskey Sour. <\/p>\n","protected":false},"excerpt":{"rendered":"<p>For the last 50 years, the Prulho name has been associated with the best distillation equipment in the business. Their<\/p>\n","protected":false},"featured_media":78266,"template":"","meta":{"_acf_changed":false},"product_brand":[],"product_cat":[19464,19473],"product_tag":[],"class_list":{"0":"post-78262","1":"product","2":"type-product","3":"status-publish","4":"has-post-thumbnail","6":"product_cat-strong-alcohol","7":"product_cat-whiskey","9":"first","10":"instock","11":"taxable","12":"shipping-taxable","13":"purchasable","14":"product-type-simple"},"acf":[],"yoast_head":"<!-- This site is optimized with the Yoast SEO plugin v25.7 - https:\/\/yoast.com\/wordpress\/plugins\/seo\/ -->\n<title>Vallee Noire Whisky Francaise Single Malt 40% 0,7L - Vinodeli<\/title>\n<meta name=\"robots\" content=\"index, follow, max-snippet:-1, max-image-preview:large, max-video-preview:-1\" \/>\n<link rel=\"canonical\" href=\"https:\/\/vinodeli.ee\/en\/product\/vallee-noire-whisky-francaise-single-malt-40-07l\/\" \/>\n<meta property=\"og:locale\" content=\"en_US\" \/>\n<meta property=\"og:type\" content=\"article\" \/>\n<meta property=\"og:title\" content=\"Vallee Noire Whisky Francaise Single Malt 40% 0,7L - Vinodeli\" \/>\n<meta property=\"og:description\" content=\"For the last 50 years, the Prulho name has been associated with the best distillation equipment in the business. Their\" \/>\n<meta property=\"og:url\" content=\"https:\/\/vinodeli.ee\/en\/product\/vallee-noire-whisky-francaise-single-malt-40-07l\/\" \/>\n<meta property=\"og:site_name\" content=\"Vinodeli\" \/>\n<meta property=\"article:modified_time\" content=\"2025-12-22T14:43:26+00:00\" \/>\n<meta property=\"og:image\" content=\"https:\/\/vinodeli.ee\/wp-content\/uploads\/2025\/12\/vallee-noire.jpg\" \/>\n\t<meta property=\"og:image:width\" content=\"800\" \/>\n\t<meta property=\"og:image:height\" content=\"800\" \/>\n\t<meta property=\"og:image:type\" content=\"image\/jpeg\" \/>\n<meta name=\"twitter:card\" content=\"summary_large_image\" \/>\n<meta name=\"twitter:label1\" content=\"Est. reading time\" \/>\n\t<meta name=\"twitter:data1\" content=\"1 minute\" \/>\n<script type=\"application\/ld+json\" class=\"yoast-schema-graph\">{\"@context\":\"https:\/\/schema.org\",\"@graph\":[{\"@type\":\"WebPage\",\"@id\":\"https:\/\/vinodeli.ee\/en\/product\/vallee-noire-whisky-francaise-single-malt-40-07l\/\",\"url\":\"https:\/\/vinodeli.ee\/en\/product\/vallee-noire-whisky-francaise-single-malt-40-07l\/\",\"name\":\"Vallee Noire Whisky Francaise Single Malt 40% 0,7L - Vinodeli\",\"isPartOf\":{\"@id\":\"https:\/\/vinodeli.ee\/#website\"},\"primaryImageOfPage\":{\"@id\":\"https:\/\/vinodeli.ee\/en\/product\/vallee-noire-whisky-francaise-single-malt-40-07l\/#primaryimage\"},\"image\":{\"@id\":\"https:\/\/vinodeli.ee\/en\/product\/vallee-noire-whisky-francaise-single-malt-40-07l\/#primaryimage\"},\"thumbnailUrl\":\"https:\/\/vinodeli.ee\/wp-content\/uploads\/2025\/12\/vallee-noire.jpg\",\"datePublished\":\"2025-12-22T14:27:24+00:00\",\"dateModified\":\"2025-12-22T14:43:26+00:00\",\"breadcrumb\":{\"@id\":\"https:\/\/vinodeli.ee\/en\/product\/vallee-noire-whisky-francaise-single-malt-40-07l\/#breadcrumb\"},\"inLanguage\":\"en-US\",\"potentialAction\":[{\"@type\":\"ReadAction\",\"target\":[\"https:\/\/vinodeli.ee\/en\/product\/vallee-noire-whisky-francaise-single-malt-40-07l\/\"]}]},{\"@type\":\"ImageObject\",\"inLanguage\":\"en-US\",\"@id\":\"https:\/\/vinodeli.ee\/en\/product\/vallee-noire-whisky-francaise-single-malt-40-07l\/#primaryimage\",\"url\":\"https:\/\/vinodeli.ee\/wp-content\/uploads\/2025\/12\/vallee-noire.jpg\",\"contentUrl\":\"https:\/\/vinodeli.ee\/wp-content\/uploads\/2025\/12\/vallee-noire.jpg\",\"width\":800,\"height\":800},{\"@type\":\"BreadcrumbList\",\"@id\":\"https:\/\/vinodeli.ee\/en\/product\/vallee-noire-whisky-francaise-single-malt-40-07l\/#breadcrumb\",\"itemListElement\":[{\"@type\":\"ListItem\",\"position\":1,\"name\":\"Home\",\"item\":\"https:\/\/vinodeli.ee\/en\/\"},{\"@type\":\"ListItem\",\"position\":2,\"name\":\"Shop\",\"item\":\"https:\/\/vinodeli.ee\/pood\/\"},{\"@type\":\"ListItem\",\"position\":3,\"name\":\"Vallee Noire Whisky Francaise Single Malt 40% 0,7L\"}]},{\"@type\":\"WebSite\",\"@id\":\"https:\/\/vinodeli.ee\/#website\",\"url\":\"https:\/\/vinodeli.ee\/\",\"name\":\"Vinodeli\",\"description\":\"\",\"publisher\":{\"@id\":\"https:\/\/vinodeli.ee\/#organization\"},\"potentialAction\":[{\"@type\":\"SearchAction\",\"target\":{\"@type\":\"EntryPoint\",\"urlTemplate\":\"https:\/\/vinodeli.ee\/?s={search_term_string}\"},\"query-input\":{\"@type\":\"PropertyValueSpecification\",\"valueRequired\":true,\"valueName\":\"search_term_string\"}}],\"inLanguage\":\"en-US\"},{\"@type\":\"Organization\",\"@id\":\"https:\/\/vinodeli.ee\/#organization\",\"name\":\"Vinodeli O\u00dc\",\"url\":\"https:\/\/vinodeli.ee\/\",\"logo\":{\"@type\":\"ImageObject\",\"inLanguage\":\"en-US\",\"@id\":\"https:\/\/vinodeli.ee\/#\/schema\/logo\/image\/\",\"url\":\"https:\/\/vinodeli.ee\/wp-content\/uploads\/2024\/02\/logo-winodeli-1.png\",\"contentUrl\":\"https:\/\/vinodeli.ee\/wp-content\/uploads\/2024\/02\/logo-winodeli-1.png\",\"width\":1500,\"height\":1150,\"caption\":\"Vinodeli O\u00dc\"},\"image\":{\"@id\":\"https:\/\/vinodeli.ee\/#\/schema\/logo\/image\/\"}}]}<\/script>\n<!-- \/ Yoast SEO plugin. -->","yoast_head_json":{"title":"Vallee Noire Whisky Francaise Single Malt 40% 0,7L - Vinodeli","robots":{"index":"index","follow":"follow","max-snippet":"max-snippet:-1","max-image-preview":"max-image-preview:large","max-video-preview":"max-video-preview:-1"},"canonical":"https:\/\/vinodeli.ee\/en\/product\/vallee-noire-whisky-francaise-single-malt-40-07l\/","og_locale":"en_US","og_type":"article","og_title":"Vallee Noire Whisky Francaise Single Malt 40% 0,7L - Vinodeli","og_description":"For the last 50 years, the Prulho name has been associated with the best distillation equipment in the business. Their","og_url":"https:\/\/vinodeli.ee\/en\/product\/vallee-noire-whisky-francaise-single-malt-40-07l\/","og_site_name":"Vinodeli","article_modified_time":"2025-12-22T14:43:26+00:00","og_image":[{"width":800,"height":800,"url":"https:\/\/vinodeli.ee\/wp-content\/uploads\/2025\/12\/vallee-noire.jpg","type":"image\/jpeg"}],"twitter_card":"summary_large_image","twitter_misc":{"Est. reading time":"1 minute"},"schema":{"@context":"https:\/\/schema.org","@graph":[{"@type":"WebPage","@id":"https:\/\/vinodeli.ee\/en\/product\/vallee-noire-whisky-francaise-single-malt-40-07l\/","url":"https:\/\/vinodeli.ee\/en\/product\/vallee-noire-whisky-francaise-single-malt-40-07l\/","name":"Vallee Noire Whisky Francaise Single Malt 40% 0,7L - Vinodeli","isPartOf":{"@id":"https:\/\/vinodeli.ee\/#website"},"primaryImageOfPage":{"@id":"https:\/\/vinodeli.ee\/en\/product\/vallee-noire-whisky-francaise-single-malt-40-07l\/#primaryimage"},"image":{"@id":"https:\/\/vinodeli.ee\/en\/product\/vallee-noire-whisky-francaise-single-malt-40-07l\/#primaryimage"},"thumbnailUrl":"https:\/\/vinodeli.ee\/wp-content\/uploads\/2025\/12\/vallee-noire.jpg","datePublished":"2025-12-22T14:27:24+00:00","dateModified":"2025-12-22T14:43:26+00:00","breadcrumb":{"@id":"https:\/\/vinodeli.ee\/en\/product\/vallee-noire-whisky-francaise-single-malt-40-07l\/#breadcrumb"},"inLanguage":"en-US","potentialAction":[{"@type":"ReadAction","target":["https:\/\/vinodeli.ee\/en\/product\/vallee-noire-whisky-francaise-single-malt-40-07l\/"]}]},{"@type":"ImageObject","inLanguage":"en-US","@id":"https:\/\/vinodeli.ee\/en\/product\/vallee-noire-whisky-francaise-single-malt-40-07l\/#primaryimage","url":"https:\/\/vinodeli.ee\/wp-content\/uploads\/2025\/12\/vallee-noire.jpg","contentUrl":"https:\/\/vinodeli.ee\/wp-content\/uploads\/2025\/12\/vallee-noire.jpg","width":800,"height":800},{"@type":"BreadcrumbList","@id":"https:\/\/vinodeli.ee\/en\/product\/vallee-noire-whisky-francaise-single-malt-40-07l\/#breadcrumb","itemListElement":[{"@type":"ListItem","position":1,"name":"Home","item":"https:\/\/vinodeli.ee\/en\/"},{"@type":"ListItem","position":2,"name":"Shop","item":"https:\/\/vinodeli.ee\/pood\/"},{"@type":"ListItem","position":3,"name":"Vallee Noire Whisky Francaise Single Malt 40% 0,7L"}]},{"@type":"WebSite","@id":"https:\/\/vinodeli.ee\/#website","url":"https:\/\/vinodeli.ee\/","name":"Vinodeli","description":"","publisher":{"@id":"https:\/\/vinodeli.ee\/#organization"},"potentialAction":[{"@type":"SearchAction","target":{"@type":"EntryPoint","urlTemplate":"https:\/\/vinodeli.ee\/?s={search_term_string}"},"query-input":{"@type":"PropertyValueSpecification","valueRequired":true,"valueName":"search_term_string"}}],"inLanguage":"en-US"},{"@type":"Organization","@id":"https:\/\/vinodeli.ee\/#organization","name":"Vinodeli O\u00dc","url":"https:\/\/vinodeli.ee\/","logo":{"@type":"ImageObject","inLanguage":"en-US","@id":"https:\/\/vinodeli.ee\/#\/schema\/logo\/image\/","url":"https:\/\/vinodeli.ee\/wp-content\/uploads\/2024\/02\/logo-winodeli-1.png","contentUrl":"https:\/\/vinodeli.ee\/wp-content\/uploads\/2024\/02\/logo-winodeli-1.png","width":1500,"height":1150,"caption":"Vinodeli O\u00dc"},"image":{"@id":"https:\/\/vinodeli.ee\/#\/schema\/logo\/image\/"}}]}},"_links":{"self":[{"href":"https:\/\/vinodeli.ee\/en\/wp-json\/wp\/v2\/product\/78262","targetHints":{"allow":["GET"]}}],"collection":[{"href":"https:\/\/vinodeli.ee\/en\/wp-json\/wp\/v2\/product"}],"about":[{"href":"https:\/\/vinodeli.ee\/en\/wp-json\/wp\/v2\/types\/product"}],"version-history":[{"count":0,"href":"https:\/\/vinodeli.ee\/en\/wp-json\/wp\/v2\/product\/78262\/revisions"}],"wp:featuredmedia":[{"embeddable":true,"href":"https:\/\/vinodeli.ee\/en\/wp-json\/wp\/v2\/media\/78266"}],"wp:attachment":[{"href":"https:\/\/vinodeli.ee\/en\/wp-json\/wp\/v2\/media?parent=78262"}],"wp:term":[{"taxonomy":"product_brand","embeddable":true,"href":"https:\/\/vinodeli.ee\/en\/wp-json\/wp\/v2\/product_brand?post=78262"},{"taxonomy":"product_cat","embeddable":true,"href":"https:\/\/vinodeli.ee\/en\/wp-json\/wp\/v2\/product_cat?post=78262"},{"taxonomy":"product_tag","embeddable":true,"href":"https:\/\/vinodeli.ee\/en\/wp-json\/wp\/v2\/product_tag?post=78262"}],"curies":[{"name":"wp","href":"https:\/\/api.w.org\/{rel}","templated":true}]}}