{"id":78490,"date":"2025-12-26T13:57:33","date_gmt":"2025-12-26T11:57:33","guid":{"rendered":"https:\/\/vinodeli.ee\/?post_type=product&#038;p=78490"},"modified":"2025-12-26T14:38:33","modified_gmt":"2025-12-26T12:38:33","slug":"chateau-batailley-pauillac-aoc-2021-grand-cru-classe-en-1855-13-075l","status":"publish","type":"product","link":"https:\/\/vinodeli.ee\/en\/product\/chateau-batailley-pauillac-aoc-2021-grand-cru-classe-en-1855-13-075l\/","title":{"rendered":"Chateau Batailley Pauillac AOC 2021 Grand Cru Classe En 1855 13% 0,75l"},"content":{"rendered":"<blockquote>\n<h5>Ch\u00e2teau Batailley, Grand Cru Class\u00e9 in 1855, is one of the jewels of the Cast\u00e9ja family and Borie-Manoux. It owes its name to the last battle in the M\u00e9doc during the Hundred Years\u2019 War (1337\u20131453), which took place on the very site of the estate\u2019s vineyards. The 100\u2011hectare property, including 60 hectares of vines, has belonged to the family since 1924. Its deep gravel soils give rise to a highly distinguished wine, true to the Pauillac appellation.    <\/h5>\n<\/blockquote>\n<h3>Winemaking<\/h3>\n<p>Fermentation and maceration for around 25 days in small temperature\u2011controlled stainless\u2011steel vats. Aged for 18 months in barrels (55% new, 45% one\u2011year\u2011old). <\/p>\n<h3>Tasting notes<\/h3>\n<p>Beautiful garnet colour, perfectly bright. Highly aromatic, marked by intense fruit notes with hints of spices and cedar. This is a very typical Batailley, showing a fine balance between suppleness and tannic structure. The mid\u2011palate is dense and continuous, and the finish is structured and very persistent.   <\/p>\n<p>Pairs perfectly with leg of lamb, marinated venison, doe stew, or M\u00e9doc\u2011style grilled rib\u2011eye.<\/p>\n","protected":false},"excerpt":{"rendered":"<blockquote>\n<h4>Grape varieties: Cabernet Sauvignon, Merlot, Cabernet Franc, Petit Verdot<\/h4>\n<\/blockquote>\n","protected":false},"featured_media":78493,"template":"","meta":{"_acf_changed":false},"product_brand":[],"product_cat":[19462],"product_tag":[],"class_list":{"0":"post-78490","1":"product","2":"type-product","3":"status-publish","4":"has-post-thumbnail","6":"product_cat-red-wine","8":"first","9":"instock","10":"taxable","11":"shipping-taxable","12":"purchasable","13":"product-type-simple"},"acf":[],"yoast_head":"<!-- This site is optimized with the Yoast SEO plugin v25.7 - https:\/\/yoast.com\/wordpress\/plugins\/seo\/ -->\n<title>Chateau Batailley Pauillac AOC 2021 Grand Cru Classe En 1855 13% 0,75l - Vinodeli<\/title>\n<meta name=\"robots\" content=\"index, follow, max-snippet:-1, max-image-preview:large, max-video-preview:-1\" \/>\n<link rel=\"canonical\" href=\"https:\/\/vinodeli.ee\/en\/product\/chateau-batailley-pauillac-aoc-2021-grand-cru-classe-en-1855-13-075l\/\" \/>\n<meta property=\"og:locale\" content=\"en_US\" \/>\n<meta property=\"og:type\" content=\"article\" \/>\n<meta property=\"og:title\" content=\"Chateau Batailley Pauillac AOC 2021 Grand Cru Classe En 1855 13% 0,75l - Vinodeli\" \/>\n<meta property=\"og:description\" content=\"Grape varieties: Cabernet Sauvignon, Merlot, Cabernet Franc, Petit Verdot\" \/>\n<meta property=\"og:url\" content=\"https:\/\/vinodeli.ee\/en\/product\/chateau-batailley-pauillac-aoc-2021-grand-cru-classe-en-1855-13-075l\/\" \/>\n<meta property=\"og:site_name\" content=\"Vinodeli\" \/>\n<meta property=\"article:modified_time\" content=\"2025-12-26T12:38:33+00:00\" \/>\n<meta property=\"og:image\" content=\"https:\/\/vinodeli.ee\/wp-content\/uploads\/2025\/12\/ch-batailley.jpg\" \/>\n\t<meta property=\"og:image:width\" content=\"800\" \/>\n\t<meta property=\"og:image:height\" content=\"800\" \/>\n\t<meta property=\"og:image:type\" content=\"image\/jpeg\" \/>\n<meta name=\"twitter:card\" content=\"summary_large_image\" \/>\n<meta name=\"twitter:label1\" content=\"Est. reading time\" \/>\n\t<meta name=\"twitter:data1\" content=\"1 minute\" \/>\n<script type=\"application\/ld+json\" class=\"yoast-schema-graph\">{\"@context\":\"https:\/\/schema.org\",\"@graph\":[{\"@type\":\"WebPage\",\"@id\":\"https:\/\/vinodeli.ee\/en\/product\/chateau-batailley-pauillac-aoc-2021-grand-cru-classe-en-1855-13-075l\/\",\"url\":\"https:\/\/vinodeli.ee\/en\/product\/chateau-batailley-pauillac-aoc-2021-grand-cru-classe-en-1855-13-075l\/\",\"name\":\"Chateau Batailley Pauillac AOC 2021 Grand Cru Classe En 1855 13% 0,75l - Vinodeli\",\"isPartOf\":{\"@id\":\"https:\/\/vinodeli.ee\/#website\"},\"primaryImageOfPage\":{\"@id\":\"https:\/\/vinodeli.ee\/en\/product\/chateau-batailley-pauillac-aoc-2021-grand-cru-classe-en-1855-13-075l\/#primaryimage\"},\"image\":{\"@id\":\"https:\/\/vinodeli.ee\/en\/product\/chateau-batailley-pauillac-aoc-2021-grand-cru-classe-en-1855-13-075l\/#primaryimage\"},\"thumbnailUrl\":\"https:\/\/vinodeli.ee\/wp-content\/uploads\/2025\/12\/ch-batailley.jpg\",\"datePublished\":\"2025-12-26T11:57:33+00:00\",\"dateModified\":\"2025-12-26T12:38:33+00:00\",\"breadcrumb\":{\"@id\":\"https:\/\/vinodeli.ee\/en\/product\/chateau-batailley-pauillac-aoc-2021-grand-cru-classe-en-1855-13-075l\/#breadcrumb\"},\"inLanguage\":\"en-US\",\"potentialAction\":[{\"@type\":\"ReadAction\",\"target\":[\"https:\/\/vinodeli.ee\/en\/product\/chateau-batailley-pauillac-aoc-2021-grand-cru-classe-en-1855-13-075l\/\"]}]},{\"@type\":\"ImageObject\",\"inLanguage\":\"en-US\",\"@id\":\"https:\/\/vinodeli.ee\/en\/product\/chateau-batailley-pauillac-aoc-2021-grand-cru-classe-en-1855-13-075l\/#primaryimage\",\"url\":\"https:\/\/vinodeli.ee\/wp-content\/uploads\/2025\/12\/ch-batailley.jpg\",\"contentUrl\":\"https:\/\/vinodeli.ee\/wp-content\/uploads\/2025\/12\/ch-batailley.jpg\",\"width\":800,\"height\":800},{\"@type\":\"BreadcrumbList\",\"@id\":\"https:\/\/vinodeli.ee\/en\/product\/chateau-batailley-pauillac-aoc-2021-grand-cru-classe-en-1855-13-075l\/#breadcrumb\",\"itemListElement\":[{\"@type\":\"ListItem\",\"position\":1,\"name\":\"Home\",\"item\":\"https:\/\/vinodeli.ee\/en\/\"},{\"@type\":\"ListItem\",\"position\":2,\"name\":\"Shop\",\"item\":\"https:\/\/vinodeli.ee\/pood\/\"},{\"@type\":\"ListItem\",\"position\":3,\"name\":\"Chateau Batailley Pauillac AOC 2021 Grand Cru Classe En 1855 13% 0,75l\"}]},{\"@type\":\"WebSite\",\"@id\":\"https:\/\/vinodeli.ee\/#website\",\"url\":\"https:\/\/vinodeli.ee\/\",\"name\":\"Vinodeli\",\"description\":\"\",\"publisher\":{\"@id\":\"https:\/\/vinodeli.ee\/#organization\"},\"potentialAction\":[{\"@type\":\"SearchAction\",\"target\":{\"@type\":\"EntryPoint\",\"urlTemplate\":\"https:\/\/vinodeli.ee\/?s={search_term_string}\"},\"query-input\":{\"@type\":\"PropertyValueSpecification\",\"valueRequired\":true,\"valueName\":\"search_term_string\"}}],\"inLanguage\":\"en-US\"},{\"@type\":\"Organization\",\"@id\":\"https:\/\/vinodeli.ee\/#organization\",\"name\":\"Vinodeli O\u00dc\",\"url\":\"https:\/\/vinodeli.ee\/\",\"logo\":{\"@type\":\"ImageObject\",\"inLanguage\":\"en-US\",\"@id\":\"https:\/\/vinodeli.ee\/#\/schema\/logo\/image\/\",\"url\":\"https:\/\/vinodeli.ee\/wp-content\/uploads\/2024\/02\/logo-winodeli-1.png\",\"contentUrl\":\"https:\/\/vinodeli.ee\/wp-content\/uploads\/2024\/02\/logo-winodeli-1.png\",\"width\":1500,\"height\":1150,\"caption\":\"Vinodeli O\u00dc\"},\"image\":{\"@id\":\"https:\/\/vinodeli.ee\/#\/schema\/logo\/image\/\"}}]}<\/script>\n<!-- \/ Yoast SEO plugin. -->","yoast_head_json":{"title":"Chateau Batailley Pauillac AOC 2021 Grand Cru Classe En 1855 13% 0,75l - Vinodeli","robots":{"index":"index","follow":"follow","max-snippet":"max-snippet:-1","max-image-preview":"max-image-preview:large","max-video-preview":"max-video-preview:-1"},"canonical":"https:\/\/vinodeli.ee\/en\/product\/chateau-batailley-pauillac-aoc-2021-grand-cru-classe-en-1855-13-075l\/","og_locale":"en_US","og_type":"article","og_title":"Chateau Batailley Pauillac AOC 2021 Grand Cru Classe En 1855 13% 0,75l - Vinodeli","og_description":"Grape varieties: Cabernet Sauvignon, Merlot, Cabernet Franc, Petit Verdot","og_url":"https:\/\/vinodeli.ee\/en\/product\/chateau-batailley-pauillac-aoc-2021-grand-cru-classe-en-1855-13-075l\/","og_site_name":"Vinodeli","article_modified_time":"2025-12-26T12:38:33+00:00","og_image":[{"width":800,"height":800,"url":"https:\/\/vinodeli.ee\/wp-content\/uploads\/2025\/12\/ch-batailley.jpg","type":"image\/jpeg"}],"twitter_card":"summary_large_image","twitter_misc":{"Est. reading time":"1 minute"},"schema":{"@context":"https:\/\/schema.org","@graph":[{"@type":"WebPage","@id":"https:\/\/vinodeli.ee\/en\/product\/chateau-batailley-pauillac-aoc-2021-grand-cru-classe-en-1855-13-075l\/","url":"https:\/\/vinodeli.ee\/en\/product\/chateau-batailley-pauillac-aoc-2021-grand-cru-classe-en-1855-13-075l\/","name":"Chateau Batailley Pauillac AOC 2021 Grand Cru Classe En 1855 13% 0,75l - Vinodeli","isPartOf":{"@id":"https:\/\/vinodeli.ee\/#website"},"primaryImageOfPage":{"@id":"https:\/\/vinodeli.ee\/en\/product\/chateau-batailley-pauillac-aoc-2021-grand-cru-classe-en-1855-13-075l\/#primaryimage"},"image":{"@id":"https:\/\/vinodeli.ee\/en\/product\/chateau-batailley-pauillac-aoc-2021-grand-cru-classe-en-1855-13-075l\/#primaryimage"},"thumbnailUrl":"https:\/\/vinodeli.ee\/wp-content\/uploads\/2025\/12\/ch-batailley.jpg","datePublished":"2025-12-26T11:57:33+00:00","dateModified":"2025-12-26T12:38:33+00:00","breadcrumb":{"@id":"https:\/\/vinodeli.ee\/en\/product\/chateau-batailley-pauillac-aoc-2021-grand-cru-classe-en-1855-13-075l\/#breadcrumb"},"inLanguage":"en-US","potentialAction":[{"@type":"ReadAction","target":["https:\/\/vinodeli.ee\/en\/product\/chateau-batailley-pauillac-aoc-2021-grand-cru-classe-en-1855-13-075l\/"]}]},{"@type":"ImageObject","inLanguage":"en-US","@id":"https:\/\/vinodeli.ee\/en\/product\/chateau-batailley-pauillac-aoc-2021-grand-cru-classe-en-1855-13-075l\/#primaryimage","url":"https:\/\/vinodeli.ee\/wp-content\/uploads\/2025\/12\/ch-batailley.jpg","contentUrl":"https:\/\/vinodeli.ee\/wp-content\/uploads\/2025\/12\/ch-batailley.jpg","width":800,"height":800},{"@type":"BreadcrumbList","@id":"https:\/\/vinodeli.ee\/en\/product\/chateau-batailley-pauillac-aoc-2021-grand-cru-classe-en-1855-13-075l\/#breadcrumb","itemListElement":[{"@type":"ListItem","position":1,"name":"Home","item":"https:\/\/vinodeli.ee\/en\/"},{"@type":"ListItem","position":2,"name":"Shop","item":"https:\/\/vinodeli.ee\/pood\/"},{"@type":"ListItem","position":3,"name":"Chateau Batailley Pauillac AOC 2021 Grand Cru Classe En 1855 13% 0,75l"}]},{"@type":"WebSite","@id":"https:\/\/vinodeli.ee\/#website","url":"https:\/\/vinodeli.ee\/","name":"Vinodeli","description":"","publisher":{"@id":"https:\/\/vinodeli.ee\/#organization"},"potentialAction":[{"@type":"SearchAction","target":{"@type":"EntryPoint","urlTemplate":"https:\/\/vinodeli.ee\/?s={search_term_string}"},"query-input":{"@type":"PropertyValueSpecification","valueRequired":true,"valueName":"search_term_string"}}],"inLanguage":"en-US"},{"@type":"Organization","@id":"https:\/\/vinodeli.ee\/#organization","name":"Vinodeli O\u00dc","url":"https:\/\/vinodeli.ee\/","logo":{"@type":"ImageObject","inLanguage":"en-US","@id":"https:\/\/vinodeli.ee\/#\/schema\/logo\/image\/","url":"https:\/\/vinodeli.ee\/wp-content\/uploads\/2024\/02\/logo-winodeli-1.png","contentUrl":"https:\/\/vinodeli.ee\/wp-content\/uploads\/2024\/02\/logo-winodeli-1.png","width":1500,"height":1150,"caption":"Vinodeli O\u00dc"},"image":{"@id":"https:\/\/vinodeli.ee\/#\/schema\/logo\/image\/"}}]}},"_links":{"self":[{"href":"https:\/\/vinodeli.ee\/en\/wp-json\/wp\/v2\/product\/78490","targetHints":{"allow":["GET"]}}],"collection":[{"href":"https:\/\/vinodeli.ee\/en\/wp-json\/wp\/v2\/product"}],"about":[{"href":"https:\/\/vinodeli.ee\/en\/wp-json\/wp\/v2\/types\/product"}],"version-history":[{"count":0,"href":"https:\/\/vinodeli.ee\/en\/wp-json\/wp\/v2\/product\/78490\/revisions"}],"wp:featuredmedia":[{"embeddable":true,"href":"https:\/\/vinodeli.ee\/en\/wp-json\/wp\/v2\/media\/78493"}],"wp:attachment":[{"href":"https:\/\/vinodeli.ee\/en\/wp-json\/wp\/v2\/media?parent=78490"}],"wp:term":[{"taxonomy":"product_brand","embeddable":true,"href":"https:\/\/vinodeli.ee\/en\/wp-json\/wp\/v2\/product_brand?post=78490"},{"taxonomy":"product_cat","embeddable":true,"href":"https:\/\/vinodeli.ee\/en\/wp-json\/wp\/v2\/product_cat?post=78490"},{"taxonomy":"product_tag","embeddable":true,"href":"https:\/\/vinodeli.ee\/en\/wp-json\/wp\/v2\/product_tag?post=78490"}],"curies":[{"name":"wp","href":"https:\/\/api.w.org\/{rel}","templated":true}]}}