{"id":78501,"date":"2025-12-26T14:52:36","date_gmt":"2025-12-26T12:52:36","guid":{"rendered":"https:\/\/vinodeli.ee\/?post_type=product&#038;p=78501"},"modified":"2025-12-26T15:08:20","modified_gmt":"2025-12-26T13:08:20","slug":"chateau-la-gamaye-blaye-cotes-de-bordeaux-aoc-bio-2021","status":"publish","type":"product","link":"https:\/\/vinodeli.ee\/en\/product\/chateau-la-gamaye-blaye-cotes-de-bordeaux-aoc-bio-2021\/","title":{"rendered":"Chateau La Gamaye Blaye Cotes De Bordeaux AOC BIO 2021 13% 0,75l"},"content":{"rendered":"<blockquote>\n<h5>Ch\u00e2teau La Gamaye has belonged to the Bourceau family for more than six generations. After spending his youth assisting his father on the estate, Franck Bourceau took over the vineyard in 1983 and has continued to expand it ever since. Originally covering 2 hectares in 1835, the vineyard has gradually grown to 20 hectares. Franck Bourceau has succeeded in striking a balance between traditional know\u2011how and modern practices. Today, the estate comprises three ch\u00e2teaux across three appellations: Ch\u00e2teau La Gamaye and Ch\u00e2teau Terriers des Cailloux (Blaye C\u00f4tes de Bordeaux), as well as Ch\u00e2teau Haut Mangaud (C\u00f4tes de Bourg).      <\/h5>\n<p><strong>Overlooking the Gironde estuary, the Bourceau vineyards are located north of Bordeaux, near the villages of Berson and Saint-Trojan, where viticulture has flourished since the Middle Ages. The Bourceau vineyards have been in organic conversion since 2018.  onwards.<\/strong><\/p><\/blockquote>\n<h3>Winemaking<\/h3>\n<p>Aged for 10 months in concrete vats.<\/p>\n<h3>Tasting notes<\/h3>\n<p>Distinct aromas of blackberry and strawberry reveal a velvety texture with silky tannins. The finish leaves a delicate touch of coffee and chocolate on the palate. <\/p>\n<h3>Food pairings<\/h3>\n<p>Ideal with charcuterie, red meat, or a cheese platter.<br \/>Optimal drinking window: 2022\u20132029. <\/p>\n","protected":false},"excerpt":{"rendered":"<blockquote>\n<h4>Grape varieties:<\/h4>\n<ul>\n<li>90% Merlot<\/li>\n<li>10% Malbec<\/li>\n<\/ul>\n<\/blockquote>\n","protected":false},"featured_media":78504,"template":"","meta":{"_acf_changed":false},"product_brand":[],"product_cat":[19462],"product_tag":[],"class_list":{"0":"post-78501","1":"product","2":"type-product","3":"status-publish","4":"has-post-thumbnail","6":"product_cat-red-wine","8":"first","9":"instock","10":"taxable","11":"shipping-taxable","12":"purchasable","13":"product-type-simple"},"acf":[],"yoast_head":"<!-- This site is optimized with the Yoast SEO plugin v25.7 - https:\/\/yoast.com\/wordpress\/plugins\/seo\/ -->\n<title>Chateau La Gamaye Blaye Cotes De Bordeaux AOC BIO 2021 13% 0,75l - Vinodeli<\/title>\n<meta name=\"robots\" content=\"index, follow, max-snippet:-1, max-image-preview:large, max-video-preview:-1\" \/>\n<link rel=\"canonical\" href=\"https:\/\/vinodeli.ee\/en\/product\/chateau-la-gamaye-blaye-cotes-de-bordeaux-aoc-bio-2021\/\" \/>\n<meta property=\"og:locale\" content=\"en_US\" \/>\n<meta property=\"og:type\" content=\"article\" \/>\n<meta property=\"og:title\" content=\"Chateau La Gamaye Blaye Cotes De Bordeaux AOC BIO 2021 13% 0,75l - Vinodeli\" \/>\n<meta property=\"og:description\" content=\"Grape varieties:  90% Merlot  10% Malbec\" \/>\n<meta property=\"og:url\" content=\"https:\/\/vinodeli.ee\/en\/product\/chateau-la-gamaye-blaye-cotes-de-bordeaux-aoc-bio-2021\/\" \/>\n<meta property=\"og:site_name\" content=\"Vinodeli\" \/>\n<meta property=\"article:modified_time\" content=\"2025-12-26T13:08:20+00:00\" \/>\n<meta property=\"og:image\" content=\"https:\/\/vinodeli.ee\/wp-content\/uploads\/2025\/12\/gamaye.jpg\" \/>\n\t<meta property=\"og:image:width\" content=\"800\" \/>\n\t<meta property=\"og:image:height\" content=\"800\" \/>\n\t<meta property=\"og:image:type\" content=\"image\/jpeg\" \/>\n<meta name=\"twitter:card\" content=\"summary_large_image\" \/>\n<meta name=\"twitter:label1\" content=\"Est. reading time\" \/>\n\t<meta name=\"twitter:data1\" content=\"1 minute\" \/>\n<script type=\"application\/ld+json\" class=\"yoast-schema-graph\">{\"@context\":\"https:\/\/schema.org\",\"@graph\":[{\"@type\":\"WebPage\",\"@id\":\"https:\/\/vinodeli.ee\/en\/product\/chateau-la-gamaye-blaye-cotes-de-bordeaux-aoc-bio-2021\/\",\"url\":\"https:\/\/vinodeli.ee\/en\/product\/chateau-la-gamaye-blaye-cotes-de-bordeaux-aoc-bio-2021\/\",\"name\":\"Chateau La Gamaye Blaye Cotes De Bordeaux AOC BIO 2021 13% 0,75l - Vinodeli\",\"isPartOf\":{\"@id\":\"https:\/\/vinodeli.ee\/#website\"},\"primaryImageOfPage\":{\"@id\":\"https:\/\/vinodeli.ee\/en\/product\/chateau-la-gamaye-blaye-cotes-de-bordeaux-aoc-bio-2021\/#primaryimage\"},\"image\":{\"@id\":\"https:\/\/vinodeli.ee\/en\/product\/chateau-la-gamaye-blaye-cotes-de-bordeaux-aoc-bio-2021\/#primaryimage\"},\"thumbnailUrl\":\"https:\/\/vinodeli.ee\/wp-content\/uploads\/2025\/12\/gamaye.jpg\",\"datePublished\":\"2025-12-26T12:52:36+00:00\",\"dateModified\":\"2025-12-26T13:08:20+00:00\",\"breadcrumb\":{\"@id\":\"https:\/\/vinodeli.ee\/en\/product\/chateau-la-gamaye-blaye-cotes-de-bordeaux-aoc-bio-2021\/#breadcrumb\"},\"inLanguage\":\"en-US\",\"potentialAction\":[{\"@type\":\"ReadAction\",\"target\":[\"https:\/\/vinodeli.ee\/en\/product\/chateau-la-gamaye-blaye-cotes-de-bordeaux-aoc-bio-2021\/\"]}]},{\"@type\":\"ImageObject\",\"inLanguage\":\"en-US\",\"@id\":\"https:\/\/vinodeli.ee\/en\/product\/chateau-la-gamaye-blaye-cotes-de-bordeaux-aoc-bio-2021\/#primaryimage\",\"url\":\"https:\/\/vinodeli.ee\/wp-content\/uploads\/2025\/12\/gamaye.jpg\",\"contentUrl\":\"https:\/\/vinodeli.ee\/wp-content\/uploads\/2025\/12\/gamaye.jpg\",\"width\":800,\"height\":800},{\"@type\":\"BreadcrumbList\",\"@id\":\"https:\/\/vinodeli.ee\/en\/product\/chateau-la-gamaye-blaye-cotes-de-bordeaux-aoc-bio-2021\/#breadcrumb\",\"itemListElement\":[{\"@type\":\"ListItem\",\"position\":1,\"name\":\"Home\",\"item\":\"https:\/\/vinodeli.ee\/en\/\"},{\"@type\":\"ListItem\",\"position\":2,\"name\":\"Shop\",\"item\":\"https:\/\/vinodeli.ee\/pood\/\"},{\"@type\":\"ListItem\",\"position\":3,\"name\":\"Chateau La Gamaye Blaye Cotes De Bordeaux AOC BIO 2021 13% 0,75l\"}]},{\"@type\":\"WebSite\",\"@id\":\"https:\/\/vinodeli.ee\/#website\",\"url\":\"https:\/\/vinodeli.ee\/\",\"name\":\"Vinodeli\",\"description\":\"\",\"publisher\":{\"@id\":\"https:\/\/vinodeli.ee\/#organization\"},\"potentialAction\":[{\"@type\":\"SearchAction\",\"target\":{\"@type\":\"EntryPoint\",\"urlTemplate\":\"https:\/\/vinodeli.ee\/?s={search_term_string}\"},\"query-input\":{\"@type\":\"PropertyValueSpecification\",\"valueRequired\":true,\"valueName\":\"search_term_string\"}}],\"inLanguage\":\"en-US\"},{\"@type\":\"Organization\",\"@id\":\"https:\/\/vinodeli.ee\/#organization\",\"name\":\"Vinodeli O\u00dc\",\"url\":\"https:\/\/vinodeli.ee\/\",\"logo\":{\"@type\":\"ImageObject\",\"inLanguage\":\"en-US\",\"@id\":\"https:\/\/vinodeli.ee\/#\/schema\/logo\/image\/\",\"url\":\"https:\/\/vinodeli.ee\/wp-content\/uploads\/2024\/02\/logo-winodeli-1.png\",\"contentUrl\":\"https:\/\/vinodeli.ee\/wp-content\/uploads\/2024\/02\/logo-winodeli-1.png\",\"width\":1500,\"height\":1150,\"caption\":\"Vinodeli O\u00dc\"},\"image\":{\"@id\":\"https:\/\/vinodeli.ee\/#\/schema\/logo\/image\/\"}}]}<\/script>\n<!-- \/ Yoast SEO plugin. -->","yoast_head_json":{"title":"Chateau La Gamaye Blaye Cotes De Bordeaux AOC BIO 2021 13% 0,75l - Vinodeli","robots":{"index":"index","follow":"follow","max-snippet":"max-snippet:-1","max-image-preview":"max-image-preview:large","max-video-preview":"max-video-preview:-1"},"canonical":"https:\/\/vinodeli.ee\/en\/product\/chateau-la-gamaye-blaye-cotes-de-bordeaux-aoc-bio-2021\/","og_locale":"en_US","og_type":"article","og_title":"Chateau La Gamaye Blaye Cotes De Bordeaux AOC BIO 2021 13% 0,75l - Vinodeli","og_description":"Grape varieties:  90% Merlot  10% Malbec","og_url":"https:\/\/vinodeli.ee\/en\/product\/chateau-la-gamaye-blaye-cotes-de-bordeaux-aoc-bio-2021\/","og_site_name":"Vinodeli","article_modified_time":"2025-12-26T13:08:20+00:00","og_image":[{"width":800,"height":800,"url":"https:\/\/vinodeli.ee\/wp-content\/uploads\/2025\/12\/gamaye.jpg","type":"image\/jpeg"}],"twitter_card":"summary_large_image","twitter_misc":{"Est. reading time":"1 minute"},"schema":{"@context":"https:\/\/schema.org","@graph":[{"@type":"WebPage","@id":"https:\/\/vinodeli.ee\/en\/product\/chateau-la-gamaye-blaye-cotes-de-bordeaux-aoc-bio-2021\/","url":"https:\/\/vinodeli.ee\/en\/product\/chateau-la-gamaye-blaye-cotes-de-bordeaux-aoc-bio-2021\/","name":"Chateau La Gamaye Blaye Cotes De Bordeaux AOC BIO 2021 13% 0,75l - Vinodeli","isPartOf":{"@id":"https:\/\/vinodeli.ee\/#website"},"primaryImageOfPage":{"@id":"https:\/\/vinodeli.ee\/en\/product\/chateau-la-gamaye-blaye-cotes-de-bordeaux-aoc-bio-2021\/#primaryimage"},"image":{"@id":"https:\/\/vinodeli.ee\/en\/product\/chateau-la-gamaye-blaye-cotes-de-bordeaux-aoc-bio-2021\/#primaryimage"},"thumbnailUrl":"https:\/\/vinodeli.ee\/wp-content\/uploads\/2025\/12\/gamaye.jpg","datePublished":"2025-12-26T12:52:36+00:00","dateModified":"2025-12-26T13:08:20+00:00","breadcrumb":{"@id":"https:\/\/vinodeli.ee\/en\/product\/chateau-la-gamaye-blaye-cotes-de-bordeaux-aoc-bio-2021\/#breadcrumb"},"inLanguage":"en-US","potentialAction":[{"@type":"ReadAction","target":["https:\/\/vinodeli.ee\/en\/product\/chateau-la-gamaye-blaye-cotes-de-bordeaux-aoc-bio-2021\/"]}]},{"@type":"ImageObject","inLanguage":"en-US","@id":"https:\/\/vinodeli.ee\/en\/product\/chateau-la-gamaye-blaye-cotes-de-bordeaux-aoc-bio-2021\/#primaryimage","url":"https:\/\/vinodeli.ee\/wp-content\/uploads\/2025\/12\/gamaye.jpg","contentUrl":"https:\/\/vinodeli.ee\/wp-content\/uploads\/2025\/12\/gamaye.jpg","width":800,"height":800},{"@type":"BreadcrumbList","@id":"https:\/\/vinodeli.ee\/en\/product\/chateau-la-gamaye-blaye-cotes-de-bordeaux-aoc-bio-2021\/#breadcrumb","itemListElement":[{"@type":"ListItem","position":1,"name":"Home","item":"https:\/\/vinodeli.ee\/en\/"},{"@type":"ListItem","position":2,"name":"Shop","item":"https:\/\/vinodeli.ee\/pood\/"},{"@type":"ListItem","position":3,"name":"Chateau La Gamaye Blaye Cotes De Bordeaux AOC BIO 2021 13% 0,75l"}]},{"@type":"WebSite","@id":"https:\/\/vinodeli.ee\/#website","url":"https:\/\/vinodeli.ee\/","name":"Vinodeli","description":"","publisher":{"@id":"https:\/\/vinodeli.ee\/#organization"},"potentialAction":[{"@type":"SearchAction","target":{"@type":"EntryPoint","urlTemplate":"https:\/\/vinodeli.ee\/?s={search_term_string}"},"query-input":{"@type":"PropertyValueSpecification","valueRequired":true,"valueName":"search_term_string"}}],"inLanguage":"en-US"},{"@type":"Organization","@id":"https:\/\/vinodeli.ee\/#organization","name":"Vinodeli O\u00dc","url":"https:\/\/vinodeli.ee\/","logo":{"@type":"ImageObject","inLanguage":"en-US","@id":"https:\/\/vinodeli.ee\/#\/schema\/logo\/image\/","url":"https:\/\/vinodeli.ee\/wp-content\/uploads\/2024\/02\/logo-winodeli-1.png","contentUrl":"https:\/\/vinodeli.ee\/wp-content\/uploads\/2024\/02\/logo-winodeli-1.png","width":1500,"height":1150,"caption":"Vinodeli O\u00dc"},"image":{"@id":"https:\/\/vinodeli.ee\/#\/schema\/logo\/image\/"}}]}},"_links":{"self":[{"href":"https:\/\/vinodeli.ee\/en\/wp-json\/wp\/v2\/product\/78501","targetHints":{"allow":["GET"]}}],"collection":[{"href":"https:\/\/vinodeli.ee\/en\/wp-json\/wp\/v2\/product"}],"about":[{"href":"https:\/\/vinodeli.ee\/en\/wp-json\/wp\/v2\/types\/product"}],"version-history":[{"count":0,"href":"https:\/\/vinodeli.ee\/en\/wp-json\/wp\/v2\/product\/78501\/revisions"}],"wp:featuredmedia":[{"embeddable":true,"href":"https:\/\/vinodeli.ee\/en\/wp-json\/wp\/v2\/media\/78504"}],"wp:attachment":[{"href":"https:\/\/vinodeli.ee\/en\/wp-json\/wp\/v2\/media?parent=78501"}],"wp:term":[{"taxonomy":"product_brand","embeddable":true,"href":"https:\/\/vinodeli.ee\/en\/wp-json\/wp\/v2\/product_brand?post=78501"},{"taxonomy":"product_cat","embeddable":true,"href":"https:\/\/vinodeli.ee\/en\/wp-json\/wp\/v2\/product_cat?post=78501"},{"taxonomy":"product_tag","embeddable":true,"href":"https:\/\/vinodeli.ee\/en\/wp-json\/wp\/v2\/product_tag?post=78501"}],"curies":[{"name":"wp","href":"https:\/\/api.w.org\/{rel}","templated":true}]}}