{"id":78559,"date":"2025-12-26T18:55:42","date_gmt":"2025-12-26T16:55:42","guid":{"rendered":"https:\/\/vinodeli.ee\/?post_type=product&#038;p=78559"},"modified":"2025-12-26T19:16:53","modified_gmt":"2025-12-26T17:16:53","slug":"chateau-lalande-saint-julien-aoc-2021-13-075l","status":"publish","type":"product","link":"https:\/\/vinodeli.ee\/en\/product\/chateau-lalande-saint-julien-aoc-2021-13-075l\/","title":{"rendered":"Chateau Lalande Saint-Julien AOC 2021 13% 0,75l"},"content":{"rendered":"<blockquote>\n<h5>The history of Ch\u00e2teau Lalande is closely linked to that of Ch\u00e2teau Lagrange (3rd Grand Cru Class\u00e9), as the estate was originally part of that property until it was sold to its current owner, Gabriel Meffre, in 1964. This is a unique estate with a 15.5\u2011hectare vineyard that combines the richness and fertility of M\u00e9doc soils with the expertise of the Meffre family, who also own Ch\u00e2teaux du Glana and Bellegrave. Striking a perfect balance between modern techniques and respect for tradition, Ch\u00e2teau Lalande is also one of the best value wines of the Saint\u2011Julien appellation.   <\/h5>\n<\/blockquote>\n<h3><\/h3>\n<h3>Winemaking<\/h3>\n<p>Harvesting is both mechanical and manual. Vineyard management is parcel\u2011based. Vinification is temperature\u2011controlled, and ageing lasts 12 months in 35% new oak barrels.  <\/p>\n<h3>TASTING NOTES<\/h3>\n<p>Aromas of ripe blackberry, plum skin, roasted nuts, spice box and dark chocolate. Some damp forest floor as well. Medium\u2011 to full\u2011bodied with juicy black fruits, firm tannins and a polished texture. Persistent finish. Magnificent today, but better with one or two years of ageing.    <\/p>\n<h3>Food pairings<\/h3>\n<p>Ideal with cumin\u2011spiced lamb, chestnut\u2011stuffed duck, venison stew with mushrooms, or Bordeaux\u2011style snails.<\/p>\n","protected":false},"excerpt":{"rendered":"<blockquote>\n<h4>Grape varieties: 50% Merlot, 50% Cabernet Sauvignon<\/h4>\n<\/blockquote>\n","protected":false},"featured_media":78562,"template":"","meta":{"_acf_changed":false},"product_brand":[],"product_cat":[19462],"product_tag":[],"class_list":{"0":"post-78559","1":"product","2":"type-product","3":"status-publish","4":"has-post-thumbnail","6":"product_cat-red-wine","8":"first","9":"instock","10":"downloadable","11":"taxable","12":"shipping-taxable","13":"purchasable","14":"product-type-simple"},"acf":[],"yoast_head":"<!-- This site is optimized with the Yoast SEO plugin v25.7 - https:\/\/yoast.com\/wordpress\/plugins\/seo\/ -->\n<title>Chateau Lalande Saint-Julien AOC 2021 13% 0,75l - Vinodeli<\/title>\n<meta name=\"robots\" content=\"index, follow, max-snippet:-1, max-image-preview:large, max-video-preview:-1\" \/>\n<link rel=\"canonical\" href=\"https:\/\/vinodeli.ee\/en\/product\/chateau-lalande-saint-julien-aoc-2021-13-075l\/\" \/>\n<meta property=\"og:locale\" content=\"en_US\" \/>\n<meta property=\"og:type\" content=\"article\" \/>\n<meta property=\"og:title\" content=\"Chateau Lalande Saint-Julien AOC 2021 13% 0,75l - Vinodeli\" \/>\n<meta property=\"og:description\" content=\"Grape varieties: 50% Merlot, 50% Cabernet Sauvignon\" \/>\n<meta property=\"og:url\" content=\"https:\/\/vinodeli.ee\/en\/product\/chateau-lalande-saint-julien-aoc-2021-13-075l\/\" \/>\n<meta property=\"og:site_name\" content=\"Vinodeli\" \/>\n<meta property=\"article:modified_time\" content=\"2025-12-26T17:16:53+00:00\" \/>\n<meta property=\"og:image\" content=\"https:\/\/vinodeli.ee\/wp-content\/uploads\/2025\/12\/lalande.jpg\" \/>\n\t<meta property=\"og:image:width\" content=\"800\" \/>\n\t<meta property=\"og:image:height\" content=\"800\" \/>\n\t<meta property=\"og:image:type\" content=\"image\/jpeg\" \/>\n<meta name=\"twitter:card\" content=\"summary_large_image\" \/>\n<meta name=\"twitter:label1\" content=\"Est. reading time\" \/>\n\t<meta name=\"twitter:data1\" content=\"1 minute\" \/>\n<script type=\"application\/ld+json\" class=\"yoast-schema-graph\">{\"@context\":\"https:\/\/schema.org\",\"@graph\":[{\"@type\":\"WebPage\",\"@id\":\"https:\/\/vinodeli.ee\/en\/product\/chateau-lalande-saint-julien-aoc-2021-13-075l\/\",\"url\":\"https:\/\/vinodeli.ee\/en\/product\/chateau-lalande-saint-julien-aoc-2021-13-075l\/\",\"name\":\"Chateau Lalande Saint-Julien AOC 2021 13% 0,75l - Vinodeli\",\"isPartOf\":{\"@id\":\"https:\/\/vinodeli.ee\/#website\"},\"primaryImageOfPage\":{\"@id\":\"https:\/\/vinodeli.ee\/en\/product\/chateau-lalande-saint-julien-aoc-2021-13-075l\/#primaryimage\"},\"image\":{\"@id\":\"https:\/\/vinodeli.ee\/en\/product\/chateau-lalande-saint-julien-aoc-2021-13-075l\/#primaryimage\"},\"thumbnailUrl\":\"https:\/\/vinodeli.ee\/wp-content\/uploads\/2025\/12\/lalande.jpg\",\"datePublished\":\"2025-12-26T16:55:42+00:00\",\"dateModified\":\"2025-12-26T17:16:53+00:00\",\"breadcrumb\":{\"@id\":\"https:\/\/vinodeli.ee\/en\/product\/chateau-lalande-saint-julien-aoc-2021-13-075l\/#breadcrumb\"},\"inLanguage\":\"en-US\",\"potentialAction\":[{\"@type\":\"ReadAction\",\"target\":[\"https:\/\/vinodeli.ee\/en\/product\/chateau-lalande-saint-julien-aoc-2021-13-075l\/\"]}]},{\"@type\":\"ImageObject\",\"inLanguage\":\"en-US\",\"@id\":\"https:\/\/vinodeli.ee\/en\/product\/chateau-lalande-saint-julien-aoc-2021-13-075l\/#primaryimage\",\"url\":\"https:\/\/vinodeli.ee\/wp-content\/uploads\/2025\/12\/lalande.jpg\",\"contentUrl\":\"https:\/\/vinodeli.ee\/wp-content\/uploads\/2025\/12\/lalande.jpg\",\"width\":800,\"height\":800},{\"@type\":\"BreadcrumbList\",\"@id\":\"https:\/\/vinodeli.ee\/en\/product\/chateau-lalande-saint-julien-aoc-2021-13-075l\/#breadcrumb\",\"itemListElement\":[{\"@type\":\"ListItem\",\"position\":1,\"name\":\"Home\",\"item\":\"https:\/\/vinodeli.ee\/en\/\"},{\"@type\":\"ListItem\",\"position\":2,\"name\":\"Shop\",\"item\":\"https:\/\/vinodeli.ee\/pood\/\"},{\"@type\":\"ListItem\",\"position\":3,\"name\":\"Chateau Lalande Saint-Julien AOC 2021 13% 0,75l\"}]},{\"@type\":\"WebSite\",\"@id\":\"https:\/\/vinodeli.ee\/#website\",\"url\":\"https:\/\/vinodeli.ee\/\",\"name\":\"Vinodeli\",\"description\":\"\",\"publisher\":{\"@id\":\"https:\/\/vinodeli.ee\/#organization\"},\"potentialAction\":[{\"@type\":\"SearchAction\",\"target\":{\"@type\":\"EntryPoint\",\"urlTemplate\":\"https:\/\/vinodeli.ee\/?s={search_term_string}\"},\"query-input\":{\"@type\":\"PropertyValueSpecification\",\"valueRequired\":true,\"valueName\":\"search_term_string\"}}],\"inLanguage\":\"en-US\"},{\"@type\":\"Organization\",\"@id\":\"https:\/\/vinodeli.ee\/#organization\",\"name\":\"Vinodeli O\u00dc\",\"url\":\"https:\/\/vinodeli.ee\/\",\"logo\":{\"@type\":\"ImageObject\",\"inLanguage\":\"en-US\",\"@id\":\"https:\/\/vinodeli.ee\/#\/schema\/logo\/image\/\",\"url\":\"https:\/\/vinodeli.ee\/wp-content\/uploads\/2024\/02\/logo-winodeli-1.png\",\"contentUrl\":\"https:\/\/vinodeli.ee\/wp-content\/uploads\/2024\/02\/logo-winodeli-1.png\",\"width\":1500,\"height\":1150,\"caption\":\"Vinodeli O\u00dc\"},\"image\":{\"@id\":\"https:\/\/vinodeli.ee\/#\/schema\/logo\/image\/\"}}]}<\/script>\n<!-- \/ Yoast SEO plugin. -->","yoast_head_json":{"title":"Chateau Lalande Saint-Julien AOC 2021 13% 0,75l - Vinodeli","robots":{"index":"index","follow":"follow","max-snippet":"max-snippet:-1","max-image-preview":"max-image-preview:large","max-video-preview":"max-video-preview:-1"},"canonical":"https:\/\/vinodeli.ee\/en\/product\/chateau-lalande-saint-julien-aoc-2021-13-075l\/","og_locale":"en_US","og_type":"article","og_title":"Chateau Lalande Saint-Julien AOC 2021 13% 0,75l - Vinodeli","og_description":"Grape varieties: 50% Merlot, 50% Cabernet Sauvignon","og_url":"https:\/\/vinodeli.ee\/en\/product\/chateau-lalande-saint-julien-aoc-2021-13-075l\/","og_site_name":"Vinodeli","article_modified_time":"2025-12-26T17:16:53+00:00","og_image":[{"width":800,"height":800,"url":"https:\/\/vinodeli.ee\/wp-content\/uploads\/2025\/12\/lalande.jpg","type":"image\/jpeg"}],"twitter_card":"summary_large_image","twitter_misc":{"Est. reading time":"1 minute"},"schema":{"@context":"https:\/\/schema.org","@graph":[{"@type":"WebPage","@id":"https:\/\/vinodeli.ee\/en\/product\/chateau-lalande-saint-julien-aoc-2021-13-075l\/","url":"https:\/\/vinodeli.ee\/en\/product\/chateau-lalande-saint-julien-aoc-2021-13-075l\/","name":"Chateau Lalande Saint-Julien AOC 2021 13% 0,75l - Vinodeli","isPartOf":{"@id":"https:\/\/vinodeli.ee\/#website"},"primaryImageOfPage":{"@id":"https:\/\/vinodeli.ee\/en\/product\/chateau-lalande-saint-julien-aoc-2021-13-075l\/#primaryimage"},"image":{"@id":"https:\/\/vinodeli.ee\/en\/product\/chateau-lalande-saint-julien-aoc-2021-13-075l\/#primaryimage"},"thumbnailUrl":"https:\/\/vinodeli.ee\/wp-content\/uploads\/2025\/12\/lalande.jpg","datePublished":"2025-12-26T16:55:42+00:00","dateModified":"2025-12-26T17:16:53+00:00","breadcrumb":{"@id":"https:\/\/vinodeli.ee\/en\/product\/chateau-lalande-saint-julien-aoc-2021-13-075l\/#breadcrumb"},"inLanguage":"en-US","potentialAction":[{"@type":"ReadAction","target":["https:\/\/vinodeli.ee\/en\/product\/chateau-lalande-saint-julien-aoc-2021-13-075l\/"]}]},{"@type":"ImageObject","inLanguage":"en-US","@id":"https:\/\/vinodeli.ee\/en\/product\/chateau-lalande-saint-julien-aoc-2021-13-075l\/#primaryimage","url":"https:\/\/vinodeli.ee\/wp-content\/uploads\/2025\/12\/lalande.jpg","contentUrl":"https:\/\/vinodeli.ee\/wp-content\/uploads\/2025\/12\/lalande.jpg","width":800,"height":800},{"@type":"BreadcrumbList","@id":"https:\/\/vinodeli.ee\/en\/product\/chateau-lalande-saint-julien-aoc-2021-13-075l\/#breadcrumb","itemListElement":[{"@type":"ListItem","position":1,"name":"Home","item":"https:\/\/vinodeli.ee\/en\/"},{"@type":"ListItem","position":2,"name":"Shop","item":"https:\/\/vinodeli.ee\/pood\/"},{"@type":"ListItem","position":3,"name":"Chateau Lalande Saint-Julien AOC 2021 13% 0,75l"}]},{"@type":"WebSite","@id":"https:\/\/vinodeli.ee\/#website","url":"https:\/\/vinodeli.ee\/","name":"Vinodeli","description":"","publisher":{"@id":"https:\/\/vinodeli.ee\/#organization"},"potentialAction":[{"@type":"SearchAction","target":{"@type":"EntryPoint","urlTemplate":"https:\/\/vinodeli.ee\/?s={search_term_string}"},"query-input":{"@type":"PropertyValueSpecification","valueRequired":true,"valueName":"search_term_string"}}],"inLanguage":"en-US"},{"@type":"Organization","@id":"https:\/\/vinodeli.ee\/#organization","name":"Vinodeli O\u00dc","url":"https:\/\/vinodeli.ee\/","logo":{"@type":"ImageObject","inLanguage":"en-US","@id":"https:\/\/vinodeli.ee\/#\/schema\/logo\/image\/","url":"https:\/\/vinodeli.ee\/wp-content\/uploads\/2024\/02\/logo-winodeli-1.png","contentUrl":"https:\/\/vinodeli.ee\/wp-content\/uploads\/2024\/02\/logo-winodeli-1.png","width":1500,"height":1150,"caption":"Vinodeli O\u00dc"},"image":{"@id":"https:\/\/vinodeli.ee\/#\/schema\/logo\/image\/"}}]}},"_links":{"self":[{"href":"https:\/\/vinodeli.ee\/en\/wp-json\/wp\/v2\/product\/78559","targetHints":{"allow":["GET"]}}],"collection":[{"href":"https:\/\/vinodeli.ee\/en\/wp-json\/wp\/v2\/product"}],"about":[{"href":"https:\/\/vinodeli.ee\/en\/wp-json\/wp\/v2\/types\/product"}],"version-history":[{"count":0,"href":"https:\/\/vinodeli.ee\/en\/wp-json\/wp\/v2\/product\/78559\/revisions"}],"wp:featuredmedia":[{"embeddable":true,"href":"https:\/\/vinodeli.ee\/en\/wp-json\/wp\/v2\/media\/78562"}],"wp:attachment":[{"href":"https:\/\/vinodeli.ee\/en\/wp-json\/wp\/v2\/media?parent=78559"}],"wp:term":[{"taxonomy":"product_brand","embeddable":true,"href":"https:\/\/vinodeli.ee\/en\/wp-json\/wp\/v2\/product_brand?post=78559"},{"taxonomy":"product_cat","embeddable":true,"href":"https:\/\/vinodeli.ee\/en\/wp-json\/wp\/v2\/product_cat?post=78559"},{"taxonomy":"product_tag","embeddable":true,"href":"https:\/\/vinodeli.ee\/en\/wp-json\/wp\/v2\/product_tag?post=78559"}],"curies":[{"name":"wp","href":"https:\/\/api.w.org\/{rel}","templated":true}]}}