{"id":78647,"date":"2025-12-27T18:30:39","date_gmt":"2025-12-27T16:30:39","guid":{"rendered":"https:\/\/vinodeli.ee\/?post_type=product&#038;p=78647"},"modified":"2025-12-27T19:04:34","modified_gmt":"2025-12-27T17:04:34","slug":"chateau-labbaye-de-giraudon-lussac-saint-emilion-aoc-2023-14-075l","status":"publish","type":"product","link":"https:\/\/vinodeli.ee\/en\/product\/chateau-labbaye-de-giraudon-lussac-saint-emilion-aoc-2023-14-075l\/","title":{"rendered":"Chateau L\u00b4Abbaye de Giraudon Lussac Saint-Emilion AOC 2023 14% 0,75l"},"content":{"rendered":"<h4 style=\"text-align: left;\"><strong>Ch\u00e2teau L&#8217;Abbaye de Giraudon is a dry red wine from the Lussac\u2011Saint\u2011\u00c9milion appellation, located in the prestigious Libournais region of Bordeaux. Made predominantly from Merlot, sometimes complemented by Cabernet Franc or Cabernet Sauvignon. The Libournais region, and especially the Lussac\u2011Saint\u2011\u00c9milion area, benefits from a temperate oceanic climate that is perfectly suited to viticulture. The soils are composed of clay, sand, and gravel, allowing Merlot to fully express its roundness, fruitiness, and density. The history of the vineyard dates back to the Middle Ages, when abbeys around Saint\u2011\u00c9milion were already cultivating vines, giving this terroir a long\u2011standing tradition and recognised prestige.   <\/strong><\/h4>\n<h4><\/h4>\n<h3><strong>Winemaking<\/strong><\/h3>\n<p>The wine is crafted with great care, vinified in tanks and then aged in oak barrels, bringing structure, elegance, and a subtle woody touch.<\/p>\n<h3>Tasting notes<\/h3>\n<p>The wine displays a deep purple colour and a nose marked by ripe black fruits \u2014 plum, blackberry \u2014 enhanced by spicy and lightly toasted notes. On the palate, it offers a remarkable balance between the roundness of the fruit, the finesse of the tannins, and a pleasant freshness. <\/p>\n<h3><strong>Food pairings<\/strong><\/h3>\n<p>To accompany this Lussac\u2011Saint\u2011\u00c9milion, choose traditional Bordeaux dishes such as roasted duck breast, entrec\u00f4te \u00e0 la bordelaise, veal chop with chanterelles, or duck confit. It also pairs beautifully with a selection of aged cheeses or a gratin dauphinois.<br \/>For optimal enjoyment, serve this wine between 16 and 18\u00b0C after about one hour of decanting, allowing it to fully reveal its aromatic complexity and depth.  <\/p>\n<p>&nbsp;<\/p>\n","protected":false},"excerpt":{"rendered":"<blockquote>\n<h4>Grape varieties: 50% Merlot, 50% Cabernet Sauvignon<\/h4>\n<\/blockquote>\n","protected":false},"featured_media":78686,"template":"","meta":{"_acf_changed":false},"product_brand":[],"product_cat":[19462],"product_tag":[],"class_list":{"0":"post-78647","1":"product","2":"type-product","3":"status-publish","4":"has-post-thumbnail","6":"product_cat-red-wine","8":"first","9":"instock","10":"downloadable","11":"taxable","12":"shipping-taxable","13":"purchasable","14":"product-type-simple"},"acf":[],"yoast_head":"<!-- This site is optimized with the Yoast SEO plugin v25.7 - https:\/\/yoast.com\/wordpress\/plugins\/seo\/ -->\n<title>Chateau L\u00b4Abbaye de Giraudon Lussac Saint-Emilion AOC 2023 14% 0,75l - Vinodeli<\/title>\n<meta name=\"robots\" content=\"index, follow, max-snippet:-1, max-image-preview:large, max-video-preview:-1\" \/>\n<link rel=\"canonical\" href=\"https:\/\/vinodeli.ee\/en\/product\/chateau-labbaye-de-giraudon-lussac-saint-emilion-aoc-2023-14-075l\/\" \/>\n<meta property=\"og:locale\" content=\"en_US\" \/>\n<meta property=\"og:type\" content=\"article\" \/>\n<meta property=\"og:title\" content=\"Chateau L\u00b4Abbaye de Giraudon Lussac Saint-Emilion AOC 2023 14% 0,75l - Vinodeli\" \/>\n<meta property=\"og:description\" content=\"Grape varieties: 50% Merlot, 50% Cabernet Sauvignon\" \/>\n<meta property=\"og:url\" content=\"https:\/\/vinodeli.ee\/en\/product\/chateau-labbaye-de-giraudon-lussac-saint-emilion-aoc-2023-14-075l\/\" \/>\n<meta property=\"og:site_name\" content=\"Vinodeli\" \/>\n<meta property=\"article:modified_time\" content=\"2025-12-27T17:04:34+00:00\" \/>\n<meta property=\"og:image\" content=\"https:\/\/vinodeli.ee\/wp-content\/uploads\/2025\/12\/giraudon.jpeg\" \/>\n\t<meta property=\"og:image:width\" content=\"704\" \/>\n\t<meta property=\"og:image:height\" content=\"1472\" \/>\n\t<meta property=\"og:image:type\" content=\"image\/jpeg\" \/>\n<meta name=\"twitter:card\" content=\"summary_large_image\" \/>\n<meta name=\"twitter:label1\" content=\"Est. reading time\" \/>\n\t<meta name=\"twitter:data1\" content=\"1 minute\" \/>\n<script type=\"application\/ld+json\" class=\"yoast-schema-graph\">{\"@context\":\"https:\/\/schema.org\",\"@graph\":[{\"@type\":\"WebPage\",\"@id\":\"https:\/\/vinodeli.ee\/en\/product\/chateau-labbaye-de-giraudon-lussac-saint-emilion-aoc-2023-14-075l\/\",\"url\":\"https:\/\/vinodeli.ee\/en\/product\/chateau-labbaye-de-giraudon-lussac-saint-emilion-aoc-2023-14-075l\/\",\"name\":\"Chateau L\u00b4Abbaye de Giraudon Lussac Saint-Emilion AOC 2023 14% 0,75l - Vinodeli\",\"isPartOf\":{\"@id\":\"https:\/\/vinodeli.ee\/#website\"},\"primaryImageOfPage\":{\"@id\":\"https:\/\/vinodeli.ee\/en\/product\/chateau-labbaye-de-giraudon-lussac-saint-emilion-aoc-2023-14-075l\/#primaryimage\"},\"image\":{\"@id\":\"https:\/\/vinodeli.ee\/en\/product\/chateau-labbaye-de-giraudon-lussac-saint-emilion-aoc-2023-14-075l\/#primaryimage\"},\"thumbnailUrl\":\"https:\/\/vinodeli.ee\/wp-content\/uploads\/2025\/12\/Abbaye-1.jpg\",\"datePublished\":\"2025-12-27T16:30:39+00:00\",\"dateModified\":\"2025-12-27T17:04:34+00:00\",\"breadcrumb\":{\"@id\":\"https:\/\/vinodeli.ee\/en\/product\/chateau-labbaye-de-giraudon-lussac-saint-emilion-aoc-2023-14-075l\/#breadcrumb\"},\"inLanguage\":\"en-US\",\"potentialAction\":[{\"@type\":\"ReadAction\",\"target\":[\"https:\/\/vinodeli.ee\/en\/product\/chateau-labbaye-de-giraudon-lussac-saint-emilion-aoc-2023-14-075l\/\"]}]},{\"@type\":\"ImageObject\",\"inLanguage\":\"en-US\",\"@id\":\"https:\/\/vinodeli.ee\/en\/product\/chateau-labbaye-de-giraudon-lussac-saint-emilion-aoc-2023-14-075l\/#primaryimage\",\"url\":\"https:\/\/vinodeli.ee\/wp-content\/uploads\/2025\/12\/Abbaye-1.jpg\",\"contentUrl\":\"https:\/\/vinodeli.ee\/wp-content\/uploads\/2025\/12\/Abbaye-1.jpg\",\"width\":1472,\"height\":1472},{\"@type\":\"BreadcrumbList\",\"@id\":\"https:\/\/vinodeli.ee\/en\/product\/chateau-labbaye-de-giraudon-lussac-saint-emilion-aoc-2023-14-075l\/#breadcrumb\",\"itemListElement\":[{\"@type\":\"ListItem\",\"position\":1,\"name\":\"Home\",\"item\":\"https:\/\/vinodeli.ee\/en\/\"},{\"@type\":\"ListItem\",\"position\":2,\"name\":\"Shop\",\"item\":\"https:\/\/vinodeli.ee\/pood\/\"},{\"@type\":\"ListItem\",\"position\":3,\"name\":\"Chateau L\u00b4Abbaye de Giraudon Lussac Saint-Emilion AOC 2023 14% 0,75l\"}]},{\"@type\":\"WebSite\",\"@id\":\"https:\/\/vinodeli.ee\/#website\",\"url\":\"https:\/\/vinodeli.ee\/\",\"name\":\"Vinodeli\",\"description\":\"\",\"publisher\":{\"@id\":\"https:\/\/vinodeli.ee\/#organization\"},\"potentialAction\":[{\"@type\":\"SearchAction\",\"target\":{\"@type\":\"EntryPoint\",\"urlTemplate\":\"https:\/\/vinodeli.ee\/?s={search_term_string}\"},\"query-input\":{\"@type\":\"PropertyValueSpecification\",\"valueRequired\":true,\"valueName\":\"search_term_string\"}}],\"inLanguage\":\"en-US\"},{\"@type\":\"Organization\",\"@id\":\"https:\/\/vinodeli.ee\/#organization\",\"name\":\"Vinodeli O\u00dc\",\"url\":\"https:\/\/vinodeli.ee\/\",\"logo\":{\"@type\":\"ImageObject\",\"inLanguage\":\"en-US\",\"@id\":\"https:\/\/vinodeli.ee\/#\/schema\/logo\/image\/\",\"url\":\"https:\/\/vinodeli.ee\/wp-content\/uploads\/2024\/02\/logo-winodeli-1.png\",\"contentUrl\":\"https:\/\/vinodeli.ee\/wp-content\/uploads\/2024\/02\/logo-winodeli-1.png\",\"width\":1500,\"height\":1150,\"caption\":\"Vinodeli O\u00dc\"},\"image\":{\"@id\":\"https:\/\/vinodeli.ee\/#\/schema\/logo\/image\/\"}}]}<\/script>\n<!-- \/ Yoast SEO plugin. -->","yoast_head_json":{"title":"Chateau L\u00b4Abbaye de Giraudon Lussac Saint-Emilion AOC 2023 14% 0,75l - Vinodeli","robots":{"index":"index","follow":"follow","max-snippet":"max-snippet:-1","max-image-preview":"max-image-preview:large","max-video-preview":"max-video-preview:-1"},"canonical":"https:\/\/vinodeli.ee\/en\/product\/chateau-labbaye-de-giraudon-lussac-saint-emilion-aoc-2023-14-075l\/","og_locale":"en_US","og_type":"article","og_title":"Chateau L\u00b4Abbaye de Giraudon Lussac Saint-Emilion AOC 2023 14% 0,75l - Vinodeli","og_description":"Grape varieties: 50% Merlot, 50% Cabernet Sauvignon","og_url":"https:\/\/vinodeli.ee\/en\/product\/chateau-labbaye-de-giraudon-lussac-saint-emilion-aoc-2023-14-075l\/","og_site_name":"Vinodeli","article_modified_time":"2025-12-27T17:04:34+00:00","og_image":[{"width":704,"height":1472,"url":"https:\/\/vinodeli.ee\/wp-content\/uploads\/2025\/12\/giraudon.jpeg","type":"image\/jpeg"}],"twitter_card":"summary_large_image","twitter_misc":{"Est. reading time":"1 minute"},"schema":{"@context":"https:\/\/schema.org","@graph":[{"@type":"WebPage","@id":"https:\/\/vinodeli.ee\/en\/product\/chateau-labbaye-de-giraudon-lussac-saint-emilion-aoc-2023-14-075l\/","url":"https:\/\/vinodeli.ee\/en\/product\/chateau-labbaye-de-giraudon-lussac-saint-emilion-aoc-2023-14-075l\/","name":"Chateau L\u00b4Abbaye de Giraudon Lussac Saint-Emilion AOC 2023 14% 0,75l - Vinodeli","isPartOf":{"@id":"https:\/\/vinodeli.ee\/#website"},"primaryImageOfPage":{"@id":"https:\/\/vinodeli.ee\/en\/product\/chateau-labbaye-de-giraudon-lussac-saint-emilion-aoc-2023-14-075l\/#primaryimage"},"image":{"@id":"https:\/\/vinodeli.ee\/en\/product\/chateau-labbaye-de-giraudon-lussac-saint-emilion-aoc-2023-14-075l\/#primaryimage"},"thumbnailUrl":"https:\/\/vinodeli.ee\/wp-content\/uploads\/2025\/12\/Abbaye-1.jpg","datePublished":"2025-12-27T16:30:39+00:00","dateModified":"2025-12-27T17:04:34+00:00","breadcrumb":{"@id":"https:\/\/vinodeli.ee\/en\/product\/chateau-labbaye-de-giraudon-lussac-saint-emilion-aoc-2023-14-075l\/#breadcrumb"},"inLanguage":"en-US","potentialAction":[{"@type":"ReadAction","target":["https:\/\/vinodeli.ee\/en\/product\/chateau-labbaye-de-giraudon-lussac-saint-emilion-aoc-2023-14-075l\/"]}]},{"@type":"ImageObject","inLanguage":"en-US","@id":"https:\/\/vinodeli.ee\/en\/product\/chateau-labbaye-de-giraudon-lussac-saint-emilion-aoc-2023-14-075l\/#primaryimage","url":"https:\/\/vinodeli.ee\/wp-content\/uploads\/2025\/12\/Abbaye-1.jpg","contentUrl":"https:\/\/vinodeli.ee\/wp-content\/uploads\/2025\/12\/Abbaye-1.jpg","width":1472,"height":1472},{"@type":"BreadcrumbList","@id":"https:\/\/vinodeli.ee\/en\/product\/chateau-labbaye-de-giraudon-lussac-saint-emilion-aoc-2023-14-075l\/#breadcrumb","itemListElement":[{"@type":"ListItem","position":1,"name":"Home","item":"https:\/\/vinodeli.ee\/en\/"},{"@type":"ListItem","position":2,"name":"Shop","item":"https:\/\/vinodeli.ee\/pood\/"},{"@type":"ListItem","position":3,"name":"Chateau L\u00b4Abbaye de Giraudon Lussac Saint-Emilion AOC 2023 14% 0,75l"}]},{"@type":"WebSite","@id":"https:\/\/vinodeli.ee\/#website","url":"https:\/\/vinodeli.ee\/","name":"Vinodeli","description":"","publisher":{"@id":"https:\/\/vinodeli.ee\/#organization"},"potentialAction":[{"@type":"SearchAction","target":{"@type":"EntryPoint","urlTemplate":"https:\/\/vinodeli.ee\/?s={search_term_string}"},"query-input":{"@type":"PropertyValueSpecification","valueRequired":true,"valueName":"search_term_string"}}],"inLanguage":"en-US"},{"@type":"Organization","@id":"https:\/\/vinodeli.ee\/#organization","name":"Vinodeli O\u00dc","url":"https:\/\/vinodeli.ee\/","logo":{"@type":"ImageObject","inLanguage":"en-US","@id":"https:\/\/vinodeli.ee\/#\/schema\/logo\/image\/","url":"https:\/\/vinodeli.ee\/wp-content\/uploads\/2024\/02\/logo-winodeli-1.png","contentUrl":"https:\/\/vinodeli.ee\/wp-content\/uploads\/2024\/02\/logo-winodeli-1.png","width":1500,"height":1150,"caption":"Vinodeli O\u00dc"},"image":{"@id":"https:\/\/vinodeli.ee\/#\/schema\/logo\/image\/"}}]}},"_links":{"self":[{"href":"https:\/\/vinodeli.ee\/en\/wp-json\/wp\/v2\/product\/78647","targetHints":{"allow":["GET"]}}],"collection":[{"href":"https:\/\/vinodeli.ee\/en\/wp-json\/wp\/v2\/product"}],"about":[{"href":"https:\/\/vinodeli.ee\/en\/wp-json\/wp\/v2\/types\/product"}],"version-history":[{"count":0,"href":"https:\/\/vinodeli.ee\/en\/wp-json\/wp\/v2\/product\/78647\/revisions"}],"wp:featuredmedia":[{"embeddable":true,"href":"https:\/\/vinodeli.ee\/en\/wp-json\/wp\/v2\/media\/78686"}],"wp:attachment":[{"href":"https:\/\/vinodeli.ee\/en\/wp-json\/wp\/v2\/media?parent=78647"}],"wp:term":[{"taxonomy":"product_brand","embeddable":true,"href":"https:\/\/vinodeli.ee\/en\/wp-json\/wp\/v2\/product_brand?post=78647"},{"taxonomy":"product_cat","embeddable":true,"href":"https:\/\/vinodeli.ee\/en\/wp-json\/wp\/v2\/product_cat?post=78647"},{"taxonomy":"product_tag","embeddable":true,"href":"https:\/\/vinodeli.ee\/en\/wp-json\/wp\/v2\/product_tag?post=78647"}],"curies":[{"name":"wp","href":"https:\/\/api.w.org\/{rel}","templated":true}]}}