{"id":78944,"date":"2026-01-09T16:36:40","date_gmt":"2026-01-09T14:36:40","guid":{"rendered":"https:\/\/vinodeli.ee\/?post_type=product&#038;p=78944"},"modified":"2026-01-09T16:53:26","modified_gmt":"2026-01-09T14:53:26","slug":"cchateau-chenes-laforest-cuvee-exclusive-bordeaux-rouge-aoc-2020-135-075l","status":"publish","type":"product","link":"https:\/\/vinodeli.ee\/en\/product\/cchateau-chenes-laforest-cuvee-exclusive-bordeaux-rouge-aoc-2020-135-075l\/","title":{"rendered":"Chateau Chenes Laforest Cuvee Exclusive Bordeaux Rouge AOC 2020 13,5% 0,75l"},"content":{"rendered":"<blockquote><p><strong>Ch\u00e2teau Ch\u00eanes Laforest Cuv\u00e9e Exclusive 2020 is an elegant dry red wine from the Bordeaux AOC appellation, produced on a 25\u2011hectare family estate in the Entre\u2011Deux\u2011Mers region. The property was fully modernized in 2013, combining traditional Bordeaux winemaking with contemporary techniques. Today, the estate is known for consistent quality and expressive, fruit\u2011driven wines.  <\/strong><\/p>\n<p><strong>The 2020 vintage is rated as \u201cvery successful\u201d by Guide Hachette des Vins.<\/strong><\/p><\/blockquote>\n<p>&nbsp;<\/p>\n<h3><strong>Tasting notes<\/strong><\/h3>\n<p>Color: deep ruby<br \/>Aroma: black and red berries, hints of licorice and graphite<br \/>Palate: fruity, round, with silky soft tannins; fresh and well\u2011balanced<br \/>Style: classic Bordeaux \u2014 approachable and enjoyable<\/p>\n<h2><strong>Food pairings<\/strong><\/h2>\n<p>Pairs well with grilled meats, poultry, and semi\u2011hard cheeses.<\/p>\n<p>&nbsp;<\/p>\n","protected":false},"excerpt":{"rendered":"<blockquote>\n<h4>Grape varieties: 90% Merlot, 10% Cabernet Franc<\/h4>\n<\/blockquote>\n","protected":false},"featured_media":78947,"template":"","meta":{"_acf_changed":false},"product_brand":[],"product_cat":[19462],"product_tag":[],"class_list":{"0":"post-78944","1":"product","2":"type-product","3":"status-publish","4":"has-post-thumbnail","6":"product_cat-red-wine","8":"first","9":"instock","10":"taxable","11":"shipping-taxable","12":"purchasable","13":"product-type-simple"},"acf":[],"yoast_head":"<!-- This site is optimized with the Yoast SEO plugin v25.7 - https:\/\/yoast.com\/wordpress\/plugins\/seo\/ -->\n<title>Chateau Chenes Laforest Cuvee Exclusive Bordeaux Rouge AOC 2020 13,5% 0,75l - Vinodeli<\/title>\n<meta name=\"robots\" content=\"index, follow, max-snippet:-1, max-image-preview:large, max-video-preview:-1\" \/>\n<link rel=\"canonical\" href=\"https:\/\/vinodeli.ee\/en\/product\/cchateau-chenes-laforest-cuvee-exclusive-bordeaux-rouge-aoc-2020-135-075l\/\" \/>\n<meta property=\"og:locale\" content=\"en_US\" \/>\n<meta property=\"og:type\" content=\"article\" \/>\n<meta property=\"og:title\" content=\"Chateau Chenes Laforest Cuvee Exclusive Bordeaux Rouge AOC 2020 13,5% 0,75l - Vinodeli\" \/>\n<meta property=\"og:description\" content=\"Grape varieties: 90% Merlot, 10% Cabernet Franc\" \/>\n<meta property=\"og:url\" content=\"https:\/\/vinodeli.ee\/en\/product\/cchateau-chenes-laforest-cuvee-exclusive-bordeaux-rouge-aoc-2020-135-075l\/\" \/>\n<meta property=\"og:site_name\" content=\"Vinodeli\" \/>\n<meta property=\"article:modified_time\" content=\"2026-01-09T14:53:26+00:00\" \/>\n<meta property=\"og:image\" content=\"https:\/\/vinodeli.ee\/wp-content\/uploads\/2026\/01\/Laforest.jpg\" \/>\n\t<meta property=\"og:image:width\" content=\"1600\" \/>\n\t<meta property=\"og:image:height\" content=\"1600\" \/>\n\t<meta property=\"og:image:type\" content=\"image\/jpeg\" \/>\n<meta name=\"twitter:card\" content=\"summary_large_image\" \/>\n<meta name=\"twitter:label1\" content=\"Est. reading time\" \/>\n\t<meta name=\"twitter:data1\" content=\"1 minute\" \/>\n<script type=\"application\/ld+json\" class=\"yoast-schema-graph\">{\"@context\":\"https:\/\/schema.org\",\"@graph\":[{\"@type\":\"WebPage\",\"@id\":\"https:\/\/vinodeli.ee\/en\/product\/cchateau-chenes-laforest-cuvee-exclusive-bordeaux-rouge-aoc-2020-135-075l\/\",\"url\":\"https:\/\/vinodeli.ee\/en\/product\/cchateau-chenes-laforest-cuvee-exclusive-bordeaux-rouge-aoc-2020-135-075l\/\",\"name\":\"Chateau Chenes Laforest Cuvee Exclusive Bordeaux Rouge AOC 2020 13,5% 0,75l - Vinodeli\",\"isPartOf\":{\"@id\":\"https:\/\/vinodeli.ee\/#website\"},\"primaryImageOfPage\":{\"@id\":\"https:\/\/vinodeli.ee\/en\/product\/cchateau-chenes-laforest-cuvee-exclusive-bordeaux-rouge-aoc-2020-135-075l\/#primaryimage\"},\"image\":{\"@id\":\"https:\/\/vinodeli.ee\/en\/product\/cchateau-chenes-laforest-cuvee-exclusive-bordeaux-rouge-aoc-2020-135-075l\/#primaryimage\"},\"thumbnailUrl\":\"https:\/\/vinodeli.ee\/wp-content\/uploads\/2026\/01\/Laforest.jpg\",\"datePublished\":\"2026-01-09T14:36:40+00:00\",\"dateModified\":\"2026-01-09T14:53:26+00:00\",\"breadcrumb\":{\"@id\":\"https:\/\/vinodeli.ee\/en\/product\/cchateau-chenes-laforest-cuvee-exclusive-bordeaux-rouge-aoc-2020-135-075l\/#breadcrumb\"},\"inLanguage\":\"en-US\",\"potentialAction\":[{\"@type\":\"ReadAction\",\"target\":[\"https:\/\/vinodeli.ee\/en\/product\/cchateau-chenes-laforest-cuvee-exclusive-bordeaux-rouge-aoc-2020-135-075l\/\"]}]},{\"@type\":\"ImageObject\",\"inLanguage\":\"en-US\",\"@id\":\"https:\/\/vinodeli.ee\/en\/product\/cchateau-chenes-laforest-cuvee-exclusive-bordeaux-rouge-aoc-2020-135-075l\/#primaryimage\",\"url\":\"https:\/\/vinodeli.ee\/wp-content\/uploads\/2026\/01\/Laforest.jpg\",\"contentUrl\":\"https:\/\/vinodeli.ee\/wp-content\/uploads\/2026\/01\/Laforest.jpg\",\"width\":1600,\"height\":1600},{\"@type\":\"BreadcrumbList\",\"@id\":\"https:\/\/vinodeli.ee\/en\/product\/cchateau-chenes-laforest-cuvee-exclusive-bordeaux-rouge-aoc-2020-135-075l\/#breadcrumb\",\"itemListElement\":[{\"@type\":\"ListItem\",\"position\":1,\"name\":\"Home\",\"item\":\"https:\/\/vinodeli.ee\/en\/\"},{\"@type\":\"ListItem\",\"position\":2,\"name\":\"Shop\",\"item\":\"https:\/\/vinodeli.ee\/pood\/\"},{\"@type\":\"ListItem\",\"position\":3,\"name\":\"Chateau Chenes Laforest Cuvee Exclusive Bordeaux Rouge AOC 2020 13,5% 0,75l\"}]},{\"@type\":\"WebSite\",\"@id\":\"https:\/\/vinodeli.ee\/#website\",\"url\":\"https:\/\/vinodeli.ee\/\",\"name\":\"Vinodeli\",\"description\":\"\",\"publisher\":{\"@id\":\"https:\/\/vinodeli.ee\/#organization\"},\"potentialAction\":[{\"@type\":\"SearchAction\",\"target\":{\"@type\":\"EntryPoint\",\"urlTemplate\":\"https:\/\/vinodeli.ee\/?s={search_term_string}\"},\"query-input\":{\"@type\":\"PropertyValueSpecification\",\"valueRequired\":true,\"valueName\":\"search_term_string\"}}],\"inLanguage\":\"en-US\"},{\"@type\":\"Organization\",\"@id\":\"https:\/\/vinodeli.ee\/#organization\",\"name\":\"Vinodeli O\u00dc\",\"url\":\"https:\/\/vinodeli.ee\/\",\"logo\":{\"@type\":\"ImageObject\",\"inLanguage\":\"en-US\",\"@id\":\"https:\/\/vinodeli.ee\/#\/schema\/logo\/image\/\",\"url\":\"https:\/\/vinodeli.ee\/wp-content\/uploads\/2024\/02\/logo-winodeli-1.png\",\"contentUrl\":\"https:\/\/vinodeli.ee\/wp-content\/uploads\/2024\/02\/logo-winodeli-1.png\",\"width\":1500,\"height\":1150,\"caption\":\"Vinodeli O\u00dc\"},\"image\":{\"@id\":\"https:\/\/vinodeli.ee\/#\/schema\/logo\/image\/\"}}]}<\/script>\n<!-- \/ Yoast SEO plugin. -->","yoast_head_json":{"title":"Chateau Chenes Laforest Cuvee Exclusive Bordeaux Rouge AOC 2020 13,5% 0,75l - Vinodeli","robots":{"index":"index","follow":"follow","max-snippet":"max-snippet:-1","max-image-preview":"max-image-preview:large","max-video-preview":"max-video-preview:-1"},"canonical":"https:\/\/vinodeli.ee\/en\/product\/cchateau-chenes-laforest-cuvee-exclusive-bordeaux-rouge-aoc-2020-135-075l\/","og_locale":"en_US","og_type":"article","og_title":"Chateau Chenes Laforest Cuvee Exclusive Bordeaux Rouge AOC 2020 13,5% 0,75l - Vinodeli","og_description":"Grape varieties: 90% Merlot, 10% Cabernet Franc","og_url":"https:\/\/vinodeli.ee\/en\/product\/cchateau-chenes-laforest-cuvee-exclusive-bordeaux-rouge-aoc-2020-135-075l\/","og_site_name":"Vinodeli","article_modified_time":"2026-01-09T14:53:26+00:00","og_image":[{"width":1600,"height":1600,"url":"https:\/\/vinodeli.ee\/wp-content\/uploads\/2026\/01\/Laforest.jpg","type":"image\/jpeg"}],"twitter_card":"summary_large_image","twitter_misc":{"Est. reading time":"1 minute"},"schema":{"@context":"https:\/\/schema.org","@graph":[{"@type":"WebPage","@id":"https:\/\/vinodeli.ee\/en\/product\/cchateau-chenes-laforest-cuvee-exclusive-bordeaux-rouge-aoc-2020-135-075l\/","url":"https:\/\/vinodeli.ee\/en\/product\/cchateau-chenes-laforest-cuvee-exclusive-bordeaux-rouge-aoc-2020-135-075l\/","name":"Chateau Chenes Laforest Cuvee Exclusive Bordeaux Rouge AOC 2020 13,5% 0,75l - Vinodeli","isPartOf":{"@id":"https:\/\/vinodeli.ee\/#website"},"primaryImageOfPage":{"@id":"https:\/\/vinodeli.ee\/en\/product\/cchateau-chenes-laforest-cuvee-exclusive-bordeaux-rouge-aoc-2020-135-075l\/#primaryimage"},"image":{"@id":"https:\/\/vinodeli.ee\/en\/product\/cchateau-chenes-laforest-cuvee-exclusive-bordeaux-rouge-aoc-2020-135-075l\/#primaryimage"},"thumbnailUrl":"https:\/\/vinodeli.ee\/wp-content\/uploads\/2026\/01\/Laforest.jpg","datePublished":"2026-01-09T14:36:40+00:00","dateModified":"2026-01-09T14:53:26+00:00","breadcrumb":{"@id":"https:\/\/vinodeli.ee\/en\/product\/cchateau-chenes-laforest-cuvee-exclusive-bordeaux-rouge-aoc-2020-135-075l\/#breadcrumb"},"inLanguage":"en-US","potentialAction":[{"@type":"ReadAction","target":["https:\/\/vinodeli.ee\/en\/product\/cchateau-chenes-laforest-cuvee-exclusive-bordeaux-rouge-aoc-2020-135-075l\/"]}]},{"@type":"ImageObject","inLanguage":"en-US","@id":"https:\/\/vinodeli.ee\/en\/product\/cchateau-chenes-laforest-cuvee-exclusive-bordeaux-rouge-aoc-2020-135-075l\/#primaryimage","url":"https:\/\/vinodeli.ee\/wp-content\/uploads\/2026\/01\/Laforest.jpg","contentUrl":"https:\/\/vinodeli.ee\/wp-content\/uploads\/2026\/01\/Laforest.jpg","width":1600,"height":1600},{"@type":"BreadcrumbList","@id":"https:\/\/vinodeli.ee\/en\/product\/cchateau-chenes-laforest-cuvee-exclusive-bordeaux-rouge-aoc-2020-135-075l\/#breadcrumb","itemListElement":[{"@type":"ListItem","position":1,"name":"Home","item":"https:\/\/vinodeli.ee\/en\/"},{"@type":"ListItem","position":2,"name":"Shop","item":"https:\/\/vinodeli.ee\/pood\/"},{"@type":"ListItem","position":3,"name":"Chateau Chenes Laforest Cuvee Exclusive Bordeaux Rouge AOC 2020 13,5% 0,75l"}]},{"@type":"WebSite","@id":"https:\/\/vinodeli.ee\/#website","url":"https:\/\/vinodeli.ee\/","name":"Vinodeli","description":"","publisher":{"@id":"https:\/\/vinodeli.ee\/#organization"},"potentialAction":[{"@type":"SearchAction","target":{"@type":"EntryPoint","urlTemplate":"https:\/\/vinodeli.ee\/?s={search_term_string}"},"query-input":{"@type":"PropertyValueSpecification","valueRequired":true,"valueName":"search_term_string"}}],"inLanguage":"en-US"},{"@type":"Organization","@id":"https:\/\/vinodeli.ee\/#organization","name":"Vinodeli O\u00dc","url":"https:\/\/vinodeli.ee\/","logo":{"@type":"ImageObject","inLanguage":"en-US","@id":"https:\/\/vinodeli.ee\/#\/schema\/logo\/image\/","url":"https:\/\/vinodeli.ee\/wp-content\/uploads\/2024\/02\/logo-winodeli-1.png","contentUrl":"https:\/\/vinodeli.ee\/wp-content\/uploads\/2024\/02\/logo-winodeli-1.png","width":1500,"height":1150,"caption":"Vinodeli O\u00dc"},"image":{"@id":"https:\/\/vinodeli.ee\/#\/schema\/logo\/image\/"}}]}},"_links":{"self":[{"href":"https:\/\/vinodeli.ee\/en\/wp-json\/wp\/v2\/product\/78944","targetHints":{"allow":["GET"]}}],"collection":[{"href":"https:\/\/vinodeli.ee\/en\/wp-json\/wp\/v2\/product"}],"about":[{"href":"https:\/\/vinodeli.ee\/en\/wp-json\/wp\/v2\/types\/product"}],"version-history":[{"count":0,"href":"https:\/\/vinodeli.ee\/en\/wp-json\/wp\/v2\/product\/78944\/revisions"}],"wp:featuredmedia":[{"embeddable":true,"href":"https:\/\/vinodeli.ee\/en\/wp-json\/wp\/v2\/media\/78947"}],"wp:attachment":[{"href":"https:\/\/vinodeli.ee\/en\/wp-json\/wp\/v2\/media?parent=78944"}],"wp:term":[{"taxonomy":"product_brand","embeddable":true,"href":"https:\/\/vinodeli.ee\/en\/wp-json\/wp\/v2\/product_brand?post=78944"},{"taxonomy":"product_cat","embeddable":true,"href":"https:\/\/vinodeli.ee\/en\/wp-json\/wp\/v2\/product_cat?post=78944"},{"taxonomy":"product_tag","embeddable":true,"href":"https:\/\/vinodeli.ee\/en\/wp-json\/wp\/v2\/product_tag?post=78944"}],"curies":[{"name":"wp","href":"https:\/\/api.w.org\/{rel}","templated":true}]}}