{"id":79330,"date":"2026-01-15T15:01:09","date_gmt":"2026-01-15T13:01:09","guid":{"rendered":"https:\/\/vinodeli.ee\/?post_type=product&#038;p=79330"},"modified":"2026-01-15T16:17:37","modified_gmt":"2026-01-15T14:17:37","slug":"fondo-antico-lumiere-chardonnay-sicilia-2024-doc-bio-125-075l","status":"publish","type":"product","link":"https:\/\/vinodeli.ee\/en\/product\/fondo-antico-lumiere-chardonnay-sicilia-2024-doc-bio-125-075l\/","title":{"rendered":"Fondo Antico Lumiere Chardonnay Sicilia 2024 DOC BIO 12,5% 0,75l"},"content":{"rendered":"<blockquote>\n<h5>Fondo Antico is a family\u2011run winery in the Trapani area, built on deep respect for Sicilian land and the century\u2011long winemaking heritage of the Polizzotti\u2011Scuderi family. Across 80 hectares of vineyards in Contrada Portelli, tradition blends with innovation, resulting in wines that capture the strength, generosity and distinctive character of Sicily. <\/h5>\n<\/blockquote>\n<p><em>Chardonnay <\/em>is an ancient grape variety of unquestionable elegance: its typical notes of vanilla, banana and tobacco blend with fresher hints of orange blossom, figs and spices. The palate is full and long, with a savory finish imparted by the land. It is cultivated on calcareous hills that reflect the light and the glow of the sun \u2014 elements to which the name of <em>Lumiere Chardonnay<\/em> is dedicated. <\/p>\n<h3>Winemaking<\/h3>\n<p>Altitude: 250 m above sea level<br \/>Harvest period: mid\u2011 to late August<br \/>Winemaking: grape chilling upon arrival, soft pressing, vinification in stainless steel at controlled temperature<br \/>Aging: 20% in French oak barrels; the remainder in steel tanks with repeated lees stirring<\/p>\n<h3>Tasting notes<\/h3>\n<p><strong>V\u00e4rvus:<\/strong> erk \u00f5lekollane. <strong>Aroom:<\/strong> k\u00fcps valge viljaliha, mida pehmendavad lille- ja v\u00fcrtsinoodid. <strong>Maitse:<\/strong> t\u00e4idlane, v\u00e4rske puuvilja ja p\u00e4hkliste n\u00fcanssidega.<\/p>\n<h3><strong>Food pairings<\/strong><\/h3>\n<p>Color: bright straw yellow.<br \/>Nose: predominant ripe white\u2011pulp fruit, softened by floral and spicy notes.<br \/>Palate: full\u2011bodied, with flavours of fresh fruit and nuts.  <\/p>\n","protected":false},"excerpt":{"rendered":"<blockquote>\n<h4>Grape varieties:Traminer Aromatico and Sauvignon Blanc<\/h4>\n<\/blockquote>\n<ul>\n<li>Raffaele Vecchione &#8211; WinesCritic.com (2019 vintage) &#8211; 93 points<\/li>\n<li>Decanter World Wine Awards (2020 vintage) &#8211; 90 points<\/li>\n<\/ul>\n","protected":false},"featured_media":79333,"template":"","meta":{"_acf_changed":false},"product_brand":[],"product_cat":[19460],"product_tag":[],"class_list":{"0":"post-79330","1":"product","2":"type-product","3":"status-publish","4":"has-post-thumbnail","6":"product_cat-white-wine","8":"first","9":"outofstock","10":"taxable","11":"shipping-taxable","12":"purchasable","13":"product-type-simple"},"acf":[],"yoast_head":"<!-- This site is optimized with the Yoast SEO plugin v25.7 - https:\/\/yoast.com\/wordpress\/plugins\/seo\/ -->\n<title>Fondo Antico Lumiere Chardonnay Sicilia 2024 DOC BIO 12,5% 0,75l - Vinodeli<\/title>\n<meta name=\"robots\" content=\"index, follow, max-snippet:-1, max-image-preview:large, max-video-preview:-1\" \/>\n<link rel=\"canonical\" href=\"https:\/\/vinodeli.ee\/en\/product\/fondo-antico-lumiere-chardonnay-sicilia-2024-doc-bio-125-075l\/\" \/>\n<meta property=\"og:locale\" content=\"en_US\" \/>\n<meta property=\"og:type\" content=\"article\" \/>\n<meta property=\"og:title\" content=\"Fondo Antico Lumiere Chardonnay Sicilia 2024 DOC BIO 12,5% 0,75l - Vinodeli\" \/>\n<meta property=\"og:description\" content=\"Grape varieties:Traminer Aromatico and Sauvignon Blanc Raffaele Vecchione - WinesCritic.com (2019 vintage) - 93 points Decanter World Wine Awards (2020 vintage) - 90 points\" \/>\n<meta property=\"og:url\" content=\"https:\/\/vinodeli.ee\/en\/product\/fondo-antico-lumiere-chardonnay-sicilia-2024-doc-bio-125-075l\/\" \/>\n<meta property=\"og:site_name\" content=\"Vinodeli\" \/>\n<meta property=\"article:modified_time\" content=\"2026-01-15T14:17:37+00:00\" \/>\n<meta property=\"og:image\" content=\"https:\/\/vinodeli.ee\/wp-content\/uploads\/2026\/01\/Lumiere.jpg\" \/>\n\t<meta property=\"og:image:width\" content=\"1536\" \/>\n\t<meta property=\"og:image:height\" content=\"1536\" \/>\n\t<meta property=\"og:image:type\" content=\"image\/jpeg\" \/>\n<meta name=\"twitter:card\" content=\"summary_large_image\" \/>\n<meta name=\"twitter:label1\" content=\"Est. reading time\" \/>\n\t<meta name=\"twitter:data1\" content=\"1 minute\" \/>\n<script type=\"application\/ld+json\" class=\"yoast-schema-graph\">{\"@context\":\"https:\/\/schema.org\",\"@graph\":[{\"@type\":\"WebPage\",\"@id\":\"https:\/\/vinodeli.ee\/en\/product\/fondo-antico-lumiere-chardonnay-sicilia-2024-doc-bio-125-075l\/\",\"url\":\"https:\/\/vinodeli.ee\/en\/product\/fondo-antico-lumiere-chardonnay-sicilia-2024-doc-bio-125-075l\/\",\"name\":\"Fondo Antico Lumiere Chardonnay Sicilia 2024 DOC BIO 12,5% 0,75l - Vinodeli\",\"isPartOf\":{\"@id\":\"https:\/\/vinodeli.ee\/#website\"},\"primaryImageOfPage\":{\"@id\":\"https:\/\/vinodeli.ee\/en\/product\/fondo-antico-lumiere-chardonnay-sicilia-2024-doc-bio-125-075l\/#primaryimage\"},\"image\":{\"@id\":\"https:\/\/vinodeli.ee\/en\/product\/fondo-antico-lumiere-chardonnay-sicilia-2024-doc-bio-125-075l\/#primaryimage\"},\"thumbnailUrl\":\"https:\/\/vinodeli.ee\/wp-content\/uploads\/2026\/01\/Lumiere.jpg\",\"datePublished\":\"2026-01-15T13:01:09+00:00\",\"dateModified\":\"2026-01-15T14:17:37+00:00\",\"breadcrumb\":{\"@id\":\"https:\/\/vinodeli.ee\/en\/product\/fondo-antico-lumiere-chardonnay-sicilia-2024-doc-bio-125-075l\/#breadcrumb\"},\"inLanguage\":\"en-US\",\"potentialAction\":[{\"@type\":\"ReadAction\",\"target\":[\"https:\/\/vinodeli.ee\/en\/product\/fondo-antico-lumiere-chardonnay-sicilia-2024-doc-bio-125-075l\/\"]}]},{\"@type\":\"ImageObject\",\"inLanguage\":\"en-US\",\"@id\":\"https:\/\/vinodeli.ee\/en\/product\/fondo-antico-lumiere-chardonnay-sicilia-2024-doc-bio-125-075l\/#primaryimage\",\"url\":\"https:\/\/vinodeli.ee\/wp-content\/uploads\/2026\/01\/Lumiere.jpg\",\"contentUrl\":\"https:\/\/vinodeli.ee\/wp-content\/uploads\/2026\/01\/Lumiere.jpg\",\"width\":1536,\"height\":1536},{\"@type\":\"BreadcrumbList\",\"@id\":\"https:\/\/vinodeli.ee\/en\/product\/fondo-antico-lumiere-chardonnay-sicilia-2024-doc-bio-125-075l\/#breadcrumb\",\"itemListElement\":[{\"@type\":\"ListItem\",\"position\":1,\"name\":\"Home\",\"item\":\"https:\/\/vinodeli.ee\/en\/\"},{\"@type\":\"ListItem\",\"position\":2,\"name\":\"Shop\",\"item\":\"https:\/\/vinodeli.ee\/pood\/\"},{\"@type\":\"ListItem\",\"position\":3,\"name\":\"Fondo Antico Lumiere Chardonnay Sicilia 2024 DOC BIO 12,5% 0,75l\"}]},{\"@type\":\"WebSite\",\"@id\":\"https:\/\/vinodeli.ee\/#website\",\"url\":\"https:\/\/vinodeli.ee\/\",\"name\":\"Vinodeli\",\"description\":\"\",\"publisher\":{\"@id\":\"https:\/\/vinodeli.ee\/#organization\"},\"potentialAction\":[{\"@type\":\"SearchAction\",\"target\":{\"@type\":\"EntryPoint\",\"urlTemplate\":\"https:\/\/vinodeli.ee\/?s={search_term_string}\"},\"query-input\":{\"@type\":\"PropertyValueSpecification\",\"valueRequired\":true,\"valueName\":\"search_term_string\"}}],\"inLanguage\":\"en-US\"},{\"@type\":\"Organization\",\"@id\":\"https:\/\/vinodeli.ee\/#organization\",\"name\":\"Vinodeli O\u00dc\",\"url\":\"https:\/\/vinodeli.ee\/\",\"logo\":{\"@type\":\"ImageObject\",\"inLanguage\":\"en-US\",\"@id\":\"https:\/\/vinodeli.ee\/#\/schema\/logo\/image\/\",\"url\":\"https:\/\/vinodeli.ee\/wp-content\/uploads\/2024\/02\/logo-winodeli-1.png\",\"contentUrl\":\"https:\/\/vinodeli.ee\/wp-content\/uploads\/2024\/02\/logo-winodeli-1.png\",\"width\":1500,\"height\":1150,\"caption\":\"Vinodeli O\u00dc\"},\"image\":{\"@id\":\"https:\/\/vinodeli.ee\/#\/schema\/logo\/image\/\"}}]}<\/script>\n<!-- \/ Yoast SEO plugin. -->","yoast_head_json":{"title":"Fondo Antico Lumiere Chardonnay Sicilia 2024 DOC BIO 12,5% 0,75l - Vinodeli","robots":{"index":"index","follow":"follow","max-snippet":"max-snippet:-1","max-image-preview":"max-image-preview:large","max-video-preview":"max-video-preview:-1"},"canonical":"https:\/\/vinodeli.ee\/en\/product\/fondo-antico-lumiere-chardonnay-sicilia-2024-doc-bio-125-075l\/","og_locale":"en_US","og_type":"article","og_title":"Fondo Antico Lumiere Chardonnay Sicilia 2024 DOC BIO 12,5% 0,75l - Vinodeli","og_description":"Grape varieties:Traminer Aromatico and Sauvignon Blanc Raffaele Vecchione - WinesCritic.com (2019 vintage) - 93 points Decanter World Wine Awards (2020 vintage) - 90 points","og_url":"https:\/\/vinodeli.ee\/en\/product\/fondo-antico-lumiere-chardonnay-sicilia-2024-doc-bio-125-075l\/","og_site_name":"Vinodeli","article_modified_time":"2026-01-15T14:17:37+00:00","og_image":[{"width":1536,"height":1536,"url":"https:\/\/vinodeli.ee\/wp-content\/uploads\/2026\/01\/Lumiere.jpg","type":"image\/jpeg"}],"twitter_card":"summary_large_image","twitter_misc":{"Est. reading time":"1 minute"},"schema":{"@context":"https:\/\/schema.org","@graph":[{"@type":"WebPage","@id":"https:\/\/vinodeli.ee\/en\/product\/fondo-antico-lumiere-chardonnay-sicilia-2024-doc-bio-125-075l\/","url":"https:\/\/vinodeli.ee\/en\/product\/fondo-antico-lumiere-chardonnay-sicilia-2024-doc-bio-125-075l\/","name":"Fondo Antico Lumiere Chardonnay Sicilia 2024 DOC BIO 12,5% 0,75l - Vinodeli","isPartOf":{"@id":"https:\/\/vinodeli.ee\/#website"},"primaryImageOfPage":{"@id":"https:\/\/vinodeli.ee\/en\/product\/fondo-antico-lumiere-chardonnay-sicilia-2024-doc-bio-125-075l\/#primaryimage"},"image":{"@id":"https:\/\/vinodeli.ee\/en\/product\/fondo-antico-lumiere-chardonnay-sicilia-2024-doc-bio-125-075l\/#primaryimage"},"thumbnailUrl":"https:\/\/vinodeli.ee\/wp-content\/uploads\/2026\/01\/Lumiere.jpg","datePublished":"2026-01-15T13:01:09+00:00","dateModified":"2026-01-15T14:17:37+00:00","breadcrumb":{"@id":"https:\/\/vinodeli.ee\/en\/product\/fondo-antico-lumiere-chardonnay-sicilia-2024-doc-bio-125-075l\/#breadcrumb"},"inLanguage":"en-US","potentialAction":[{"@type":"ReadAction","target":["https:\/\/vinodeli.ee\/en\/product\/fondo-antico-lumiere-chardonnay-sicilia-2024-doc-bio-125-075l\/"]}]},{"@type":"ImageObject","inLanguage":"en-US","@id":"https:\/\/vinodeli.ee\/en\/product\/fondo-antico-lumiere-chardonnay-sicilia-2024-doc-bio-125-075l\/#primaryimage","url":"https:\/\/vinodeli.ee\/wp-content\/uploads\/2026\/01\/Lumiere.jpg","contentUrl":"https:\/\/vinodeli.ee\/wp-content\/uploads\/2026\/01\/Lumiere.jpg","width":1536,"height":1536},{"@type":"BreadcrumbList","@id":"https:\/\/vinodeli.ee\/en\/product\/fondo-antico-lumiere-chardonnay-sicilia-2024-doc-bio-125-075l\/#breadcrumb","itemListElement":[{"@type":"ListItem","position":1,"name":"Home","item":"https:\/\/vinodeli.ee\/en\/"},{"@type":"ListItem","position":2,"name":"Shop","item":"https:\/\/vinodeli.ee\/pood\/"},{"@type":"ListItem","position":3,"name":"Fondo Antico Lumiere Chardonnay Sicilia 2024 DOC BIO 12,5% 0,75l"}]},{"@type":"WebSite","@id":"https:\/\/vinodeli.ee\/#website","url":"https:\/\/vinodeli.ee\/","name":"Vinodeli","description":"","publisher":{"@id":"https:\/\/vinodeli.ee\/#organization"},"potentialAction":[{"@type":"SearchAction","target":{"@type":"EntryPoint","urlTemplate":"https:\/\/vinodeli.ee\/?s={search_term_string}"},"query-input":{"@type":"PropertyValueSpecification","valueRequired":true,"valueName":"search_term_string"}}],"inLanguage":"en-US"},{"@type":"Organization","@id":"https:\/\/vinodeli.ee\/#organization","name":"Vinodeli O\u00dc","url":"https:\/\/vinodeli.ee\/","logo":{"@type":"ImageObject","inLanguage":"en-US","@id":"https:\/\/vinodeli.ee\/#\/schema\/logo\/image\/","url":"https:\/\/vinodeli.ee\/wp-content\/uploads\/2024\/02\/logo-winodeli-1.png","contentUrl":"https:\/\/vinodeli.ee\/wp-content\/uploads\/2024\/02\/logo-winodeli-1.png","width":1500,"height":1150,"caption":"Vinodeli O\u00dc"},"image":{"@id":"https:\/\/vinodeli.ee\/#\/schema\/logo\/image\/"}}]}},"_links":{"self":[{"href":"https:\/\/vinodeli.ee\/en\/wp-json\/wp\/v2\/product\/79330","targetHints":{"allow":["GET"]}}],"collection":[{"href":"https:\/\/vinodeli.ee\/en\/wp-json\/wp\/v2\/product"}],"about":[{"href":"https:\/\/vinodeli.ee\/en\/wp-json\/wp\/v2\/types\/product"}],"version-history":[{"count":0,"href":"https:\/\/vinodeli.ee\/en\/wp-json\/wp\/v2\/product\/79330\/revisions"}],"wp:featuredmedia":[{"embeddable":true,"href":"https:\/\/vinodeli.ee\/en\/wp-json\/wp\/v2\/media\/79333"}],"wp:attachment":[{"href":"https:\/\/vinodeli.ee\/en\/wp-json\/wp\/v2\/media?parent=79330"}],"wp:term":[{"taxonomy":"product_brand","embeddable":true,"href":"https:\/\/vinodeli.ee\/en\/wp-json\/wp\/v2\/product_brand?post=79330"},{"taxonomy":"product_cat","embeddable":true,"href":"https:\/\/vinodeli.ee\/en\/wp-json\/wp\/v2\/product_cat?post=79330"},{"taxonomy":"product_tag","embeddable":true,"href":"https:\/\/vinodeli.ee\/en\/wp-json\/wp\/v2\/product_tag?post=79330"}],"curies":[{"name":"wp","href":"https:\/\/api.w.org\/{rel}","templated":true}]}}