{"id":79815,"date":"2026-01-25T15:08:04","date_gmt":"2026-01-25T13:08:04","guid":{"rendered":"https:\/\/vinodeli.ee\/?post_type=product&#038;p=79815"},"modified":"2026-01-25T15:21:41","modified_gmt":"2026-01-25T13:21:41","slug":"guasti-clemente-nebbiolo-dalba-doc-2023-14-vol","status":"publish","type":"product","link":"https:\/\/vinodeli.ee\/en\/product\/guasti-clemente-nebbiolo-dalba-doc-2023-14-vol\/","title":{"rendered":"Guasti Clemente Nebbiolo d\u2019Alba DOC 2023 14% vol."},"content":{"rendered":"<p>Nebbiolo (Italian), or Nebieul (Piedmontese dialect) is a red Italian wine grape variety predominantly associated with the Piedmont region where, vinified mainly 100% pure, it makes the two important and well-known DOCG wiens Barolo e Barbaresco. Nebbiolo is thought to derive its name from the Italian word nebbia which means \u201cfog\u201d. During harvest, which generally takes place late in October, a deep, intense fog sets into this region where many Nebbiolo vineyards are located. Alternative explanations refers to the fog-like milky veil that forms over the berries as they reach maturity or that perhaps the name is derived instead from the Italian word nobile, meaning noble.<\/p>\n<h3><strong>About the wine<\/strong><\/h3>\n<p>Nebbiolo produces lightly colored red wines which can be highly tannic in youth with scents of viola and rose. As they age, the wines take on a characteristic brick-orange hue at the rim of the glass and mature to reveal other aromas and flavors such as violets, tar, wild herbs, cherries, raspberries, until the more developed aromas of tobacco, and prunes. Nebbiolo wines can require years of aging to balance the tannins with other characteristics.<\/p>\n<h3><strong>Tasting notes<\/strong><\/h3>\n<p>Bright ruby-red colour. Intense and pleasing bouquet, with a characteristic fruity note. Dry, highly harmonious and well\u2011balanced on the palate, with medium structure and a velvety texture. Best served at a temperature of 18-20\u00b0C.<\/p>\n<h3><strong>Food pairing<\/strong><\/h3>\n<p>It pairs well with important first courses, roasts, game and cheeses.<\/p>\n","protected":false},"excerpt":{"rendered":"<blockquote>\n<h5>P\u00c4RITOLU: Piemont, Itaalia Veini t\u00fc\u00fcp: Kuiv punane vein Viinamarjasort: 100% Nebbiolo<\/h5>\n<\/blockquote>\n<h5>Laagerdamine toimub tammevaatides 1 aasta.<\/h5>\n<h5>Intensiivne granaatpunane. Meeldiv iseloomuliku puuviljase noodiga. Kuiv, v\u00e4ga harmooniline ja tasakaalustatud, keskmise struktuuriga, sametine.<\/h5>\n<h5><em>Serveerimistemperatuur: <\/em><em>18-20\u00baC.<\/em><\/h5>\n<h5><em>Toidusoovitus: pearoad, liha, praetud toidud, juustud.<\/em><\/h5>\n","protected":false},"featured_media":79821,"template":"","meta":{"_acf_changed":false},"product_brand":[],"product_cat":[19462],"product_tag":[],"class_list":{"0":"post-79815","1":"product","2":"type-product","3":"status-publish","4":"has-post-thumbnail","6":"product_cat-red-wine","8":"first","9":"instock","10":"downloadable","11":"taxable","12":"shipping-taxable","13":"purchasable","14":"product-type-simple"},"acf":[],"yoast_head":"<!-- This site is optimized with the Yoast SEO plugin v25.7 - https:\/\/yoast.com\/wordpress\/plugins\/seo\/ -->\n<title>Guasti Clemente Nebbiolo d\u2019Alba DOC 2023 14% vol. - Vinodeli<\/title>\n<meta name=\"robots\" content=\"index, follow, max-snippet:-1, max-image-preview:large, max-video-preview:-1\" \/>\n<link rel=\"canonical\" href=\"https:\/\/vinodeli.ee\/en\/product\/guasti-clemente-nebbiolo-dalba-doc-2023-14-vol\/\" \/>\n<meta property=\"og:locale\" content=\"en_US\" \/>\n<meta property=\"og:type\" content=\"article\" \/>\n<meta property=\"og:title\" content=\"Guasti Clemente Nebbiolo d\u2019Alba DOC 2023 14% vol. - Vinodeli\" \/>\n<meta property=\"og:description\" content=\"P\u00c4RITOLU: Piemont, Itaalia Veini t\u00fc\u00fcp: Kuiv punane vein Viinamarjasort: 100% Nebbiolo Laagerdamine toimub tammevaatides 1 aasta. Intensiivne granaatpunane. Meeldiv iseloomuliku puuviljase noodiga. Kuiv, v\u00e4ga harmooniline ja tasakaalustatud, keskmise struktuuriga, sametine. Serveerimistemperatuur: 18-20\u00baC. Toidusoovitus: pearoad, liha, praetud toidud, juustud.\" \/>\n<meta property=\"og:url\" content=\"https:\/\/vinodeli.ee\/en\/product\/guasti-clemente-nebbiolo-dalba-doc-2023-14-vol\/\" \/>\n<meta property=\"og:site_name\" content=\"Vinodeli\" \/>\n<meta property=\"article:modified_time\" content=\"2026-01-25T13:21:41+00:00\" \/>\n<meta property=\"og:image\" content=\"https:\/\/vinodeli.ee\/wp-content\/uploads\/2026\/01\/nebbiolo.jpg\" \/>\n\t<meta property=\"og:image:width\" content=\"2048\" \/>\n\t<meta property=\"og:image:height\" content=\"2048\" \/>\n\t<meta property=\"og:image:type\" content=\"image\/jpeg\" \/>\n<meta name=\"twitter:card\" content=\"summary_large_image\" \/>\n<meta name=\"twitter:label1\" content=\"Est. reading time\" \/>\n\t<meta name=\"twitter:data1\" content=\"1 minute\" \/>\n<script type=\"application\/ld+json\" class=\"yoast-schema-graph\">{\"@context\":\"https:\/\/schema.org\",\"@graph\":[{\"@type\":\"WebPage\",\"@id\":\"https:\/\/vinodeli.ee\/en\/product\/guasti-clemente-nebbiolo-dalba-doc-2023-14-vol\/\",\"url\":\"https:\/\/vinodeli.ee\/en\/product\/guasti-clemente-nebbiolo-dalba-doc-2023-14-vol\/\",\"name\":\"Guasti Clemente Nebbiolo d\u2019Alba DOC 2023 14% vol. - Vinodeli\",\"isPartOf\":{\"@id\":\"https:\/\/vinodeli.ee\/#website\"},\"primaryImageOfPage\":{\"@id\":\"https:\/\/vinodeli.ee\/en\/product\/guasti-clemente-nebbiolo-dalba-doc-2023-14-vol\/#primaryimage\"},\"image\":{\"@id\":\"https:\/\/vinodeli.ee\/en\/product\/guasti-clemente-nebbiolo-dalba-doc-2023-14-vol\/#primaryimage\"},\"thumbnailUrl\":\"https:\/\/vinodeli.ee\/wp-content\/uploads\/2026\/01\/nebbiolo.jpg\",\"datePublished\":\"2026-01-25T13:08:04+00:00\",\"dateModified\":\"2026-01-25T13:21:41+00:00\",\"breadcrumb\":{\"@id\":\"https:\/\/vinodeli.ee\/en\/product\/guasti-clemente-nebbiolo-dalba-doc-2023-14-vol\/#breadcrumb\"},\"inLanguage\":\"en-US\",\"potentialAction\":[{\"@type\":\"ReadAction\",\"target\":[\"https:\/\/vinodeli.ee\/en\/product\/guasti-clemente-nebbiolo-dalba-doc-2023-14-vol\/\"]}]},{\"@type\":\"ImageObject\",\"inLanguage\":\"en-US\",\"@id\":\"https:\/\/vinodeli.ee\/en\/product\/guasti-clemente-nebbiolo-dalba-doc-2023-14-vol\/#primaryimage\",\"url\":\"https:\/\/vinodeli.ee\/wp-content\/uploads\/2026\/01\/nebbiolo.jpg\",\"contentUrl\":\"https:\/\/vinodeli.ee\/wp-content\/uploads\/2026\/01\/nebbiolo.jpg\",\"width\":2048,\"height\":2048},{\"@type\":\"BreadcrumbList\",\"@id\":\"https:\/\/vinodeli.ee\/en\/product\/guasti-clemente-nebbiolo-dalba-doc-2023-14-vol\/#breadcrumb\",\"itemListElement\":[{\"@type\":\"ListItem\",\"position\":1,\"name\":\"Home\",\"item\":\"https:\/\/vinodeli.ee\/en\/\"},{\"@type\":\"ListItem\",\"position\":2,\"name\":\"Shop\",\"item\":\"https:\/\/vinodeli.ee\/pood\/\"},{\"@type\":\"ListItem\",\"position\":3,\"name\":\"Guasti Clemente Nebbiolo d\u2019Alba DOC 2023 14% vol.\"}]},{\"@type\":\"WebSite\",\"@id\":\"https:\/\/vinodeli.ee\/#website\",\"url\":\"https:\/\/vinodeli.ee\/\",\"name\":\"Vinodeli\",\"description\":\"\",\"publisher\":{\"@id\":\"https:\/\/vinodeli.ee\/#organization\"},\"potentialAction\":[{\"@type\":\"SearchAction\",\"target\":{\"@type\":\"EntryPoint\",\"urlTemplate\":\"https:\/\/vinodeli.ee\/?s={search_term_string}\"},\"query-input\":{\"@type\":\"PropertyValueSpecification\",\"valueRequired\":true,\"valueName\":\"search_term_string\"}}],\"inLanguage\":\"en-US\"},{\"@type\":\"Organization\",\"@id\":\"https:\/\/vinodeli.ee\/#organization\",\"name\":\"Vinodeli O\u00dc\",\"url\":\"https:\/\/vinodeli.ee\/\",\"logo\":{\"@type\":\"ImageObject\",\"inLanguage\":\"en-US\",\"@id\":\"https:\/\/vinodeli.ee\/#\/schema\/logo\/image\/\",\"url\":\"https:\/\/vinodeli.ee\/wp-content\/uploads\/2024\/02\/logo-winodeli-1.png\",\"contentUrl\":\"https:\/\/vinodeli.ee\/wp-content\/uploads\/2024\/02\/logo-winodeli-1.png\",\"width\":1500,\"height\":1150,\"caption\":\"Vinodeli O\u00dc\"},\"image\":{\"@id\":\"https:\/\/vinodeli.ee\/#\/schema\/logo\/image\/\"}}]}<\/script>\n<!-- \/ Yoast SEO plugin. -->","yoast_head_json":{"title":"Guasti Clemente Nebbiolo d\u2019Alba DOC 2023 14% vol. - Vinodeli","robots":{"index":"index","follow":"follow","max-snippet":"max-snippet:-1","max-image-preview":"max-image-preview:large","max-video-preview":"max-video-preview:-1"},"canonical":"https:\/\/vinodeli.ee\/en\/product\/guasti-clemente-nebbiolo-dalba-doc-2023-14-vol\/","og_locale":"en_US","og_type":"article","og_title":"Guasti Clemente Nebbiolo d\u2019Alba DOC 2023 14% vol. - Vinodeli","og_description":"P\u00c4RITOLU: Piemont, Itaalia Veini t\u00fc\u00fcp: Kuiv punane vein Viinamarjasort: 100% Nebbiolo Laagerdamine toimub tammevaatides 1 aasta. Intensiivne granaatpunane. Meeldiv iseloomuliku puuviljase noodiga. Kuiv, v\u00e4ga harmooniline ja tasakaalustatud, keskmise struktuuriga, sametine. Serveerimistemperatuur: 18-20\u00baC. Toidusoovitus: pearoad, liha, praetud toidud, juustud.","og_url":"https:\/\/vinodeli.ee\/en\/product\/guasti-clemente-nebbiolo-dalba-doc-2023-14-vol\/","og_site_name":"Vinodeli","article_modified_time":"2026-01-25T13:21:41+00:00","og_image":[{"width":2048,"height":2048,"url":"https:\/\/vinodeli.ee\/wp-content\/uploads\/2026\/01\/nebbiolo.jpg","type":"image\/jpeg"}],"twitter_card":"summary_large_image","twitter_misc":{"Est. reading time":"1 minute"},"schema":{"@context":"https:\/\/schema.org","@graph":[{"@type":"WebPage","@id":"https:\/\/vinodeli.ee\/en\/product\/guasti-clemente-nebbiolo-dalba-doc-2023-14-vol\/","url":"https:\/\/vinodeli.ee\/en\/product\/guasti-clemente-nebbiolo-dalba-doc-2023-14-vol\/","name":"Guasti Clemente Nebbiolo d\u2019Alba DOC 2023 14% vol. - Vinodeli","isPartOf":{"@id":"https:\/\/vinodeli.ee\/#website"},"primaryImageOfPage":{"@id":"https:\/\/vinodeli.ee\/en\/product\/guasti-clemente-nebbiolo-dalba-doc-2023-14-vol\/#primaryimage"},"image":{"@id":"https:\/\/vinodeli.ee\/en\/product\/guasti-clemente-nebbiolo-dalba-doc-2023-14-vol\/#primaryimage"},"thumbnailUrl":"https:\/\/vinodeli.ee\/wp-content\/uploads\/2026\/01\/nebbiolo.jpg","datePublished":"2026-01-25T13:08:04+00:00","dateModified":"2026-01-25T13:21:41+00:00","breadcrumb":{"@id":"https:\/\/vinodeli.ee\/en\/product\/guasti-clemente-nebbiolo-dalba-doc-2023-14-vol\/#breadcrumb"},"inLanguage":"en-US","potentialAction":[{"@type":"ReadAction","target":["https:\/\/vinodeli.ee\/en\/product\/guasti-clemente-nebbiolo-dalba-doc-2023-14-vol\/"]}]},{"@type":"ImageObject","inLanguage":"en-US","@id":"https:\/\/vinodeli.ee\/en\/product\/guasti-clemente-nebbiolo-dalba-doc-2023-14-vol\/#primaryimage","url":"https:\/\/vinodeli.ee\/wp-content\/uploads\/2026\/01\/nebbiolo.jpg","contentUrl":"https:\/\/vinodeli.ee\/wp-content\/uploads\/2026\/01\/nebbiolo.jpg","width":2048,"height":2048},{"@type":"BreadcrumbList","@id":"https:\/\/vinodeli.ee\/en\/product\/guasti-clemente-nebbiolo-dalba-doc-2023-14-vol\/#breadcrumb","itemListElement":[{"@type":"ListItem","position":1,"name":"Home","item":"https:\/\/vinodeli.ee\/en\/"},{"@type":"ListItem","position":2,"name":"Shop","item":"https:\/\/vinodeli.ee\/pood\/"},{"@type":"ListItem","position":3,"name":"Guasti Clemente Nebbiolo d\u2019Alba DOC 2023 14% vol."}]},{"@type":"WebSite","@id":"https:\/\/vinodeli.ee\/#website","url":"https:\/\/vinodeli.ee\/","name":"Vinodeli","description":"","publisher":{"@id":"https:\/\/vinodeli.ee\/#organization"},"potentialAction":[{"@type":"SearchAction","target":{"@type":"EntryPoint","urlTemplate":"https:\/\/vinodeli.ee\/?s={search_term_string}"},"query-input":{"@type":"PropertyValueSpecification","valueRequired":true,"valueName":"search_term_string"}}],"inLanguage":"en-US"},{"@type":"Organization","@id":"https:\/\/vinodeli.ee\/#organization","name":"Vinodeli O\u00dc","url":"https:\/\/vinodeli.ee\/","logo":{"@type":"ImageObject","inLanguage":"en-US","@id":"https:\/\/vinodeli.ee\/#\/schema\/logo\/image\/","url":"https:\/\/vinodeli.ee\/wp-content\/uploads\/2024\/02\/logo-winodeli-1.png","contentUrl":"https:\/\/vinodeli.ee\/wp-content\/uploads\/2024\/02\/logo-winodeli-1.png","width":1500,"height":1150,"caption":"Vinodeli O\u00dc"},"image":{"@id":"https:\/\/vinodeli.ee\/#\/schema\/logo\/image\/"}}]}},"_links":{"self":[{"href":"https:\/\/vinodeli.ee\/en\/wp-json\/wp\/v2\/product\/79815","targetHints":{"allow":["GET"]}}],"collection":[{"href":"https:\/\/vinodeli.ee\/en\/wp-json\/wp\/v2\/product"}],"about":[{"href":"https:\/\/vinodeli.ee\/en\/wp-json\/wp\/v2\/types\/product"}],"version-history":[{"count":0,"href":"https:\/\/vinodeli.ee\/en\/wp-json\/wp\/v2\/product\/79815\/revisions"}],"wp:featuredmedia":[{"embeddable":true,"href":"https:\/\/vinodeli.ee\/en\/wp-json\/wp\/v2\/media\/79821"}],"wp:attachment":[{"href":"https:\/\/vinodeli.ee\/en\/wp-json\/wp\/v2\/media?parent=79815"}],"wp:term":[{"taxonomy":"product_brand","embeddable":true,"href":"https:\/\/vinodeli.ee\/en\/wp-json\/wp\/v2\/product_brand?post=79815"},{"taxonomy":"product_cat","embeddable":true,"href":"https:\/\/vinodeli.ee\/en\/wp-json\/wp\/v2\/product_cat?post=79815"},{"taxonomy":"product_tag","embeddable":true,"href":"https:\/\/vinodeli.ee\/en\/wp-json\/wp\/v2\/product_tag?post=79815"}],"curies":[{"name":"wp","href":"https:\/\/api.w.org\/{rel}","templated":true}]}}