{"id":81662,"date":"2026-03-04T15:00:23","date_gmt":"2026-03-04T13:00:23","guid":{"rendered":"https:\/\/vinodeli.ee\/?post_type=product&#038;p=81662"},"modified":"2026-03-04T15:12:27","modified_gmt":"2026-03-04T13:12:27","slug":"chateau-de-la-ragotiere-granite-muscadet-aoc-sevre-maine-sur-lie-2024-12-vol-075l","status":"publish","type":"product","link":"https:\/\/vinodeli.ee\/en\/product\/chateau-de-la-ragotiere-granite-muscadet-aoc-sevre-maine-sur-lie-2024-12-vol-075l\/","title":{"rendered":"Ch\u00e2teau de la Ragoti\u00e8re Granite Muscadet AOC S\u00e8vre &amp; Maine Sur Lie 2024 12% vol. 0,75L"},"content":{"rendered":"<blockquote>\n<h5>The story of Les Fr\u00e8res Couillaud is one of bold vision and dedication, beginning in 1978 when the three brothers acquired Ch\u00e2teau de la Ragoti\u00e8re, a medieval estate dating back to the 14th century, complete with remnants of moats, an original stone gateway and a restored chapel. Their philosophy combines deep respect for the terroir with ecological viticulture and continuous innovation: from Terra Vitis certification and organic conversion to experimental plantings of disease\u2011resistant varieties such as Muscaris, Flor\u00e9al, Voltis and Sauvignac. Winemaking focuses on precise berry\u2011ripeness assessment, gentle pressing, cold settling and long ageing on lees in underground glass\u2011lined tanks, amphorae and oak barrels. The new generation \u2014 Am\u00e9lie and Vincent \u2014 continues to shape the estate\u2019s future, blending tradition, biodiversity and forward\u2011thinking techniques to craft wines that embody the elegance, freshness and unique character of the Ragoti\u00e8re terroir.   <\/h5>\n<\/blockquote>\n<h3>Winemaking<\/h3>\n<p>This wine is produced in the Loire Valley near the Atlantic, in the canton of Vallet, on a southwest\u2011facing parcel with granite soils. The vineyard is farmed sustainably and has been TERRA VITIS certified since 2002. The 40\u2011year\u2011old vines are trained in simple Guyot with yields of 35 hl\/ha. Harvest takes place in September using mechanical picking with sorting table, crusher and destemmer. Pneumatic pressing is followed by cold settling, then temperature\u2011controlled alcoholic fermentation and 10 months of ageing on fine lees in underground glass\u2011lined tanks. Bottling occurs after natural cold stabilization.      <\/p>\n<h3>Tasting notes<\/h3>\n<p>The nose is broad and mineral with menthol notes; the palate is rich and supple with lightly toasted nuances, and the finish stands out with its iodized character.<\/p>\n<h3>Food pairing<\/h3>\n<p>The wine pairs beautifully with scallop carpaccio, langoustine tartare, sushi and grilled fish, and is also excellent as an aperitif. It can be enjoyed now or cellared for 3\u20135 years. <\/p>\n","protected":false},"excerpt":{"rendered":"<blockquote>\n<h4>Grape variety:100% Sauvignon Blanc<\/h4>\n<\/blockquote>\n","protected":false},"featured_media":81665,"template":"","meta":{"_acf_changed":false},"product_brand":[],"product_cat":[19460],"product_tag":[],"class_list":{"0":"post-81662","1":"product","2":"type-product","3":"status-publish","4":"has-post-thumbnail","6":"product_cat-white-wine","8":"first","9":"outofstock","10":"downloadable","11":"taxable","12":"shipping-taxable","13":"purchasable","14":"product-type-simple"},"acf":[],"yoast_head":"<!-- This site is optimized with the Yoast SEO plugin v25.7 - https:\/\/yoast.com\/wordpress\/plugins\/seo\/ -->\n<title>Ch\u00e2teau de la Ragoti\u00e8re Granite Muscadet AOC S\u00e8vre &amp; Maine Sur Lie 2024 12% vol. 0,75L - Vinodeli<\/title>\n<meta name=\"robots\" content=\"index, follow, max-snippet:-1, max-image-preview:large, max-video-preview:-1\" \/>\n<link rel=\"canonical\" href=\"https:\/\/vinodeli.ee\/en\/?post_type=product&p=81662\" \/>\n<meta property=\"og:locale\" content=\"en_US\" \/>\n<meta property=\"og:type\" content=\"article\" \/>\n<meta property=\"og:title\" content=\"Ch\u00e2teau de la Ragoti\u00e8re Granite Muscadet AOC S\u00e8vre &amp; Maine Sur Lie 2024 12% vol. 0,75L - Vinodeli\" \/>\n<meta property=\"og:description\" content=\"Grape variety:100% Sauvignon Blanc\" \/>\n<meta property=\"og:url\" content=\"https:\/\/vinodeli.ee\/en\/?post_type=product&amp;p=81662\" \/>\n<meta property=\"og:site_name\" content=\"Vinodeli\" \/>\n<meta property=\"article:modified_time\" content=\"2026-03-04T13:12:27+00:00\" \/>\n<meta property=\"og:image\" content=\"https:\/\/vinodeli.ee\/wp-content\/uploads\/2026\/03\/granite.jpg\" \/>\n\t<meta property=\"og:image:width\" content=\"480\" \/>\n\t<meta property=\"og:image:height\" content=\"480\" \/>\n\t<meta property=\"og:image:type\" content=\"image\/jpeg\" \/>\n<meta name=\"twitter:card\" content=\"summary_large_image\" \/>\n<meta name=\"twitter:label1\" content=\"Est. reading time\" \/>\n\t<meta name=\"twitter:data1\" content=\"2 minutes\" \/>\n<script type=\"application\/ld+json\" class=\"yoast-schema-graph\">{\"@context\":\"https:\/\/schema.org\",\"@graph\":[{\"@type\":\"WebPage\",\"@id\":\"https:\/\/vinodeli.ee\/en\/?post_type=product&p=81662\",\"url\":\"https:\/\/vinodeli.ee\/en\/?post_type=product&p=81662\",\"name\":\"Ch\u00e2teau de la Ragoti\u00e8re Granite Muscadet AOC S\u00e8vre &amp; Maine Sur Lie 2024 12% vol. 0,75L - Vinodeli\",\"isPartOf\":{\"@id\":\"https:\/\/vinodeli.ee\/#website\"},\"primaryImageOfPage\":{\"@id\":\"https:\/\/vinodeli.ee\/en\/?post_type=product&p=81662#primaryimage\"},\"image\":{\"@id\":\"https:\/\/vinodeli.ee\/en\/?post_type=product&p=81662#primaryimage\"},\"thumbnailUrl\":\"https:\/\/vinodeli.ee\/wp-content\/uploads\/2026\/03\/granite.jpg\",\"datePublished\":\"2026-03-04T13:00:23+00:00\",\"dateModified\":\"2026-03-04T13:12:27+00:00\",\"breadcrumb\":{\"@id\":\"https:\/\/vinodeli.ee\/en\/?post_type=product&p=81662#breadcrumb\"},\"inLanguage\":\"en-US\",\"potentialAction\":[{\"@type\":\"ReadAction\",\"target\":[\"https:\/\/vinodeli.ee\/en\/?post_type=product&p=81662\"]}]},{\"@type\":\"ImageObject\",\"inLanguage\":\"en-US\",\"@id\":\"https:\/\/vinodeli.ee\/en\/?post_type=product&p=81662#primaryimage\",\"url\":\"https:\/\/vinodeli.ee\/wp-content\/uploads\/2026\/03\/granite.jpg\",\"contentUrl\":\"https:\/\/vinodeli.ee\/wp-content\/uploads\/2026\/03\/granite.jpg\",\"width\":480,\"height\":480},{\"@type\":\"BreadcrumbList\",\"@id\":\"https:\/\/vinodeli.ee\/en\/?post_type=product&p=81662#breadcrumb\",\"itemListElement\":[{\"@type\":\"ListItem\",\"position\":1,\"name\":\"Home\",\"item\":\"https:\/\/vinodeli.ee\/en\/\"},{\"@type\":\"ListItem\",\"position\":2,\"name\":\"Shop\",\"item\":\"https:\/\/vinodeli.ee\/pood\/\"},{\"@type\":\"ListItem\",\"position\":3,\"name\":\"Private: Ch\u00e2teau de la Ragoti\u00e8re Granite Muscadet AOC S\u00e8vre &amp; Maine Sur Lie 2024 12% vol. 0,75L\"}]},{\"@type\":\"WebSite\",\"@id\":\"https:\/\/vinodeli.ee\/#website\",\"url\":\"https:\/\/vinodeli.ee\/\",\"name\":\"Vinodeli\",\"description\":\"\",\"publisher\":{\"@id\":\"https:\/\/vinodeli.ee\/#organization\"},\"potentialAction\":[{\"@type\":\"SearchAction\",\"target\":{\"@type\":\"EntryPoint\",\"urlTemplate\":\"https:\/\/vinodeli.ee\/?s={search_term_string}\"},\"query-input\":{\"@type\":\"PropertyValueSpecification\",\"valueRequired\":true,\"valueName\":\"search_term_string\"}}],\"inLanguage\":\"en-US\"},{\"@type\":\"Organization\",\"@id\":\"https:\/\/vinodeli.ee\/#organization\",\"name\":\"Vinodeli O\u00dc\",\"url\":\"https:\/\/vinodeli.ee\/\",\"logo\":{\"@type\":\"ImageObject\",\"inLanguage\":\"en-US\",\"@id\":\"https:\/\/vinodeli.ee\/#\/schema\/logo\/image\/\",\"url\":\"https:\/\/vinodeli.ee\/wp-content\/uploads\/2024\/02\/logo-winodeli-1.png\",\"contentUrl\":\"https:\/\/vinodeli.ee\/wp-content\/uploads\/2024\/02\/logo-winodeli-1.png\",\"width\":1500,\"height\":1150,\"caption\":\"Vinodeli O\u00dc\"},\"image\":{\"@id\":\"https:\/\/vinodeli.ee\/#\/schema\/logo\/image\/\"}}]}<\/script>\n<!-- \/ Yoast SEO plugin. -->","yoast_head_json":{"title":"Ch\u00e2teau de la Ragoti\u00e8re Granite Muscadet AOC S\u00e8vre &amp; Maine Sur Lie 2024 12% vol. 0,75L - Vinodeli","robots":{"index":"index","follow":"follow","max-snippet":"max-snippet:-1","max-image-preview":"max-image-preview:large","max-video-preview":"max-video-preview:-1"},"canonical":"https:\/\/vinodeli.ee\/en\/?post_type=product&p=81662","og_locale":"en_US","og_type":"article","og_title":"Ch\u00e2teau de la Ragoti\u00e8re Granite Muscadet AOC S\u00e8vre &amp; Maine Sur Lie 2024 12% vol. 0,75L - Vinodeli","og_description":"Grape variety:100% Sauvignon Blanc","og_url":"https:\/\/vinodeli.ee\/en\/?post_type=product&p=81662","og_site_name":"Vinodeli","article_modified_time":"2026-03-04T13:12:27+00:00","og_image":[{"width":480,"height":480,"url":"https:\/\/vinodeli.ee\/wp-content\/uploads\/2026\/03\/granite.jpg","type":"image\/jpeg"}],"twitter_card":"summary_large_image","twitter_misc":{"Est. reading time":"2 minutes"},"schema":{"@context":"https:\/\/schema.org","@graph":[{"@type":"WebPage","@id":"https:\/\/vinodeli.ee\/en\/?post_type=product&p=81662","url":"https:\/\/vinodeli.ee\/en\/?post_type=product&p=81662","name":"Ch\u00e2teau de la Ragoti\u00e8re Granite Muscadet AOC S\u00e8vre &amp; Maine Sur Lie 2024 12% vol. 0,75L - Vinodeli","isPartOf":{"@id":"https:\/\/vinodeli.ee\/#website"},"primaryImageOfPage":{"@id":"https:\/\/vinodeli.ee\/en\/?post_type=product&p=81662#primaryimage"},"image":{"@id":"https:\/\/vinodeli.ee\/en\/?post_type=product&p=81662#primaryimage"},"thumbnailUrl":"https:\/\/vinodeli.ee\/wp-content\/uploads\/2026\/03\/granite.jpg","datePublished":"2026-03-04T13:00:23+00:00","dateModified":"2026-03-04T13:12:27+00:00","breadcrumb":{"@id":"https:\/\/vinodeli.ee\/en\/?post_type=product&p=81662#breadcrumb"},"inLanguage":"en-US","potentialAction":[{"@type":"ReadAction","target":["https:\/\/vinodeli.ee\/en\/?post_type=product&p=81662"]}]},{"@type":"ImageObject","inLanguage":"en-US","@id":"https:\/\/vinodeli.ee\/en\/?post_type=product&p=81662#primaryimage","url":"https:\/\/vinodeli.ee\/wp-content\/uploads\/2026\/03\/granite.jpg","contentUrl":"https:\/\/vinodeli.ee\/wp-content\/uploads\/2026\/03\/granite.jpg","width":480,"height":480},{"@type":"BreadcrumbList","@id":"https:\/\/vinodeli.ee\/en\/?post_type=product&p=81662#breadcrumb","itemListElement":[{"@type":"ListItem","position":1,"name":"Home","item":"https:\/\/vinodeli.ee\/en\/"},{"@type":"ListItem","position":2,"name":"Shop","item":"https:\/\/vinodeli.ee\/pood\/"},{"@type":"ListItem","position":3,"name":"Private: Ch\u00e2teau de la Ragoti\u00e8re Granite Muscadet AOC S\u00e8vre &amp; Maine Sur Lie 2024 12% vol. 0,75L"}]},{"@type":"WebSite","@id":"https:\/\/vinodeli.ee\/#website","url":"https:\/\/vinodeli.ee\/","name":"Vinodeli","description":"","publisher":{"@id":"https:\/\/vinodeli.ee\/#organization"},"potentialAction":[{"@type":"SearchAction","target":{"@type":"EntryPoint","urlTemplate":"https:\/\/vinodeli.ee\/?s={search_term_string}"},"query-input":{"@type":"PropertyValueSpecification","valueRequired":true,"valueName":"search_term_string"}}],"inLanguage":"en-US"},{"@type":"Organization","@id":"https:\/\/vinodeli.ee\/#organization","name":"Vinodeli O\u00dc","url":"https:\/\/vinodeli.ee\/","logo":{"@type":"ImageObject","inLanguage":"en-US","@id":"https:\/\/vinodeli.ee\/#\/schema\/logo\/image\/","url":"https:\/\/vinodeli.ee\/wp-content\/uploads\/2024\/02\/logo-winodeli-1.png","contentUrl":"https:\/\/vinodeli.ee\/wp-content\/uploads\/2024\/02\/logo-winodeli-1.png","width":1500,"height":1150,"caption":"Vinodeli O\u00dc"},"image":{"@id":"https:\/\/vinodeli.ee\/#\/schema\/logo\/image\/"}}]}},"_links":{"self":[{"href":"https:\/\/vinodeli.ee\/en\/wp-json\/wp\/v2\/product\/81662","targetHints":{"allow":["GET"]}}],"collection":[{"href":"https:\/\/vinodeli.ee\/en\/wp-json\/wp\/v2\/product"}],"about":[{"href":"https:\/\/vinodeli.ee\/en\/wp-json\/wp\/v2\/types\/product"}],"version-history":[{"count":0,"href":"https:\/\/vinodeli.ee\/en\/wp-json\/wp\/v2\/product\/81662\/revisions"}],"wp:featuredmedia":[{"embeddable":true,"href":"https:\/\/vinodeli.ee\/en\/wp-json\/wp\/v2\/media\/81665"}],"wp:attachment":[{"href":"https:\/\/vinodeli.ee\/en\/wp-json\/wp\/v2\/media?parent=81662"}],"wp:term":[{"taxonomy":"product_brand","embeddable":true,"href":"https:\/\/vinodeli.ee\/en\/wp-json\/wp\/v2\/product_brand?post=81662"},{"taxonomy":"product_cat","embeddable":true,"href":"https:\/\/vinodeli.ee\/en\/wp-json\/wp\/v2\/product_cat?post=81662"},{"taxonomy":"product_tag","embeddable":true,"href":"https:\/\/vinodeli.ee\/en\/wp-json\/wp\/v2\/product_tag?post=81662"}],"curies":[{"name":"wp","href":"https:\/\/api.w.org\/{rel}","templated":true}]}}