{"id":81717,"date":"2026-03-04T16:28:50","date_gmt":"2026-03-04T14:28:50","guid":{"rendered":"https:\/\/vinodeli.ee\/?post_type=product&#038;p=81717"},"modified":"2026-03-04T16:38:40","modified_gmt":"2026-03-04T14:38:40","slug":"domaine-de-la-ragotiere-cuvee-prestige-sauvignon-igp-val-de-loire-bio-2024-12-075l","status":"publish","type":"product","link":"https:\/\/vinodeli.ee\/en\/product\/domaine-de-la-ragotiere-cuvee-prestige-sauvignon-igp-val-de-loire-bio-2024-12-075l\/","title":{"rendered":"Domaine de la Ragoti\u00e8re Cuv\u00e9e Prestige Sauvignon IGP Val de Loire BIO 2024 12% 0,75l"},"content":{"rendered":"<blockquote>\n<h5>The story of Les Fr\u00e8res Couillaud is one of bold vision and dedication, beginning in 1978 when the three brothers acquired Ch\u00e2teau de la Ragoti\u00e8re, a medieval estate dating back to the 14th century, complete with remnants of moats, an original stone gateway and a restored chapel. Their philosophy combines deep respect for the terroir with ecological viticulture and continuous innovation: from Terra Vitis certification and organic conversion to experimental plantings of disease\u2011resistant varieties such as Muscaris, Flor\u00e9al, Voltis and Sauvignac. Winemaking focuses on precise berry\u2011ripeness assessment, gentle pressing, cold settling and long ageing on lees in underground glass\u2011lined tanks, amphorae and oak barrels. The new generation \u2014 Am\u00e9lie and Vincent \u2014 continues to shape the estate\u2019s future, blending tradition, biodiversity and forward\u2011thinking techniques to craft wines that embody the elegance, freshness and unique character of the Ragoti\u00e8re terroir.   <\/h5>\n<\/blockquote>\n<h3>Winemaking<\/h3>\n<p>This cuv\u00e9e is made from <strong>100% Sauvignon Blanc<\/strong> planted at a density of 6500 vines\/ha in the Loire Valley\u2019s Vallet canton, on the edge of the Muscadet S\u00e8vre et Maine appellation. The soils are shallow schist and micaschist, and the vines face southwest. Harvesting is mechanical with sorting table, crusher and destemmer. Vinification is carried out entirely in glass\u2011lined tanks, with temperature\u2011controlled fermentation at 14\u202f\u00b0C, cold stabilization and sterile filtration. The blend includes <strong>7% Sauvignon Gris<\/strong>, adding aromatic complexity.    <\/p>\n<h3>Tasting notes<\/h3>\n<p>The nose shows a fiery, spicy, sun\u2011lit character; the palate is powerful yet approachable, finishing on ripe pomelo and Timut pepper notes.<\/p>\n<h3>Food pairing<\/h3>\n<p>Ideal with grilled lobster, sauced fish, curry chicken and hard cheeses. Best enjoyed within 2\u20133 years. Best served between 8 and 10\u202f\u00b0C.  <\/p>\n","protected":false},"excerpt":{"rendered":"<blockquote>\n<h4>Grape variety:100% Sauvignon Blanc<\/h4>\n<\/blockquote>\n","protected":false},"featured_media":81720,"template":"","meta":{"_acf_changed":false},"product_brand":[],"product_cat":[19460],"product_tag":[],"class_list":{"0":"post-81717","1":"product","2":"type-product","3":"status-publish","4":"has-post-thumbnail","6":"product_cat-white-wine","8":"first","9":"outofstock","10":"downloadable","11":"taxable","12":"shipping-taxable","13":"purchasable","14":"product-type-simple"},"acf":[],"yoast_head":"<!-- This site is optimized with the Yoast SEO plugin v25.7 - https:\/\/yoast.com\/wordpress\/plugins\/seo\/ -->\n<title>Domaine de la Ragoti\u00e8re Cuv\u00e9e Prestige Sauvignon IGP Val de Loire BIO 2024 12% 0,75l - Vinodeli<\/title>\n<meta name=\"robots\" content=\"index, follow, max-snippet:-1, max-image-preview:large, max-video-preview:-1\" \/>\n<link rel=\"canonical\" href=\"https:\/\/vinodeli.ee\/en\/product\/domaine-de-la-ragotiere-cuvee-prestige-sauvignon-igp-val-de-loire-bio-2024-12-075l\/\" \/>\n<meta property=\"og:locale\" content=\"en_US\" \/>\n<meta property=\"og:type\" content=\"article\" \/>\n<meta property=\"og:title\" content=\"Domaine de la Ragoti\u00e8re Cuv\u00e9e Prestige Sauvignon IGP Val de Loire BIO 2024 12% 0,75l - Vinodeli\" \/>\n<meta property=\"og:description\" content=\"Grape variety:100% Sauvignon Blanc\" \/>\n<meta property=\"og:url\" content=\"https:\/\/vinodeli.ee\/en\/product\/domaine-de-la-ragotiere-cuvee-prestige-sauvignon-igp-val-de-loire-bio-2024-12-075l\/\" \/>\n<meta property=\"og:site_name\" content=\"Vinodeli\" \/>\n<meta property=\"article:modified_time\" content=\"2026-03-04T14:38:40+00:00\" \/>\n<meta property=\"og:image\" content=\"https:\/\/vinodeli.ee\/wp-content\/uploads\/2026\/03\/ragot-sauv.jpg\" \/>\n\t<meta property=\"og:image:width\" content=\"2000\" \/>\n\t<meta property=\"og:image:height\" content=\"2000\" \/>\n\t<meta property=\"og:image:type\" content=\"image\/jpeg\" \/>\n<meta name=\"twitter:card\" content=\"summary_large_image\" \/>\n<meta name=\"twitter:label1\" content=\"Est. reading time\" \/>\n\t<meta name=\"twitter:data1\" content=\"1 minute\" \/>\n<script type=\"application\/ld+json\" class=\"yoast-schema-graph\">{\"@context\":\"https:\/\/schema.org\",\"@graph\":[{\"@type\":\"WebPage\",\"@id\":\"https:\/\/vinodeli.ee\/en\/product\/domaine-de-la-ragotiere-cuvee-prestige-sauvignon-igp-val-de-loire-bio-2024-12-075l\/\",\"url\":\"https:\/\/vinodeli.ee\/en\/product\/domaine-de-la-ragotiere-cuvee-prestige-sauvignon-igp-val-de-loire-bio-2024-12-075l\/\",\"name\":\"Domaine de la Ragoti\u00e8re Cuv\u00e9e Prestige Sauvignon IGP Val de Loire BIO 2024 12% 0,75l - Vinodeli\",\"isPartOf\":{\"@id\":\"https:\/\/vinodeli.ee\/#website\"},\"primaryImageOfPage\":{\"@id\":\"https:\/\/vinodeli.ee\/en\/product\/domaine-de-la-ragotiere-cuvee-prestige-sauvignon-igp-val-de-loire-bio-2024-12-075l\/#primaryimage\"},\"image\":{\"@id\":\"https:\/\/vinodeli.ee\/en\/product\/domaine-de-la-ragotiere-cuvee-prestige-sauvignon-igp-val-de-loire-bio-2024-12-075l\/#primaryimage\"},\"thumbnailUrl\":\"https:\/\/vinodeli.ee\/wp-content\/uploads\/2026\/03\/ragot-sauv.jpg\",\"datePublished\":\"2026-03-04T14:28:50+00:00\",\"dateModified\":\"2026-03-04T14:38:40+00:00\",\"breadcrumb\":{\"@id\":\"https:\/\/vinodeli.ee\/en\/product\/domaine-de-la-ragotiere-cuvee-prestige-sauvignon-igp-val-de-loire-bio-2024-12-075l\/#breadcrumb\"},\"inLanguage\":\"en-US\",\"potentialAction\":[{\"@type\":\"ReadAction\",\"target\":[\"https:\/\/vinodeli.ee\/en\/product\/domaine-de-la-ragotiere-cuvee-prestige-sauvignon-igp-val-de-loire-bio-2024-12-075l\/\"]}]},{\"@type\":\"ImageObject\",\"inLanguage\":\"en-US\",\"@id\":\"https:\/\/vinodeli.ee\/en\/product\/domaine-de-la-ragotiere-cuvee-prestige-sauvignon-igp-val-de-loire-bio-2024-12-075l\/#primaryimage\",\"url\":\"https:\/\/vinodeli.ee\/wp-content\/uploads\/2026\/03\/ragot-sauv.jpg\",\"contentUrl\":\"https:\/\/vinodeli.ee\/wp-content\/uploads\/2026\/03\/ragot-sauv.jpg\",\"width\":2000,\"height\":2000},{\"@type\":\"BreadcrumbList\",\"@id\":\"https:\/\/vinodeli.ee\/en\/product\/domaine-de-la-ragotiere-cuvee-prestige-sauvignon-igp-val-de-loire-bio-2024-12-075l\/#breadcrumb\",\"itemListElement\":[{\"@type\":\"ListItem\",\"position\":1,\"name\":\"Home\",\"item\":\"https:\/\/vinodeli.ee\/en\/\"},{\"@type\":\"ListItem\",\"position\":2,\"name\":\"Shop\",\"item\":\"https:\/\/vinodeli.ee\/pood\/\"},{\"@type\":\"ListItem\",\"position\":3,\"name\":\"Domaine de la Ragoti\u00e8re Cuv\u00e9e Prestige Sauvignon IGP Val de Loire BIO 2024 12% 0,75l\"}]},{\"@type\":\"WebSite\",\"@id\":\"https:\/\/vinodeli.ee\/#website\",\"url\":\"https:\/\/vinodeli.ee\/\",\"name\":\"Vinodeli\",\"description\":\"\",\"publisher\":{\"@id\":\"https:\/\/vinodeli.ee\/#organization\"},\"potentialAction\":[{\"@type\":\"SearchAction\",\"target\":{\"@type\":\"EntryPoint\",\"urlTemplate\":\"https:\/\/vinodeli.ee\/?s={search_term_string}\"},\"query-input\":{\"@type\":\"PropertyValueSpecification\",\"valueRequired\":true,\"valueName\":\"search_term_string\"}}],\"inLanguage\":\"en-US\"},{\"@type\":\"Organization\",\"@id\":\"https:\/\/vinodeli.ee\/#organization\",\"name\":\"Vinodeli O\u00dc\",\"url\":\"https:\/\/vinodeli.ee\/\",\"logo\":{\"@type\":\"ImageObject\",\"inLanguage\":\"en-US\",\"@id\":\"https:\/\/vinodeli.ee\/#\/schema\/logo\/image\/\",\"url\":\"https:\/\/vinodeli.ee\/wp-content\/uploads\/2024\/02\/logo-winodeli-1.png\",\"contentUrl\":\"https:\/\/vinodeli.ee\/wp-content\/uploads\/2024\/02\/logo-winodeli-1.png\",\"width\":1500,\"height\":1150,\"caption\":\"Vinodeli O\u00dc\"},\"image\":{\"@id\":\"https:\/\/vinodeli.ee\/#\/schema\/logo\/image\/\"}}]}<\/script>\n<!-- \/ Yoast SEO plugin. -->","yoast_head_json":{"title":"Domaine de la Ragoti\u00e8re Cuv\u00e9e Prestige Sauvignon IGP Val de Loire BIO 2024 12% 0,75l - Vinodeli","robots":{"index":"index","follow":"follow","max-snippet":"max-snippet:-1","max-image-preview":"max-image-preview:large","max-video-preview":"max-video-preview:-1"},"canonical":"https:\/\/vinodeli.ee\/en\/product\/domaine-de-la-ragotiere-cuvee-prestige-sauvignon-igp-val-de-loire-bio-2024-12-075l\/","og_locale":"en_US","og_type":"article","og_title":"Domaine de la Ragoti\u00e8re Cuv\u00e9e Prestige Sauvignon IGP Val de Loire BIO 2024 12% 0,75l - Vinodeli","og_description":"Grape variety:100% Sauvignon Blanc","og_url":"https:\/\/vinodeli.ee\/en\/product\/domaine-de-la-ragotiere-cuvee-prestige-sauvignon-igp-val-de-loire-bio-2024-12-075l\/","og_site_name":"Vinodeli","article_modified_time":"2026-03-04T14:38:40+00:00","og_image":[{"width":2000,"height":2000,"url":"https:\/\/vinodeli.ee\/wp-content\/uploads\/2026\/03\/ragot-sauv.jpg","type":"image\/jpeg"}],"twitter_card":"summary_large_image","twitter_misc":{"Est. reading time":"1 minute"},"schema":{"@context":"https:\/\/schema.org","@graph":[{"@type":"WebPage","@id":"https:\/\/vinodeli.ee\/en\/product\/domaine-de-la-ragotiere-cuvee-prestige-sauvignon-igp-val-de-loire-bio-2024-12-075l\/","url":"https:\/\/vinodeli.ee\/en\/product\/domaine-de-la-ragotiere-cuvee-prestige-sauvignon-igp-val-de-loire-bio-2024-12-075l\/","name":"Domaine de la Ragoti\u00e8re Cuv\u00e9e Prestige Sauvignon IGP Val de Loire BIO 2024 12% 0,75l - Vinodeli","isPartOf":{"@id":"https:\/\/vinodeli.ee\/#website"},"primaryImageOfPage":{"@id":"https:\/\/vinodeli.ee\/en\/product\/domaine-de-la-ragotiere-cuvee-prestige-sauvignon-igp-val-de-loire-bio-2024-12-075l\/#primaryimage"},"image":{"@id":"https:\/\/vinodeli.ee\/en\/product\/domaine-de-la-ragotiere-cuvee-prestige-sauvignon-igp-val-de-loire-bio-2024-12-075l\/#primaryimage"},"thumbnailUrl":"https:\/\/vinodeli.ee\/wp-content\/uploads\/2026\/03\/ragot-sauv.jpg","datePublished":"2026-03-04T14:28:50+00:00","dateModified":"2026-03-04T14:38:40+00:00","breadcrumb":{"@id":"https:\/\/vinodeli.ee\/en\/product\/domaine-de-la-ragotiere-cuvee-prestige-sauvignon-igp-val-de-loire-bio-2024-12-075l\/#breadcrumb"},"inLanguage":"en-US","potentialAction":[{"@type":"ReadAction","target":["https:\/\/vinodeli.ee\/en\/product\/domaine-de-la-ragotiere-cuvee-prestige-sauvignon-igp-val-de-loire-bio-2024-12-075l\/"]}]},{"@type":"ImageObject","inLanguage":"en-US","@id":"https:\/\/vinodeli.ee\/en\/product\/domaine-de-la-ragotiere-cuvee-prestige-sauvignon-igp-val-de-loire-bio-2024-12-075l\/#primaryimage","url":"https:\/\/vinodeli.ee\/wp-content\/uploads\/2026\/03\/ragot-sauv.jpg","contentUrl":"https:\/\/vinodeli.ee\/wp-content\/uploads\/2026\/03\/ragot-sauv.jpg","width":2000,"height":2000},{"@type":"BreadcrumbList","@id":"https:\/\/vinodeli.ee\/en\/product\/domaine-de-la-ragotiere-cuvee-prestige-sauvignon-igp-val-de-loire-bio-2024-12-075l\/#breadcrumb","itemListElement":[{"@type":"ListItem","position":1,"name":"Home","item":"https:\/\/vinodeli.ee\/en\/"},{"@type":"ListItem","position":2,"name":"Shop","item":"https:\/\/vinodeli.ee\/pood\/"},{"@type":"ListItem","position":3,"name":"Domaine de la Ragoti\u00e8re Cuv\u00e9e Prestige Sauvignon IGP Val de Loire BIO 2024 12% 0,75l"}]},{"@type":"WebSite","@id":"https:\/\/vinodeli.ee\/#website","url":"https:\/\/vinodeli.ee\/","name":"Vinodeli","description":"","publisher":{"@id":"https:\/\/vinodeli.ee\/#organization"},"potentialAction":[{"@type":"SearchAction","target":{"@type":"EntryPoint","urlTemplate":"https:\/\/vinodeli.ee\/?s={search_term_string}"},"query-input":{"@type":"PropertyValueSpecification","valueRequired":true,"valueName":"search_term_string"}}],"inLanguage":"en-US"},{"@type":"Organization","@id":"https:\/\/vinodeli.ee\/#organization","name":"Vinodeli O\u00dc","url":"https:\/\/vinodeli.ee\/","logo":{"@type":"ImageObject","inLanguage":"en-US","@id":"https:\/\/vinodeli.ee\/#\/schema\/logo\/image\/","url":"https:\/\/vinodeli.ee\/wp-content\/uploads\/2024\/02\/logo-winodeli-1.png","contentUrl":"https:\/\/vinodeli.ee\/wp-content\/uploads\/2024\/02\/logo-winodeli-1.png","width":1500,"height":1150,"caption":"Vinodeli O\u00dc"},"image":{"@id":"https:\/\/vinodeli.ee\/#\/schema\/logo\/image\/"}}]}},"_links":{"self":[{"href":"https:\/\/vinodeli.ee\/en\/wp-json\/wp\/v2\/product\/81717","targetHints":{"allow":["GET"]}}],"collection":[{"href":"https:\/\/vinodeli.ee\/en\/wp-json\/wp\/v2\/product"}],"about":[{"href":"https:\/\/vinodeli.ee\/en\/wp-json\/wp\/v2\/types\/product"}],"version-history":[{"count":0,"href":"https:\/\/vinodeli.ee\/en\/wp-json\/wp\/v2\/product\/81717\/revisions"}],"wp:featuredmedia":[{"embeddable":true,"href":"https:\/\/vinodeli.ee\/en\/wp-json\/wp\/v2\/media\/81720"}],"wp:attachment":[{"href":"https:\/\/vinodeli.ee\/en\/wp-json\/wp\/v2\/media?parent=81717"}],"wp:term":[{"taxonomy":"product_brand","embeddable":true,"href":"https:\/\/vinodeli.ee\/en\/wp-json\/wp\/v2\/product_brand?post=81717"},{"taxonomy":"product_cat","embeddable":true,"href":"https:\/\/vinodeli.ee\/en\/wp-json\/wp\/v2\/product_cat?post=81717"},{"taxonomy":"product_tag","embeddable":true,"href":"https:\/\/vinodeli.ee\/en\/wp-json\/wp\/v2\/product_tag?post=81717"}],"curies":[{"name":"wp","href":"https:\/\/api.w.org\/{rel}","templated":true}]}}