{"id":81840,"date":"2026-03-06T16:31:48","date_gmt":"2026-03-06T14:31:48","guid":{"rendered":"https:\/\/vinodeli.ee\/?post_type=product&#038;p=81840"},"modified":"2026-03-20T18:34:55","modified_gmt":"2026-03-20T16:34:55","slug":"rabetllat-i-vidal-jaume-vidal-brut-nature-gran-reserva-2017-xarel%c2%b7lo-do-cava-12-075l","status":"publish","type":"product","link":"https:\/\/vinodeli.ee\/en\/product\/rabetllat-i-vidal-jaume-vidal-brut-nature-gran-reserva-2017-xarel%c2%b7lo-do-cava-12-075l\/","title":{"rendered":"Rabetllat i Vidal Jaume Vidal Brut Nature Gran Reserva 2017 Xarel\u00b7lo DO Cava 12% 0,75l"},"content":{"rendered":"<blockquote>\n<h5>Finca Ca n&#8217;Estella is a family\u2011run estate managed by the Rabetllat and Vidal family. Delf\u00ed Rabetllat was a great lover of wine culture, had taken part in winemaking for years, and decided to acquire the property in 1964. In 1992, Merc\u00e8 Rabetllat and her husband Jaume Vidal decided to revive the traditional family winemaking activity. Today, the third generation, together with a team of external professionals, continues this work.<\/h5>\n<\/blockquote>\n<h3>Winemaking<\/h3>\n<p>A cava made from the finest Xarel\u00b7lo grapes. The base wine is fermented in barrels. Aged for at least 60 months.<\/p>\n<h3>Tasting notes<\/h3>\n<p>A straw\u2011coloured cava with excellent foam formation and fine, elegant bubbles that create a uniform and persistent crown. Its aroma evokes pastries and dried fruits. On the palate, it is pleasant and well\u2011integrated, with fine and elegant bubbles. Balanced acidity. Full and persistent, with a long and pleasant finish. Recommended serving temperature: 6\u20138\u00b0C<\/p>\n<h3>Food pairing<\/h3>\n<p>Perfect with appetizers and seafood.<\/p>\n","protected":false},"excerpt":{"rendered":"<blockquote>\n<h4>Grape varieties:70% Chardonnay, 15% Macabeu and 15 Xarel\u00b7lo<\/h4>\n<\/blockquote>\n<ul>\n<li>Decanter World Wine Awards 2020 &#8211; Platinum<\/li>\n<li>Gu\u00eda Pe\u00f1\u00edn (2016 vintage) &#8211; 90 points<\/li>\n<\/ul>\n","protected":false},"featured_media":81865,"template":"","meta":{"_acf_changed":false},"product_brand":[],"product_cat":[19488,22136,19500,19495],"product_tag":[],"class_list":{"0":"post-81840","1":"product","2":"type-product","3":"status-publish","4":"has-post-thumbnail","6":"product_cat-sparkling-wine","7":"product_cat-only-brut-nature","8":"product_cat-cava-en","9":"product_cat-all-champagne-method","11":"first","12":"instock","13":"taxable","14":"shipping-taxable","15":"purchasable","16":"product-type-simple"},"acf":[],"yoast_head":"<!-- This site is optimized with the Yoast SEO plugin v25.7 - https:\/\/yoast.com\/wordpress\/plugins\/seo\/ -->\n<title>Rabetllat i Vidal Jaume Vidal Brut Nature Gran Reserva 2017 Xarel\u00b7lo DO Cava 12% 0,75l - Vinodeli<\/title>\n<meta name=\"robots\" content=\"index, follow, max-snippet:-1, max-image-preview:large, max-video-preview:-1\" \/>\n<link rel=\"canonical\" href=\"https:\/\/vinodeli.ee\/en\/product\/rabetllat-i-vidal-jaume-vidal-brut-nature-gran-reserva-2017-xarel\u00b7lo-do-cava-12-075l\/\" \/>\n<meta property=\"og:locale\" content=\"en_US\" \/>\n<meta property=\"og:type\" content=\"article\" \/>\n<meta property=\"og:title\" content=\"Rabetllat i Vidal Jaume Vidal Brut Nature Gran Reserva 2017 Xarel\u00b7lo DO Cava 12% 0,75l - Vinodeli\" \/>\n<meta property=\"og:description\" content=\"Grape varieties:70% Chardonnay, 15% Macabeu and 15 Xarel\u00b7lo    Decanter World Wine Awards 2020 - Platinum  Gu\u00eda Pe\u00f1\u00edn (2016 vintage) - 90 points\" \/>\n<meta property=\"og:url\" content=\"https:\/\/vinodeli.ee\/en\/product\/rabetllat-i-vidal-jaume-vidal-brut-nature-gran-reserva-2017-xarel\u00b7lo-do-cava-12-075l\/\" \/>\n<meta property=\"og:site_name\" content=\"Vinodeli\" \/>\n<meta property=\"article:modified_time\" content=\"2026-03-20T16:34:55+00:00\" \/>\n<meta property=\"og:image\" content=\"https:\/\/vinodeli.ee\/wp-content\/uploads\/2026\/03\/f07b897f-b01b-490c-91e6-597ef25f8392.png\" \/>\n\t<meta property=\"og:image:width\" content=\"2000\" \/>\n\t<meta property=\"og:image:height\" content=\"2000\" \/>\n\t<meta property=\"og:image:type\" content=\"image\/png\" \/>\n<meta name=\"twitter:card\" content=\"summary_large_image\" \/>\n<meta name=\"twitter:label1\" content=\"Est. reading time\" \/>\n\t<meta name=\"twitter:data1\" content=\"1 minute\" \/>\n<script type=\"application\/ld+json\" class=\"yoast-schema-graph\">{\"@context\":\"https:\/\/schema.org\",\"@graph\":[{\"@type\":\"WebPage\",\"@id\":\"https:\/\/vinodeli.ee\/en\/product\/rabetllat-i-vidal-jaume-vidal-brut-nature-gran-reserva-2017-xarel%c2%b7lo-do-cava-12-075l\/\",\"url\":\"https:\/\/vinodeli.ee\/en\/product\/rabetllat-i-vidal-jaume-vidal-brut-nature-gran-reserva-2017-xarel%c2%b7lo-do-cava-12-075l\/\",\"name\":\"Rabetllat i Vidal Jaume Vidal Brut Nature Gran Reserva 2017 Xarel\u00b7lo DO Cava 12% 0,75l - Vinodeli\",\"isPartOf\":{\"@id\":\"https:\/\/vinodeli.ee\/#website\"},\"primaryImageOfPage\":{\"@id\":\"https:\/\/vinodeli.ee\/en\/product\/rabetllat-i-vidal-jaume-vidal-brut-nature-gran-reserva-2017-xarel%c2%b7lo-do-cava-12-075l\/#primaryimage\"},\"image\":{\"@id\":\"https:\/\/vinodeli.ee\/en\/product\/rabetllat-i-vidal-jaume-vidal-brut-nature-gran-reserva-2017-xarel%c2%b7lo-do-cava-12-075l\/#primaryimage\"},\"thumbnailUrl\":\"https:\/\/vinodeli.ee\/wp-content\/uploads\/2026\/03\/f07b897f-b01b-490c-91e6-597ef25f8392.png\",\"datePublished\":\"2026-03-06T14:31:48+00:00\",\"dateModified\":\"2026-03-20T16:34:55+00:00\",\"breadcrumb\":{\"@id\":\"https:\/\/vinodeli.ee\/en\/product\/rabetllat-i-vidal-jaume-vidal-brut-nature-gran-reserva-2017-xarel%c2%b7lo-do-cava-12-075l\/#breadcrumb\"},\"inLanguage\":\"en-US\",\"potentialAction\":[{\"@type\":\"ReadAction\",\"target\":[\"https:\/\/vinodeli.ee\/en\/product\/rabetllat-i-vidal-jaume-vidal-brut-nature-gran-reserva-2017-xarel%c2%b7lo-do-cava-12-075l\/\"]}]},{\"@type\":\"ImageObject\",\"inLanguage\":\"en-US\",\"@id\":\"https:\/\/vinodeli.ee\/en\/product\/rabetllat-i-vidal-jaume-vidal-brut-nature-gran-reserva-2017-xarel%c2%b7lo-do-cava-12-075l\/#primaryimage\",\"url\":\"https:\/\/vinodeli.ee\/wp-content\/uploads\/2026\/03\/f07b897f-b01b-490c-91e6-597ef25f8392.png\",\"contentUrl\":\"https:\/\/vinodeli.ee\/wp-content\/uploads\/2026\/03\/f07b897f-b01b-490c-91e6-597ef25f8392.png\",\"width\":2000,\"height\":2000},{\"@type\":\"BreadcrumbList\",\"@id\":\"https:\/\/vinodeli.ee\/en\/product\/rabetllat-i-vidal-jaume-vidal-brut-nature-gran-reserva-2017-xarel%c2%b7lo-do-cava-12-075l\/#breadcrumb\",\"itemListElement\":[{\"@type\":\"ListItem\",\"position\":1,\"name\":\"Home\",\"item\":\"https:\/\/vinodeli.ee\/en\/\"},{\"@type\":\"ListItem\",\"position\":2,\"name\":\"Shop\",\"item\":\"https:\/\/vinodeli.ee\/pood\/\"},{\"@type\":\"ListItem\",\"position\":3,\"name\":\"Rabetllat i Vidal Jaume Vidal Brut Nature Gran Reserva 2017 Xarel\u00b7lo DO Cava 12% 0,75l\"}]},{\"@type\":\"WebSite\",\"@id\":\"https:\/\/vinodeli.ee\/#website\",\"url\":\"https:\/\/vinodeli.ee\/\",\"name\":\"Vinodeli\",\"description\":\"\",\"publisher\":{\"@id\":\"https:\/\/vinodeli.ee\/#organization\"},\"potentialAction\":[{\"@type\":\"SearchAction\",\"target\":{\"@type\":\"EntryPoint\",\"urlTemplate\":\"https:\/\/vinodeli.ee\/?s={search_term_string}\"},\"query-input\":{\"@type\":\"PropertyValueSpecification\",\"valueRequired\":true,\"valueName\":\"search_term_string\"}}],\"inLanguage\":\"en-US\"},{\"@type\":\"Organization\",\"@id\":\"https:\/\/vinodeli.ee\/#organization\",\"name\":\"Vinodeli O\u00dc\",\"url\":\"https:\/\/vinodeli.ee\/\",\"logo\":{\"@type\":\"ImageObject\",\"inLanguage\":\"en-US\",\"@id\":\"https:\/\/vinodeli.ee\/#\/schema\/logo\/image\/\",\"url\":\"https:\/\/vinodeli.ee\/wp-content\/uploads\/2024\/02\/logo-winodeli-1.png\",\"contentUrl\":\"https:\/\/vinodeli.ee\/wp-content\/uploads\/2024\/02\/logo-winodeli-1.png\",\"width\":1500,\"height\":1150,\"caption\":\"Vinodeli O\u00dc\"},\"image\":{\"@id\":\"https:\/\/vinodeli.ee\/#\/schema\/logo\/image\/\"}}]}<\/script>\n<!-- \/ Yoast SEO plugin. -->","yoast_head_json":{"title":"Rabetllat i Vidal Jaume Vidal Brut Nature Gran Reserva 2017 Xarel\u00b7lo DO Cava 12% 0,75l - Vinodeli","robots":{"index":"index","follow":"follow","max-snippet":"max-snippet:-1","max-image-preview":"max-image-preview:large","max-video-preview":"max-video-preview:-1"},"canonical":"https:\/\/vinodeli.ee\/en\/product\/rabetllat-i-vidal-jaume-vidal-brut-nature-gran-reserva-2017-xarel\u00b7lo-do-cava-12-075l\/","og_locale":"en_US","og_type":"article","og_title":"Rabetllat i Vidal Jaume Vidal Brut Nature Gran Reserva 2017 Xarel\u00b7lo DO Cava 12% 0,75l - Vinodeli","og_description":"Grape varieties:70% Chardonnay, 15% Macabeu and 15 Xarel\u00b7lo    Decanter World Wine Awards 2020 - Platinum  Gu\u00eda Pe\u00f1\u00edn (2016 vintage) - 90 points","og_url":"https:\/\/vinodeli.ee\/en\/product\/rabetllat-i-vidal-jaume-vidal-brut-nature-gran-reserva-2017-xarel\u00b7lo-do-cava-12-075l\/","og_site_name":"Vinodeli","article_modified_time":"2026-03-20T16:34:55+00:00","og_image":[{"width":2000,"height":2000,"url":"https:\/\/vinodeli.ee\/wp-content\/uploads\/2026\/03\/f07b897f-b01b-490c-91e6-597ef25f8392.png","type":"image\/png"}],"twitter_card":"summary_large_image","twitter_misc":{"Est. reading time":"1 minute"},"schema":{"@context":"https:\/\/schema.org","@graph":[{"@type":"WebPage","@id":"https:\/\/vinodeli.ee\/en\/product\/rabetllat-i-vidal-jaume-vidal-brut-nature-gran-reserva-2017-xarel%c2%b7lo-do-cava-12-075l\/","url":"https:\/\/vinodeli.ee\/en\/product\/rabetllat-i-vidal-jaume-vidal-brut-nature-gran-reserva-2017-xarel%c2%b7lo-do-cava-12-075l\/","name":"Rabetllat i Vidal Jaume Vidal Brut Nature Gran Reserva 2017 Xarel\u00b7lo DO Cava 12% 0,75l - Vinodeli","isPartOf":{"@id":"https:\/\/vinodeli.ee\/#website"},"primaryImageOfPage":{"@id":"https:\/\/vinodeli.ee\/en\/product\/rabetllat-i-vidal-jaume-vidal-brut-nature-gran-reserva-2017-xarel%c2%b7lo-do-cava-12-075l\/#primaryimage"},"image":{"@id":"https:\/\/vinodeli.ee\/en\/product\/rabetllat-i-vidal-jaume-vidal-brut-nature-gran-reserva-2017-xarel%c2%b7lo-do-cava-12-075l\/#primaryimage"},"thumbnailUrl":"https:\/\/vinodeli.ee\/wp-content\/uploads\/2026\/03\/f07b897f-b01b-490c-91e6-597ef25f8392.png","datePublished":"2026-03-06T14:31:48+00:00","dateModified":"2026-03-20T16:34:55+00:00","breadcrumb":{"@id":"https:\/\/vinodeli.ee\/en\/product\/rabetllat-i-vidal-jaume-vidal-brut-nature-gran-reserva-2017-xarel%c2%b7lo-do-cava-12-075l\/#breadcrumb"},"inLanguage":"en-US","potentialAction":[{"@type":"ReadAction","target":["https:\/\/vinodeli.ee\/en\/product\/rabetllat-i-vidal-jaume-vidal-brut-nature-gran-reserva-2017-xarel%c2%b7lo-do-cava-12-075l\/"]}]},{"@type":"ImageObject","inLanguage":"en-US","@id":"https:\/\/vinodeli.ee\/en\/product\/rabetllat-i-vidal-jaume-vidal-brut-nature-gran-reserva-2017-xarel%c2%b7lo-do-cava-12-075l\/#primaryimage","url":"https:\/\/vinodeli.ee\/wp-content\/uploads\/2026\/03\/f07b897f-b01b-490c-91e6-597ef25f8392.png","contentUrl":"https:\/\/vinodeli.ee\/wp-content\/uploads\/2026\/03\/f07b897f-b01b-490c-91e6-597ef25f8392.png","width":2000,"height":2000},{"@type":"BreadcrumbList","@id":"https:\/\/vinodeli.ee\/en\/product\/rabetllat-i-vidal-jaume-vidal-brut-nature-gran-reserva-2017-xarel%c2%b7lo-do-cava-12-075l\/#breadcrumb","itemListElement":[{"@type":"ListItem","position":1,"name":"Home","item":"https:\/\/vinodeli.ee\/en\/"},{"@type":"ListItem","position":2,"name":"Shop","item":"https:\/\/vinodeli.ee\/pood\/"},{"@type":"ListItem","position":3,"name":"Rabetllat i Vidal Jaume Vidal Brut Nature Gran Reserva 2017 Xarel\u00b7lo DO Cava 12% 0,75l"}]},{"@type":"WebSite","@id":"https:\/\/vinodeli.ee\/#website","url":"https:\/\/vinodeli.ee\/","name":"Vinodeli","description":"","publisher":{"@id":"https:\/\/vinodeli.ee\/#organization"},"potentialAction":[{"@type":"SearchAction","target":{"@type":"EntryPoint","urlTemplate":"https:\/\/vinodeli.ee\/?s={search_term_string}"},"query-input":{"@type":"PropertyValueSpecification","valueRequired":true,"valueName":"search_term_string"}}],"inLanguage":"en-US"},{"@type":"Organization","@id":"https:\/\/vinodeli.ee\/#organization","name":"Vinodeli O\u00dc","url":"https:\/\/vinodeli.ee\/","logo":{"@type":"ImageObject","inLanguage":"en-US","@id":"https:\/\/vinodeli.ee\/#\/schema\/logo\/image\/","url":"https:\/\/vinodeli.ee\/wp-content\/uploads\/2024\/02\/logo-winodeli-1.png","contentUrl":"https:\/\/vinodeli.ee\/wp-content\/uploads\/2024\/02\/logo-winodeli-1.png","width":1500,"height":1150,"caption":"Vinodeli O\u00dc"},"image":{"@id":"https:\/\/vinodeli.ee\/#\/schema\/logo\/image\/"}}]}},"_links":{"self":[{"href":"https:\/\/vinodeli.ee\/en\/wp-json\/wp\/v2\/product\/81840","targetHints":{"allow":["GET"]}}],"collection":[{"href":"https:\/\/vinodeli.ee\/en\/wp-json\/wp\/v2\/product"}],"about":[{"href":"https:\/\/vinodeli.ee\/en\/wp-json\/wp\/v2\/types\/product"}],"version-history":[{"count":0,"href":"https:\/\/vinodeli.ee\/en\/wp-json\/wp\/v2\/product\/81840\/revisions"}],"wp:featuredmedia":[{"embeddable":true,"href":"https:\/\/vinodeli.ee\/en\/wp-json\/wp\/v2\/media\/81865"}],"wp:attachment":[{"href":"https:\/\/vinodeli.ee\/en\/wp-json\/wp\/v2\/media?parent=81840"}],"wp:term":[{"taxonomy":"product_brand","embeddable":true,"href":"https:\/\/vinodeli.ee\/en\/wp-json\/wp\/v2\/product_brand?post=81840"},{"taxonomy":"product_cat","embeddable":true,"href":"https:\/\/vinodeli.ee\/en\/wp-json\/wp\/v2\/product_cat?post=81840"},{"taxonomy":"product_tag","embeddable":true,"href":"https:\/\/vinodeli.ee\/en\/wp-json\/wp\/v2\/product_tag?post=81840"}],"curies":[{"name":"wp","href":"https:\/\/api.w.org\/{rel}","templated":true}]}}