{"id":82063,"date":"2026-03-13T19:02:27","date_gmt":"2026-03-13T17:02:27","guid":{"rendered":"https:\/\/vinodeli.ee\/?post_type=product&#038;p=82063"},"modified":"2026-03-13T19:13:31","modified_gmt":"2026-03-13T17:13:31","slug":"champagne-canard-duchene-leonie-iconic-12-15l","status":"publish","type":"product","link":"https:\/\/vinodeli.ee\/en\/product\/champagne-canard-duchene-leonie-iconic-12-15l\/","title":{"rendered":"Champagne Canard Duch\u00eane L\u00e9onie Iconic 12% 1,5L"},"content":{"rendered":"<blockquote><p><strong>The story of Canard\u2011Duch\u00eane unfolds as a tribute to an enduring legacy shaped by an unbreakable bond and a profound respect for the land. For more than 150 years, the House has remained faithful to the values established by its founders: harmony with nature, long\u2011lasting partnerships, and unwavering authenticity. When winemaker L\u00e9onie Duch\u00eane and barrel\u2011maker Victor Canard united their expertise, they sought to craft Champagne that would embody the distinctive character of the Montagne de Reims \u2014 the land they cherished. Their passion, dedication, and belief in their craft laid the foundation for a style that continues to define Canard\u2011Duch\u00eane today. The House carries this heritage forward, revealing the richness of its terroir and creating Champagnes that celebrate elegance, freshness, and a deep respect for tradition.    <\/strong><\/p><\/blockquote>\n<p>\u201cL\u00e9onie Iconic reflects the Maison\u2019s style at its finest: freshness, intensity and fruit elegance thanks to the majority share of Pinot Noir. It beautifully embodies the oenological path we began over twenty years ago and expresses our gastronomic vision of the Champagne terroir.\u201d \u2014 Cynthia Fossier, Cellar Master<\/p>\n<p>Created in homage to the co\u2011founder of Maison Canard\u2011Duch\u00eane, the L\u00e9onie cuv\u00e9e is crafted in a harmonious, balanced style that highlights the freshness and original purity of Pinot Noir.<br \/>Brut L\u00e9onie Iconic benefits from a precise blend containing at least 40% Pinot Noir, showcasing the Montagne de Reims and the Champagne terroir. The Cellar Master also selects a collection of reserve wines from the perpetual reserve, initiated in 2012, bringing freshness and generosity.<br \/>Aromatic and generous, this cuv\u00e9e reveals delicate layers of exotic fruit and subtle spices with each sip, all while maintaining a structured balance.  <\/p>\n<p>Harvest Basis 2021 &#8211; A year marked by significant climatic challenges, resulting in a historically low yield but exceptional fruit quality.<br \/>Reserve Wines &#8211; 50% from the perpetual reserve, whose oldest wine dates back to 2009. Aged for a minimum of 3 years in our cellars. While at its finest upon release, it may be aged an additional 2\u20133 years if stored away from light at 10\u201315\u00b0C.  <\/p>\n<h3 dir=\"ltr\" data-placeholder=\"\u041f\u0435\u0440\u0435\u0432\u043e\u0434\" aria-label=\"\u041f\u0435\u0440\u0435\u0432\u0435\u0434\u0435\u043d\u043d\u044b\u0439 \u0442\u0435\u043a\u0441\u0442\" data-ved=\"2ahUKEwjQw6nfl7WGAxVTGxAIHd5oCtAQ3ewLegQIBRAU\">Tasting notes<\/h3>\n<p><strong>Appearance<\/strong><br \/>A radiant pale\u2011gold hue.<br \/><strong>Nose<\/strong><br \/>Ripe, juicy yellow fruits such as peach evoke a sunlit summer orchard.<br \/><strong>Palate<\/strong><br \/>Exotic fruit notes like candied pineapple mingle with hints of dried flowers and toasted aromas, enhanced by gentle spices. Generous yet fresh. <\/p>\n<h3>Food pairing<\/h3>\n<p>Chicken supreme with summer truffle, baby potatoes and saut\u00e9ed mushrooms.<br \/>Gingerbread\u2011crusted sea bass, savory pumpkin flan and carrot reduction.<br \/>Snail ravioli with garlic butter and creamy broth.  <\/p>\n<p class=\"tw-data-text tw-text-large tw-ta\" dir=\"ltr\" data-placeholder=\"\u041f\u0435\u0440\u0435\u0432\u043e\u0434\" aria-label=\"\u041f\u0435\u0440\u0435\u0432\u0435\u0434\u0435\u043d\u043d\u044b\u0439 \u0442\u0435\u043a\u0441\u0442\" data-ved=\"2ahUKEwjQw6nfl7WGAxVTGxAIHd5oCtAQ3ewLegQIBRAU\">\n","protected":false},"excerpt":{"rendered":"<h4\/>\n&nbsp;<\/p>\n","protected":false},"featured_media":82056,"template":"","meta":{"_acf_changed":false},"product_brand":[],"product_cat":[19488,19493,19495],"product_tag":[],"class_list":{"0":"post-82063","1":"product","2":"type-product","3":"status-publish","4":"has-post-thumbnail","6":"product_cat-sparkling-wine","7":"product_cat-champagne","8":"product_cat-all-champagne-method","10":"first","11":"instock","12":"downloadable","13":"taxable","14":"shipping-taxable","15":"purchasable","16":"product-type-simple"},"acf":[],"yoast_head":"<!-- This site is optimized with the Yoast SEO plugin v25.7 - https:\/\/yoast.com\/wordpress\/plugins\/seo\/ -->\n<title>Champagne Canard Duch\u00eane L\u00e9onie Iconic 12% 1,5L - Vinodeli<\/title>\n<meta name=\"robots\" content=\"index, follow, max-snippet:-1, max-image-preview:large, max-video-preview:-1\" \/>\n<link rel=\"canonical\" href=\"https:\/\/vinodeli.ee\/en\/?post_type=product&p=82063\" \/>\n<meta property=\"og:locale\" content=\"en_US\" \/>\n<meta property=\"og:type\" content=\"article\" \/>\n<meta property=\"og:title\" content=\"Champagne Canard Duch\u00eane L\u00e9onie Iconic 12% 1,5L - Vinodeli\" \/>\n<meta property=\"og:description\" content=\"&nbsp;\" \/>\n<meta property=\"og:url\" content=\"https:\/\/vinodeli.ee\/en\/?post_type=product&amp;p=82063\" \/>\n<meta property=\"og:site_name\" content=\"Vinodeli\" \/>\n<meta property=\"article:modified_time\" content=\"2026-03-13T17:13:31+00:00\" \/>\n<meta property=\"og:image\" content=\"https:\/\/vinodeli.ee\/wp-content\/uploads\/2026\/03\/leonie-iconic.jpg\" \/>\n\t<meta property=\"og:image:width\" content=\"1252\" \/>\n\t<meta property=\"og:image:height\" content=\"1252\" \/>\n\t<meta property=\"og:image:type\" content=\"image\/jpeg\" \/>\n<meta name=\"twitter:card\" content=\"summary_large_image\" \/>\n<meta name=\"twitter:label1\" content=\"Est. reading time\" \/>\n\t<meta name=\"twitter:data1\" content=\"1 minute\" \/>\n<script type=\"application\/ld+json\" class=\"yoast-schema-graph\">{\"@context\":\"https:\/\/schema.org\",\"@graph\":[{\"@type\":\"WebPage\",\"@id\":\"https:\/\/vinodeli.ee\/en\/?post_type=product&p=82063\",\"url\":\"https:\/\/vinodeli.ee\/en\/?post_type=product&p=82063\",\"name\":\"Champagne Canard Duch\u00eane L\u00e9onie Iconic 12% 1,5L - Vinodeli\",\"isPartOf\":{\"@id\":\"https:\/\/vinodeli.ee\/#website\"},\"primaryImageOfPage\":{\"@id\":\"https:\/\/vinodeli.ee\/en\/?post_type=product&p=82063#primaryimage\"},\"image\":{\"@id\":\"https:\/\/vinodeli.ee\/en\/?post_type=product&p=82063#primaryimage\"},\"thumbnailUrl\":\"https:\/\/vinodeli.ee\/wp-content\/uploads\/2026\/03\/leonie-iconic.jpg\",\"datePublished\":\"2026-03-13T17:02:27+00:00\",\"dateModified\":\"2026-03-13T17:13:31+00:00\",\"breadcrumb\":{\"@id\":\"https:\/\/vinodeli.ee\/en\/?post_type=product&p=82063#breadcrumb\"},\"inLanguage\":\"en-US\",\"potentialAction\":[{\"@type\":\"ReadAction\",\"target\":[\"https:\/\/vinodeli.ee\/en\/?post_type=product&p=82063\"]}]},{\"@type\":\"ImageObject\",\"inLanguage\":\"en-US\",\"@id\":\"https:\/\/vinodeli.ee\/en\/?post_type=product&p=82063#primaryimage\",\"url\":\"https:\/\/vinodeli.ee\/wp-content\/uploads\/2026\/03\/leonie-iconic.jpg\",\"contentUrl\":\"https:\/\/vinodeli.ee\/wp-content\/uploads\/2026\/03\/leonie-iconic.jpg\",\"width\":1252,\"height\":1252},{\"@type\":\"BreadcrumbList\",\"@id\":\"https:\/\/vinodeli.ee\/en\/?post_type=product&p=82063#breadcrumb\",\"itemListElement\":[{\"@type\":\"ListItem\",\"position\":1,\"name\":\"Home\",\"item\":\"https:\/\/vinodeli.ee\/en\/\"},{\"@type\":\"ListItem\",\"position\":2,\"name\":\"Shop\",\"item\":\"https:\/\/vinodeli.ee\/pood\/\"},{\"@type\":\"ListItem\",\"position\":3,\"name\":\"Private: Champagne Canard Duch\u00eane L\u00e9onie Iconic 12% 1,5L\"}]},{\"@type\":\"WebSite\",\"@id\":\"https:\/\/vinodeli.ee\/#website\",\"url\":\"https:\/\/vinodeli.ee\/\",\"name\":\"Vinodeli\",\"description\":\"\",\"publisher\":{\"@id\":\"https:\/\/vinodeli.ee\/#organization\"},\"potentialAction\":[{\"@type\":\"SearchAction\",\"target\":{\"@type\":\"EntryPoint\",\"urlTemplate\":\"https:\/\/vinodeli.ee\/?s={search_term_string}\"},\"query-input\":{\"@type\":\"PropertyValueSpecification\",\"valueRequired\":true,\"valueName\":\"search_term_string\"}}],\"inLanguage\":\"en-US\"},{\"@type\":\"Organization\",\"@id\":\"https:\/\/vinodeli.ee\/#organization\",\"name\":\"Vinodeli O\u00dc\",\"url\":\"https:\/\/vinodeli.ee\/\",\"logo\":{\"@type\":\"ImageObject\",\"inLanguage\":\"en-US\",\"@id\":\"https:\/\/vinodeli.ee\/#\/schema\/logo\/image\/\",\"url\":\"https:\/\/vinodeli.ee\/wp-content\/uploads\/2024\/02\/logo-winodeli-1.png\",\"contentUrl\":\"https:\/\/vinodeli.ee\/wp-content\/uploads\/2024\/02\/logo-winodeli-1.png\",\"width\":1500,\"height\":1150,\"caption\":\"Vinodeli O\u00dc\"},\"image\":{\"@id\":\"https:\/\/vinodeli.ee\/#\/schema\/logo\/image\/\"}}]}<\/script>\n<!-- \/ Yoast SEO plugin. -->","yoast_head_json":{"title":"Champagne Canard Duch\u00eane L\u00e9onie Iconic 12% 1,5L - Vinodeli","robots":{"index":"index","follow":"follow","max-snippet":"max-snippet:-1","max-image-preview":"max-image-preview:large","max-video-preview":"max-video-preview:-1"},"canonical":"https:\/\/vinodeli.ee\/en\/?post_type=product&p=82063","og_locale":"en_US","og_type":"article","og_title":"Champagne Canard Duch\u00eane L\u00e9onie Iconic 12% 1,5L - Vinodeli","og_description":"&nbsp;","og_url":"https:\/\/vinodeli.ee\/en\/?post_type=product&p=82063","og_site_name":"Vinodeli","article_modified_time":"2026-03-13T17:13:31+00:00","og_image":[{"width":1252,"height":1252,"url":"https:\/\/vinodeli.ee\/wp-content\/uploads\/2026\/03\/leonie-iconic.jpg","type":"image\/jpeg"}],"twitter_card":"summary_large_image","twitter_misc":{"Est. reading time":"1 minute"},"schema":{"@context":"https:\/\/schema.org","@graph":[{"@type":"WebPage","@id":"https:\/\/vinodeli.ee\/en\/?post_type=product&p=82063","url":"https:\/\/vinodeli.ee\/en\/?post_type=product&p=82063","name":"Champagne Canard Duch\u00eane L\u00e9onie Iconic 12% 1,5L - Vinodeli","isPartOf":{"@id":"https:\/\/vinodeli.ee\/#website"},"primaryImageOfPage":{"@id":"https:\/\/vinodeli.ee\/en\/?post_type=product&p=82063#primaryimage"},"image":{"@id":"https:\/\/vinodeli.ee\/en\/?post_type=product&p=82063#primaryimage"},"thumbnailUrl":"https:\/\/vinodeli.ee\/wp-content\/uploads\/2026\/03\/leonie-iconic.jpg","datePublished":"2026-03-13T17:02:27+00:00","dateModified":"2026-03-13T17:13:31+00:00","breadcrumb":{"@id":"https:\/\/vinodeli.ee\/en\/?post_type=product&p=82063#breadcrumb"},"inLanguage":"en-US","potentialAction":[{"@type":"ReadAction","target":["https:\/\/vinodeli.ee\/en\/?post_type=product&p=82063"]}]},{"@type":"ImageObject","inLanguage":"en-US","@id":"https:\/\/vinodeli.ee\/en\/?post_type=product&p=82063#primaryimage","url":"https:\/\/vinodeli.ee\/wp-content\/uploads\/2026\/03\/leonie-iconic.jpg","contentUrl":"https:\/\/vinodeli.ee\/wp-content\/uploads\/2026\/03\/leonie-iconic.jpg","width":1252,"height":1252},{"@type":"BreadcrumbList","@id":"https:\/\/vinodeli.ee\/en\/?post_type=product&p=82063#breadcrumb","itemListElement":[{"@type":"ListItem","position":1,"name":"Home","item":"https:\/\/vinodeli.ee\/en\/"},{"@type":"ListItem","position":2,"name":"Shop","item":"https:\/\/vinodeli.ee\/pood\/"},{"@type":"ListItem","position":3,"name":"Private: Champagne Canard Duch\u00eane L\u00e9onie Iconic 12% 1,5L"}]},{"@type":"WebSite","@id":"https:\/\/vinodeli.ee\/#website","url":"https:\/\/vinodeli.ee\/","name":"Vinodeli","description":"","publisher":{"@id":"https:\/\/vinodeli.ee\/#organization"},"potentialAction":[{"@type":"SearchAction","target":{"@type":"EntryPoint","urlTemplate":"https:\/\/vinodeli.ee\/?s={search_term_string}"},"query-input":{"@type":"PropertyValueSpecification","valueRequired":true,"valueName":"search_term_string"}}],"inLanguage":"en-US"},{"@type":"Organization","@id":"https:\/\/vinodeli.ee\/#organization","name":"Vinodeli O\u00dc","url":"https:\/\/vinodeli.ee\/","logo":{"@type":"ImageObject","inLanguage":"en-US","@id":"https:\/\/vinodeli.ee\/#\/schema\/logo\/image\/","url":"https:\/\/vinodeli.ee\/wp-content\/uploads\/2024\/02\/logo-winodeli-1.png","contentUrl":"https:\/\/vinodeli.ee\/wp-content\/uploads\/2024\/02\/logo-winodeli-1.png","width":1500,"height":1150,"caption":"Vinodeli O\u00dc"},"image":{"@id":"https:\/\/vinodeli.ee\/#\/schema\/logo\/image\/"}}]}},"_links":{"self":[{"href":"https:\/\/vinodeli.ee\/en\/wp-json\/wp\/v2\/product\/82063","targetHints":{"allow":["GET"]}}],"collection":[{"href":"https:\/\/vinodeli.ee\/en\/wp-json\/wp\/v2\/product"}],"about":[{"href":"https:\/\/vinodeli.ee\/en\/wp-json\/wp\/v2\/types\/product"}],"version-history":[{"count":0,"href":"https:\/\/vinodeli.ee\/en\/wp-json\/wp\/v2\/product\/82063\/revisions"}],"wp:featuredmedia":[{"embeddable":true,"href":"https:\/\/vinodeli.ee\/en\/wp-json\/wp\/v2\/media\/82056"}],"wp:attachment":[{"href":"https:\/\/vinodeli.ee\/en\/wp-json\/wp\/v2\/media?parent=82063"}],"wp:term":[{"taxonomy":"product_brand","embeddable":true,"href":"https:\/\/vinodeli.ee\/en\/wp-json\/wp\/v2\/product_brand?post=82063"},{"taxonomy":"product_cat","embeddable":true,"href":"https:\/\/vinodeli.ee\/en\/wp-json\/wp\/v2\/product_cat?post=82063"},{"taxonomy":"product_tag","embeddable":true,"href":"https:\/\/vinodeli.ee\/en\/wp-json\/wp\/v2\/product_tag?post=82063"}],"curies":[{"name":"wp","href":"https:\/\/api.w.org\/{rel}","templated":true}]}}