{"id":82113,"date":"2026-03-14T09:47:46","date_gmt":"2026-03-14T07:47:46","guid":{"rendered":"https:\/\/vinodeli.ee\/?post_type=product&#038;p=82113"},"modified":"2026-03-14T10:00:38","modified_gmt":"2026-03-14T08:00:38","slug":"champagne-canard-duchene-rose-iconic-12-075l","status":"publish","type":"product","link":"https:\/\/vinodeli.ee\/en\/product\/champagne-canard-duchene-rose-iconic-12-075l\/","title":{"rendered":"Champagne Canard Duch\u00eane Ros\u00e9 Iconic 12% 0,75l"},"content":{"rendered":"<blockquote><p><strong>The story of Canard\u2011Duch\u00eane unfolds as a tribute to an enduring legacy shaped by an unbreakable bond and a profound respect for the land. For more than 150 years, the House has remained faithful to the values established by its founders: harmony with nature, long\u2011lasting partnerships, and unwavering authenticity. When winemaker L\u00e9onie Duch\u00eane and barrel\u2011maker Victor Canard united their expertise, they sought to craft Champagne that would embody the distinctive character of the Montagne de Reims \u2014 the land they cherished. Their passion, dedication, and belief in their craft laid the foundation for a style that continues to define Canard\u2011Duch\u00eane today. The House carries this heritage forward, revealing the richness of its terroir and creating Champagnes that celebrate elegance, freshness, and a deep respect for tradition.    <\/strong><\/p><\/blockquote>\n<p>\u201cRos\u00e9 Iconic offers a unique, gourmet crunch. The \u2018saign\u00e9e\u2019 method brings a beautiful balance between structure and fruitiness, accompanied by ever\u2011present freshness.\u201d \u2014 Cynthia Fossier, Cellar Master<\/p>\n<p>Expressive and alluring, our Ros\u00e9 Iconic stands out thanks to its high proportion of Premiers and Grands Crus, its generous use of reserve wines, and its extended cellar aging.<br \/>This cuv\u00e9e is crafted as a<strong> Ros\u00e9 de Saign\u00e9e<\/strong>, a rare and demanding method in which Pinot Noir juice is tinted and enriched through brief contact with the grape skins. This technique gives the wine its signature colour, crisp texture, and the elegant fruitiness of red berries.<br \/>An exquisite Champagne designed to be shared and to make every moment unique.   <\/p>\n<p>Reserve Wines &#8211; 30%.<br \/>Aged for a minimum of 3 years in our cellars. While at its finest upon release, it may be aged an additional 2\u20133 years if stored away from light at 10\u201315\u00b0C.  <\/p>\n<h3 dir=\"ltr\" data-placeholder=\"\u041f\u0435\u0440\u0435\u0432\u043e\u0434\" aria-label=\"\u041f\u0435\u0440\u0435\u0432\u0435\u0434\u0435\u043d\u043d\u044b\u0439 \u0442\u0435\u043a\u0441\u0442\" data-ved=\"2ahUKEwjQw6nfl7WGAxVTGxAIHd5oCtAQ3ewLegQIBRAU\">Tasting notes<\/h3>\n<p><strong>Appearance<\/strong><br \/>A lovely copper\u2011pink hue with fine bubbles.<br \/><strong>Nose<\/strong><br \/>Subtle, delicate notes of red berries \u2014 redcurrant and blackcurrant \u2014 highlighting the complexity of the blend.<br \/><strong>Palate<\/strong><br \/>Freshness supported by tangy notes and flavours of cherry and morello cherry.<\/p>\n<h3>Food pairing<\/h3>\n<p>Seared tuna, C\u0153ur de B\u0153uf tomato brunoise, confit leek, balsamic vinegar<br \/>\nRoast squab with cherry\u2011blackcurrant jus and tandoori sweet\u2011potato pur\u00e9e<br \/>\nStrawberry carpaccio, mandarin cream, liquorice mint and Thai basil<\/p>\n<p class=\"tw-data-text tw-text-large tw-ta\" dir=\"ltr\" data-placeholder=\"\u041f\u0435\u0440\u0435\u0432\u043e\u0434\" aria-label=\"\u041f\u0435\u0440\u0435\u0432\u0435\u0434\u0435\u043d\u043d\u044b\u0439 \u0442\u0435\u043a\u0441\u0442\" data-ved=\"2ahUKEwjQw6nfl7WGAxVTGxAIHd5oCtAQ3ewLegQIBRAU\">\n","protected":false},"excerpt":{"rendered":"<h4\/>\n&nbsp;<\/p>\n","protected":false},"featured_media":82116,"template":"","meta":{"_acf_changed":false},"product_brand":[],"product_cat":[19488,19493,19495],"product_tag":[],"class_list":{"0":"post-82113","1":"product","2":"type-product","3":"status-publish","4":"has-post-thumbnail","6":"product_cat-sparkling-wine","7":"product_cat-champagne","8":"product_cat-all-champagne-method","10":"first","11":"instock","12":"downloadable","13":"taxable","14":"shipping-taxable","15":"purchasable","16":"product-type-simple"},"acf":[],"yoast_head":"<!-- This site is optimized with the Yoast SEO plugin v25.7 - https:\/\/yoast.com\/wordpress\/plugins\/seo\/ -->\n<title>Champagne Canard Duch\u00eane Ros\u00e9 Iconic 12% 0,75l - Vinodeli<\/title>\n<meta name=\"robots\" content=\"index, follow, max-snippet:-1, max-image-preview:large, max-video-preview:-1\" \/>\n<link rel=\"canonical\" href=\"https:\/\/vinodeli.ee\/en\/product\/champagne-canard-duchene-rose-iconic-12-075l\/\" \/>\n<meta property=\"og:locale\" content=\"en_US\" \/>\n<meta property=\"og:type\" content=\"article\" \/>\n<meta property=\"og:title\" content=\"Champagne Canard Duch\u00eane Ros\u00e9 Iconic 12% 0,75l - Vinodeli\" \/>\n<meta property=\"og:description\" content=\"&nbsp;\" \/>\n<meta property=\"og:url\" content=\"https:\/\/vinodeli.ee\/en\/product\/champagne-canard-duchene-rose-iconic-12-075l\/\" \/>\n<meta property=\"og:site_name\" content=\"Vinodeli\" \/>\n<meta property=\"article:modified_time\" content=\"2026-03-14T08:00:38+00:00\" \/>\n<meta property=\"og:image\" content=\"https:\/\/vinodeli.ee\/wp-content\/uploads\/2026\/03\/rose-essent.jpg\" \/>\n\t<meta property=\"og:image:width\" content=\"1252\" \/>\n\t<meta property=\"og:image:height\" content=\"1252\" \/>\n\t<meta property=\"og:image:type\" content=\"image\/jpeg\" \/>\n<meta name=\"twitter:card\" content=\"summary_large_image\" \/>\n<meta name=\"twitter:label1\" content=\"Est. reading time\" \/>\n\t<meta name=\"twitter:data1\" content=\"1 minute\" \/>\n<script type=\"application\/ld+json\" class=\"yoast-schema-graph\">{\"@context\":\"https:\/\/schema.org\",\"@graph\":[{\"@type\":\"WebPage\",\"@id\":\"https:\/\/vinodeli.ee\/en\/product\/champagne-canard-duchene-rose-iconic-12-075l\/\",\"url\":\"https:\/\/vinodeli.ee\/en\/product\/champagne-canard-duchene-rose-iconic-12-075l\/\",\"name\":\"Champagne Canard Duch\u00eane Ros\u00e9 Iconic 12% 0,75l - Vinodeli\",\"isPartOf\":{\"@id\":\"https:\/\/vinodeli.ee\/#website\"},\"primaryImageOfPage\":{\"@id\":\"https:\/\/vinodeli.ee\/en\/product\/champagne-canard-duchene-rose-iconic-12-075l\/#primaryimage\"},\"image\":{\"@id\":\"https:\/\/vinodeli.ee\/en\/product\/champagne-canard-duchene-rose-iconic-12-075l\/#primaryimage\"},\"thumbnailUrl\":\"https:\/\/vinodeli.ee\/wp-content\/uploads\/2026\/03\/rose-essent.jpg\",\"datePublished\":\"2026-03-14T07:47:46+00:00\",\"dateModified\":\"2026-03-14T08:00:38+00:00\",\"breadcrumb\":{\"@id\":\"https:\/\/vinodeli.ee\/en\/product\/champagne-canard-duchene-rose-iconic-12-075l\/#breadcrumb\"},\"inLanguage\":\"en-US\",\"potentialAction\":[{\"@type\":\"ReadAction\",\"target\":[\"https:\/\/vinodeli.ee\/en\/product\/champagne-canard-duchene-rose-iconic-12-075l\/\"]}]},{\"@type\":\"ImageObject\",\"inLanguage\":\"en-US\",\"@id\":\"https:\/\/vinodeli.ee\/en\/product\/champagne-canard-duchene-rose-iconic-12-075l\/#primaryimage\",\"url\":\"https:\/\/vinodeli.ee\/wp-content\/uploads\/2026\/03\/rose-essent.jpg\",\"contentUrl\":\"https:\/\/vinodeli.ee\/wp-content\/uploads\/2026\/03\/rose-essent.jpg\",\"width\":1252,\"height\":1252},{\"@type\":\"BreadcrumbList\",\"@id\":\"https:\/\/vinodeli.ee\/en\/product\/champagne-canard-duchene-rose-iconic-12-075l\/#breadcrumb\",\"itemListElement\":[{\"@type\":\"ListItem\",\"position\":1,\"name\":\"Home\",\"item\":\"https:\/\/vinodeli.ee\/en\/\"},{\"@type\":\"ListItem\",\"position\":2,\"name\":\"Shop\",\"item\":\"https:\/\/vinodeli.ee\/pood\/\"},{\"@type\":\"ListItem\",\"position\":3,\"name\":\"Champagne Canard Duch\u00eane Ros\u00e9 Iconic 12% 0,75l\"}]},{\"@type\":\"WebSite\",\"@id\":\"https:\/\/vinodeli.ee\/#website\",\"url\":\"https:\/\/vinodeli.ee\/\",\"name\":\"Vinodeli\",\"description\":\"\",\"publisher\":{\"@id\":\"https:\/\/vinodeli.ee\/#organization\"},\"potentialAction\":[{\"@type\":\"SearchAction\",\"target\":{\"@type\":\"EntryPoint\",\"urlTemplate\":\"https:\/\/vinodeli.ee\/?s={search_term_string}\"},\"query-input\":{\"@type\":\"PropertyValueSpecification\",\"valueRequired\":true,\"valueName\":\"search_term_string\"}}],\"inLanguage\":\"en-US\"},{\"@type\":\"Organization\",\"@id\":\"https:\/\/vinodeli.ee\/#organization\",\"name\":\"Vinodeli O\u00dc\",\"url\":\"https:\/\/vinodeli.ee\/\",\"logo\":{\"@type\":\"ImageObject\",\"inLanguage\":\"en-US\",\"@id\":\"https:\/\/vinodeli.ee\/#\/schema\/logo\/image\/\",\"url\":\"https:\/\/vinodeli.ee\/wp-content\/uploads\/2024\/02\/logo-winodeli-1.png\",\"contentUrl\":\"https:\/\/vinodeli.ee\/wp-content\/uploads\/2024\/02\/logo-winodeli-1.png\",\"width\":1500,\"height\":1150,\"caption\":\"Vinodeli O\u00dc\"},\"image\":{\"@id\":\"https:\/\/vinodeli.ee\/#\/schema\/logo\/image\/\"}}]}<\/script>\n<!-- \/ Yoast SEO plugin. -->","yoast_head_json":{"title":"Champagne Canard Duch\u00eane Ros\u00e9 Iconic 12% 0,75l - Vinodeli","robots":{"index":"index","follow":"follow","max-snippet":"max-snippet:-1","max-image-preview":"max-image-preview:large","max-video-preview":"max-video-preview:-1"},"canonical":"https:\/\/vinodeli.ee\/en\/product\/champagne-canard-duchene-rose-iconic-12-075l\/","og_locale":"en_US","og_type":"article","og_title":"Champagne Canard Duch\u00eane Ros\u00e9 Iconic 12% 0,75l - Vinodeli","og_description":"&nbsp;","og_url":"https:\/\/vinodeli.ee\/en\/product\/champagne-canard-duchene-rose-iconic-12-075l\/","og_site_name":"Vinodeli","article_modified_time":"2026-03-14T08:00:38+00:00","og_image":[{"width":1252,"height":1252,"url":"https:\/\/vinodeli.ee\/wp-content\/uploads\/2026\/03\/rose-essent.jpg","type":"image\/jpeg"}],"twitter_card":"summary_large_image","twitter_misc":{"Est. reading time":"1 minute"},"schema":{"@context":"https:\/\/schema.org","@graph":[{"@type":"WebPage","@id":"https:\/\/vinodeli.ee\/en\/product\/champagne-canard-duchene-rose-iconic-12-075l\/","url":"https:\/\/vinodeli.ee\/en\/product\/champagne-canard-duchene-rose-iconic-12-075l\/","name":"Champagne Canard Duch\u00eane Ros\u00e9 Iconic 12% 0,75l - Vinodeli","isPartOf":{"@id":"https:\/\/vinodeli.ee\/#website"},"primaryImageOfPage":{"@id":"https:\/\/vinodeli.ee\/en\/product\/champagne-canard-duchene-rose-iconic-12-075l\/#primaryimage"},"image":{"@id":"https:\/\/vinodeli.ee\/en\/product\/champagne-canard-duchene-rose-iconic-12-075l\/#primaryimage"},"thumbnailUrl":"https:\/\/vinodeli.ee\/wp-content\/uploads\/2026\/03\/rose-essent.jpg","datePublished":"2026-03-14T07:47:46+00:00","dateModified":"2026-03-14T08:00:38+00:00","breadcrumb":{"@id":"https:\/\/vinodeli.ee\/en\/product\/champagne-canard-duchene-rose-iconic-12-075l\/#breadcrumb"},"inLanguage":"en-US","potentialAction":[{"@type":"ReadAction","target":["https:\/\/vinodeli.ee\/en\/product\/champagne-canard-duchene-rose-iconic-12-075l\/"]}]},{"@type":"ImageObject","inLanguage":"en-US","@id":"https:\/\/vinodeli.ee\/en\/product\/champagne-canard-duchene-rose-iconic-12-075l\/#primaryimage","url":"https:\/\/vinodeli.ee\/wp-content\/uploads\/2026\/03\/rose-essent.jpg","contentUrl":"https:\/\/vinodeli.ee\/wp-content\/uploads\/2026\/03\/rose-essent.jpg","width":1252,"height":1252},{"@type":"BreadcrumbList","@id":"https:\/\/vinodeli.ee\/en\/product\/champagne-canard-duchene-rose-iconic-12-075l\/#breadcrumb","itemListElement":[{"@type":"ListItem","position":1,"name":"Home","item":"https:\/\/vinodeli.ee\/en\/"},{"@type":"ListItem","position":2,"name":"Shop","item":"https:\/\/vinodeli.ee\/pood\/"},{"@type":"ListItem","position":3,"name":"Champagne Canard Duch\u00eane Ros\u00e9 Iconic 12% 0,75l"}]},{"@type":"WebSite","@id":"https:\/\/vinodeli.ee\/#website","url":"https:\/\/vinodeli.ee\/","name":"Vinodeli","description":"","publisher":{"@id":"https:\/\/vinodeli.ee\/#organization"},"potentialAction":[{"@type":"SearchAction","target":{"@type":"EntryPoint","urlTemplate":"https:\/\/vinodeli.ee\/?s={search_term_string}"},"query-input":{"@type":"PropertyValueSpecification","valueRequired":true,"valueName":"search_term_string"}}],"inLanguage":"en-US"},{"@type":"Organization","@id":"https:\/\/vinodeli.ee\/#organization","name":"Vinodeli O\u00dc","url":"https:\/\/vinodeli.ee\/","logo":{"@type":"ImageObject","inLanguage":"en-US","@id":"https:\/\/vinodeli.ee\/#\/schema\/logo\/image\/","url":"https:\/\/vinodeli.ee\/wp-content\/uploads\/2024\/02\/logo-winodeli-1.png","contentUrl":"https:\/\/vinodeli.ee\/wp-content\/uploads\/2024\/02\/logo-winodeli-1.png","width":1500,"height":1150,"caption":"Vinodeli O\u00dc"},"image":{"@id":"https:\/\/vinodeli.ee\/#\/schema\/logo\/image\/"}}]}},"_links":{"self":[{"href":"https:\/\/vinodeli.ee\/en\/wp-json\/wp\/v2\/product\/82113","targetHints":{"allow":["GET"]}}],"collection":[{"href":"https:\/\/vinodeli.ee\/en\/wp-json\/wp\/v2\/product"}],"about":[{"href":"https:\/\/vinodeli.ee\/en\/wp-json\/wp\/v2\/types\/product"}],"version-history":[{"count":0,"href":"https:\/\/vinodeli.ee\/en\/wp-json\/wp\/v2\/product\/82113\/revisions"}],"wp:featuredmedia":[{"embeddable":true,"href":"https:\/\/vinodeli.ee\/en\/wp-json\/wp\/v2\/media\/82116"}],"wp:attachment":[{"href":"https:\/\/vinodeli.ee\/en\/wp-json\/wp\/v2\/media?parent=82113"}],"wp:term":[{"taxonomy":"product_brand","embeddable":true,"href":"https:\/\/vinodeli.ee\/en\/wp-json\/wp\/v2\/product_brand?post=82113"},{"taxonomy":"product_cat","embeddable":true,"href":"https:\/\/vinodeli.ee\/en\/wp-json\/wp\/v2\/product_cat?post=82113"},{"taxonomy":"product_tag","embeddable":true,"href":"https:\/\/vinodeli.ee\/en\/wp-json\/wp\/v2\/product_tag?post=82113"}],"curies":[{"name":"wp","href":"https:\/\/api.w.org\/{rel}","templated":true}]}}