{"id":82236,"date":"2026-03-18T12:22:50","date_gmt":"2026-03-18T10:22:50","guid":{"rendered":"https:\/\/vinodeli.ee\/?post_type=product&#038;p=82236"},"modified":"2026-03-20T18:33:31","modified_gmt":"2026-03-20T16:33:31","slug":"bahia-alta-suave-y-aromatico-moscatel-115-075l","status":"publish","type":"product","link":"https:\/\/vinodeli.ee\/en\/product\/bahia-alta-suave-y-aromatico-moscatel-115-075l\/","title":{"rendered":"Bah\u00eda Alta Suave y Arom\u00e1tico Moscatel 2024 11,5% 0,75l"},"content":{"rendered":"<blockquote><p><strong>Bodegas Vicente Gand\u00eda on 1885 aastal asutatud sajandivanune veinimaja, mida juhib juba neljas p\u00f5lvkond ning mis \u00fchendab Vahemere iseloomu, traditsioonid ja uuenduslikkuse. Aastak\u00fcmnete jooksul on nad olnud teerajajad nii veini laagerdamise kui ka villimise vallas, tuues 1971 aastal turule esimese Valencia pudelveini Castillo de Liria. 1990 aastal omandatud Hoya de Cadenase viinamarjaistandus t\u00f5i nende veinidele uue kvaliteedih\u00fcppe ning t\u00e4naseks ekspordib ettev\u00f5te oma veine enam kui 90 riiki. Bodega on p\u00e4lvinud rahvusvahelist tunnustust, sealhulgas AWC Vienna auhinna kui Hispaania parim veinimaja ning CEUCO \u201eAurum Europa Excellente\u201c tiitli Euroopa parima veinimajana. Nende ajalugu on t\u00e4is v\u00e4rvikaid hetki \u2013 alates Michael Schumacheri kiindumusest Fusta Nova Moscateli vastu kuni veinide ilmumiseni filmides nagu <em>Mystic River<\/em>. <\/strong><\/p><\/blockquote>\n<p>Bah\u00eda Alta wine is crafted for those who appreciate Mediterranean freshness, elegance, and vibrant floral aromas.<\/p>\n<h3>Tasting notes<\/h3>\n<p>A pale yellow wine, clean and brilliant. It presents intense floral aromas such as orange blossom, with hints of tropical fruits like pineapple and lychee. On the palate, it is fresh, broad, and smooth, with a very fruity aftertaste.<\/p>\n<h3>Food pairing<\/h3>\n<p>Ideal with Asian food, white meats, seafood, fish, and rice dishes.<\/p>\n","protected":false},"excerpt":{"rendered":"<p>Bodegas Vicente Gand\u00eda on 1885 aastal asutatud sajandivanune veinimaja, mida juhib juba neljas p\u00f5lvkond ning mis \u00fchendab Vahemere iseloomu, traditsioonid<\/p>\n","protected":false},"featured_media":82270,"template":"","meta":{"_acf_changed":false},"product_brand":[],"product_cat":[19460],"product_tag":[],"class_list":{"0":"post-82236","1":"product","2":"type-product","3":"status-publish","4":"has-post-thumbnail","6":"product_cat-white-wine","8":"first","9":"instock","10":"taxable","11":"shipping-taxable","12":"purchasable","13":"product-type-simple"},"acf":[],"yoast_head":"<!-- This site is optimized with the Yoast SEO plugin v25.7 - https:\/\/yoast.com\/wordpress\/plugins\/seo\/ -->\n<title>Bah\u00eda Alta Suave y Arom\u00e1tico Moscatel 2024 11,5% 0,75l - Vinodeli<\/title>\n<meta name=\"robots\" content=\"index, follow, max-snippet:-1, max-image-preview:large, max-video-preview:-1\" \/>\n<link rel=\"canonical\" href=\"https:\/\/vinodeli.ee\/en\/product\/bahia-alta-suave-y-aromatico-moscatel-115-075l\/\" \/>\n<meta property=\"og:locale\" content=\"en_US\" \/>\n<meta property=\"og:type\" content=\"article\" \/>\n<meta property=\"og:title\" content=\"Bah\u00eda Alta Suave y Arom\u00e1tico Moscatel 2024 11,5% 0,75l - Vinodeli\" \/>\n<meta property=\"og:description\" content=\"Bodegas Vicente Gand\u00eda on 1885 aastal asutatud sajandivanune veinimaja, mida juhib juba neljas p\u00f5lvkond ning mis \u00fchendab Vahemere iseloomu, traditsioonid\" \/>\n<meta property=\"og:url\" content=\"https:\/\/vinodeli.ee\/en\/product\/bahia-alta-suave-y-aromatico-moscatel-115-075l\/\" \/>\n<meta property=\"og:site_name\" content=\"Vinodeli\" \/>\n<meta property=\"article:modified_time\" content=\"2026-03-20T16:33:31+00:00\" \/>\n<meta property=\"og:image\" content=\"https:\/\/vinodeli.ee\/wp-content\/uploads\/2026\/03\/bahia-alta.jpg\" \/>\n\t<meta property=\"og:image:width\" content=\"1195\" \/>\n\t<meta property=\"og:image:height\" content=\"1195\" \/>\n\t<meta property=\"og:image:type\" content=\"image\/jpeg\" \/>\n<meta name=\"twitter:card\" content=\"summary_large_image\" \/>\n<meta name=\"twitter:label1\" content=\"Est. reading time\" \/>\n\t<meta name=\"twitter:data1\" content=\"1 minute\" \/>\n<script type=\"application\/ld+json\" class=\"yoast-schema-graph\">{\"@context\":\"https:\/\/schema.org\",\"@graph\":[{\"@type\":\"WebPage\",\"@id\":\"https:\/\/vinodeli.ee\/en\/product\/bahia-alta-suave-y-aromatico-moscatel-115-075l\/\",\"url\":\"https:\/\/vinodeli.ee\/en\/product\/bahia-alta-suave-y-aromatico-moscatel-115-075l\/\",\"name\":\"Bah\u00eda Alta Suave y Arom\u00e1tico Moscatel 2024 11,5% 0,75l - Vinodeli\",\"isPartOf\":{\"@id\":\"https:\/\/vinodeli.ee\/#website\"},\"primaryImageOfPage\":{\"@id\":\"https:\/\/vinodeli.ee\/en\/product\/bahia-alta-suave-y-aromatico-moscatel-115-075l\/#primaryimage\"},\"image\":{\"@id\":\"https:\/\/vinodeli.ee\/en\/product\/bahia-alta-suave-y-aromatico-moscatel-115-075l\/#primaryimage\"},\"thumbnailUrl\":\"https:\/\/vinodeli.ee\/wp-content\/uploads\/2026\/03\/bahia-alta.jpg\",\"datePublished\":\"2026-03-18T10:22:50+00:00\",\"dateModified\":\"2026-03-20T16:33:31+00:00\",\"breadcrumb\":{\"@id\":\"https:\/\/vinodeli.ee\/en\/product\/bahia-alta-suave-y-aromatico-moscatel-115-075l\/#breadcrumb\"},\"inLanguage\":\"en-US\",\"potentialAction\":[{\"@type\":\"ReadAction\",\"target\":[\"https:\/\/vinodeli.ee\/en\/product\/bahia-alta-suave-y-aromatico-moscatel-115-075l\/\"]}]},{\"@type\":\"ImageObject\",\"inLanguage\":\"en-US\",\"@id\":\"https:\/\/vinodeli.ee\/en\/product\/bahia-alta-suave-y-aromatico-moscatel-115-075l\/#primaryimage\",\"url\":\"https:\/\/vinodeli.ee\/wp-content\/uploads\/2026\/03\/bahia-alta.jpg\",\"contentUrl\":\"https:\/\/vinodeli.ee\/wp-content\/uploads\/2026\/03\/bahia-alta.jpg\",\"width\":1195,\"height\":1195},{\"@type\":\"BreadcrumbList\",\"@id\":\"https:\/\/vinodeli.ee\/en\/product\/bahia-alta-suave-y-aromatico-moscatel-115-075l\/#breadcrumb\",\"itemListElement\":[{\"@type\":\"ListItem\",\"position\":1,\"name\":\"Home\",\"item\":\"https:\/\/vinodeli.ee\/en\/\"},{\"@type\":\"ListItem\",\"position\":2,\"name\":\"Shop\",\"item\":\"https:\/\/vinodeli.ee\/pood\/\"},{\"@type\":\"ListItem\",\"position\":3,\"name\":\"Bah\u00eda Alta Suave y Arom\u00e1tico Moscatel 2024 11,5% 0,75l\"}]},{\"@type\":\"WebSite\",\"@id\":\"https:\/\/vinodeli.ee\/#website\",\"url\":\"https:\/\/vinodeli.ee\/\",\"name\":\"Vinodeli\",\"description\":\"\",\"publisher\":{\"@id\":\"https:\/\/vinodeli.ee\/#organization\"},\"potentialAction\":[{\"@type\":\"SearchAction\",\"target\":{\"@type\":\"EntryPoint\",\"urlTemplate\":\"https:\/\/vinodeli.ee\/?s={search_term_string}\"},\"query-input\":{\"@type\":\"PropertyValueSpecification\",\"valueRequired\":true,\"valueName\":\"search_term_string\"}}],\"inLanguage\":\"en-US\"},{\"@type\":\"Organization\",\"@id\":\"https:\/\/vinodeli.ee\/#organization\",\"name\":\"Vinodeli O\u00dc\",\"url\":\"https:\/\/vinodeli.ee\/\",\"logo\":{\"@type\":\"ImageObject\",\"inLanguage\":\"en-US\",\"@id\":\"https:\/\/vinodeli.ee\/#\/schema\/logo\/image\/\",\"url\":\"https:\/\/vinodeli.ee\/wp-content\/uploads\/2024\/02\/logo-winodeli-1.png\",\"contentUrl\":\"https:\/\/vinodeli.ee\/wp-content\/uploads\/2024\/02\/logo-winodeli-1.png\",\"width\":1500,\"height\":1150,\"caption\":\"Vinodeli O\u00dc\"},\"image\":{\"@id\":\"https:\/\/vinodeli.ee\/#\/schema\/logo\/image\/\"}}]}<\/script>\n<!-- \/ Yoast SEO plugin. -->","yoast_head_json":{"title":"Bah\u00eda Alta Suave y Arom\u00e1tico Moscatel 2024 11,5% 0,75l - Vinodeli","robots":{"index":"index","follow":"follow","max-snippet":"max-snippet:-1","max-image-preview":"max-image-preview:large","max-video-preview":"max-video-preview:-1"},"canonical":"https:\/\/vinodeli.ee\/en\/product\/bahia-alta-suave-y-aromatico-moscatel-115-075l\/","og_locale":"en_US","og_type":"article","og_title":"Bah\u00eda Alta Suave y Arom\u00e1tico Moscatel 2024 11,5% 0,75l - Vinodeli","og_description":"Bodegas Vicente Gand\u00eda on 1885 aastal asutatud sajandivanune veinimaja, mida juhib juba neljas p\u00f5lvkond ning mis \u00fchendab Vahemere iseloomu, traditsioonid","og_url":"https:\/\/vinodeli.ee\/en\/product\/bahia-alta-suave-y-aromatico-moscatel-115-075l\/","og_site_name":"Vinodeli","article_modified_time":"2026-03-20T16:33:31+00:00","og_image":[{"width":1195,"height":1195,"url":"https:\/\/vinodeli.ee\/wp-content\/uploads\/2026\/03\/bahia-alta.jpg","type":"image\/jpeg"}],"twitter_card":"summary_large_image","twitter_misc":{"Est. reading time":"1 minute"},"schema":{"@context":"https:\/\/schema.org","@graph":[{"@type":"WebPage","@id":"https:\/\/vinodeli.ee\/en\/product\/bahia-alta-suave-y-aromatico-moscatel-115-075l\/","url":"https:\/\/vinodeli.ee\/en\/product\/bahia-alta-suave-y-aromatico-moscatel-115-075l\/","name":"Bah\u00eda Alta Suave y Arom\u00e1tico Moscatel 2024 11,5% 0,75l - Vinodeli","isPartOf":{"@id":"https:\/\/vinodeli.ee\/#website"},"primaryImageOfPage":{"@id":"https:\/\/vinodeli.ee\/en\/product\/bahia-alta-suave-y-aromatico-moscatel-115-075l\/#primaryimage"},"image":{"@id":"https:\/\/vinodeli.ee\/en\/product\/bahia-alta-suave-y-aromatico-moscatel-115-075l\/#primaryimage"},"thumbnailUrl":"https:\/\/vinodeli.ee\/wp-content\/uploads\/2026\/03\/bahia-alta.jpg","datePublished":"2026-03-18T10:22:50+00:00","dateModified":"2026-03-20T16:33:31+00:00","breadcrumb":{"@id":"https:\/\/vinodeli.ee\/en\/product\/bahia-alta-suave-y-aromatico-moscatel-115-075l\/#breadcrumb"},"inLanguage":"en-US","potentialAction":[{"@type":"ReadAction","target":["https:\/\/vinodeli.ee\/en\/product\/bahia-alta-suave-y-aromatico-moscatel-115-075l\/"]}]},{"@type":"ImageObject","inLanguage":"en-US","@id":"https:\/\/vinodeli.ee\/en\/product\/bahia-alta-suave-y-aromatico-moscatel-115-075l\/#primaryimage","url":"https:\/\/vinodeli.ee\/wp-content\/uploads\/2026\/03\/bahia-alta.jpg","contentUrl":"https:\/\/vinodeli.ee\/wp-content\/uploads\/2026\/03\/bahia-alta.jpg","width":1195,"height":1195},{"@type":"BreadcrumbList","@id":"https:\/\/vinodeli.ee\/en\/product\/bahia-alta-suave-y-aromatico-moscatel-115-075l\/#breadcrumb","itemListElement":[{"@type":"ListItem","position":1,"name":"Home","item":"https:\/\/vinodeli.ee\/en\/"},{"@type":"ListItem","position":2,"name":"Shop","item":"https:\/\/vinodeli.ee\/pood\/"},{"@type":"ListItem","position":3,"name":"Bah\u00eda Alta Suave y Arom\u00e1tico Moscatel 2024 11,5% 0,75l"}]},{"@type":"WebSite","@id":"https:\/\/vinodeli.ee\/#website","url":"https:\/\/vinodeli.ee\/","name":"Vinodeli","description":"","publisher":{"@id":"https:\/\/vinodeli.ee\/#organization"},"potentialAction":[{"@type":"SearchAction","target":{"@type":"EntryPoint","urlTemplate":"https:\/\/vinodeli.ee\/?s={search_term_string}"},"query-input":{"@type":"PropertyValueSpecification","valueRequired":true,"valueName":"search_term_string"}}],"inLanguage":"en-US"},{"@type":"Organization","@id":"https:\/\/vinodeli.ee\/#organization","name":"Vinodeli O\u00dc","url":"https:\/\/vinodeli.ee\/","logo":{"@type":"ImageObject","inLanguage":"en-US","@id":"https:\/\/vinodeli.ee\/#\/schema\/logo\/image\/","url":"https:\/\/vinodeli.ee\/wp-content\/uploads\/2024\/02\/logo-winodeli-1.png","contentUrl":"https:\/\/vinodeli.ee\/wp-content\/uploads\/2024\/02\/logo-winodeli-1.png","width":1500,"height":1150,"caption":"Vinodeli O\u00dc"},"image":{"@id":"https:\/\/vinodeli.ee\/#\/schema\/logo\/image\/"}}]}},"_links":{"self":[{"href":"https:\/\/vinodeli.ee\/en\/wp-json\/wp\/v2\/product\/82236","targetHints":{"allow":["GET"]}}],"collection":[{"href":"https:\/\/vinodeli.ee\/en\/wp-json\/wp\/v2\/product"}],"about":[{"href":"https:\/\/vinodeli.ee\/en\/wp-json\/wp\/v2\/types\/product"}],"version-history":[{"count":0,"href":"https:\/\/vinodeli.ee\/en\/wp-json\/wp\/v2\/product\/82236\/revisions"}],"wp:featuredmedia":[{"embeddable":true,"href":"https:\/\/vinodeli.ee\/en\/wp-json\/wp\/v2\/media\/82270"}],"wp:attachment":[{"href":"https:\/\/vinodeli.ee\/en\/wp-json\/wp\/v2\/media?parent=82236"}],"wp:term":[{"taxonomy":"product_brand","embeddable":true,"href":"https:\/\/vinodeli.ee\/en\/wp-json\/wp\/v2\/product_brand?post=82236"},{"taxonomy":"product_cat","embeddable":true,"href":"https:\/\/vinodeli.ee\/en\/wp-json\/wp\/v2\/product_cat?post=82236"},{"taxonomy":"product_tag","embeddable":true,"href":"https:\/\/vinodeli.ee\/en\/wp-json\/wp\/v2\/product_tag?post=82236"}],"curies":[{"name":"wp","href":"https:\/\/api.w.org\/{rel}","templated":true}]}}