{"id":82630,"date":"2026-03-25T12:52:38","date_gmt":"2026-03-25T10:52:38","guid":{"rendered":"https:\/\/vinodeli.ee\/?post_type=product&#038;p=82630"},"modified":"2026-03-25T20:50:17","modified_gmt":"2026-03-25T18:50:17","slug":"le-vigne-di-sammarco-susumaniello-salento-2024-igp-13-075l","status":"publish","type":"product","link":"https:\/\/vinodeli.ee\/en\/product\/le-vigne-di-sammarco-susumaniello-salento-2024-igp-13-075l\/","title":{"rendered":"Le Vigne Di Sammarco Susumaniello Salento 2024 IGP 13% 0,75l"},"content":{"rendered":"<blockquote>\n<p dir=\"ltr\" data-placeholder=\"\u041f\u0435\u0440\u0435\u0432\u043e\u0434\" aria-label=\"\u041f\u0435\u0440\u0435\u0432\u0435\u0434\u0435\u043d\u043d\u044b\u0439 \u0442\u0435\u043a\u0441\u0442\" data-ved=\"2ahUKEwiP3rTr_uSGAxV-HBAIHRVND4MQ3ewLegQICBAU\"><strong>Rizzello perekond on olnud Salento maaga seotud p\u00f5lvkondade kaupa \u2014 siin on viinamarjakasvatus rohkem kui amet, see on osa piirkonna kultuurilisest identiteedist. Nende lugu algab 1956 aastal, mil viinapuuaedadest sai pere t\u00f6\u00f6 ja elu kese. 1972 aastal rajati esimene v\u00e4ike veinikelder, mis v\u00f5imaldas esimest korda valmistada oma veini. 1990 aastatel keskendus uus p\u00f5lvkond Salento p\u00f5listele sortidele \u2014 Primitivo, Negroamaro, Malvasia Nera ja Susumaniello \u2014 tuues esile nende kordumatu iseloomu. T\u00e4naseks kuulub Le Vigne di Sammarcole 200 hektarit maad, millest 120 hektarit on haritud traditsiooniliste alberello ja spalliera s\u00fcsteemidega. \u00dclej\u00e4\u00e4nud alad istutatakse j\u00e4rk\u2011j\u00e4rgult, et s\u00e4ilitada piirkonna bioloogiline mitmekesisus ja v\u00e4ljendada Salento terroiri ainulaadsust. Puhas ja j\u00e4tkusuutlik p\u00f5llumajandus on p\u00f5him\u00f5te, mida pere j\u00e4rgib iga p\u00e4ev. Nende veinid peegeldavad Salento valgust, kahe mere hingust, tuulte j\u00f5udu ja p\u00f5lvest p\u00f5lve edasi antud traditsioone. <\/strong><\/p>\n<\/blockquote>\n<h3 dir=\"ltr\" data-placeholder=\"\u041f\u0435\u0440\u0435\u0432\u043e\u0434\" aria-label=\"\u041f\u0435\u0440\u0435\u0432\u0435\u0434\u0435\u043d\u043d\u044b\u0439 \u0442\u0435\u043a\u0441\u0442\" data-ved=\"2ahUKEwiP3rTr_uSGAxV-HBAIHRVND4MQ3ewLegQICBAU\"><strong>Winemaking<\/strong><\/h3>\n<p id=\"tw-target-text\" class=\"tw-data-text tw-text-large tw-ta\" dir=\"ltr\" data-placeholder=\"\u041f\u0435\u0440\u0435\u0432\u043e\u0434\" aria-label=\"\u041f\u0435\u0440\u0435\u0432\u0435\u0434\u0435\u043d\u043d\u044b\u0439 \u0442\u0435\u043a\u0441\u0442\" data-ved=\"2ahUKEwiP3rTr_uSGAxV-HBAIHRVND4MQ3ewLegQICBAU\">Aer crushing and de-stemming, the must is left to macerate with the skins for 6-7 days at a controlled temperature of 25-26\u00b0C.<br \/>\nAging: In steel until bottling.<\/p>\n<h3 dir=\"ltr\" data-placeholder=\"\u041f\u0435\u0440\u0435\u0432\u043e\u0434\" aria-label=\"\u041f\u0435\u0440\u0435\u0432\u0435\u0434\u0435\u043d\u043d\u044b\u0439 \u0442\u0435\u043a\u0441\u0442\" data-ved=\"2ahUKEwiP3rTr_uSGAxV-HBAIHRVND4MQ3ewLegQICBAU\"><strong>Tasting notes<\/strong><\/h3>\n<p class=\"tw-data-text tw-text-large tw-ta\" dir=\"ltr\" data-placeholder=\"\u041f\u0435\u0440\u0435\u0432\u043e\u0434\" aria-label=\"\u041f\u0435\u0440\u0435\u0432\u0435\u0434\u0435\u043d\u043d\u044b\u0439 \u0442\u0435\u043a\u0441\u0442\" data-ved=\"2ahUKEwiP3rTr_uSGAxV-HBAIHRVND4MQ3ewLegQICBAU\">Intensive ruby red color with delicate violet re ections. A fragrant bouquet of raspberry and plum, with hints of cinnamon, black cherry, and a nish of white pepper. On the palate, a good balance between softness and alcohol, with smooth tannins, pleasant freshness, and excellent drinkability. A long and persistent nish.<\/p>\n<h3><strong>Food pairings<\/strong><\/h3>\n<p>Ramen, chicken with grapes, rabbit with almonds.<br \/>\nTraditionally: raw seafood, red prawn tartare from Gallipoli, troccoli with sea urchins, Campania bualo mozzarella PDO.<br \/>\nServe at: 18\u00b0C.<\/p>\n","protected":false},"excerpt":{"rendered":"<p>Rizzello perekond on olnud Salento maaga seotud p\u00f5lvkondade kaupa \u2014 siin on viinamarjakasvatus rohkem kui amet, see on osa piirkonna<\/p>\n","protected":false},"featured_media":82638,"template":"","meta":{"_acf_changed":false},"product_brand":[],"product_cat":[19462],"product_tag":[],"class_list":{"0":"post-82630","1":"product","2":"type-product","3":"status-publish","4":"has-post-thumbnail","6":"product_cat-red-wine","8":"first","9":"instock","10":"downloadable","11":"taxable","12":"shipping-taxable","13":"purchasable","14":"product-type-simple"},"acf":[],"yoast_head":"<!-- This site is optimized with the Yoast SEO plugin v25.7 - https:\/\/yoast.com\/wordpress\/plugins\/seo\/ -->\n<title>Le Vigne Di Sammarco Susumaniello Salento 2024 IGP 13% 0,75l - Vinodeli<\/title>\n<meta name=\"robots\" content=\"index, follow, max-snippet:-1, max-image-preview:large, max-video-preview:-1\" \/>\n<link rel=\"canonical\" href=\"https:\/\/vinodeli.ee\/en\/product\/le-vigne-di-sammarco-susumaniello-salento-2024-igp-13-075l\/\" \/>\n<meta property=\"og:locale\" content=\"en_US\" \/>\n<meta property=\"og:type\" content=\"article\" \/>\n<meta property=\"og:title\" content=\"Le Vigne Di Sammarco Susumaniello Salento 2024 IGP 13% 0,75l - Vinodeli\" \/>\n<meta property=\"og:description\" content=\"Rizzello perekond on olnud Salento maaga seotud p\u00f5lvkondade kaupa \u2014 siin on viinamarjakasvatus rohkem kui amet, see on osa piirkonna\" \/>\n<meta property=\"og:url\" content=\"https:\/\/vinodeli.ee\/en\/product\/le-vigne-di-sammarco-susumaniello-salento-2024-igp-13-075l\/\" \/>\n<meta property=\"og:site_name\" content=\"Vinodeli\" \/>\n<meta property=\"article:modified_time\" content=\"2026-03-25T18:50:17+00:00\" \/>\n<meta property=\"og:image\" content=\"https:\/\/vinodeli.ee\/wp-content\/uploads\/2026\/03\/susumaniello.jpg\" \/>\n\t<meta property=\"og:image:width\" content=\"1600\" \/>\n\t<meta property=\"og:image:height\" content=\"1600\" \/>\n\t<meta property=\"og:image:type\" content=\"image\/jpeg\" \/>\n<meta name=\"twitter:card\" content=\"summary_large_image\" \/>\n<meta name=\"twitter:label1\" content=\"Est. reading time\" \/>\n\t<meta name=\"twitter:data1\" content=\"1 minute\" \/>\n<script type=\"application\/ld+json\" class=\"yoast-schema-graph\">{\"@context\":\"https:\/\/schema.org\",\"@graph\":[{\"@type\":\"WebPage\",\"@id\":\"https:\/\/vinodeli.ee\/en\/product\/le-vigne-di-sammarco-susumaniello-salento-2024-igp-13-075l\/\",\"url\":\"https:\/\/vinodeli.ee\/en\/product\/le-vigne-di-sammarco-susumaniello-salento-2024-igp-13-075l\/\",\"name\":\"Le Vigne Di Sammarco Susumaniello Salento 2024 IGP 13% 0,75l - Vinodeli\",\"isPartOf\":{\"@id\":\"https:\/\/vinodeli.ee\/#website\"},\"primaryImageOfPage\":{\"@id\":\"https:\/\/vinodeli.ee\/en\/product\/le-vigne-di-sammarco-susumaniello-salento-2024-igp-13-075l\/#primaryimage\"},\"image\":{\"@id\":\"https:\/\/vinodeli.ee\/en\/product\/le-vigne-di-sammarco-susumaniello-salento-2024-igp-13-075l\/#primaryimage\"},\"thumbnailUrl\":\"https:\/\/vinodeli.ee\/wp-content\/uploads\/2026\/03\/susumaniello.jpg\",\"datePublished\":\"2026-03-25T10:52:38+00:00\",\"dateModified\":\"2026-03-25T18:50:17+00:00\",\"breadcrumb\":{\"@id\":\"https:\/\/vinodeli.ee\/en\/product\/le-vigne-di-sammarco-susumaniello-salento-2024-igp-13-075l\/#breadcrumb\"},\"inLanguage\":\"en-US\",\"potentialAction\":[{\"@type\":\"ReadAction\",\"target\":[\"https:\/\/vinodeli.ee\/en\/product\/le-vigne-di-sammarco-susumaniello-salento-2024-igp-13-075l\/\"]}]},{\"@type\":\"ImageObject\",\"inLanguage\":\"en-US\",\"@id\":\"https:\/\/vinodeli.ee\/en\/product\/le-vigne-di-sammarco-susumaniello-salento-2024-igp-13-075l\/#primaryimage\",\"url\":\"https:\/\/vinodeli.ee\/wp-content\/uploads\/2026\/03\/susumaniello.jpg\",\"contentUrl\":\"https:\/\/vinodeli.ee\/wp-content\/uploads\/2026\/03\/susumaniello.jpg\",\"width\":1600,\"height\":1600},{\"@type\":\"BreadcrumbList\",\"@id\":\"https:\/\/vinodeli.ee\/en\/product\/le-vigne-di-sammarco-susumaniello-salento-2024-igp-13-075l\/#breadcrumb\",\"itemListElement\":[{\"@type\":\"ListItem\",\"position\":1,\"name\":\"Home\",\"item\":\"https:\/\/vinodeli.ee\/en\/\"},{\"@type\":\"ListItem\",\"position\":2,\"name\":\"Shop\",\"item\":\"https:\/\/vinodeli.ee\/pood\/\"},{\"@type\":\"ListItem\",\"position\":3,\"name\":\"Le Vigne Di Sammarco Susumaniello Salento 2024 IGP 13% 0,75l\"}]},{\"@type\":\"WebSite\",\"@id\":\"https:\/\/vinodeli.ee\/#website\",\"url\":\"https:\/\/vinodeli.ee\/\",\"name\":\"Vinodeli\",\"description\":\"\",\"publisher\":{\"@id\":\"https:\/\/vinodeli.ee\/#organization\"},\"potentialAction\":[{\"@type\":\"SearchAction\",\"target\":{\"@type\":\"EntryPoint\",\"urlTemplate\":\"https:\/\/vinodeli.ee\/?s={search_term_string}\"},\"query-input\":{\"@type\":\"PropertyValueSpecification\",\"valueRequired\":true,\"valueName\":\"search_term_string\"}}],\"inLanguage\":\"en-US\"},{\"@type\":\"Organization\",\"@id\":\"https:\/\/vinodeli.ee\/#organization\",\"name\":\"Vinodeli O\u00dc\",\"url\":\"https:\/\/vinodeli.ee\/\",\"logo\":{\"@type\":\"ImageObject\",\"inLanguage\":\"en-US\",\"@id\":\"https:\/\/vinodeli.ee\/#\/schema\/logo\/image\/\",\"url\":\"https:\/\/vinodeli.ee\/wp-content\/uploads\/2024\/02\/logo-winodeli-1.png\",\"contentUrl\":\"https:\/\/vinodeli.ee\/wp-content\/uploads\/2024\/02\/logo-winodeli-1.png\",\"width\":1500,\"height\":1150,\"caption\":\"Vinodeli O\u00dc\"},\"image\":{\"@id\":\"https:\/\/vinodeli.ee\/#\/schema\/logo\/image\/\"}}]}<\/script>\n<!-- \/ Yoast SEO plugin. -->","yoast_head_json":{"title":"Le Vigne Di Sammarco Susumaniello Salento 2024 IGP 13% 0,75l - Vinodeli","robots":{"index":"index","follow":"follow","max-snippet":"max-snippet:-1","max-image-preview":"max-image-preview:large","max-video-preview":"max-video-preview:-1"},"canonical":"https:\/\/vinodeli.ee\/en\/product\/le-vigne-di-sammarco-susumaniello-salento-2024-igp-13-075l\/","og_locale":"en_US","og_type":"article","og_title":"Le Vigne Di Sammarco Susumaniello Salento 2024 IGP 13% 0,75l - Vinodeli","og_description":"Rizzello perekond on olnud Salento maaga seotud p\u00f5lvkondade kaupa \u2014 siin on viinamarjakasvatus rohkem kui amet, see on osa piirkonna","og_url":"https:\/\/vinodeli.ee\/en\/product\/le-vigne-di-sammarco-susumaniello-salento-2024-igp-13-075l\/","og_site_name":"Vinodeli","article_modified_time":"2026-03-25T18:50:17+00:00","og_image":[{"width":1600,"height":1600,"url":"https:\/\/vinodeli.ee\/wp-content\/uploads\/2026\/03\/susumaniello.jpg","type":"image\/jpeg"}],"twitter_card":"summary_large_image","twitter_misc":{"Est. reading time":"1 minute"},"schema":{"@context":"https:\/\/schema.org","@graph":[{"@type":"WebPage","@id":"https:\/\/vinodeli.ee\/en\/product\/le-vigne-di-sammarco-susumaniello-salento-2024-igp-13-075l\/","url":"https:\/\/vinodeli.ee\/en\/product\/le-vigne-di-sammarco-susumaniello-salento-2024-igp-13-075l\/","name":"Le Vigne Di Sammarco Susumaniello Salento 2024 IGP 13% 0,75l - Vinodeli","isPartOf":{"@id":"https:\/\/vinodeli.ee\/#website"},"primaryImageOfPage":{"@id":"https:\/\/vinodeli.ee\/en\/product\/le-vigne-di-sammarco-susumaniello-salento-2024-igp-13-075l\/#primaryimage"},"image":{"@id":"https:\/\/vinodeli.ee\/en\/product\/le-vigne-di-sammarco-susumaniello-salento-2024-igp-13-075l\/#primaryimage"},"thumbnailUrl":"https:\/\/vinodeli.ee\/wp-content\/uploads\/2026\/03\/susumaniello.jpg","datePublished":"2026-03-25T10:52:38+00:00","dateModified":"2026-03-25T18:50:17+00:00","breadcrumb":{"@id":"https:\/\/vinodeli.ee\/en\/product\/le-vigne-di-sammarco-susumaniello-salento-2024-igp-13-075l\/#breadcrumb"},"inLanguage":"en-US","potentialAction":[{"@type":"ReadAction","target":["https:\/\/vinodeli.ee\/en\/product\/le-vigne-di-sammarco-susumaniello-salento-2024-igp-13-075l\/"]}]},{"@type":"ImageObject","inLanguage":"en-US","@id":"https:\/\/vinodeli.ee\/en\/product\/le-vigne-di-sammarco-susumaniello-salento-2024-igp-13-075l\/#primaryimage","url":"https:\/\/vinodeli.ee\/wp-content\/uploads\/2026\/03\/susumaniello.jpg","contentUrl":"https:\/\/vinodeli.ee\/wp-content\/uploads\/2026\/03\/susumaniello.jpg","width":1600,"height":1600},{"@type":"BreadcrumbList","@id":"https:\/\/vinodeli.ee\/en\/product\/le-vigne-di-sammarco-susumaniello-salento-2024-igp-13-075l\/#breadcrumb","itemListElement":[{"@type":"ListItem","position":1,"name":"Home","item":"https:\/\/vinodeli.ee\/en\/"},{"@type":"ListItem","position":2,"name":"Shop","item":"https:\/\/vinodeli.ee\/pood\/"},{"@type":"ListItem","position":3,"name":"Le Vigne Di Sammarco Susumaniello Salento 2024 IGP 13% 0,75l"}]},{"@type":"WebSite","@id":"https:\/\/vinodeli.ee\/#website","url":"https:\/\/vinodeli.ee\/","name":"Vinodeli","description":"","publisher":{"@id":"https:\/\/vinodeli.ee\/#organization"},"potentialAction":[{"@type":"SearchAction","target":{"@type":"EntryPoint","urlTemplate":"https:\/\/vinodeli.ee\/?s={search_term_string}"},"query-input":{"@type":"PropertyValueSpecification","valueRequired":true,"valueName":"search_term_string"}}],"inLanguage":"en-US"},{"@type":"Organization","@id":"https:\/\/vinodeli.ee\/#organization","name":"Vinodeli O\u00dc","url":"https:\/\/vinodeli.ee\/","logo":{"@type":"ImageObject","inLanguage":"en-US","@id":"https:\/\/vinodeli.ee\/#\/schema\/logo\/image\/","url":"https:\/\/vinodeli.ee\/wp-content\/uploads\/2024\/02\/logo-winodeli-1.png","contentUrl":"https:\/\/vinodeli.ee\/wp-content\/uploads\/2024\/02\/logo-winodeli-1.png","width":1500,"height":1150,"caption":"Vinodeli O\u00dc"},"image":{"@id":"https:\/\/vinodeli.ee\/#\/schema\/logo\/image\/"}}]}},"_links":{"self":[{"href":"https:\/\/vinodeli.ee\/en\/wp-json\/wp\/v2\/product\/82630","targetHints":{"allow":["GET"]}}],"collection":[{"href":"https:\/\/vinodeli.ee\/en\/wp-json\/wp\/v2\/product"}],"about":[{"href":"https:\/\/vinodeli.ee\/en\/wp-json\/wp\/v2\/types\/product"}],"version-history":[{"count":0,"href":"https:\/\/vinodeli.ee\/en\/wp-json\/wp\/v2\/product\/82630\/revisions"}],"wp:featuredmedia":[{"embeddable":true,"href":"https:\/\/vinodeli.ee\/en\/wp-json\/wp\/v2\/media\/82638"}],"wp:attachment":[{"href":"https:\/\/vinodeli.ee\/en\/wp-json\/wp\/v2\/media?parent=82630"}],"wp:term":[{"taxonomy":"product_brand","embeddable":true,"href":"https:\/\/vinodeli.ee\/en\/wp-json\/wp\/v2\/product_brand?post=82630"},{"taxonomy":"product_cat","embeddable":true,"href":"https:\/\/vinodeli.ee\/en\/wp-json\/wp\/v2\/product_cat?post=82630"},{"taxonomy":"product_tag","embeddable":true,"href":"https:\/\/vinodeli.ee\/en\/wp-json\/wp\/v2\/product_tag?post=82630"}],"curies":[{"name":"wp","href":"https:\/\/api.w.org\/{rel}","templated":true}]}}