{"id":83288,"date":"2026-04-09T16:25:11","date_gmt":"2026-04-09T13:25:11","guid":{"rendered":"https:\/\/vinodeli.ee\/?post_type=product&#038;p=83288"},"modified":"2026-04-09T16:38:28","modified_gmt":"2026-04-09T13:38:28","slug":"poulet-fils-divine-tradition-clairette-de-die-aoc-8-075l","status":"publish","type":"product","link":"https:\/\/vinodeli.ee\/en\/product\/poulet-fils-divine-tradition-clairette-de-die-aoc-8-075l\/","title":{"rendered":"Poulet &amp; Fils Divine Tradition Clairette de Die AOC 8% 0,75l"},"content":{"rendered":"<blockquote>\n<p style=\"text-align: left;\"><strong>Poulet &amp; Fils is a four\u2011generation family winery located along the steep hillsides of the Dr\u00f4me Valley. The vineyards are planted in small clay\u2011limestone plots around the villages of Pontaix, Montlaur\u2011en\u2011Diois, Vercheny and Ch\u00e2tillon\u2011en\u2011Diois. Muscat, Clairette, Chardonnay, Aligot\u00e9 and Gamay thrive in this exceptional climate, shaped by harsh winters and Mediterranean summers. The estate follows sustainable practices and holds the High Environmental Value (HEV) certification, highlighting its commitment to biodiversity and soil health. Once fully ripe, the grapes are carefully harvested and vinified to produce high\u2011quality Clairette de Die, Cr\u00e9mant de Die and Ch\u00e2tillon\u2011en\u2011Diois wines.    <\/strong><\/p>\n<\/blockquote>\n<h3>Winemaking<\/h3>\n<p>Made from south\u2011facing white marl terroirs to enhance muscat expression while preserving freshness. After one week of settling, the slow fermentation of all juices is driven by indigenous yeasts under temperature control. A second fermentation in the bottle is supported by the grapes\u2019 natural residual sugars, with no addition of tirage liqueur. After four months in the bottle, the sediment is removed with no addition of expedition liqueur.   <\/p>\n<h3><strong>Tasting notes<\/strong><\/h3>\n<p>Naturally sparkling white wine. Pale yellow with silver highlights. Rich exotic fruit aromas. Serve chilled (8\u00b0C). Keeping: drink young.    <\/p>\n<h3>Food pairing<\/h3>\n<p>Paired with desserts such as pear tart or cr\u00e8me br\u00fbl\u00e9e.<\/p>\n<p class=\"tw-data-text tw-text-large tw-ta\" dir=\"ltr\" data-placeholder=\"\u041f\u0435\u0440\u0435\u0432\u043e\u0434\" aria-label=\"\u041f\u0435\u0440\u0435\u0432\u0435\u0434\u0435\u043d\u043d\u044b\u0439 \u0442\u0435\u043a\u0441\u0442\" data-ved=\"2ahUKEwjQw6nfl7WGAxVTGxAIHd5oCtAQ3ewLegQIBRAU\">\n","protected":false},"excerpt":{"rendered":"<h4\/>\n&nbsp;<\/p>\n","protected":false},"featured_media":83291,"template":"","meta":{"_acf_changed":false},"product_brand":[],"product_cat":[22101,19488,19495],"product_tag":[],"class_list":{"0":"post-83288","1":"product","2":"type-product","3":"status-publish","4":"has-post-thumbnail","6":"product_cat-semi-dry-semi-sweet","7":"product_cat-sparkling-wine","8":"product_cat-all-champagne-method","10":"first","11":"instock","12":"downloadable","13":"taxable","14":"shipping-taxable","15":"purchasable","16":"product-type-simple"},"acf":[],"yoast_head":"<!-- This site is optimized with the Yoast SEO plugin v25.7 - https:\/\/yoast.com\/wordpress\/plugins\/seo\/ -->\n<title>Poulet &amp; Fils Divine Tradition Clairette de Die AOC 8% 0,75l - Vinodeli<\/title>\n<meta name=\"robots\" content=\"index, follow, max-snippet:-1, max-image-preview:large, max-video-preview:-1\" \/>\n<link rel=\"canonical\" href=\"https:\/\/vinodeli.ee\/en\/?post_type=product&p=83288\" \/>\n<meta property=\"og:locale\" content=\"en_US\" \/>\n<meta property=\"og:type\" content=\"article\" \/>\n<meta property=\"og:title\" content=\"Poulet &amp; Fils Divine Tradition Clairette de Die AOC 8% 0,75l - Vinodeli\" \/>\n<meta property=\"og:description\" content=\"&nbsp;\" \/>\n<meta property=\"og:url\" content=\"https:\/\/vinodeli.ee\/en\/?post_type=product&amp;p=83288\" \/>\n<meta property=\"og:site_name\" content=\"Vinodeli\" \/>\n<meta property=\"article:modified_time\" content=\"2026-04-09T13:38:28+00:00\" \/>\n<meta property=\"og:image\" content=\"https:\/\/vinodeli.ee\/wp-content\/uploads\/2026\/04\/clairette-div.jpg\" \/>\n\t<meta property=\"og:image:width\" content=\"984\" \/>\n\t<meta property=\"og:image:height\" content=\"984\" \/>\n\t<meta property=\"og:image:type\" content=\"image\/jpeg\" \/>\n<meta name=\"twitter:card\" content=\"summary_large_image\" \/>\n<meta name=\"twitter:label1\" content=\"Est. reading time\" \/>\n\t<meta name=\"twitter:data1\" content=\"1 minute\" \/>\n<script type=\"application\/ld+json\" class=\"yoast-schema-graph\">{\"@context\":\"https:\/\/schema.org\",\"@graph\":[{\"@type\":\"WebPage\",\"@id\":\"https:\/\/vinodeli.ee\/en\/?post_type=product&p=83288\",\"url\":\"https:\/\/vinodeli.ee\/en\/?post_type=product&p=83288\",\"name\":\"Poulet &amp; Fils Divine Tradition Clairette de Die AOC 8% 0,75l - Vinodeli\",\"isPartOf\":{\"@id\":\"https:\/\/vinodeli.ee\/#website\"},\"primaryImageOfPage\":{\"@id\":\"https:\/\/vinodeli.ee\/en\/?post_type=product&p=83288#primaryimage\"},\"image\":{\"@id\":\"https:\/\/vinodeli.ee\/en\/?post_type=product&p=83288#primaryimage\"},\"thumbnailUrl\":\"https:\/\/vinodeli.ee\/wp-content\/uploads\/2026\/04\/clairette-div.jpg\",\"datePublished\":\"2026-04-09T13:25:11+00:00\",\"dateModified\":\"2026-04-09T13:38:28+00:00\",\"breadcrumb\":{\"@id\":\"https:\/\/vinodeli.ee\/en\/?post_type=product&p=83288#breadcrumb\"},\"inLanguage\":\"en-US\",\"potentialAction\":[{\"@type\":\"ReadAction\",\"target\":[\"https:\/\/vinodeli.ee\/en\/?post_type=product&p=83288\"]}]},{\"@type\":\"ImageObject\",\"inLanguage\":\"en-US\",\"@id\":\"https:\/\/vinodeli.ee\/en\/?post_type=product&p=83288#primaryimage\",\"url\":\"https:\/\/vinodeli.ee\/wp-content\/uploads\/2026\/04\/clairette-div.jpg\",\"contentUrl\":\"https:\/\/vinodeli.ee\/wp-content\/uploads\/2026\/04\/clairette-div.jpg\",\"width\":984,\"height\":984},{\"@type\":\"BreadcrumbList\",\"@id\":\"https:\/\/vinodeli.ee\/en\/?post_type=product&p=83288#breadcrumb\",\"itemListElement\":[{\"@type\":\"ListItem\",\"position\":1,\"name\":\"Home\",\"item\":\"https:\/\/vinodeli.ee\/en\/\"},{\"@type\":\"ListItem\",\"position\":2,\"name\":\"Shop\",\"item\":\"https:\/\/vinodeli.ee\/pood\/\"},{\"@type\":\"ListItem\",\"position\":3,\"name\":\"Private: Poulet &amp; Fils Divine Tradition Clairette de Die AOC 8% 0,75l\"}]},{\"@type\":\"WebSite\",\"@id\":\"https:\/\/vinodeli.ee\/#website\",\"url\":\"https:\/\/vinodeli.ee\/\",\"name\":\"Vinodeli\",\"description\":\"\",\"publisher\":{\"@id\":\"https:\/\/vinodeli.ee\/#organization\"},\"potentialAction\":[{\"@type\":\"SearchAction\",\"target\":{\"@type\":\"EntryPoint\",\"urlTemplate\":\"https:\/\/vinodeli.ee\/?s={search_term_string}\"},\"query-input\":{\"@type\":\"PropertyValueSpecification\",\"valueRequired\":true,\"valueName\":\"search_term_string\"}}],\"inLanguage\":\"en-US\"},{\"@type\":\"Organization\",\"@id\":\"https:\/\/vinodeli.ee\/#organization\",\"name\":\"Vinodeli O\u00dc\",\"url\":\"https:\/\/vinodeli.ee\/\",\"logo\":{\"@type\":\"ImageObject\",\"inLanguage\":\"en-US\",\"@id\":\"https:\/\/vinodeli.ee\/#\/schema\/logo\/image\/\",\"url\":\"https:\/\/vinodeli.ee\/wp-content\/uploads\/2024\/02\/logo-winodeli-1.png\",\"contentUrl\":\"https:\/\/vinodeli.ee\/wp-content\/uploads\/2024\/02\/logo-winodeli-1.png\",\"width\":1500,\"height\":1150,\"caption\":\"Vinodeli O\u00dc\"},\"image\":{\"@id\":\"https:\/\/vinodeli.ee\/#\/schema\/logo\/image\/\"}}]}<\/script>\n<!-- \/ Yoast SEO plugin. -->","yoast_head_json":{"title":"Poulet &amp; Fils Divine Tradition Clairette de Die AOC 8% 0,75l - Vinodeli","robots":{"index":"index","follow":"follow","max-snippet":"max-snippet:-1","max-image-preview":"max-image-preview:large","max-video-preview":"max-video-preview:-1"},"canonical":"https:\/\/vinodeli.ee\/en\/?post_type=product&p=83288","og_locale":"en_US","og_type":"article","og_title":"Poulet &amp; Fils Divine Tradition Clairette de Die AOC 8% 0,75l - Vinodeli","og_description":"&nbsp;","og_url":"https:\/\/vinodeli.ee\/en\/?post_type=product&p=83288","og_site_name":"Vinodeli","article_modified_time":"2026-04-09T13:38:28+00:00","og_image":[{"width":984,"height":984,"url":"https:\/\/vinodeli.ee\/wp-content\/uploads\/2026\/04\/clairette-div.jpg","type":"image\/jpeg"}],"twitter_card":"summary_large_image","twitter_misc":{"Est. reading time":"1 minute"},"schema":{"@context":"https:\/\/schema.org","@graph":[{"@type":"WebPage","@id":"https:\/\/vinodeli.ee\/en\/?post_type=product&p=83288","url":"https:\/\/vinodeli.ee\/en\/?post_type=product&p=83288","name":"Poulet &amp; Fils Divine Tradition Clairette de Die AOC 8% 0,75l - Vinodeli","isPartOf":{"@id":"https:\/\/vinodeli.ee\/#website"},"primaryImageOfPage":{"@id":"https:\/\/vinodeli.ee\/en\/?post_type=product&p=83288#primaryimage"},"image":{"@id":"https:\/\/vinodeli.ee\/en\/?post_type=product&p=83288#primaryimage"},"thumbnailUrl":"https:\/\/vinodeli.ee\/wp-content\/uploads\/2026\/04\/clairette-div.jpg","datePublished":"2026-04-09T13:25:11+00:00","dateModified":"2026-04-09T13:38:28+00:00","breadcrumb":{"@id":"https:\/\/vinodeli.ee\/en\/?post_type=product&p=83288#breadcrumb"},"inLanguage":"en-US","potentialAction":[{"@type":"ReadAction","target":["https:\/\/vinodeli.ee\/en\/?post_type=product&p=83288"]}]},{"@type":"ImageObject","inLanguage":"en-US","@id":"https:\/\/vinodeli.ee\/en\/?post_type=product&p=83288#primaryimage","url":"https:\/\/vinodeli.ee\/wp-content\/uploads\/2026\/04\/clairette-div.jpg","contentUrl":"https:\/\/vinodeli.ee\/wp-content\/uploads\/2026\/04\/clairette-div.jpg","width":984,"height":984},{"@type":"BreadcrumbList","@id":"https:\/\/vinodeli.ee\/en\/?post_type=product&p=83288#breadcrumb","itemListElement":[{"@type":"ListItem","position":1,"name":"Home","item":"https:\/\/vinodeli.ee\/en\/"},{"@type":"ListItem","position":2,"name":"Shop","item":"https:\/\/vinodeli.ee\/pood\/"},{"@type":"ListItem","position":3,"name":"Private: Poulet &amp; Fils Divine Tradition Clairette de Die AOC 8% 0,75l"}]},{"@type":"WebSite","@id":"https:\/\/vinodeli.ee\/#website","url":"https:\/\/vinodeli.ee\/","name":"Vinodeli","description":"","publisher":{"@id":"https:\/\/vinodeli.ee\/#organization"},"potentialAction":[{"@type":"SearchAction","target":{"@type":"EntryPoint","urlTemplate":"https:\/\/vinodeli.ee\/?s={search_term_string}"},"query-input":{"@type":"PropertyValueSpecification","valueRequired":true,"valueName":"search_term_string"}}],"inLanguage":"en-US"},{"@type":"Organization","@id":"https:\/\/vinodeli.ee\/#organization","name":"Vinodeli O\u00dc","url":"https:\/\/vinodeli.ee\/","logo":{"@type":"ImageObject","inLanguage":"en-US","@id":"https:\/\/vinodeli.ee\/#\/schema\/logo\/image\/","url":"https:\/\/vinodeli.ee\/wp-content\/uploads\/2024\/02\/logo-winodeli-1.png","contentUrl":"https:\/\/vinodeli.ee\/wp-content\/uploads\/2024\/02\/logo-winodeli-1.png","width":1500,"height":1150,"caption":"Vinodeli O\u00dc"},"image":{"@id":"https:\/\/vinodeli.ee\/#\/schema\/logo\/image\/"}}]}},"_links":{"self":[{"href":"https:\/\/vinodeli.ee\/en\/wp-json\/wp\/v2\/product\/83288","targetHints":{"allow":["GET"]}}],"collection":[{"href":"https:\/\/vinodeli.ee\/en\/wp-json\/wp\/v2\/product"}],"about":[{"href":"https:\/\/vinodeli.ee\/en\/wp-json\/wp\/v2\/types\/product"}],"version-history":[{"count":0,"href":"https:\/\/vinodeli.ee\/en\/wp-json\/wp\/v2\/product\/83288\/revisions"}],"wp:featuredmedia":[{"embeddable":true,"href":"https:\/\/vinodeli.ee\/en\/wp-json\/wp\/v2\/media\/83291"}],"wp:attachment":[{"href":"https:\/\/vinodeli.ee\/en\/wp-json\/wp\/v2\/media?parent=83288"}],"wp:term":[{"taxonomy":"product_brand","embeddable":true,"href":"https:\/\/vinodeli.ee\/en\/wp-json\/wp\/v2\/product_brand?post=83288"},{"taxonomy":"product_cat","embeddable":true,"href":"https:\/\/vinodeli.ee\/en\/wp-json\/wp\/v2\/product_cat?post=83288"},{"taxonomy":"product_tag","embeddable":true,"href":"https:\/\/vinodeli.ee\/en\/wp-json\/wp\/v2\/product_tag?post=83288"}],"curies":[{"name":"wp","href":"https:\/\/api.w.org\/{rel}","templated":true}]}}