{"id":50915,"date":"2023-12-08T14:12:33","date_gmt":"2023-12-08T12:12:33","guid":{"rendered":"https:\/\/vinodeli.ee\/ostutingimused\/"},"modified":"2023-12-08T14:17:24","modified_gmt":"2023-12-08T12:17:24","slug":"usloviya-pokupki","status":"publish","type":"page","link":"https:\/\/vinodeli.ee\/ru\/usloviya-pokupki\/","title":{"rendered":"\u0423\u0441\u043b\u043e\u0432\u0438\u044f \u043f\u043e\u043a\u0443\u043f\u043a\u0438"},"content":{"rendered":"\t\t<div data-elementor-type=\"wp-page\" data-elementor-id=\"50915\" class=\"elementor elementor-50915 elementor-50912\" data-elementor-post-type=\"page\">\n\t\t\t\t<div class=\"elementor-element elementor-element-2a8da968 e-flex e-con-boxed e-con e-parent\" data-id=\"2a8da968\" data-element_type=\"container\">\n\t\t\t\t\t<div class=\"e-con-inner\">\n\t\t\t\t<div class=\"elementor-element elementor-element-3bc30e75 color-scheme-inherit text-left elementor-widget elementor-widget-text-editor\" data-id=\"3bc30e75\" data-element_type=\"widget\" data-widget_type=\"text-editor.default\">\n\t\t\t\t<div class=\"elementor-widget-container\">\n\t\t\t\t\t\t\t\t\t\n<h1>E-poe ostutingimused<\/h1>\n<p>E-poe www.vinodeli.ee (edaspidi E-pood) omanik on\u00a0 VinoDeli\u00a0O\u00dc\u00a0(registrikood 16187414)\u00a0EE102351673<\/p>\n<p>Juriidiline adress: Tallinn, P\u00f5hja-Tallinna linnaosa, Nisu tn 21-9, 10317<\/p>\n<p>M\u00fc\u00fcgitingimused kaupade ostmisel\u00a0E-poest<\/p>\n<p>E-poes m\u00fc\u00fcdavate toodete hinnad on m\u00e4rgitud toodete juures. Hinnale lisandub kauba kohaletoimetamise tasu.<\/p>\n<p>Kauba kohaletoimetamise tasu Tallinna piires on 5\u20ac. Kohaletoimetamise tasu kuvatakse ostu vormistamisel.<\/p>\n<p>Teave kauba kohta on esitatud E-poes vahetult kauba juures.<\/p>\n<h3>Toodete eest tasumine<\/h3>\n<p>Kauba eest tasumine toimub\u00a0Swedbank Payment Portal ja Maksekeskuse pangalingi kaudu. Makse v\u00f5imalused: Eesti pankade pangalingid.\u00a0K\u00f5ik e-poe keskkonnas olevad hinnad on eurodes ja sisaldavad k\u00e4ibemaksu.<\/p>\n<h3>Tarneviisid<\/h3>\n<p>Kauba k\u00e4ttesaamine VinoDeli\u00a0 kauplustes Tallinnas-tasuta (Kauba v\u00e4ljastamine toimub 3 p\u00e4eva jooksul peale tellimuse j\u00f5ustumisest (makse laekumisest)<\/p>\n<h3>Toodete k\u00e4ttesaamine kulleriga<\/h3>\n<p>Valides kullerteenuse saadame kauba kulleriga Tallinna piires tellimuse vormistamisel sisestatud aadressile 1 tunni jooksul. Kulleriga toodete k\u00e4ttesaamisel lisandub arvele teenustasu 5\u20ac (sisaldab k\u00e4ibemaksu, tellimuse komplekteerimist, pakendeid ja transporti). T\u00e4pse toimetamise aja t\u00e4psustab kuller telefoni teel.<\/p>\n<h3>Erisoovide puhul palume kontakteeruda\u00a0<\/h3>\n<p>Vastavalt Eesti Vabariigi ja Euroopa Liidu \u00f5igusaktidele ei laiene tarbija lepingust taganemise ja kauba tagastamise \u00f5igus alkohoolsetele jookidele. Kui kaup on vale v\u00f5i defektiga, siis tuleb vinodeli.ee -d sellest teavitada kohe kauba k\u00e4ttesaamisel e-posti aadressil info@vinodeli.ee. Vale v\u00f5i defektiga kauba v\u00e4ljavahetamise v\u00f5i tagastamise kulud kannab VinoDeli O\u00dc.<\/p>\n<h3>Vanuse kontroll<\/h3>\n<p>Kauba k\u00e4ttesaamisel VinoDeli\u00a0 kauplusest Tallinnas kontrollib Kliendi vanust VinoDeli\u00a0 t\u00f6\u00f6taja<\/p>\n<p>Kauba k\u00e4ttesaamisel kulleriga kontrollib Kliendi vanust kuller<\/p>\n<h3>Ostuvormistamine<\/h3>\n<p>Kauba ostmiseks tuleb lisada soovitud tooted ostukorvi.<\/p>\n<p>Ostu vormistamiseks tuleb t\u00e4ita n\u00f5utud andmev\u00e4ljad ning valida sobiv toodete kohaletoimetamise viis.<\/p>\n<p>Seej\u00e4rel kuvatakse ekraanile tasu suurus, mille saab tasuda pangalingi kaudu.<\/p>\n<p>Leping j\u00f5ustub alates tasumisele kuuluva summa laekumisest E-poe arvelduskontole.<\/p>\n<h3>\u00dclds\u00e4tted<\/h3>\n<p>1.1. Lepingupooled juhinduvad omavaheliste suhete reguleerimisel Eesti Vabariigi\u00a0seadustest ja muudest \u00f5igusaktidest ning Kasutuslepingus kokkulepitust.<\/p>\n<p>1.2. Poe haldajal on \u00f5igus mistahes ajal teha E-poe pakutavasse teenusesse muudatusi.<\/p>\n<p>1.3. Poe haldajal on \u00f5igus \u00fchepoolselt muuta kasutajalepingu tingimusi ilma, et tal oleks\u00a0kohustus Kliendile teatada sellest kirjalikult elektronposti teel.<\/p>\n<h3>Tooted ja ostu sooritamine<\/h3>\n<p>2.1. K\u00f5ik kuvatavad Tooted ei pruugi alati laos olemas olla.<\/p>\n<p>2.2. Kui m\u00f5ni toode puudub laost ja tellimust ei ole v\u00f5imalik t\u00e4ita, siis v\u00f5tab E-poe\u00a0t\u00f6\u00f6taja Kliendiga \u00fchendust hiljemalt 3 (kolme) t\u00f6\u00f6p\u00e4eva jooksul. Sellisel juhul pakutakse\u00a0v\u00e4lja v\u00f5imalik uus tarneaeg v\u00f5i toote asendamise samav\u00e4\u00e4rse teise tootega, mis on\u00a0sama hinna ja kvaliteediga. Kui Klient ei ole uute tingimustega n\u00f5us, siis ta v\u00f5ib keelduda\u00a0tellimusest ja juba makstud raha tagastatakse.<\/p>\n<p>2.3. Kuvatud tootepildid on illustratiivse t\u00e4hendusega ning v\u00f5ivad erineda tegelikust\u00a0tootest.<\/p>\n<p>2.4. E-poes olevad tootekirjeldused ei pruugi olla ammendavad ja v\u00f5ivad sisaldada\u00a0tahtmatuid vigu.<\/p>\n<p>2.5. Klient, kes valib v\u00e4lja soovitud tooted, kohustub sisestama tellimuse t\u00e4itmiseks\u00a0n\u00f5utud andmed.<\/p>\n<p>2.6. Klient kohustub esitama t\u00f5esed andmed, mis on vajalikud tellimuse t\u00e4itmiseks. Poe\u00a0haldaja ei vastuta Kliendi poolt esitatud ebakorrektsetest andmetest tingitud tellimuse\u00a0mitte t\u00e4itmise v\u00f5i mistahes sellest tulenevate tagaj\u00e4rgede eest.<\/p>\n<h3>Hinnad<\/h3>\n<p>3.1. K\u00f5ikide E-poes olevad toodete baashinnad on arvestatud eurodes.<\/p>\n<p>3.2. Poe haldajal on \u00f5igus igal ajal muuta kuvatavaid hindu.<\/p>\n<p>3.3. Kui Poe haldaja on E-poes muutnud hindu peale kasutaja poolt tellimuse esitamist\u00a0ja selle eest tasumist, siis tarnitakse Kliendile vastavad tooted tellimuse hetkel kehtinud\u00a0hindadega. Kliendil ei ole \u00f5igust n\u00f5uda hinnavahe kompenseerimist.<\/p>\n<p>3.4. E-poe toodete hinnad v\u00f5ivad erineda m\u00fc\u00fcja jaekaupluste hindadest.<\/p>\n<p>3.5. VinoDeli O\u00dc\u00a0on isikuandmete vastutav t\u00f6\u00f6tleja, VinoDeli O\u00dc edastab maksete teostamiseks vajalikud isikuandmed volitatud t\u00f6\u00f6tleja Maksekeskus AS-le.<\/p>\n<p>Lepingust taganemine enne Poe haldaja poolset lepingu t\u00e4itmist<\/p>\n<p>4.1. Kui Klient soovib tellimuse esitamise j\u00e4rgselt ja enne lepingu osutaja poolset t\u00e4itmist\u00a0lepingust taganeda, siis kohustub ta sellest v\u00f5imalikult kiiresti Poe haldajale kirjalikult\u00a0teatama. Kirjalik teade tuleb saata elektronposti aadressil info@vinodeli.ee. E-kirja tuleb\u00a0m\u00e4rkida tellimuse number, millest soovitakse taganeda ning lisada Kliendi\u00a0kontaktandmed (eesnimi, perekonnanimi, tellimuse esitamise kuup\u00e4ev, kontakttelefon).<\/p>\n<p>4.2. Kui taganemisavaldus j\u00f5uab osutajani peale Poe haldaja poolset lepingu t\u00e4itmist, siis\u00a0toimub lepingust taganemine vastavalt Kasutuslepingu peat\u00fckile \u201eTagastus\u00f5igus\u201d.<\/p>\n<p>4.3. Poe haldaja kannab Kliendile tasutud summa tagasi hiljemalt 14 p\u00e4eva jooksul\u00a0alates lepingust taganemise soovi k\u00e4tte saamisest.<\/p>\n<p>4.4. Raha kantakse \u00fcle samale arvelduskontole, millelt toimus selle laekumine Poe\u00a0haldajale.<\/p>\n<h3>Tagastus\u00f5igus<\/h3>\n<p>5.1. E-poest ostetud kaupa ei tagastata ja raha tagasi ei maksta.<\/p>\n<p>Isikuandmed ja nende kasutamine<\/p>\n<p>6.1. Kasutaja annab selge ja teadliku n\u00f5usoleku Poe haldajale enda isikuandmete\u00a0t\u00f6\u00f6tlemiseks.<\/p>\n<p>6.2. Tellimuse esitamisel kasutaja poolt sisestatud osutajale teatavaks saanud\u00a0isikuandmed kantakse kliendiregistrisse ning kasutatakse m\u00fc\u00fcgiteenuse osutamiseks ja\u00a0kauba pakkumiseks Kliendile.<\/p>\n<p>6.3. Isikuandmete allikaks on kliendisuhte tekkimine E-poes tellimuse registreerimisel.<\/p>\n<p>6.4. Registreeritavate isikuandmete koosseisu kuuluvad andmed Klient tellimuse kohta\u00a0(perekonnanimi, eesnimi, t\u00e4nav, maja, korteri number, asula v\u00f5i linn, postiindeks,\u00a0telefoninumber, s\u00fcnniaasta, sugu, tarnimisviis, kasutatud makseviis, E-poe\u00a0Kasutuslepinguga n\u00f5ustumine m\u00fc\u00fcgipakkumiste saatmisega elektronposti aadressil,\u00a0vabatekstina sisestatud m\u00e4rkused).<\/p>\n<p>6.5. Isikuandmeid, mis on vajalikud kauba vahendamiseks Kliendile, v\u00f5ib edastada\u00a0kulleriteenust osutavaile ettev\u00f5ttele.<\/p>\n<p>6.6. Poe haldaja kohustub mitte edastama registreeritud isikuandmeid k\u00f5rvalistele\u00a0isikutele.<\/p>\n<p>6.7. Poe haldaja j\u00e4tab endale \u00f5iguse edastada kasutajat puudutavaid andmeid juhul, kui\u00a0need edastatakse isikule, kes t\u00f6\u00f6tleb andmeid seadusega etten\u00e4htud kohustuse\u00a0t\u00e4itmiseks ning omab selleks seaduslikku \u00f5igust v\u00f5i kui see toimub Kliendi muu isiku elu\u00a0tervise v\u00f5i vabaduse kaitseks.<\/p>\n<p>6.8. Kliendil on \u00f5igus kontrollida teda ennast puudutavaid isikuandmeid, samuti neid\u00a0muuta v\u00f5i k\u00f5rvaldada andmed registrist.<\/p>\n<p>6.9. Kasutaja annab Poe haldajale n\u00f5usoleku saata tellimuse esitamisel sisestatud\u00a0elektronposti aadressil tellimuskinnituse.<\/p>\n<p>6.10. Kasutaja annab Poe haldajale n\u00f5usoleku saata m\u00fc\u00fcgipakkumisi tellimuse\u00a0esitamisel sisestatud elektronposti aadressil juhul, kui on m\u00e4rkinud \u00e4ra vastava\u00a0n\u00f5usoleku tellimuse esitamise lehel linnukesega vastavas aknas.<\/p>\n<h3>Kasutamistingimused<\/h3>\n<p>7.1. Kasutuslepingus toodud tingimustega tutvumine on Kliendile kohustuslik.<\/p>\n<p>7.2. Tellimuse esitamisel m\u00e4rkides linnukesega vastavas aknas \u201eMa olen lugenud ja\u00a0n\u00f5ustun kasutustingimustega\u201d, n\u00f5ustub Klient, et on tutvunud Kasutuslepingus toodud\u00a0tingimustega, neist aru saanud ja n\u00f5ustub Kasutuslepingus toodud tingimustega.<\/p>\n<p>Pretensioonide k\u00e4sitlemise kord<\/p>\n<p>8.1. Puudusega kauba puhul on tarbijal \u00f5igus esitada m\u00fc\u00fcjale kaebus kohe peale kauba\u00a0k\u00e4ttesaamist.<\/p>\n<p>8.2. Pretensioon ei kuulu lahendamisele kui Vinodeli\u00a0 t\u00f5estab, et kaubal esinevad\u00a0puudused on tekkinud tarbija s\u00fc\u00fcl.<\/p>\n<p>NB! Alaealised alkohoolseid jooke tellida ei saa ning neile kaupa ei v\u00e4ljastata.<\/p>\n\t\t\t\t\t\t\t\t<\/div>\n\t\t\t\t<\/div>\n\t\t\t\t\t<\/div>\n\t\t\t\t<\/div>\n\t\t\t\t<\/div>\n\t\t","protected":false},"excerpt":{"rendered":"<p>E-poe ostutingimused E-poe www.vinodeli.ee (edaspidi E-pood) omanik on\u00a0 VinoDeli\u00a0O\u00dc\u00a0(registrikood 16187414)\u00a0EE102351673 Juriidiline adress: Tallinn, P\u00f5hja-Tallinna linnaosa, Nisu tn 21-9, 10317 M\u00fc\u00fcgitingimused<\/p>\n","protected":false},"author":1,"featured_media":0,"parent":0,"menu_order":0,"comment_status":"closed","ping_status":"closed","template":"","meta":{"_acf_changed":false,"footnotes":""},"class_list":["post-50915","page","type-page","status-publish","hentry"],"acf":[],"yoast_head":"<!-- This site is optimized with the Yoast SEO plugin v25.7 - https:\/\/yoast.com\/wordpress\/plugins\/seo\/ -->\n<title>\u0423\u0441\u043b\u043e\u0432\u0438\u044f \u043f\u043e\u043a\u0443\u043f\u043a\u0438 - Vinodeli<\/title>\n<meta name=\"robots\" content=\"index, follow, max-snippet:-1, max-image-preview:large, max-video-preview:-1\" \/>\n<link rel=\"canonical\" href=\"https:\/\/vinodeli.ee\/ru\/usloviya-pokupki\/\" \/>\n<meta property=\"og:locale\" content=\"ru_RU\" \/>\n<meta property=\"og:type\" content=\"article\" \/>\n<meta property=\"og:title\" content=\"\u0423\u0441\u043b\u043e\u0432\u0438\u044f \u043f\u043e\u043a\u0443\u043f\u043a\u0438 - Vinodeli\" \/>\n<meta property=\"og:description\" content=\"E-poe ostutingimused E-poe www.vinodeli.ee (edaspidi E-pood) omanik on\u00a0 VinoDeli\u00a0O\u00dc\u00a0(registrikood 16187414)\u00a0EE102351673 Juriidiline adress: Tallinn, P\u00f5hja-Tallinna linnaosa, Nisu tn 21-9, 10317 M\u00fc\u00fcgitingimused\" \/>\n<meta property=\"og:url\" content=\"https:\/\/vinodeli.ee\/ru\/usloviya-pokupki\/\" \/>\n<meta property=\"og:site_name\" content=\"Vinodeli\" \/>\n<meta property=\"article:modified_time\" content=\"2023-12-08T12:17:24+00:00\" \/>\n<meta name=\"twitter:card\" content=\"summary_large_image\" \/>\n<meta name=\"twitter:label1\" content=\"\u041f\u0440\u0438\u043c\u0435\u0440\u043d\u043e\u0435 \u0432\u0440\u0435\u043c\u044f \u0434\u043b\u044f \u0447\u0442\u0435\u043d\u0438\u044f\" \/>\n\t<meta name=\"twitter:data1\" content=\"6 \u043c\u0438\u043d\u0443\u0442\" \/>\n<script type=\"application\/ld+json\" class=\"yoast-schema-graph\">{\"@context\":\"https:\/\/schema.org\",\"@graph\":[{\"@type\":\"WebPage\",\"@id\":\"https:\/\/vinodeli.ee\/ru\/usloviya-pokupki\/\",\"url\":\"https:\/\/vinodeli.ee\/ru\/usloviya-pokupki\/\",\"name\":\"\u0423\u0441\u043b\u043e\u0432\u0438\u044f \u043f\u043e\u043a\u0443\u043f\u043a\u0438 - Vinodeli\",\"isPartOf\":{\"@id\":\"https:\/\/vinodeli.ee\/#website\"},\"datePublished\":\"2023-12-08T12:12:33+00:00\",\"dateModified\":\"2023-12-08T12:17:24+00:00\",\"breadcrumb\":{\"@id\":\"https:\/\/vinodeli.ee\/ru\/usloviya-pokupki\/#breadcrumb\"},\"inLanguage\":\"ru-RU\",\"potentialAction\":[{\"@type\":\"ReadAction\",\"target\":[\"https:\/\/vinodeli.ee\/ru\/usloviya-pokupki\/\"]}]},{\"@type\":\"BreadcrumbList\",\"@id\":\"https:\/\/vinodeli.ee\/ru\/usloviya-pokupki\/#breadcrumb\",\"itemListElement\":[{\"@type\":\"ListItem\",\"position\":1,\"name\":\"\u0414\u043e\u043c\u0430\u0448\u043d\u044f\u044f \u0441\u0442\u0440\u0430\u043d\u0438\u0446\u0430\",\"item\":\"https:\/\/vinodeli.ee\/ru\/\"},{\"@type\":\"ListItem\",\"position\":2,\"name\":\"\u0423\u0441\u043b\u043e\u0432\u0438\u044f \u043f\u043e\u043a\u0443\u043f\u043a\u0438\"}]},{\"@type\":\"WebSite\",\"@id\":\"https:\/\/vinodeli.ee\/#website\",\"url\":\"https:\/\/vinodeli.ee\/\",\"name\":\"Vinodeli\",\"description\":\"\",\"publisher\":{\"@id\":\"https:\/\/vinodeli.ee\/#organization\"},\"potentialAction\":[{\"@type\":\"SearchAction\",\"target\":{\"@type\":\"EntryPoint\",\"urlTemplate\":\"https:\/\/vinodeli.ee\/?s={search_term_string}\"},\"query-input\":{\"@type\":\"PropertyValueSpecification\",\"valueRequired\":true,\"valueName\":\"search_term_string\"}}],\"inLanguage\":\"ru-RU\"},{\"@type\":\"Organization\",\"@id\":\"https:\/\/vinodeli.ee\/#organization\",\"name\":\"Vinodeli O\u00dc\",\"url\":\"https:\/\/vinodeli.ee\/\",\"logo\":{\"@type\":\"ImageObject\",\"inLanguage\":\"ru-RU\",\"@id\":\"https:\/\/vinodeli.ee\/#\/schema\/logo\/image\/\",\"url\":\"https:\/\/vinodeli.ee\/wp-content\/uploads\/2024\/02\/logo-winodeli-1.png\",\"contentUrl\":\"https:\/\/vinodeli.ee\/wp-content\/uploads\/2024\/02\/logo-winodeli-1.png\",\"width\":1500,\"height\":1150,\"caption\":\"Vinodeli O\u00dc\"},\"image\":{\"@id\":\"https:\/\/vinodeli.ee\/#\/schema\/logo\/image\/\"}}]}<\/script>\n<!-- \/ Yoast SEO plugin. -->","yoast_head_json":{"title":"\u0423\u0441\u043b\u043e\u0432\u0438\u044f \u043f\u043e\u043a\u0443\u043f\u043a\u0438 - Vinodeli","robots":{"index":"index","follow":"follow","max-snippet":"max-snippet:-1","max-image-preview":"max-image-preview:large","max-video-preview":"max-video-preview:-1"},"canonical":"https:\/\/vinodeli.ee\/ru\/usloviya-pokupki\/","og_locale":"ru_RU","og_type":"article","og_title":"\u0423\u0441\u043b\u043e\u0432\u0438\u044f \u043f\u043e\u043a\u0443\u043f\u043a\u0438 - Vinodeli","og_description":"E-poe ostutingimused E-poe www.vinodeli.ee (edaspidi E-pood) omanik on\u00a0 VinoDeli\u00a0O\u00dc\u00a0(registrikood 16187414)\u00a0EE102351673 Juriidiline adress: Tallinn, P\u00f5hja-Tallinna linnaosa, Nisu tn 21-9, 10317 M\u00fc\u00fcgitingimused","og_url":"https:\/\/vinodeli.ee\/ru\/usloviya-pokupki\/","og_site_name":"Vinodeli","article_modified_time":"2023-12-08T12:17:24+00:00","twitter_card":"summary_large_image","twitter_misc":{"\u041f\u0440\u0438\u043c\u0435\u0440\u043d\u043e\u0435 \u0432\u0440\u0435\u043c\u044f \u0434\u043b\u044f \u0447\u0442\u0435\u043d\u0438\u044f":"6 \u043c\u0438\u043d\u0443\u0442"},"schema":{"@context":"https:\/\/schema.org","@graph":[{"@type":"WebPage","@id":"https:\/\/vinodeli.ee\/ru\/usloviya-pokupki\/","url":"https:\/\/vinodeli.ee\/ru\/usloviya-pokupki\/","name":"\u0423\u0441\u043b\u043e\u0432\u0438\u044f \u043f\u043e\u043a\u0443\u043f\u043a\u0438 - Vinodeli","isPartOf":{"@id":"https:\/\/vinodeli.ee\/#website"},"datePublished":"2023-12-08T12:12:33+00:00","dateModified":"2023-12-08T12:17:24+00:00","breadcrumb":{"@id":"https:\/\/vinodeli.ee\/ru\/usloviya-pokupki\/#breadcrumb"},"inLanguage":"ru-RU","potentialAction":[{"@type":"ReadAction","target":["https:\/\/vinodeli.ee\/ru\/usloviya-pokupki\/"]}]},{"@type":"BreadcrumbList","@id":"https:\/\/vinodeli.ee\/ru\/usloviya-pokupki\/#breadcrumb","itemListElement":[{"@type":"ListItem","position":1,"name":"\u0414\u043e\u043c\u0430\u0448\u043d\u044f\u044f \u0441\u0442\u0440\u0430\u043d\u0438\u0446\u0430","item":"https:\/\/vinodeli.ee\/ru\/"},{"@type":"ListItem","position":2,"name":"\u0423\u0441\u043b\u043e\u0432\u0438\u044f \u043f\u043e\u043a\u0443\u043f\u043a\u0438"}]},{"@type":"WebSite","@id":"https:\/\/vinodeli.ee\/#website","url":"https:\/\/vinodeli.ee\/","name":"Vinodeli","description":"","publisher":{"@id":"https:\/\/vinodeli.ee\/#organization"},"potentialAction":[{"@type":"SearchAction","target":{"@type":"EntryPoint","urlTemplate":"https:\/\/vinodeli.ee\/?s={search_term_string}"},"query-input":{"@type":"PropertyValueSpecification","valueRequired":true,"valueName":"search_term_string"}}],"inLanguage":"ru-RU"},{"@type":"Organization","@id":"https:\/\/vinodeli.ee\/#organization","name":"Vinodeli O\u00dc","url":"https:\/\/vinodeli.ee\/","logo":{"@type":"ImageObject","inLanguage":"ru-RU","@id":"https:\/\/vinodeli.ee\/#\/schema\/logo\/image\/","url":"https:\/\/vinodeli.ee\/wp-content\/uploads\/2024\/02\/logo-winodeli-1.png","contentUrl":"https:\/\/vinodeli.ee\/wp-content\/uploads\/2024\/02\/logo-winodeli-1.png","width":1500,"height":1150,"caption":"Vinodeli O\u00dc"},"image":{"@id":"https:\/\/vinodeli.ee\/#\/schema\/logo\/image\/"}}]}},"_links":{"self":[{"href":"https:\/\/vinodeli.ee\/ru\/wp-json\/wp\/v2\/pages\/50915","targetHints":{"allow":["GET"]}}],"collection":[{"href":"https:\/\/vinodeli.ee\/ru\/wp-json\/wp\/v2\/pages"}],"about":[{"href":"https:\/\/vinodeli.ee\/ru\/wp-json\/wp\/v2\/types\/page"}],"author":[{"embeddable":true,"href":"https:\/\/vinodeli.ee\/ru\/wp-json\/wp\/v2\/users\/1"}],"replies":[{"embeddable":true,"href":"https:\/\/vinodeli.ee\/ru\/wp-json\/wp\/v2\/comments?post=50915"}],"version-history":[{"count":0,"href":"https:\/\/vinodeli.ee\/ru\/wp-json\/wp\/v2\/pages\/50915\/revisions"}],"wp:attachment":[{"href":"https:\/\/vinodeli.ee\/ru\/wp-json\/wp\/v2\/media?parent=50915"}],"curies":[{"name":"wp","href":"https:\/\/api.w.org\/{rel}","templated":true}]}}