{"id":50135,"date":"2022-04-02T22:29:57","date_gmt":"2022-04-02T19:29:57","guid":{"rendered":"https:\/\/vinodeli.ee\/product\/momento-de-aradon\/"},"modified":"2024-11-24T19:02:06","modified_gmt":"2024-11-24T17:02:06","slug":"momento_de_aradon","status":"publish","type":"product","link":"https:\/\/vinodeli.ee\/ru\/product\/momento_de_aradon\/","title":{"rendered":"Momento de Arad\u00f3n DOCa Rioja 2021 14.5% vol."},"content":{"rendered":"<blockquote>\n<h5>\u0410\u0440\u0430\u0434\u043e\u043d &#8212; \u0433\u043e\u0440\u043e\u0434, \u0441\u0443\u0449\u0435\u0441\u0442\u0432\u043e\u0432\u0430\u0432\u0448\u0438\u0439 \u0441 \u0440\u0438\u043c\u0441\u043a\u0438\u0445 \u0432\u0440\u0435\u043c\u0435\u043d \u0438 \u0442\u0430\u0438\u043d\u0441\u0442\u0432\u0435\u043d\u043d\u043e \u0438\u0441\u0447\u0435\u0437\u043d\u0443\u0432\u0448\u0438\u0439. \u041e\u043d \u0431\u044b\u043b \u0440\u0430\u0441\u043f\u043e\u043b\u043e\u0436\u0435\u043d \u043d\u0430 \u0432\u044b\u0441\u043e\u0442\u0435 550 \u043c \u043d\u0430\u0434 \u0443\u0440\u043e\u0432\u043d\u0435\u043c \u043c\u043e\u0440\u044f \u043d\u0430 \u043f\u043b\u0430\u0442\u043e, \u0438\u0437\u0432\u0435\u0441\u0442\u043d\u043e\u043c \u043a\u0430\u043a &#171;\u041b\u0430 \u041c\u0435\u0441\u0430&#187;, \u0433\u0434\u0435 \u0441\u0435\u0439\u0447\u0430\u0441 \u043d\u0430\u0445\u043e\u0434\u044f\u0442\u0441\u044f \u0432\u0438\u043d\u043e\u0433\u0440\u0430\u0434\u043d\u0438\u043a\u0438 \u0432\u043e\u0437\u0440\u0430\u0441\u0442\u043e\u043c \u0434\u043e 90 \u043b\u0435\u0442, \u043f\u0440\u0438\u043d\u0430\u0434\u043b\u0435\u0436\u0430\u0449\u0438\u0435 \u0432\u0438\u043d\u043e\u0434\u0435\u043b\u044c\u043d\u0435. \u0421\u0435\u0433\u043e\u0434\u043d\u044f \u0438 \u0441 1957 \u0433\u043e\u0434\u0430. \u0421 2003 \u0433\u043e\u0434\u0430 \u0432 \u0433\u043e\u0440\u043e\u0434\u043a\u0435 \u0410\u043b\u044c\u043a\u0430\u043d\u0430\u0434\u0440\u0435, \u0440\u0430\u0441\u043f\u043e\u043b\u043e\u0436\u0435\u043d\u043d\u043e\u043c \u0432 36 \u043a\u043c \u043a \u0432\u043e\u0441\u0442\u043e\u043a\u0443 \u043e\u0442 \u041b\u043e\u0433\u0440\u043e\u043d\u044c\u043e, \u0432\u0438\u043d\u043e\u0434\u0435\u043b\u044b \u0410\u043b\u044c\u043a\u0430\u043d\u0430\u0434\u0440\u0435 \u0440\u0435\u0448\u0438\u043b\u0438 \u043e\u0442\u0434\u0430\u0442\u044c \u0434\u0430\u043d\u044c \u0443\u0432\u0430\u0436\u0435\u043d\u0438\u044f \u0410\u0440\u0430\u0434\u043e\u043d\u0443, \u0434\u0430\u0432 \u0435\u0433\u043e \u0438\u043c\u044f \u0441\u0432\u043e\u0438\u043c \u0432\u0438\u043d\u0430\u043c, \u043a\u043e\u0442\u043e\u0440\u044b\u0435 \u043f\u0440\u043e\u0438\u0437\u0432\u043e\u0434\u044f\u0442\u0441\u044f \u0441 \u043e\u0447\u0435\u043d\u044c \u0441\u0442\u0430\u0440\u044b\u0445 \u0432\u0438\u043d\u043e\u0433\u0440\u0430\u0434\u043d\u0438\u043a\u043e\u0432, \u043d\u0435\u043a\u043e\u0442\u043e\u0440\u044b\u043c \u0438\u0437 \u043a\u043e\u0442\u043e\u0440\u044b\u0445 \u0443\u0436\u0435 \u0431\u043e\u043b\u0435\u0435 \u0441\u0442\u0430 \u043b\u0435\u0442. \u041e\u043d\u0438 \u0437\u0430\u0431\u043e\u0442\u043b\u0438\u0432\u043e \u0443\u0445\u0430\u0436\u0438\u0432\u0430\u044e\u0442 \u0437\u0430 \u043d\u0438\u043c\u0438, \u0438\u0441\u043f\u043e\u043b\u044c\u0437\u0443\u044f \u0437\u043d\u0430\u043d\u0438\u044f, \u043f\u0440\u0438\u043e\u0431\u0440\u0435\u0442\u0435\u043d\u043d\u044b\u0435 \u0437\u0430 \u0432\u0435\u043a\u0430 \u0438 \u043f\u0435\u0440\u0435\u0434\u0430\u0432\u0430\u0435\u043c\u044b\u0435 \u0438\u0437 \u043f\u043e\u043a\u043e\u043b\u0435\u043d\u0438\u044f \u0432 \u043f\u043e\u043a\u043e\u043b\u0435\u043d\u0438\u0435.<\/h5>\n<\/blockquote>\n<h3>\u0418\u0437\u0433\u043e\u0442\u043e\u0432\u043b\u0435\u043d\u0438\u0435 \u0432\u0438\u043d\u0430<\/h3>\n<p>18 hektarit valitud viinamarjaistandust on jaotatud v\u00e4ikestele kruntidele, mille vanus on 35\u2013100 aastat. Kasvatatud savi-lubjakivimullas, 450-550 meetri k\u00f5rgusel merepinnast.Traditsioonilised veinivalmistamise tehnikad 100% veini eemaldamisega. Viinamarju leotatakse nende kestadel 18 p\u00e4eva, \u00f5rnalt ja pidevalt \u00fcle pumpades. Malolaktiline k\u00e4\u00e4rimine betoonmahutites.   <\/p>\n<h3>\u0414\u0435\u0433\u0443\u0441\u0442\u0430\u0446\u0438\u043e\u043d\u043d\u044b\u0435 \u0437\u0430\u043c\u0435\u0442\u043a\u0438<\/h3>\n<p>Valmistuge selle uue Riojani stiili \u00fcllatuseks; t\u00e4is isikup\u00e4ra ja h\u00e4benematult noor, iga lonks v\u00f5lub ja meelitab meeli. Nina peal on silmapaistvad nii k\u00fcpsus kui ka noorus. Meenutab punaseid puuvilju, metsikute n\u00e4pun\u00e4idetega. Maitselt n\u00f5uavad veini tekstuur, soojus ja v\u00e4rskus vaid \u00fchte lonksu.Ei noor ega Crianza, ainult Momento.   <\/p>\n","protected":false},"excerpt":{"rendered":"<blockquote>\n<h4>Viinamarjasordid:70% Tempranillo, 15% Garnacha ja 15% Graciano<\/h4>\n<\/blockquote>\n<h3>\u041e\u0446\u0435\u043d\u043a\u0438 \u0438 \u043f\u0440\u0438\u0437\u044b:<\/h3>\n<ul>\n<li>Tim Atkin \u2014 Master of Wine (2018. aastak\u00e4ik) &#8212; 91 punkt<\/li>\n<li>Gu\u00eda Pe\u00f1\u00edn (2018. aastak\u00e4ik) &#8212; 89 punkti<\/li>\n<\/ul>\n","protected":false},"featured_media":45121,"template":"","meta":{"_acf_changed":false},"product_brand":[],"product_cat":[21477],"product_tag":[],"class_list":{"0":"post-50135","1":"product","2":"type-product","3":"status-publish","4":"has-post-thumbnail","6":"product_cat-krasnoe-vino","8":"first","9":"instock","10":"downloadable","11":"taxable","12":"shipping-taxable","13":"purchasable","14":"product-type-simple"},"acf":[],"yoast_head":"<!-- This site is optimized with the Yoast SEO plugin v25.7 - https:\/\/yoast.com\/wordpress\/plugins\/seo\/ -->\n<title>Momento de Arad\u00f3n DOCa Rioja 2021 14.5% vol. - Vinodeli<\/title>\n<meta name=\"robots\" content=\"index, follow, max-snippet:-1, max-image-preview:large, max-video-preview:-1\" \/>\n<link rel=\"canonical\" href=\"https:\/\/vinodeli.ee\/ru\/product\/momento_de_aradon\/\" \/>\n<meta property=\"og:locale\" content=\"ru_RU\" \/>\n<meta property=\"og:type\" content=\"article\" \/>\n<meta property=\"og:title\" content=\"Momento de Arad\u00f3n DOCa Rioja 2021 14.5% vol. - Vinodeli\" \/>\n<meta property=\"og:description\" content=\"Viinamarjasordid:70% Tempranillo, 15% Garnacha ja 15% Graciano \u041e\u0446\u0435\u043d\u043a\u0438 \u0438 \u043f\u0440\u0438\u0437\u044b:  Tim Atkin \u2014 Master of Wine (2018. aastak\u00e4ik) - 91 punkt  Gu\u00eda Pe\u00f1\u00edn (2018. aastak\u00e4ik) - 89 punkti\" \/>\n<meta property=\"og:url\" content=\"https:\/\/vinodeli.ee\/ru\/product\/momento_de_aradon\/\" \/>\n<meta property=\"og:site_name\" content=\"Vinodeli\" \/>\n<meta property=\"article:modified_time\" content=\"2024-11-24T17:02:06+00:00\" \/>\n<meta property=\"og:image\" content=\"https:\/\/vinodeli.ee\/wp-content\/uploads\/2023\/11\/momentodearadon-jpg-2.webp\" \/>\n\t<meta property=\"og:image:width\" content=\"1100\" \/>\n\t<meta property=\"og:image:height\" content=\"1100\" \/>\n\t<meta property=\"og:image:type\" content=\"image\/webp\" \/>\n<meta name=\"twitter:card\" content=\"summary_large_image\" \/>\n<script type=\"application\/ld+json\" class=\"yoast-schema-graph\">{\"@context\":\"https:\/\/schema.org\",\"@graph\":[{\"@type\":\"WebPage\",\"@id\":\"https:\/\/vinodeli.ee\/ru\/product\/momento_de_aradon\/\",\"url\":\"https:\/\/vinodeli.ee\/ru\/product\/momento_de_aradon\/\",\"name\":\"Momento de Arad\u00f3n DOCa Rioja 2021 14.5% vol. - Vinodeli\",\"isPartOf\":{\"@id\":\"https:\/\/vinodeli.ee\/#website\"},\"primaryImageOfPage\":{\"@id\":\"https:\/\/vinodeli.ee\/ru\/product\/momento_de_aradon\/#primaryimage\"},\"image\":{\"@id\":\"https:\/\/vinodeli.ee\/ru\/product\/momento_de_aradon\/#primaryimage\"},\"thumbnailUrl\":\"https:\/\/vinodeli.ee\/wp-content\/uploads\/2023\/11\/momentodearadon-jpg-2.webp\",\"datePublished\":\"2022-04-02T19:29:57+00:00\",\"dateModified\":\"2024-11-24T17:02:06+00:00\",\"breadcrumb\":{\"@id\":\"https:\/\/vinodeli.ee\/ru\/product\/momento_de_aradon\/#breadcrumb\"},\"inLanguage\":\"ru-RU\",\"potentialAction\":[{\"@type\":\"ReadAction\",\"target\":[\"https:\/\/vinodeli.ee\/ru\/product\/momento_de_aradon\/\"]}]},{\"@type\":\"ImageObject\",\"inLanguage\":\"ru-RU\",\"@id\":\"https:\/\/vinodeli.ee\/ru\/product\/momento_de_aradon\/#primaryimage\",\"url\":\"https:\/\/vinodeli.ee\/wp-content\/uploads\/2023\/11\/momentodearadon-jpg-2.webp\",\"contentUrl\":\"https:\/\/vinodeli.ee\/wp-content\/uploads\/2023\/11\/momentodearadon-jpg-2.webp\",\"width\":1100,\"height\":1100},{\"@type\":\"BreadcrumbList\",\"@id\":\"https:\/\/vinodeli.ee\/ru\/product\/momento_de_aradon\/#breadcrumb\",\"itemListElement\":[{\"@type\":\"ListItem\",\"position\":1,\"name\":\"\u0414\u043e\u043c\u0430\u0448\u043d\u044f\u044f \u0441\u0442\u0440\u0430\u043d\u0438\u0446\u0430\",\"item\":\"https:\/\/vinodeli.ee\/ru\/\"},{\"@type\":\"ListItem\",\"position\":2,\"name\":\"\u041c\u0430\u0433\u0430\u0437\u0438\u043d\",\"item\":\"https:\/\/vinodeli.ee\/pood\/\"},{\"@type\":\"ListItem\",\"position\":3,\"name\":\"Momento de Arad\u00f3n DOCa Rioja 2021 14.5% vol.\"}]},{\"@type\":\"WebSite\",\"@id\":\"https:\/\/vinodeli.ee\/#website\",\"url\":\"https:\/\/vinodeli.ee\/\",\"name\":\"Vinodeli\",\"description\":\"\",\"publisher\":{\"@id\":\"https:\/\/vinodeli.ee\/#organization\"},\"potentialAction\":[{\"@type\":\"SearchAction\",\"target\":{\"@type\":\"EntryPoint\",\"urlTemplate\":\"https:\/\/vinodeli.ee\/?s={search_term_string}\"},\"query-input\":{\"@type\":\"PropertyValueSpecification\",\"valueRequired\":true,\"valueName\":\"search_term_string\"}}],\"inLanguage\":\"ru-RU\"},{\"@type\":\"Organization\",\"@id\":\"https:\/\/vinodeli.ee\/#organization\",\"name\":\"Vinodeli O\u00dc\",\"url\":\"https:\/\/vinodeli.ee\/\",\"logo\":{\"@type\":\"ImageObject\",\"inLanguage\":\"ru-RU\",\"@id\":\"https:\/\/vinodeli.ee\/#\/schema\/logo\/image\/\",\"url\":\"https:\/\/vinodeli.ee\/wp-content\/uploads\/2024\/02\/logo-winodeli-1.png\",\"contentUrl\":\"https:\/\/vinodeli.ee\/wp-content\/uploads\/2024\/02\/logo-winodeli-1.png\",\"width\":1500,\"height\":1150,\"caption\":\"Vinodeli O\u00dc\"},\"image\":{\"@id\":\"https:\/\/vinodeli.ee\/#\/schema\/logo\/image\/\"}}]}<\/script>\n<!-- \/ Yoast SEO plugin. -->","yoast_head_json":{"title":"Momento de Arad\u00f3n DOCa Rioja 2021 14.5% vol. - Vinodeli","robots":{"index":"index","follow":"follow","max-snippet":"max-snippet:-1","max-image-preview":"max-image-preview:large","max-video-preview":"max-video-preview:-1"},"canonical":"https:\/\/vinodeli.ee\/ru\/product\/momento_de_aradon\/","og_locale":"ru_RU","og_type":"article","og_title":"Momento de Arad\u00f3n DOCa Rioja 2021 14.5% vol. - Vinodeli","og_description":"Viinamarjasordid:70% Tempranillo, 15% Garnacha ja 15% Graciano \u041e\u0446\u0435\u043d\u043a\u0438 \u0438 \u043f\u0440\u0438\u0437\u044b:  Tim Atkin \u2014 Master of Wine (2018. aastak\u00e4ik) - 91 punkt  Gu\u00eda Pe\u00f1\u00edn (2018. aastak\u00e4ik) - 89 punkti","og_url":"https:\/\/vinodeli.ee\/ru\/product\/momento_de_aradon\/","og_site_name":"Vinodeli","article_modified_time":"2024-11-24T17:02:06+00:00","og_image":[{"width":1100,"height":1100,"url":"https:\/\/vinodeli.ee\/wp-content\/uploads\/2023\/11\/momentodearadon-jpg-2.webp","type":"image\/webp"}],"twitter_card":"summary_large_image","schema":{"@context":"https:\/\/schema.org","@graph":[{"@type":"WebPage","@id":"https:\/\/vinodeli.ee\/ru\/product\/momento_de_aradon\/","url":"https:\/\/vinodeli.ee\/ru\/product\/momento_de_aradon\/","name":"Momento de Arad\u00f3n DOCa Rioja 2021 14.5% vol. - Vinodeli","isPartOf":{"@id":"https:\/\/vinodeli.ee\/#website"},"primaryImageOfPage":{"@id":"https:\/\/vinodeli.ee\/ru\/product\/momento_de_aradon\/#primaryimage"},"image":{"@id":"https:\/\/vinodeli.ee\/ru\/product\/momento_de_aradon\/#primaryimage"},"thumbnailUrl":"https:\/\/vinodeli.ee\/wp-content\/uploads\/2023\/11\/momentodearadon-jpg-2.webp","datePublished":"2022-04-02T19:29:57+00:00","dateModified":"2024-11-24T17:02:06+00:00","breadcrumb":{"@id":"https:\/\/vinodeli.ee\/ru\/product\/momento_de_aradon\/#breadcrumb"},"inLanguage":"ru-RU","potentialAction":[{"@type":"ReadAction","target":["https:\/\/vinodeli.ee\/ru\/product\/momento_de_aradon\/"]}]},{"@type":"ImageObject","inLanguage":"ru-RU","@id":"https:\/\/vinodeli.ee\/ru\/product\/momento_de_aradon\/#primaryimage","url":"https:\/\/vinodeli.ee\/wp-content\/uploads\/2023\/11\/momentodearadon-jpg-2.webp","contentUrl":"https:\/\/vinodeli.ee\/wp-content\/uploads\/2023\/11\/momentodearadon-jpg-2.webp","width":1100,"height":1100},{"@type":"BreadcrumbList","@id":"https:\/\/vinodeli.ee\/ru\/product\/momento_de_aradon\/#breadcrumb","itemListElement":[{"@type":"ListItem","position":1,"name":"\u0414\u043e\u043c\u0430\u0448\u043d\u044f\u044f \u0441\u0442\u0440\u0430\u043d\u0438\u0446\u0430","item":"https:\/\/vinodeli.ee\/ru\/"},{"@type":"ListItem","position":2,"name":"\u041c\u0430\u0433\u0430\u0437\u0438\u043d","item":"https:\/\/vinodeli.ee\/pood\/"},{"@type":"ListItem","position":3,"name":"Momento de Arad\u00f3n DOCa Rioja 2021 14.5% vol."}]},{"@type":"WebSite","@id":"https:\/\/vinodeli.ee\/#website","url":"https:\/\/vinodeli.ee\/","name":"Vinodeli","description":"","publisher":{"@id":"https:\/\/vinodeli.ee\/#organization"},"potentialAction":[{"@type":"SearchAction","target":{"@type":"EntryPoint","urlTemplate":"https:\/\/vinodeli.ee\/?s={search_term_string}"},"query-input":{"@type":"PropertyValueSpecification","valueRequired":true,"valueName":"search_term_string"}}],"inLanguage":"ru-RU"},{"@type":"Organization","@id":"https:\/\/vinodeli.ee\/#organization","name":"Vinodeli O\u00dc","url":"https:\/\/vinodeli.ee\/","logo":{"@type":"ImageObject","inLanguage":"ru-RU","@id":"https:\/\/vinodeli.ee\/#\/schema\/logo\/image\/","url":"https:\/\/vinodeli.ee\/wp-content\/uploads\/2024\/02\/logo-winodeli-1.png","contentUrl":"https:\/\/vinodeli.ee\/wp-content\/uploads\/2024\/02\/logo-winodeli-1.png","width":1500,"height":1150,"caption":"Vinodeli O\u00dc"},"image":{"@id":"https:\/\/vinodeli.ee\/#\/schema\/logo\/image\/"}}]}},"_links":{"self":[{"href":"https:\/\/vinodeli.ee\/ru\/wp-json\/wp\/v2\/product\/50135","targetHints":{"allow":["GET"]}}],"collection":[{"href":"https:\/\/vinodeli.ee\/ru\/wp-json\/wp\/v2\/product"}],"about":[{"href":"https:\/\/vinodeli.ee\/ru\/wp-json\/wp\/v2\/types\/product"}],"version-history":[{"count":0,"href":"https:\/\/vinodeli.ee\/ru\/wp-json\/wp\/v2\/product\/50135\/revisions"}],"wp:featuredmedia":[{"embeddable":true,"href":"https:\/\/vinodeli.ee\/ru\/wp-json\/wp\/v2\/media\/45121"}],"wp:attachment":[{"href":"https:\/\/vinodeli.ee\/ru\/wp-json\/wp\/v2\/media?parent=50135"}],"wp:term":[{"taxonomy":"product_brand","embeddable":true,"href":"https:\/\/vinodeli.ee\/ru\/wp-json\/wp\/v2\/product_brand?post=50135"},{"taxonomy":"product_cat","embeddable":true,"href":"https:\/\/vinodeli.ee\/ru\/wp-json\/wp\/v2\/product_cat?post=50135"},{"taxonomy":"product_tag","embeddable":true,"href":"https:\/\/vinodeli.ee\/ru\/wp-json\/wp\/v2\/product_tag?post=50135"}],"curies":[{"name":"wp","href":"https:\/\/api.w.org\/{rel}","templated":true}]}}