{"id":50510,"date":"2021-06-23T10:05:40","date_gmt":"2021-06-23T07:05:40","guid":{"rendered":"https:\/\/vinodeli.ee\/product\/contepassi-toscana\/"},"modified":"2025-03-17T15:23:02","modified_gmt":"2025-03-17T13:23:02","slug":"contepassi-toscana","status":"publish","type":"product","link":"https:\/\/vinodeli.ee\/ru\/product\/contepassi-toscana\/","title":{"rendered":"Contepassi Toscana IGT Rosso 2020 13%"},"content":{"rendered":"<h3 id=\"tw-target-text\" class=\"tw-data-text tw-text-large tw-ta\" dir=\"ltr\" data-placeholder=\"\u041f\u0435\u0440\u0435\u0432\u043e\u0434\" data-ved=\"2ahUKEwivwo-_jumDAxUHQVUIHYUxD_QQ3ewLegQIBRAQ\"><span class=\"Y2IQFc\" lang=\"ru\">\u0412\u0438\u043d\u0438\u0444\u0438\u043a\u0430\u0446\u0438\u044f <\/span><\/h3>\n<p class=\"tw-data-text tw-text-large tw-ta\" dir=\"ltr\" data-placeholder=\"\u041f\u0435\u0440\u0435\u0432\u043e\u0434\" data-ved=\"2ahUKEwivwo-_jumDAxUHQVUIHYUxD_QQ3ewLegQIBRAQ\"><span class=\"Y2IQFc\" lang=\"ru\">\u0421\u043b\u0435\u0434\u0443\u044f \u0441\u0442\u0430\u0440\u043e\u043c\u0443 \u0442\u0440\u0430\u0434\u0438\u0446\u0438\u043e\u043d\u043d\u043e\u043c\u0443 \u043c\u0435\u0442\u043e\u0434\u0443 \u0432\u0438\u043d\u0438\u0444\u0438\u043a\u0430\u0446\u0438\u0438, \u043f\u043e\u043b\u043d\u043e\u0441\u0442\u044c\u044e \u0441\u043e\u0437\u0440\u0435\u0432\u0448\u0438\u0439 \u0432\u0438\u043d\u043e\u0433\u0440\u0430\u0434 \u0441\u043e\u0431\u0438\u0440\u0430\u044e\u0442 \u0441 \u0432\u0438\u043d\u043e\u0433\u0440\u0430\u0434\u043d\u0438\u043a\u043e\u0432 \u0432\u0440\u0443\u0447\u043d\u0443\u044e. \u0411\u0435\u0440\u0435\u0436\u043d\u043e\u0435 \u043f\u0440\u0435\u0441\u0441\u043e\u0432\u0430\u043d\u0438\u0435 \u0432\u0438\u043d\u043e\u0433\u0440\u0430\u0434\u0430, \u043c\u0430\u0446\u0435\u0440\u0430\u0446\u0438\u044f \u0432 \u0440\u0435\u0437\u0435\u0440\u0432\u0443\u0430\u0440\u0430\u0445 \u0438\u0437 \u043d\u0435\u0440\u0436\u0430\u0432\u0435\u044e\u0449\u0435\u0439 \u0441\u0442\u0430\u043b\u0438 \u0438 \u0444\u0435\u0440\u043c\u0435\u043d\u0442\u0430\u0446\u0438\u044f \u043f\u0440\u0438 \u043a\u043e\u043d\u0442\u0440\u043e\u043b\u0438\u0440\u0443\u0435\u043c\u043e\u0439 \u0442\u0435\u043c\u043f\u0435\u0440\u0430\u0442\u0443\u0440\u0435. \u0412 \u044f\u043d\u0432\u0430\u0440\u0435 \u0432\u0438\u043d\u043e \u043f\u0435\u0440\u0435\u043b\u0438\u0432\u0430\u0435\u0442\u0441\u044f \u0432 \u0434\u0443\u0431\u043e\u0432\u044b\u0435 \u0431\u043e\u0447\u043a\u0438, \u0433\u0434\u0435 \u043e\u043d\u043e \u0432\u044b\u0434\u0435\u0440\u0436\u0438\u0432\u0430\u0435\u0442\u0441\u044f \u043e\u043a\u043e\u043b\u043e 12 \u043c\u0435\u0441\u044f\u0446\u0435\u0432, \u0430 \u043f\u043e\u0441\u043b\u0435 \u0432\u044b\u0434\u0435\u0440\u0436\u043a\u0438 \u0432 \u0440\u0435\u0437\u0435\u0440\u0432\u0443\u0430\u0440\u0430\u0445 \u0438\u0437 \u043d\u0435\u0440\u0436\u0430\u0432\u0435\u044e\u0449\u0435\u0439 \u0441\u0442\u0430\u043b\u0438 \u0432\u0438\u043d\u043e \u0437\u0430\u0432\u0435\u0440\u0448\u0430\u0435\u0442\u0441\u044f \u0440\u0430\u0444\u0438\u043d\u0430\u0446\u0438\u0435\u0439 \u0432 \u0431\u0443\u0442\u044b\u043b\u043a\u0435. \u0421\u0440\u043e\u043a \u0445\u0440\u0430\u043d\u0435\u043d\u0438\u044f \u0431\u0443\u0442\u044b\u043b\u043a\u0438: \u0432 \u043f\u0440\u043e\u0434\u0430\u0436\u0435 \u0447\u0435\u0440\u0435\u0437 3 \u0433\u043e\u0434\u0430 \u043f\u043e\u0441\u043b\u0435 \u0441\u0431\u043e\u0440\u0430; \u0432\u044b\u0434\u0435\u0440\u0436\u043a\u0430 \u0432 \u0431\u0443\u0442\u044b\u043b\u043a\u0435 \u0435\u0449\u0435 \u0432 \u0442\u0435\u0447\u0435\u043d\u0438\u0435 10 \u043b\u0435\u0442. <\/span><\/p>\n<h3 class=\"tw-data-text tw-text-large tw-ta\" dir=\"ltr\" data-placeholder=\"\u041f\u0435\u0440\u0435\u0432\u043e\u0434\" data-ved=\"2ahUKEwivwo-_jumDAxUHQVUIHYUxD_QQ3ewLegQIBRAQ\"><span class=\"Y2IQFc\" lang=\"ru\">\u0414\u0435\u0433\u0443\u0441\u0442\u0430\u0446\u0438\u043e\u043d\u043d\u044b\u0435 \u0437\u0430\u043c\u0435\u0442\u043a\u0438 <\/span><\/h3>\n<p class=\"tw-data-text tw-text-large tw-ta\" dir=\"ltr\" data-placeholder=\"\u041f\u0435\u0440\u0435\u0432\u043e\u0434\" data-ved=\"2ahUKEwivwo-_jumDAxUHQVUIHYUxD_QQ3ewLegQIBRAQ\"><span class=\"Y2IQFc\" lang=\"ru\">\u0418\u043d\u0442\u0435\u043d\u0441\u0438\u0432\u043d\u044b\u0439 \u0440\u0443\u0431\u0438\u043d\u043e\u0432\u043e-\u043a\u0440\u0430\u0441\u043d\u044b\u0439 \u0446\u0432\u0435\u0442. \u0411\u043e\u0433\u0430\u0442\u044b\u0439 \u0431\u0443\u043a\u0435\u0442 \u0441\u043f\u0435\u043b\u044b\u0445 \u0442\u0435\u043c\u043d\u044b\u0445 \u044f\u0433\u043e\u0434 \u0438 \u0441\u0443\u0445\u043e\u0444\u0440\u0443\u043a\u0442\u043e\u0432, \u043e\u0436\u0438\u0432\u043b\u0435\u043d\u043d\u044b\u0439 \u0442\u043e\u043d\u043a\u0438\u043c\u0438 \u043e\u0442\u0442\u0435\u043d\u043a\u0430\u043c\u0438 \u043f\u0440\u044f\u043d\u043e\u0441\u0442\u0435\u0439 \u0438 \u0431\u0430\u043b\u044c\u0437\u0430\u043c\u0438\u0447\u0435\u0441\u043a\u0438\u0445 \u043d\u043e\u0442\u043e\u043a. \u041f\u043e\u043b\u043d\u044b\u0439 \u0438 \u043e\u043a\u0440\u0443\u0433\u043b\u044b\u0439 \u0432\u043a\u0443\u0441 \u0441 \u0437\u0430\u043c\u0435\u0442\u043d\u043e \u0438\u0437\u044b\u0441\u043a\u0430\u043d\u043d\u044b\u043c\u0438, \u0448\u0435\u043b\u043a\u043e\u0432\u0438\u0441\u0442\u044b\u043c\u0438 \u0442\u0430\u043d\u0438\u043d\u0430\u043c\u0438. \u0421\u043e\u0431\u043b\u0430\u0437\u043d\u0438\u0442\u0435\u043b\u044c\u043d\u0430\u044f \u043a\u0438\u0441\u043b\u043e\u0442\u043d\u043e\u0441\u0442\u044c \u0441\u043e\u0445\u0440\u0430\u043d\u044f\u0435\u0442 \u0431\u0430\u043b\u0430\u043d\u0441 \u0432\u0441\u0435\u0445 \u043a\u043e\u043c\u043f\u043e\u043d\u0435\u043d\u0442\u043e\u0432, \u043f\u0440\u043e\u0434\u043b\u0435\u0432\u0430\u044f \u043f\u043e\u0441\u043b\u0435\u0432\u043a\u0443\u0441\u0438\u0435 \u0441 \u043f\u0440\u0438\u0432\u043b\u0435\u043a\u0430\u0442\u0435\u043b\u044c\u043d\u043e\u0439 \u0441\u0432\u0435\u0436\u0435\u0441\u0442\u044c\u044e. \u041f\u043e\u0434\u0430\u0432\u0430\u0442\u044c \u043f\u0440\u0438 \u0442\u0435\u043c\u043f\u0435\u0440\u0430\u0442\u0443\u0440\u0435 18\u00b0C. <\/span><\/p>\n<h3 class=\"tw-data-text tw-text-large tw-ta\" dir=\"ltr\" data-placeholder=\"\u041f\u0435\u0440\u0435\u0432\u043e\u0434\" data-ved=\"2ahUKEwivwo-_jumDAxUHQVUIHYUxD_QQ3ewLegQIBRAQ\"><span class=\"Y2IQFc\" lang=\"ru\">\u0421\u043e\u0447\u0435\u0442\u0430\u043d\u0438\u0435 \u0441 \u0431\u043b\u044e\u0434\u043e\u043c<\/span><\/h3>\n<p class=\"tw-data-text tw-text-large tw-ta\" dir=\"ltr\" data-placeholder=\"\u041f\u0435\u0440\u0435\u0432\u043e\u0434\" data-ved=\"2ahUKEwivwo-_jumDAxUHQVUIHYUxD_QQ3ewLegQIBRAQ\"><span class=\"Y2IQFc\" lang=\"ru\">\u0418\u0434\u0435\u0430\u043b\u044c\u043d\u043e \u0441\u043e\u0447\u0435\u0442\u0430\u0435\u0442\u0441\u044f \u0441 \u0436\u0430\u0440\u0435\u043d\u044b\u043c \u043c\u044f\u0441\u043e\u043c, \u043e\u0442\u0431\u0438\u0432\u043d\u044b\u043c\u0438 \u0438 \u0437\u0440\u0435\u043b\u044b\u043c\u0438 \u0441\u044b\u0440\u0430\u043c\u0438. <\/span><\/p>\n","protected":false},"excerpt":{"rendered":"<blockquote>\n<h5>P\u00c4RITOLU: Toscana, ItaaliaVeini t\u00fc\u00fcp: Kuiv punane veinViinamarjasort: 85% Sangiovese, 10% Cabernet Sauvignon, 5% Merlot<\/h5>\n<\/blockquote>\n<h5>Laagerdamine: Jaanuaris dekanteeritakse vein puidust t\u00fcnnidesse, kus see laagerdub 12 kuud. Elu pudelis: m\u00fc\u00fcgile j\u00f5uab 3 aasta p\u00e4rast saagi korjamist; pudelis laagerdamine veel 10 aastat.<\/h5>\n<h5>Intensiivne rubiinpunane, rikkalikult k\u00fcpse metspunase marja ja puuvilja vihjetega, elav \u00f5rna balsaminoote aroomiga.Maitse: T\u00e4idlane ja h\u00e4sti tasakaalustatud, rafineeritud ja pehmete tanniinidega. \u00dcmbritsev happesus hoiab k\u00f5ik komponendid tasakaalus.<\/h5>\n<h5><em>Serveerimistemperatuur: 18\u00b0C.<\/em><\/h5>\n<h5><em>Toidusoovitus: Ideaalne r\u00f6stide, karbonaadi ja laagerdunud juustuga.<\/em><\/h5>\n","protected":false},"featured_media":46208,"template":"","meta":{"_acf_changed":false},"product_brand":[],"product_cat":[21477],"product_tag":[],"class_list":{"0":"post-50510","1":"product","2":"type-product","3":"status-publish","4":"has-post-thumbnail","6":"product_cat-krasnoe-vino","8":"first","9":"instock","10":"downloadable","11":"taxable","12":"shipping-taxable","13":"purchasable","14":"product-type-simple"},"acf":[],"yoast_head":"<!-- This site is optimized with the Yoast SEO plugin v25.7 - https:\/\/yoast.com\/wordpress\/plugins\/seo\/ -->\n<title>Contepassi Toscana IGT Rosso 2020 13% - Vinodeli<\/title>\n<meta name=\"robots\" content=\"index, follow, max-snippet:-1, max-image-preview:large, max-video-preview:-1\" \/>\n<link rel=\"canonical\" href=\"https:\/\/vinodeli.ee\/ru\/product\/contepassi-toscana\/\" \/>\n<meta property=\"og:locale\" content=\"ru_RU\" \/>\n<meta property=\"og:type\" content=\"article\" \/>\n<meta property=\"og:title\" content=\"Contepassi Toscana IGT Rosso 2020 13% - Vinodeli\" \/>\n<meta property=\"og:description\" content=\"P\u00c4RITOLU: Toscana, ItaaliaVeini t\u00fc\u00fcp: Kuiv punane veinViinamarjasort: 85% Sangiovese, 10% Cabernet Sauvignon, 5% Merlot  Laagerdamine: Jaanuaris dekanteeritakse vein puidust t\u00fcnnidesse, kus see laagerdub 12 kuud. Elu pudelis: m\u00fc\u00fcgile j\u00f5uab 3 aasta p\u00e4rast saagi korjamist; pudelis laagerdamine veel 10 aastat. Intensiivne rubiinpunane, rikkalikult k\u00fcpse metspunase marja ja puuvilja vihjetega, elav \u00f5rna balsaminoote aroomiga.Maitse: T\u00e4idlane ja h\u00e4sti tasakaalustatud, rafineeritud ja pehmete tanniinidega. \u00dcmbritsev happesus hoiab k\u00f5ik komponendid tasakaalus. Serveerimistemperatuur: 18\u00b0C. Toidusoovitus: Ideaalne r\u00f6stide, karbonaadi ja laagerdunud juustuga.\" \/>\n<meta property=\"og:url\" content=\"https:\/\/vinodeli.ee\/ru\/product\/contepassi-toscana\/\" \/>\n<meta property=\"og:site_name\" content=\"Vinodeli\" \/>\n<meta property=\"article:modified_time\" content=\"2025-03-17T13:23:02+00:00\" \/>\n<meta property=\"og:image\" content=\"https:\/\/vinodeli.ee\/wp-content\/uploads\/2023\/11\/001_000_supertuscan_igt-jpg-2.webp\" \/>\n\t<meta property=\"og:image:width\" content=\"750\" \/>\n\t<meta property=\"og:image:height\" content=\"715\" \/>\n\t<meta property=\"og:image:type\" content=\"image\/webp\" \/>\n<meta name=\"twitter:card\" content=\"summary_large_image\" \/>\n<meta name=\"twitter:label1\" content=\"\u041f\u0440\u0438\u043c\u0435\u0440\u043d\u043e\u0435 \u0432\u0440\u0435\u043c\u044f \u0434\u043b\u044f \u0447\u0442\u0435\u043d\u0438\u044f\" \/>\n\t<meta name=\"twitter:data1\" content=\"1 \u043c\u0438\u043d\u0443\u0442\u0430\" \/>\n<script type=\"application\/ld+json\" class=\"yoast-schema-graph\">{\"@context\":\"https:\/\/schema.org\",\"@graph\":[{\"@type\":\"WebPage\",\"@id\":\"https:\/\/vinodeli.ee\/ru\/product\/contepassi-toscana\/\",\"url\":\"https:\/\/vinodeli.ee\/ru\/product\/contepassi-toscana\/\",\"name\":\"Contepassi Toscana IGT Rosso 2020 13% - Vinodeli\",\"isPartOf\":{\"@id\":\"https:\/\/vinodeli.ee\/#website\"},\"primaryImageOfPage\":{\"@id\":\"https:\/\/vinodeli.ee\/ru\/product\/contepassi-toscana\/#primaryimage\"},\"image\":{\"@id\":\"https:\/\/vinodeli.ee\/ru\/product\/contepassi-toscana\/#primaryimage\"},\"thumbnailUrl\":\"https:\/\/vinodeli.ee\/wp-content\/uploads\/2023\/11\/001_000_supertuscan_igt-jpg-2.webp\",\"datePublished\":\"2021-06-23T07:05:40+00:00\",\"dateModified\":\"2025-03-17T13:23:02+00:00\",\"breadcrumb\":{\"@id\":\"https:\/\/vinodeli.ee\/ru\/product\/contepassi-toscana\/#breadcrumb\"},\"inLanguage\":\"ru-RU\",\"potentialAction\":[{\"@type\":\"ReadAction\",\"target\":[\"https:\/\/vinodeli.ee\/ru\/product\/contepassi-toscana\/\"]}]},{\"@type\":\"ImageObject\",\"inLanguage\":\"ru-RU\",\"@id\":\"https:\/\/vinodeli.ee\/ru\/product\/contepassi-toscana\/#primaryimage\",\"url\":\"https:\/\/vinodeli.ee\/wp-content\/uploads\/2023\/11\/001_000_supertuscan_igt-jpg-2.webp\",\"contentUrl\":\"https:\/\/vinodeli.ee\/wp-content\/uploads\/2023\/11\/001_000_supertuscan_igt-jpg-2.webp\",\"width\":750,\"height\":715},{\"@type\":\"BreadcrumbList\",\"@id\":\"https:\/\/vinodeli.ee\/ru\/product\/contepassi-toscana\/#breadcrumb\",\"itemListElement\":[{\"@type\":\"ListItem\",\"position\":1,\"name\":\"\u0414\u043e\u043c\u0430\u0448\u043d\u044f\u044f \u0441\u0442\u0440\u0430\u043d\u0438\u0446\u0430\",\"item\":\"https:\/\/vinodeli.ee\/ru\/\"},{\"@type\":\"ListItem\",\"position\":2,\"name\":\"\u041c\u0430\u0433\u0430\u0437\u0438\u043d\",\"item\":\"https:\/\/vinodeli.ee\/pood\/\"},{\"@type\":\"ListItem\",\"position\":3,\"name\":\"Contepassi Toscana IGT Rosso 2020 13%\"}]},{\"@type\":\"WebSite\",\"@id\":\"https:\/\/vinodeli.ee\/#website\",\"url\":\"https:\/\/vinodeli.ee\/\",\"name\":\"Vinodeli\",\"description\":\"\",\"publisher\":{\"@id\":\"https:\/\/vinodeli.ee\/#organization\"},\"potentialAction\":[{\"@type\":\"SearchAction\",\"target\":{\"@type\":\"EntryPoint\",\"urlTemplate\":\"https:\/\/vinodeli.ee\/?s={search_term_string}\"},\"query-input\":{\"@type\":\"PropertyValueSpecification\",\"valueRequired\":true,\"valueName\":\"search_term_string\"}}],\"inLanguage\":\"ru-RU\"},{\"@type\":\"Organization\",\"@id\":\"https:\/\/vinodeli.ee\/#organization\",\"name\":\"Vinodeli O\u00dc\",\"url\":\"https:\/\/vinodeli.ee\/\",\"logo\":{\"@type\":\"ImageObject\",\"inLanguage\":\"ru-RU\",\"@id\":\"https:\/\/vinodeli.ee\/#\/schema\/logo\/image\/\",\"url\":\"https:\/\/vinodeli.ee\/wp-content\/uploads\/2024\/02\/logo-winodeli-1.png\",\"contentUrl\":\"https:\/\/vinodeli.ee\/wp-content\/uploads\/2024\/02\/logo-winodeli-1.png\",\"width\":1500,\"height\":1150,\"caption\":\"Vinodeli O\u00dc\"},\"image\":{\"@id\":\"https:\/\/vinodeli.ee\/#\/schema\/logo\/image\/\"}}]}<\/script>\n<!-- \/ Yoast SEO plugin. -->","yoast_head_json":{"title":"Contepassi Toscana IGT Rosso 2020 13% - Vinodeli","robots":{"index":"index","follow":"follow","max-snippet":"max-snippet:-1","max-image-preview":"max-image-preview:large","max-video-preview":"max-video-preview:-1"},"canonical":"https:\/\/vinodeli.ee\/ru\/product\/contepassi-toscana\/","og_locale":"ru_RU","og_type":"article","og_title":"Contepassi Toscana IGT Rosso 2020 13% - Vinodeli","og_description":"P\u00c4RITOLU: Toscana, ItaaliaVeini t\u00fc\u00fcp: Kuiv punane veinViinamarjasort: 85% Sangiovese, 10% Cabernet Sauvignon, 5% Merlot  Laagerdamine: Jaanuaris dekanteeritakse vein puidust t\u00fcnnidesse, kus see laagerdub 12 kuud. Elu pudelis: m\u00fc\u00fcgile j\u00f5uab 3 aasta p\u00e4rast saagi korjamist; pudelis laagerdamine veel 10 aastat. Intensiivne rubiinpunane, rikkalikult k\u00fcpse metspunase marja ja puuvilja vihjetega, elav \u00f5rna balsaminoote aroomiga.Maitse: T\u00e4idlane ja h\u00e4sti tasakaalustatud, rafineeritud ja pehmete tanniinidega. \u00dcmbritsev happesus hoiab k\u00f5ik komponendid tasakaalus. Serveerimistemperatuur: 18\u00b0C. Toidusoovitus: Ideaalne r\u00f6stide, karbonaadi ja laagerdunud juustuga.","og_url":"https:\/\/vinodeli.ee\/ru\/product\/contepassi-toscana\/","og_site_name":"Vinodeli","article_modified_time":"2025-03-17T13:23:02+00:00","og_image":[{"width":750,"height":715,"url":"https:\/\/vinodeli.ee\/wp-content\/uploads\/2023\/11\/001_000_supertuscan_igt-jpg-2.webp","type":"image\/webp"}],"twitter_card":"summary_large_image","twitter_misc":{"\u041f\u0440\u0438\u043c\u0435\u0440\u043d\u043e\u0435 \u0432\u0440\u0435\u043c\u044f \u0434\u043b\u044f \u0447\u0442\u0435\u043d\u0438\u044f":"1 \u043c\u0438\u043d\u0443\u0442\u0430"},"schema":{"@context":"https:\/\/schema.org","@graph":[{"@type":"WebPage","@id":"https:\/\/vinodeli.ee\/ru\/product\/contepassi-toscana\/","url":"https:\/\/vinodeli.ee\/ru\/product\/contepassi-toscana\/","name":"Contepassi Toscana IGT Rosso 2020 13% - Vinodeli","isPartOf":{"@id":"https:\/\/vinodeli.ee\/#website"},"primaryImageOfPage":{"@id":"https:\/\/vinodeli.ee\/ru\/product\/contepassi-toscana\/#primaryimage"},"image":{"@id":"https:\/\/vinodeli.ee\/ru\/product\/contepassi-toscana\/#primaryimage"},"thumbnailUrl":"https:\/\/vinodeli.ee\/wp-content\/uploads\/2023\/11\/001_000_supertuscan_igt-jpg-2.webp","datePublished":"2021-06-23T07:05:40+00:00","dateModified":"2025-03-17T13:23:02+00:00","breadcrumb":{"@id":"https:\/\/vinodeli.ee\/ru\/product\/contepassi-toscana\/#breadcrumb"},"inLanguage":"ru-RU","potentialAction":[{"@type":"ReadAction","target":["https:\/\/vinodeli.ee\/ru\/product\/contepassi-toscana\/"]}]},{"@type":"ImageObject","inLanguage":"ru-RU","@id":"https:\/\/vinodeli.ee\/ru\/product\/contepassi-toscana\/#primaryimage","url":"https:\/\/vinodeli.ee\/wp-content\/uploads\/2023\/11\/001_000_supertuscan_igt-jpg-2.webp","contentUrl":"https:\/\/vinodeli.ee\/wp-content\/uploads\/2023\/11\/001_000_supertuscan_igt-jpg-2.webp","width":750,"height":715},{"@type":"BreadcrumbList","@id":"https:\/\/vinodeli.ee\/ru\/product\/contepassi-toscana\/#breadcrumb","itemListElement":[{"@type":"ListItem","position":1,"name":"\u0414\u043e\u043c\u0430\u0448\u043d\u044f\u044f \u0441\u0442\u0440\u0430\u043d\u0438\u0446\u0430","item":"https:\/\/vinodeli.ee\/ru\/"},{"@type":"ListItem","position":2,"name":"\u041c\u0430\u0433\u0430\u0437\u0438\u043d","item":"https:\/\/vinodeli.ee\/pood\/"},{"@type":"ListItem","position":3,"name":"Contepassi Toscana IGT Rosso 2020 13%"}]},{"@type":"WebSite","@id":"https:\/\/vinodeli.ee\/#website","url":"https:\/\/vinodeli.ee\/","name":"Vinodeli","description":"","publisher":{"@id":"https:\/\/vinodeli.ee\/#organization"},"potentialAction":[{"@type":"SearchAction","target":{"@type":"EntryPoint","urlTemplate":"https:\/\/vinodeli.ee\/?s={search_term_string}"},"query-input":{"@type":"PropertyValueSpecification","valueRequired":true,"valueName":"search_term_string"}}],"inLanguage":"ru-RU"},{"@type":"Organization","@id":"https:\/\/vinodeli.ee\/#organization","name":"Vinodeli O\u00dc","url":"https:\/\/vinodeli.ee\/","logo":{"@type":"ImageObject","inLanguage":"ru-RU","@id":"https:\/\/vinodeli.ee\/#\/schema\/logo\/image\/","url":"https:\/\/vinodeli.ee\/wp-content\/uploads\/2024\/02\/logo-winodeli-1.png","contentUrl":"https:\/\/vinodeli.ee\/wp-content\/uploads\/2024\/02\/logo-winodeli-1.png","width":1500,"height":1150,"caption":"Vinodeli O\u00dc"},"image":{"@id":"https:\/\/vinodeli.ee\/#\/schema\/logo\/image\/"}}]}},"_links":{"self":[{"href":"https:\/\/vinodeli.ee\/ru\/wp-json\/wp\/v2\/product\/50510","targetHints":{"allow":["GET"]}}],"collection":[{"href":"https:\/\/vinodeli.ee\/ru\/wp-json\/wp\/v2\/product"}],"about":[{"href":"https:\/\/vinodeli.ee\/ru\/wp-json\/wp\/v2\/types\/product"}],"version-history":[{"count":0,"href":"https:\/\/vinodeli.ee\/ru\/wp-json\/wp\/v2\/product\/50510\/revisions"}],"wp:featuredmedia":[{"embeddable":true,"href":"https:\/\/vinodeli.ee\/ru\/wp-json\/wp\/v2\/media\/46208"}],"wp:attachment":[{"href":"https:\/\/vinodeli.ee\/ru\/wp-json\/wp\/v2\/media?parent=50510"}],"wp:term":[{"taxonomy":"product_brand","embeddable":true,"href":"https:\/\/vinodeli.ee\/ru\/wp-json\/wp\/v2\/product_brand?post=50510"},{"taxonomy":"product_cat","embeddable":true,"href":"https:\/\/vinodeli.ee\/ru\/wp-json\/wp\/v2\/product_cat?post=50510"},{"taxonomy":"product_tag","embeddable":true,"href":"https:\/\/vinodeli.ee\/ru\/wp-json\/wp\/v2\/product_tag?post=50510"}],"curies":[{"name":"wp","href":"https:\/\/api.w.org\/{rel}","templated":true}]}}