{"id":50542,"date":"2021-06-19T17:55:55","date_gmt":"2021-06-19T14:55:55","guid":{"rendered":"https:\/\/vinodeli.ee\/product\/mulheimer-sonnenlay-riesling-kabinett-feinherb\/"},"modified":"2024-08-18T19:00:41","modified_gmt":"2024-08-18T16:00:41","slug":"mulheimer-sonnenlay-riesling-kabinett-feinherb","status":"publish","type":"product","link":"https:\/\/vinodeli.ee\/ru\/product\/mulheimer-sonnenlay-riesling-kabinett-feinherb\/","title":{"rendered":"Weingut Max Ferd. Richter Riesling Kabinett Feinherb M\u00fclheimer Sonnenlay 2019 12% vol. 0,75\u043b"},"content":{"rendered":"<p>\u0421\u0442\u0438\u043b\u044c \u00ab\u0424\u0430\u0439\u043d\u0445\u0435\u0440\u0431\u00bb &#8212; \u043e\u0434\u0438\u043d \u0438\u0437 \u0441\u0430\u043c\u044b\u0445 \u0442\u0440\u0430\u0434\u0438\u0446\u0438\u043e\u043d\u043d\u044b\u0445 \u0441\u0442\u0438\u043b\u0435\u0439 \u043c\u043e\u0437\u0435\u043b\u044c\u0441\u043a\u043e\u0433\u043e \u0440\u0438\u0441\u043b\u0438\u043d\u0433\u0430. \u0412 \u043d\u0435\u043c \u0438\u0434\u0435\u0430\u043b\u044c\u043d\u043e \u0441\u0431\u0430\u043b\u0430\u043d\u0441\u0438\u0440\u043e\u0432\u0430\u043d\u044b \u043a\u0438\u0441\u043b\u043e\u0442\u043d\u043e\u0441\u0442\u044c \u0438 \u043e\u0441\u0442\u0430\u0442\u043e\u0447\u043d\u044b\u0439 \u0441\u0430\u0445\u0430\u0440. \u041e\u043d \u043e\u0431\u0435\u0441\u043f\u0435\u0447\u0438\u0432\u0430\u0435\u0442 \u0436\u0438\u0432\u043e\u0441\u0442\u044c \u0438 \u0441\u0432\u0435\u0436\u0435\u0441\u0442\u044c \u0438 \u044f\u0432\u043b\u044f\u0435\u0442\u0441\u044f \u043e\u0434\u043d\u043e\u0439 \u0438\u0437 \u043f\u0440\u0438\u0447\u0438\u043d \u0440\u0435\u043f\u0443\u0442\u0430\u0446\u0438\u0438 \u043c\u043e\u0437\u0435\u043b\u044c\u0441\u043a\u043e\u0433\u043e \u0440\u0438\u0441\u043b\u0438\u043d\u0433\u0430. \u042d\u0442\u0438 \u0432\u0438\u043d\u0430 \u0438\u0434\u0435\u0430\u043b\u044c\u043d\u043e \u0441\u043e\u0447\u0435\u0442\u0430\u044e\u0442\u0441\u044f \u0441 \u0431\u043b\u044e\u0434\u0430\u043c\u0438, \u043f\u043e\u0441\u043a\u043e\u043b\u044c\u043a\u0443 \u043b\u0435\u0433\u043a\u0430\u044f \u043e\u0441\u0442\u0430\u0442\u043e\u0447\u043d\u0430\u044f \u0441\u043b\u0430\u0434\u043e\u0441\u0442\u044c \u0434\u043e\u043f\u043e\u043b\u043d\u044f\u0435\u0442 \u0438 \u0443\u0441\u0438\u043b\u0438\u0432\u0430\u0435\u0442 \u0432\u043a\u0443\u0441\u044b \u0438 \u0430\u0440\u043e\u043c\u0430\u0442\u044b \u0431\u043b\u044e\u0434, \u043d\u043e \u043f\u0440\u0438 \u044d\u0442\u043e\u043c \u043e\u0431\u0435\u0441\u043f\u0435\u0447\u0438\u0432\u0430\u0435\u0442 \u0441\u0443\u0445\u043e\u0435 \u0438 \u0430\u043f\u043f\u0435\u0442\u0438\u0442\u043d\u043e\u0435 \u0437\u0430\u0432\u0435\u0440\u0448\u0435\u043d\u0438\u0435, \u0430 \u0430\u043b\u043a\u043e\u0433\u043e\u043b\u044c \u0432 \u043d\u0438\u0445 \u043d\u0438\u0436\u0435, \u0447\u0435\u043c \u0432 \u0431\u043e\u043b\u0435\u0435 \u0441\u0443\u0445\u0438\u0445 \u0432\u0438\u043d\u0430\u0445. \u041a\u0430\u0431\u0438\u043d\u0435\u0442. (56 \u0433\/\u043b) \u0434\u043e\u0441\u0442\u0443\u043f\u043d\u043e\u0433\u043e \u0430\u043b\u043a\u043e\u0433\u043e\u043b\u044f \u0438 \u043d\u0435 \u043c\u0435\u043d\u0435\u0435 9 % (71 \u0433\/\u043b) \u043e\u0431\u0449\u0435\u0433\u043e \u0430\u043b\u043a\u043e\u0433\u043e\u043b\u044f.\u041f\u0440\u044f\u043d\u044b\u0439 \u0430\u0440\u043e\u043c\u0430\u0442 \u043d\u0430 \u0444\u043e\u043d\u0435 \u0441\u0432\u0435\u0436\u0435\u0432\u044b\u0436\u0430\u0442\u044b\u0445 \u044f\u0431\u043b\u043e\u043a \u0438 \u0433\u0440\u0443\u0448 \u043f\u0440\u0438\u0434\u0430\u0435\u0442 \u044d\u0442\u043e\u043c\u0443 \u044f\u0440\u043a\u043e\u043c\u0443 \u0438 \u043b\u0435\u0433\u043a\u043e\u043c\u0443 \u041a\u0430\u0431\u0435\u0440\u043d\u0435 \u043e\u0441\u0435\u043d\u043d\u0435\u0435 \u043d\u0430\u0441\u0442\u0440\u043e\u0435\u043d\u0438\u0435. \u041c\u0435\u0430\u043d\u0434\u0440 \u043e\u0431\u043e\u0433\u0430\u0449\u0430\u0435\u0442 \u0441\u0435\u0440\u0435\u0434\u0438\u043d\u0443 \u043f\u0430\u043b\u0438\u0442\u0440\u044b, \u0437\u0430\u0432\u0435\u0440\u0448\u0430\u044f\u0441\u044c \u043b\u0438\u043c\u043e\u043d\u043d\u043e-\u0447\u0430\u0439\u043d\u043e\u0439 \u0441\u043b\u0430\u0434\u043e\u0441\u0442\u044c\u044e. \u041d\u0430\u0447\u043d\u0438\u0442\u0435 \u043f\u0438\u0442\u044c \u043f\u0440\u044f\u043c\u043e \u0441\u0435\u0439\u0447\u0430\u0441!<\/p>\n","protected":false},"excerpt":{"rendered":"<blockquote>\n<h5>P\u00c4RITOLU: M\u00fclheim an der Mosel, Mosel, SaksamaaVeini t\u00fc\u00fcp: Saksa Kvaliteetvein<\/h5>\n<h5>Viinamarjasort: 100% Riesling<\/h5>\n<h5>Auhinnad: Wine Advocate, Robert Parker: 93<\/h5>\n<\/blockquote>\n<h5>Fermentatsioon: Puidust t\u00fcnnidesLaagerdumine: Suur puidust t\u00fcnnides<\/h5>\n<h5><em>Serveerimistemperatuur: 7\u00b0\/10\u00b0<\/em><\/h5>\n<h5><em>Toidusoovitus: taimetoit, Aasia toidud, linnuliha<\/em><\/h5>\n","protected":false},"featured_media":64425,"template":"","meta":{"_acf_changed":false},"product_brand":[],"product_cat":[22102,19461],"product_tag":[],"class_list":{"0":"post-50542","1":"product","2":"type-product","3":"status-publish","4":"has-post-thumbnail","6":"product_cat-polusuhie-polusladkie","7":"product_cat-beloe-vino","9":"first","10":"outofstock","11":"taxable","12":"shipping-taxable","13":"purchasable","14":"product-type-simple"},"acf":[],"yoast_head":"<!-- This site is optimized with the Yoast SEO plugin v25.7 - https:\/\/yoast.com\/wordpress\/plugins\/seo\/ -->\n<title>Weingut Max Ferd. Richter Riesling Kabinett Feinherb M\u00fclheimer Sonnenlay 2019 12% vol. 0,75\u043b - Vinodeli<\/title>\n<meta name=\"robots\" content=\"index, follow, max-snippet:-1, max-image-preview:large, max-video-preview:-1\" \/>\n<link rel=\"canonical\" href=\"https:\/\/vinodeli.ee\/ru\/product\/mulheimer-sonnenlay-riesling-kabinett-feinherb\/\" \/>\n<meta property=\"og:locale\" content=\"ru_RU\" \/>\n<meta property=\"og:type\" content=\"article\" \/>\n<meta property=\"og:title\" content=\"Weingut Max Ferd. Richter Riesling Kabinett Feinherb M\u00fclheimer Sonnenlay 2019 12% vol. 0,75\u043b - Vinodeli\" \/>\n<meta property=\"og:description\" content=\"P\u00c4RITOLU: M\u00fclheim an der Mosel, Mosel, SaksamaaVeini t\u00fc\u00fcp: Saksa Kvaliteetvein Viinamarjasort: 100% Riesling Auhinnad: Wine Advocate, Robert Parker: 93  Fermentatsioon: Puidust t\u00fcnnidesLaagerdumine: Suur puidust t\u00fcnnides Serveerimistemperatuur: 7\u00b0\/10\u00b0 Toidusoovitus: taimetoit, Aasia toidud, linnuliha\" \/>\n<meta property=\"og:url\" content=\"https:\/\/vinodeli.ee\/ru\/product\/mulheimer-sonnenlay-riesling-kabinett-feinherb\/\" \/>\n<meta property=\"og:site_name\" content=\"Vinodeli\" \/>\n<meta property=\"article:modified_time\" content=\"2024-08-18T16:00:41+00:00\" \/>\n<meta property=\"og:image\" content=\"https:\/\/vinodeli.ee\/wp-content\/uploads\/2023\/11\/34qtwdwi9g8u-jpg-2.webp\" \/>\n\t<meta property=\"og:image:width\" content=\"720\" \/>\n\t<meta property=\"og:image:height\" content=\"720\" \/>\n\t<meta property=\"og:image:type\" content=\"image\/webp\" \/>\n<meta name=\"twitter:card\" content=\"summary_large_image\" \/>\n<meta name=\"twitter:label1\" content=\"\u041f\u0440\u0438\u043c\u0435\u0440\u043d\u043e\u0435 \u0432\u0440\u0435\u043c\u044f \u0434\u043b\u044f \u0447\u0442\u0435\u043d\u0438\u044f\" \/>\n\t<meta name=\"twitter:data1\" content=\"1 \u043c\u0438\u043d\u0443\u0442\u0430\" \/>\n<script type=\"application\/ld+json\" class=\"yoast-schema-graph\">{\"@context\":\"https:\/\/schema.org\",\"@graph\":[{\"@type\":\"WebPage\",\"@id\":\"https:\/\/vinodeli.ee\/ru\/product\/mulheimer-sonnenlay-riesling-kabinett-feinherb\/\",\"url\":\"https:\/\/vinodeli.ee\/ru\/product\/mulheimer-sonnenlay-riesling-kabinett-feinherb\/\",\"name\":\"Weingut Max Ferd. Richter Riesling Kabinett Feinherb M\u00fclheimer Sonnenlay 2019 12% vol. 0,75\u043b - Vinodeli\",\"isPartOf\":{\"@id\":\"https:\/\/vinodeli.ee\/#website\"},\"primaryImageOfPage\":{\"@id\":\"https:\/\/vinodeli.ee\/ru\/product\/mulheimer-sonnenlay-riesling-kabinett-feinherb\/#primaryimage\"},\"image\":{\"@id\":\"https:\/\/vinodeli.ee\/ru\/product\/mulheimer-sonnenlay-riesling-kabinett-feinherb\/#primaryimage\"},\"thumbnailUrl\":\"https:\/\/vinodeli.ee\/wp-content\/uploads\/2021\/06\/riesling-kabinett-feinherb-mulheimer-sonnenlay.jpg\",\"datePublished\":\"2021-06-19T14:55:55+00:00\",\"dateModified\":\"2024-08-18T16:00:41+00:00\",\"breadcrumb\":{\"@id\":\"https:\/\/vinodeli.ee\/ru\/product\/mulheimer-sonnenlay-riesling-kabinett-feinherb\/#breadcrumb\"},\"inLanguage\":\"ru-RU\",\"potentialAction\":[{\"@type\":\"ReadAction\",\"target\":[\"https:\/\/vinodeli.ee\/ru\/product\/mulheimer-sonnenlay-riesling-kabinett-feinherb\/\"]}]},{\"@type\":\"ImageObject\",\"inLanguage\":\"ru-RU\",\"@id\":\"https:\/\/vinodeli.ee\/ru\/product\/mulheimer-sonnenlay-riesling-kabinett-feinherb\/#primaryimage\",\"url\":\"https:\/\/vinodeli.ee\/wp-content\/uploads\/2021\/06\/riesling-kabinett-feinherb-mulheimer-sonnenlay.jpg\",\"contentUrl\":\"https:\/\/vinodeli.ee\/wp-content\/uploads\/2021\/06\/riesling-kabinett-feinherb-mulheimer-sonnenlay.jpg\",\"width\":1080,\"height\":1080},{\"@type\":\"BreadcrumbList\",\"@id\":\"https:\/\/vinodeli.ee\/ru\/product\/mulheimer-sonnenlay-riesling-kabinett-feinherb\/#breadcrumb\",\"itemListElement\":[{\"@type\":\"ListItem\",\"position\":1,\"name\":\"\u0414\u043e\u043c\u0430\u0448\u043d\u044f\u044f \u0441\u0442\u0440\u0430\u043d\u0438\u0446\u0430\",\"item\":\"https:\/\/vinodeli.ee\/ru\/\"},{\"@type\":\"ListItem\",\"position\":2,\"name\":\"\u041c\u0430\u0433\u0430\u0437\u0438\u043d\",\"item\":\"https:\/\/vinodeli.ee\/pood\/\"},{\"@type\":\"ListItem\",\"position\":3,\"name\":\"Weingut Max Ferd. Richter Riesling Kabinett Feinherb M\u00fclheimer Sonnenlay 2019 12% vol. 0,75\u043b\"}]},{\"@type\":\"WebSite\",\"@id\":\"https:\/\/vinodeli.ee\/#website\",\"url\":\"https:\/\/vinodeli.ee\/\",\"name\":\"Vinodeli\",\"description\":\"\",\"publisher\":{\"@id\":\"https:\/\/vinodeli.ee\/#organization\"},\"potentialAction\":[{\"@type\":\"SearchAction\",\"target\":{\"@type\":\"EntryPoint\",\"urlTemplate\":\"https:\/\/vinodeli.ee\/?s={search_term_string}\"},\"query-input\":{\"@type\":\"PropertyValueSpecification\",\"valueRequired\":true,\"valueName\":\"search_term_string\"}}],\"inLanguage\":\"ru-RU\"},{\"@type\":\"Organization\",\"@id\":\"https:\/\/vinodeli.ee\/#organization\",\"name\":\"Vinodeli O\u00dc\",\"url\":\"https:\/\/vinodeli.ee\/\",\"logo\":{\"@type\":\"ImageObject\",\"inLanguage\":\"ru-RU\",\"@id\":\"https:\/\/vinodeli.ee\/#\/schema\/logo\/image\/\",\"url\":\"https:\/\/vinodeli.ee\/wp-content\/uploads\/2024\/02\/logo-winodeli-1.png\",\"contentUrl\":\"https:\/\/vinodeli.ee\/wp-content\/uploads\/2024\/02\/logo-winodeli-1.png\",\"width\":1500,\"height\":1150,\"caption\":\"Vinodeli O\u00dc\"},\"image\":{\"@id\":\"https:\/\/vinodeli.ee\/#\/schema\/logo\/image\/\"}}]}<\/script>\n<!-- \/ Yoast SEO plugin. -->","yoast_head_json":{"title":"Weingut Max Ferd. Richter Riesling Kabinett Feinherb M\u00fclheimer Sonnenlay 2019 12% vol. 0,75\u043b - Vinodeli","robots":{"index":"index","follow":"follow","max-snippet":"max-snippet:-1","max-image-preview":"max-image-preview:large","max-video-preview":"max-video-preview:-1"},"canonical":"https:\/\/vinodeli.ee\/ru\/product\/mulheimer-sonnenlay-riesling-kabinett-feinherb\/","og_locale":"ru_RU","og_type":"article","og_title":"Weingut Max Ferd. Richter Riesling Kabinett Feinherb M\u00fclheimer Sonnenlay 2019 12% vol. 0,75\u043b - Vinodeli","og_description":"P\u00c4RITOLU: M\u00fclheim an der Mosel, Mosel, SaksamaaVeini t\u00fc\u00fcp: Saksa Kvaliteetvein Viinamarjasort: 100% Riesling Auhinnad: Wine Advocate, Robert Parker: 93  Fermentatsioon: Puidust t\u00fcnnidesLaagerdumine: Suur puidust t\u00fcnnides Serveerimistemperatuur: 7\u00b0\/10\u00b0 Toidusoovitus: taimetoit, Aasia toidud, linnuliha","og_url":"https:\/\/vinodeli.ee\/ru\/product\/mulheimer-sonnenlay-riesling-kabinett-feinherb\/","og_site_name":"Vinodeli","article_modified_time":"2024-08-18T16:00:41+00:00","og_image":[{"width":720,"height":720,"url":"https:\/\/vinodeli.ee\/wp-content\/uploads\/2023\/11\/34qtwdwi9g8u-jpg-2.webp","type":"image\/webp"}],"twitter_card":"summary_large_image","twitter_misc":{"\u041f\u0440\u0438\u043c\u0435\u0440\u043d\u043e\u0435 \u0432\u0440\u0435\u043c\u044f \u0434\u043b\u044f \u0447\u0442\u0435\u043d\u0438\u044f":"1 \u043c\u0438\u043d\u0443\u0442\u0430"},"schema":{"@context":"https:\/\/schema.org","@graph":[{"@type":"WebPage","@id":"https:\/\/vinodeli.ee\/ru\/product\/mulheimer-sonnenlay-riesling-kabinett-feinherb\/","url":"https:\/\/vinodeli.ee\/ru\/product\/mulheimer-sonnenlay-riesling-kabinett-feinherb\/","name":"Weingut Max Ferd. Richter Riesling Kabinett Feinherb M\u00fclheimer Sonnenlay 2019 12% vol. 0,75\u043b - Vinodeli","isPartOf":{"@id":"https:\/\/vinodeli.ee\/#website"},"primaryImageOfPage":{"@id":"https:\/\/vinodeli.ee\/ru\/product\/mulheimer-sonnenlay-riesling-kabinett-feinherb\/#primaryimage"},"image":{"@id":"https:\/\/vinodeli.ee\/ru\/product\/mulheimer-sonnenlay-riesling-kabinett-feinherb\/#primaryimage"},"thumbnailUrl":"https:\/\/vinodeli.ee\/wp-content\/uploads\/2021\/06\/riesling-kabinett-feinherb-mulheimer-sonnenlay.jpg","datePublished":"2021-06-19T14:55:55+00:00","dateModified":"2024-08-18T16:00:41+00:00","breadcrumb":{"@id":"https:\/\/vinodeli.ee\/ru\/product\/mulheimer-sonnenlay-riesling-kabinett-feinherb\/#breadcrumb"},"inLanguage":"ru-RU","potentialAction":[{"@type":"ReadAction","target":["https:\/\/vinodeli.ee\/ru\/product\/mulheimer-sonnenlay-riesling-kabinett-feinherb\/"]}]},{"@type":"ImageObject","inLanguage":"ru-RU","@id":"https:\/\/vinodeli.ee\/ru\/product\/mulheimer-sonnenlay-riesling-kabinett-feinherb\/#primaryimage","url":"https:\/\/vinodeli.ee\/wp-content\/uploads\/2021\/06\/riesling-kabinett-feinherb-mulheimer-sonnenlay.jpg","contentUrl":"https:\/\/vinodeli.ee\/wp-content\/uploads\/2021\/06\/riesling-kabinett-feinherb-mulheimer-sonnenlay.jpg","width":1080,"height":1080},{"@type":"BreadcrumbList","@id":"https:\/\/vinodeli.ee\/ru\/product\/mulheimer-sonnenlay-riesling-kabinett-feinherb\/#breadcrumb","itemListElement":[{"@type":"ListItem","position":1,"name":"\u0414\u043e\u043c\u0430\u0448\u043d\u044f\u044f \u0441\u0442\u0440\u0430\u043d\u0438\u0446\u0430","item":"https:\/\/vinodeli.ee\/ru\/"},{"@type":"ListItem","position":2,"name":"\u041c\u0430\u0433\u0430\u0437\u0438\u043d","item":"https:\/\/vinodeli.ee\/pood\/"},{"@type":"ListItem","position":3,"name":"Weingut Max Ferd. Richter Riesling Kabinett Feinherb M\u00fclheimer Sonnenlay 2019 12% vol. 0,75\u043b"}]},{"@type":"WebSite","@id":"https:\/\/vinodeli.ee\/#website","url":"https:\/\/vinodeli.ee\/","name":"Vinodeli","description":"","publisher":{"@id":"https:\/\/vinodeli.ee\/#organization"},"potentialAction":[{"@type":"SearchAction","target":{"@type":"EntryPoint","urlTemplate":"https:\/\/vinodeli.ee\/?s={search_term_string}"},"query-input":{"@type":"PropertyValueSpecification","valueRequired":true,"valueName":"search_term_string"}}],"inLanguage":"ru-RU"},{"@type":"Organization","@id":"https:\/\/vinodeli.ee\/#organization","name":"Vinodeli O\u00dc","url":"https:\/\/vinodeli.ee\/","logo":{"@type":"ImageObject","inLanguage":"ru-RU","@id":"https:\/\/vinodeli.ee\/#\/schema\/logo\/image\/","url":"https:\/\/vinodeli.ee\/wp-content\/uploads\/2024\/02\/logo-winodeli-1.png","contentUrl":"https:\/\/vinodeli.ee\/wp-content\/uploads\/2024\/02\/logo-winodeli-1.png","width":1500,"height":1150,"caption":"Vinodeli O\u00dc"},"image":{"@id":"https:\/\/vinodeli.ee\/#\/schema\/logo\/image\/"}}]}},"_links":{"self":[{"href":"https:\/\/vinodeli.ee\/ru\/wp-json\/wp\/v2\/product\/50542","targetHints":{"allow":["GET"]}}],"collection":[{"href":"https:\/\/vinodeli.ee\/ru\/wp-json\/wp\/v2\/product"}],"about":[{"href":"https:\/\/vinodeli.ee\/ru\/wp-json\/wp\/v2\/types\/product"}],"version-history":[{"count":0,"href":"https:\/\/vinodeli.ee\/ru\/wp-json\/wp\/v2\/product\/50542\/revisions"}],"wp:featuredmedia":[{"embeddable":true,"href":"https:\/\/vinodeli.ee\/ru\/wp-json\/wp\/v2\/media\/64425"}],"wp:attachment":[{"href":"https:\/\/vinodeli.ee\/ru\/wp-json\/wp\/v2\/media?parent=50542"}],"wp:term":[{"taxonomy":"product_brand","embeddable":true,"href":"https:\/\/vinodeli.ee\/ru\/wp-json\/wp\/v2\/product_brand?post=50542"},{"taxonomy":"product_cat","embeddable":true,"href":"https:\/\/vinodeli.ee\/ru\/wp-json\/wp\/v2\/product_cat?post=50542"},{"taxonomy":"product_tag","embeddable":true,"href":"https:\/\/vinodeli.ee\/ru\/wp-json\/wp\/v2\/product_tag?post=50542"}],"curies":[{"name":"wp","href":"https:\/\/api.w.org\/{rel}","templated":true}]}}