{"id":50553,"date":"2021-06-19T13:34:26","date_gmt":"2021-06-19T10:34:26","guid":{"rendered":"https:\/\/vinodeli.ee\/product\/mersault-premier-cru-charmes\/"},"modified":"2024-02-22T20:33:29","modified_gmt":"2024-02-22T18:33:29","slug":"mersault-premier-cru-charmes","status":"publish","type":"product","link":"https:\/\/vinodeli.ee\/ru\/product\/mersault-premier-cru-charmes\/","title":{"rendered":"Meursault Charmes Premier Cru Domaine Jean-Marie Bouzereau 2019 13%"},"content":{"rendered":"","protected":false},"excerpt":{"rendered":"<blockquote>\n<h5>P\u00c4RITOLU: Burgundia, PrantsusmaaVeini t\u00fc\u00fcp: Kuiv valge veinViinamarjasort: 100% Chardonnay<\/h5>\n<\/blockquote>\n<h5>Laagerdamine toimub 1 aasta tammevaatides (25% uutes vaatides).<\/h5>\n<h5>S\u00e4ilitamise potentsiaal: 6 &#8212; 8 aastat.<\/h5>\n<h5>Rikas ja v\u00f5imas aroom. Maitselt \u00fcmmargune ja pehme, v\u00f5ise ja r\u00f6stsaia l\u00f5hnaga.<\/h5>\n<h5><em>Serveerimistemperatuur: 10\u00b0\/12\u00b0<\/em><\/h5>\n<h5><em>Toidusoovitus: kala, koorikloomad, valge liha, foie gras.<\/em><\/h5>\n","protected":false},"featured_media":46335,"template":"","meta":{"_acf_changed":false},"product_brand":[],"product_cat":[19461],"product_tag":[],"class_list":{"0":"post-50553","1":"product","2":"type-product","3":"status-publish","4":"has-post-thumbnail","6":"product_cat-beloe-vino","8":"first","9":"instock","10":"downloadable","11":"taxable","12":"shipping-taxable","13":"purchasable","14":"product-type-simple"},"acf":[],"yoast_head":"<!-- This site is optimized with the Yoast SEO plugin v25.7 - https:\/\/yoast.com\/wordpress\/plugins\/seo\/ -->\n<title>Meursault Charmes Premier Cru Domaine Jean-Marie Bouzereau 2019 13% - Vinodeli<\/title>\n<meta name=\"robots\" content=\"index, follow, max-snippet:-1, max-image-preview:large, max-video-preview:-1\" \/>\n<link rel=\"canonical\" href=\"https:\/\/vinodeli.ee\/ru\/product\/mersault-premier-cru-charmes\/\" \/>\n<meta property=\"og:locale\" content=\"ru_RU\" \/>\n<meta property=\"og:type\" content=\"article\" \/>\n<meta property=\"og:title\" content=\"Meursault Charmes Premier Cru Domaine Jean-Marie Bouzereau 2019 13% - Vinodeli\" \/>\n<meta property=\"og:description\" content=\"P\u00c4RITOLU: Burgundia, PrantsusmaaVeini t\u00fc\u00fcp: Kuiv valge veinViinamarjasort: 100% ChardonnayLaagerdamine toimub 1 aasta tammevaatides (25% uutes vaatides).S\u00e4ilitamise potentsiaal: 6 - 8 aastat.Rikas ja v\u00f5imas aroom. Maitselt \u00fcmmargune ja pehme, v\u00f5ise ja r\u00f6stsaia l\u00f5hnaga.Serveerimistemperatuur: 10\u00b0\/12\u00b0Toidusoovitus: kala, koorikloomad, valge liha, foie gras.\" \/>\n<meta property=\"og:url\" content=\"https:\/\/vinodeli.ee\/ru\/product\/mersault-premier-cru-charmes\/\" \/>\n<meta property=\"og:site_name\" content=\"Vinodeli\" \/>\n<meta property=\"article:modified_time\" content=\"2024-02-22T18:33:29+00:00\" \/>\n<meta property=\"og:image\" content=\"https:\/\/vinodeli.ee\/wp-content\/uploads\/2023\/11\/charmes-2.png\" \/>\n\t<meta property=\"og:image:width\" content=\"865\" \/>\n\t<meta property=\"og:image:height\" content=\"865\" \/>\n\t<meta property=\"og:image:type\" content=\"image\/png\" \/>\n<meta name=\"twitter:card\" content=\"summary_large_image\" \/>\n<script type=\"application\/ld+json\" class=\"yoast-schema-graph\">{\"@context\":\"https:\/\/schema.org\",\"@graph\":[{\"@type\":\"WebPage\",\"@id\":\"https:\/\/vinodeli.ee\/ru\/product\/mersault-premier-cru-charmes\/\",\"url\":\"https:\/\/vinodeli.ee\/ru\/product\/mersault-premier-cru-charmes\/\",\"name\":\"Meursault Charmes Premier Cru Domaine Jean-Marie Bouzereau 2019 13% - Vinodeli\",\"isPartOf\":{\"@id\":\"https:\/\/vinodeli.ee\/#website\"},\"primaryImageOfPage\":{\"@id\":\"https:\/\/vinodeli.ee\/ru\/product\/mersault-premier-cru-charmes\/#primaryimage\"},\"image\":{\"@id\":\"https:\/\/vinodeli.ee\/ru\/product\/mersault-premier-cru-charmes\/#primaryimage\"},\"thumbnailUrl\":\"https:\/\/vinodeli.ee\/wp-content\/uploads\/2023\/11\/charmes-2.png\",\"datePublished\":\"2021-06-19T10:34:26+00:00\",\"dateModified\":\"2024-02-22T18:33:29+00:00\",\"breadcrumb\":{\"@id\":\"https:\/\/vinodeli.ee\/ru\/product\/mersault-premier-cru-charmes\/#breadcrumb\"},\"inLanguage\":\"ru-RU\",\"potentialAction\":[{\"@type\":\"ReadAction\",\"target\":[\"https:\/\/vinodeli.ee\/ru\/product\/mersault-premier-cru-charmes\/\"]}]},{\"@type\":\"ImageObject\",\"inLanguage\":\"ru-RU\",\"@id\":\"https:\/\/vinodeli.ee\/ru\/product\/mersault-premier-cru-charmes\/#primaryimage\",\"url\":\"https:\/\/vinodeli.ee\/wp-content\/uploads\/2023\/11\/charmes-2.png\",\"contentUrl\":\"https:\/\/vinodeli.ee\/wp-content\/uploads\/2023\/11\/charmes-2.png\",\"width\":865,\"height\":865},{\"@type\":\"BreadcrumbList\",\"@id\":\"https:\/\/vinodeli.ee\/ru\/product\/mersault-premier-cru-charmes\/#breadcrumb\",\"itemListElement\":[{\"@type\":\"ListItem\",\"position\":1,\"name\":\"\u0414\u043e\u043c\u0430\u0448\u043d\u044f\u044f \u0441\u0442\u0440\u0430\u043d\u0438\u0446\u0430\",\"item\":\"https:\/\/vinodeli.ee\/ru\/\"},{\"@type\":\"ListItem\",\"position\":2,\"name\":\"\u041c\u0430\u0433\u0430\u0437\u0438\u043d\",\"item\":\"https:\/\/vinodeli.ee\/pood\/\"},{\"@type\":\"ListItem\",\"position\":3,\"name\":\"Meursault Charmes Premier Cru Domaine Jean-Marie Bouzereau 2019 13%\"}]},{\"@type\":\"WebSite\",\"@id\":\"https:\/\/vinodeli.ee\/#website\",\"url\":\"https:\/\/vinodeli.ee\/\",\"name\":\"Vinodeli\",\"description\":\"\",\"publisher\":{\"@id\":\"https:\/\/vinodeli.ee\/#organization\"},\"potentialAction\":[{\"@type\":\"SearchAction\",\"target\":{\"@type\":\"EntryPoint\",\"urlTemplate\":\"https:\/\/vinodeli.ee\/?s={search_term_string}\"},\"query-input\":{\"@type\":\"PropertyValueSpecification\",\"valueRequired\":true,\"valueName\":\"search_term_string\"}}],\"inLanguage\":\"ru-RU\"},{\"@type\":\"Organization\",\"@id\":\"https:\/\/vinodeli.ee\/#organization\",\"name\":\"Vinodeli O\u00dc\",\"url\":\"https:\/\/vinodeli.ee\/\",\"logo\":{\"@type\":\"ImageObject\",\"inLanguage\":\"ru-RU\",\"@id\":\"https:\/\/vinodeli.ee\/#\/schema\/logo\/image\/\",\"url\":\"https:\/\/vinodeli.ee\/wp-content\/uploads\/2024\/02\/logo-winodeli-1.png\",\"contentUrl\":\"https:\/\/vinodeli.ee\/wp-content\/uploads\/2024\/02\/logo-winodeli-1.png\",\"width\":1500,\"height\":1150,\"caption\":\"Vinodeli O\u00dc\"},\"image\":{\"@id\":\"https:\/\/vinodeli.ee\/#\/schema\/logo\/image\/\"}}]}<\/script>\n<!-- \/ Yoast SEO plugin. -->","yoast_head_json":{"title":"Meursault Charmes Premier Cru Domaine Jean-Marie Bouzereau 2019 13% - Vinodeli","robots":{"index":"index","follow":"follow","max-snippet":"max-snippet:-1","max-image-preview":"max-image-preview:large","max-video-preview":"max-video-preview:-1"},"canonical":"https:\/\/vinodeli.ee\/ru\/product\/mersault-premier-cru-charmes\/","og_locale":"ru_RU","og_type":"article","og_title":"Meursault Charmes Premier Cru Domaine Jean-Marie Bouzereau 2019 13% - Vinodeli","og_description":"P\u00c4RITOLU: Burgundia, PrantsusmaaVeini t\u00fc\u00fcp: Kuiv valge veinViinamarjasort: 100% ChardonnayLaagerdamine toimub 1 aasta tammevaatides (25% uutes vaatides).S\u00e4ilitamise potentsiaal: 6 - 8 aastat.Rikas ja v\u00f5imas aroom. Maitselt \u00fcmmargune ja pehme, v\u00f5ise ja r\u00f6stsaia l\u00f5hnaga.Serveerimistemperatuur: 10\u00b0\/12\u00b0Toidusoovitus: kala, koorikloomad, valge liha, foie gras.","og_url":"https:\/\/vinodeli.ee\/ru\/product\/mersault-premier-cru-charmes\/","og_site_name":"Vinodeli","article_modified_time":"2024-02-22T18:33:29+00:00","og_image":[{"width":865,"height":865,"url":"https:\/\/vinodeli.ee\/wp-content\/uploads\/2023\/11\/charmes-2.png","type":"image\/png"}],"twitter_card":"summary_large_image","schema":{"@context":"https:\/\/schema.org","@graph":[{"@type":"WebPage","@id":"https:\/\/vinodeli.ee\/ru\/product\/mersault-premier-cru-charmes\/","url":"https:\/\/vinodeli.ee\/ru\/product\/mersault-premier-cru-charmes\/","name":"Meursault Charmes Premier Cru Domaine Jean-Marie Bouzereau 2019 13% - Vinodeli","isPartOf":{"@id":"https:\/\/vinodeli.ee\/#website"},"primaryImageOfPage":{"@id":"https:\/\/vinodeli.ee\/ru\/product\/mersault-premier-cru-charmes\/#primaryimage"},"image":{"@id":"https:\/\/vinodeli.ee\/ru\/product\/mersault-premier-cru-charmes\/#primaryimage"},"thumbnailUrl":"https:\/\/vinodeli.ee\/wp-content\/uploads\/2023\/11\/charmes-2.png","datePublished":"2021-06-19T10:34:26+00:00","dateModified":"2024-02-22T18:33:29+00:00","breadcrumb":{"@id":"https:\/\/vinodeli.ee\/ru\/product\/mersault-premier-cru-charmes\/#breadcrumb"},"inLanguage":"ru-RU","potentialAction":[{"@type":"ReadAction","target":["https:\/\/vinodeli.ee\/ru\/product\/mersault-premier-cru-charmes\/"]}]},{"@type":"ImageObject","inLanguage":"ru-RU","@id":"https:\/\/vinodeli.ee\/ru\/product\/mersault-premier-cru-charmes\/#primaryimage","url":"https:\/\/vinodeli.ee\/wp-content\/uploads\/2023\/11\/charmes-2.png","contentUrl":"https:\/\/vinodeli.ee\/wp-content\/uploads\/2023\/11\/charmes-2.png","width":865,"height":865},{"@type":"BreadcrumbList","@id":"https:\/\/vinodeli.ee\/ru\/product\/mersault-premier-cru-charmes\/#breadcrumb","itemListElement":[{"@type":"ListItem","position":1,"name":"\u0414\u043e\u043c\u0430\u0448\u043d\u044f\u044f \u0441\u0442\u0440\u0430\u043d\u0438\u0446\u0430","item":"https:\/\/vinodeli.ee\/ru\/"},{"@type":"ListItem","position":2,"name":"\u041c\u0430\u0433\u0430\u0437\u0438\u043d","item":"https:\/\/vinodeli.ee\/pood\/"},{"@type":"ListItem","position":3,"name":"Meursault Charmes Premier Cru Domaine Jean-Marie Bouzereau 2019 13%"}]},{"@type":"WebSite","@id":"https:\/\/vinodeli.ee\/#website","url":"https:\/\/vinodeli.ee\/","name":"Vinodeli","description":"","publisher":{"@id":"https:\/\/vinodeli.ee\/#organization"},"potentialAction":[{"@type":"SearchAction","target":{"@type":"EntryPoint","urlTemplate":"https:\/\/vinodeli.ee\/?s={search_term_string}"},"query-input":{"@type":"PropertyValueSpecification","valueRequired":true,"valueName":"search_term_string"}}],"inLanguage":"ru-RU"},{"@type":"Organization","@id":"https:\/\/vinodeli.ee\/#organization","name":"Vinodeli O\u00dc","url":"https:\/\/vinodeli.ee\/","logo":{"@type":"ImageObject","inLanguage":"ru-RU","@id":"https:\/\/vinodeli.ee\/#\/schema\/logo\/image\/","url":"https:\/\/vinodeli.ee\/wp-content\/uploads\/2024\/02\/logo-winodeli-1.png","contentUrl":"https:\/\/vinodeli.ee\/wp-content\/uploads\/2024\/02\/logo-winodeli-1.png","width":1500,"height":1150,"caption":"Vinodeli O\u00dc"},"image":{"@id":"https:\/\/vinodeli.ee\/#\/schema\/logo\/image\/"}}]}},"_links":{"self":[{"href":"https:\/\/vinodeli.ee\/ru\/wp-json\/wp\/v2\/product\/50553","targetHints":{"allow":["GET"]}}],"collection":[{"href":"https:\/\/vinodeli.ee\/ru\/wp-json\/wp\/v2\/product"}],"about":[{"href":"https:\/\/vinodeli.ee\/ru\/wp-json\/wp\/v2\/types\/product"}],"version-history":[{"count":0,"href":"https:\/\/vinodeli.ee\/ru\/wp-json\/wp\/v2\/product\/50553\/revisions"}],"wp:featuredmedia":[{"embeddable":true,"href":"https:\/\/vinodeli.ee\/ru\/wp-json\/wp\/v2\/media\/46335"}],"wp:attachment":[{"href":"https:\/\/vinodeli.ee\/ru\/wp-json\/wp\/v2\/media?parent=50553"}],"wp:term":[{"taxonomy":"product_brand","embeddable":true,"href":"https:\/\/vinodeli.ee\/ru\/wp-json\/wp\/v2\/product_brand?post=50553"},{"taxonomy":"product_cat","embeddable":true,"href":"https:\/\/vinodeli.ee\/ru\/wp-json\/wp\/v2\/product_cat?post=50553"},{"taxonomy":"product_tag","embeddable":true,"href":"https:\/\/vinodeli.ee\/ru\/wp-json\/wp\/v2\/product_tag?post=50553"}],"curies":[{"name":"wp","href":"https:\/\/api.w.org\/{rel}","templated":true}]}}