{"id":50768,"date":"2021-05-21T14:26:25","date_gmt":"2021-05-21T11:26:25","guid":{"rendered":"https:\/\/vinodeli.ee\/product\/leonardo_750_anima\/"},"modified":"2023-12-20T14:59:54","modified_gmt":"2023-12-20T12:59:54","slug":"leonardo_750_anima","status":"publish","type":"product","link":"https:\/\/vinodeli.ee\/ru\/product\/leonardo_750_anima\/","title":{"rendered":"Anima Leonardo \u0414\u0432\u0443\u0445\u0441\u043e\u043b\u043e\u0434\u043e\u0432\u044b\u0439 \u0421\u0432\u0435\u0442\u043b\u044b\u0439 \u042d\u043b\u044c 6.7% 750 \u043c\u043b"},"content":{"rendered":"","protected":false},"excerpt":{"rendered":"<blockquote>\n<h5>BLOND ALE-t\u00fc\u00fcpi \u00f5lu<\/h5>\n<h5>P\u00e4ritolumaa: Roccasparvera, Piedmont, Itaalia<\/h5>\n<\/blockquote>\n<h5>Tugev ale, t\u00e4helepanuv\u00e4\u00e4rselt t\u00e4ielik, mida iseloomustab puuviljal\u00f5hn,\u00f5rn keha, rikkalik linnase p\u00f5hi,suurep\u00e4rane vaht, oskuslik m\u00f5ru j\u00e4relmaitse.Igak\u00fclgne t\u00e4iuslikkus.<\/h5>\n<h5>Toidusoovitus: k\u00fclmad lihasuupisted, kala, punane liha<\/h5>\n<h5>Serveerimistemperatuur: 7\u00b0C.<\/h5>\n","protected":false},"featured_media":41759,"template":"","meta":{"_acf_changed":false},"product_brand":[],"product_cat":[21476],"product_tag":[],"class_list":{"0":"post-50768","1":"product","2":"type-product","3":"status-publish","4":"has-post-thumbnail","6":"product_cat-kraftovoe-pivo","8":"first","9":"outofstock","10":"downloadable","11":"taxable","12":"shipping-taxable","13":"purchasable","14":"product-type-simple"},"acf":[],"yoast_head":"<!-- This site is optimized with the Yoast SEO plugin v25.7 - https:\/\/yoast.com\/wordpress\/plugins\/seo\/ -->\n<title>Anima Leonardo \u0414\u0432\u0443\u0445\u0441\u043e\u043b\u043e\u0434\u043e\u0432\u044b\u0439 \u0421\u0432\u0435\u0442\u043b\u044b\u0439 \u042d\u043b\u044c 6.7% 750 \u043c\u043b - Vinodeli<\/title>\n<meta name=\"robots\" content=\"index, follow, max-snippet:-1, max-image-preview:large, max-video-preview:-1\" \/>\n<link rel=\"canonical\" href=\"https:\/\/vinodeli.ee\/ru\/product\/leonardo_750_anima\/\" \/>\n<meta property=\"og:locale\" content=\"ru_RU\" \/>\n<meta property=\"og:type\" content=\"article\" \/>\n<meta property=\"og:title\" content=\"Anima Leonardo \u0414\u0432\u0443\u0445\u0441\u043e\u043b\u043e\u0434\u043e\u0432\u044b\u0439 \u0421\u0432\u0435\u0442\u043b\u044b\u0439 \u042d\u043b\u044c 6.7% 750 \u043c\u043b - Vinodeli\" \/>\n<meta property=\"og:description\" content=\"BLOND ALE-t\u00fc\u00fcpi \u00f5luP\u00e4ritolumaa: Roccasparvera, Piedmont, ItaaliaTugev ale, t\u00e4helepanuv\u00e4\u00e4rselt t\u00e4ielik, mida iseloomustab puuviljal\u00f5hn,\u00f5rn keha, rikkalik linnase p\u00f5hi,suurep\u00e4rane vaht, oskuslik m\u00f5ru j\u00e4relmaitse.Igak\u00fclgne t\u00e4iuslikkus.Toidusoovitus: k\u00fclmad lihasuupisted, kala, punane lihaServeerimistemperatuur: 7\u00b0C.\" \/>\n<meta property=\"og:url\" content=\"https:\/\/vinodeli.ee\/ru\/product\/leonardo_750_anima\/\" \/>\n<meta property=\"og:site_name\" content=\"Vinodeli\" \/>\n<meta property=\"article:modified_time\" content=\"2023-12-20T12:59:54+00:00\" \/>\n<meta property=\"og:image\" content=\"https:\/\/vinodeli.ee\/wp-content\/uploads\/2023\/11\/leonardo-square-jpg-2.webp\" \/>\n\t<meta property=\"og:image:width\" content=\"1200\" \/>\n\t<meta property=\"og:image:height\" content=\"1200\" \/>\n\t<meta property=\"og:image:type\" content=\"image\/webp\" \/>\n<meta name=\"twitter:card\" content=\"summary_large_image\" \/>\n<script type=\"application\/ld+json\" class=\"yoast-schema-graph\">{\"@context\":\"https:\/\/schema.org\",\"@graph\":[{\"@type\":\"WebPage\",\"@id\":\"https:\/\/vinodeli.ee\/ru\/product\/leonardo_750_anima\/\",\"url\":\"https:\/\/vinodeli.ee\/ru\/product\/leonardo_750_anima\/\",\"name\":\"Anima Leonardo \u0414\u0432\u0443\u0445\u0441\u043e\u043b\u043e\u0434\u043e\u0432\u044b\u0439 \u0421\u0432\u0435\u0442\u043b\u044b\u0439 \u042d\u043b\u044c 6.7% 750 \u043c\u043b - Vinodeli\",\"isPartOf\":{\"@id\":\"https:\/\/vinodeli.ee\/#website\"},\"primaryImageOfPage\":{\"@id\":\"https:\/\/vinodeli.ee\/ru\/product\/leonardo_750_anima\/#primaryimage\"},\"image\":{\"@id\":\"https:\/\/vinodeli.ee\/ru\/product\/leonardo_750_anima\/#primaryimage\"},\"thumbnailUrl\":\"https:\/\/vinodeli.ee\/wp-content\/uploads\/2023\/11\/leonardo-square-jpg-2.webp\",\"datePublished\":\"2021-05-21T11:26:25+00:00\",\"dateModified\":\"2023-12-20T12:59:54+00:00\",\"breadcrumb\":{\"@id\":\"https:\/\/vinodeli.ee\/ru\/product\/leonardo_750_anima\/#breadcrumb\"},\"inLanguage\":\"ru-RU\",\"potentialAction\":[{\"@type\":\"ReadAction\",\"target\":[\"https:\/\/vinodeli.ee\/ru\/product\/leonardo_750_anima\/\"]}]},{\"@type\":\"ImageObject\",\"inLanguage\":\"ru-RU\",\"@id\":\"https:\/\/vinodeli.ee\/ru\/product\/leonardo_750_anima\/#primaryimage\",\"url\":\"https:\/\/vinodeli.ee\/wp-content\/uploads\/2023\/11\/leonardo-square-jpg-2.webp\",\"contentUrl\":\"https:\/\/vinodeli.ee\/wp-content\/uploads\/2023\/11\/leonardo-square-jpg-2.webp\",\"width\":1200,\"height\":1200},{\"@type\":\"BreadcrumbList\",\"@id\":\"https:\/\/vinodeli.ee\/ru\/product\/leonardo_750_anima\/#breadcrumb\",\"itemListElement\":[{\"@type\":\"ListItem\",\"position\":1,\"name\":\"\u0414\u043e\u043c\u0430\u0448\u043d\u044f\u044f \u0441\u0442\u0440\u0430\u043d\u0438\u0446\u0430\",\"item\":\"https:\/\/vinodeli.ee\/ru\/\"},{\"@type\":\"ListItem\",\"position\":2,\"name\":\"\u041c\u0430\u0433\u0430\u0437\u0438\u043d\",\"item\":\"https:\/\/vinodeli.ee\/pood\/\"},{\"@type\":\"ListItem\",\"position\":3,\"name\":\"Anima Leonardo \u0414\u0432\u0443\u0445\u0441\u043e\u043b\u043e\u0434\u043e\u0432\u044b\u0439 \u0421\u0432\u0435\u0442\u043b\u044b\u0439 \u042d\u043b\u044c 6.7% 750 \u043c\u043b\"}]},{\"@type\":\"WebSite\",\"@id\":\"https:\/\/vinodeli.ee\/#website\",\"url\":\"https:\/\/vinodeli.ee\/\",\"name\":\"Vinodeli\",\"description\":\"\",\"publisher\":{\"@id\":\"https:\/\/vinodeli.ee\/#organization\"},\"potentialAction\":[{\"@type\":\"SearchAction\",\"target\":{\"@type\":\"EntryPoint\",\"urlTemplate\":\"https:\/\/vinodeli.ee\/?s={search_term_string}\"},\"query-input\":{\"@type\":\"PropertyValueSpecification\",\"valueRequired\":true,\"valueName\":\"search_term_string\"}}],\"inLanguage\":\"ru-RU\"},{\"@type\":\"Organization\",\"@id\":\"https:\/\/vinodeli.ee\/#organization\",\"name\":\"Vinodeli O\u00dc\",\"url\":\"https:\/\/vinodeli.ee\/\",\"logo\":{\"@type\":\"ImageObject\",\"inLanguage\":\"ru-RU\",\"@id\":\"https:\/\/vinodeli.ee\/#\/schema\/logo\/image\/\",\"url\":\"https:\/\/vinodeli.ee\/wp-content\/uploads\/2024\/02\/logo-winodeli-1.png\",\"contentUrl\":\"https:\/\/vinodeli.ee\/wp-content\/uploads\/2024\/02\/logo-winodeli-1.png\",\"width\":1500,\"height\":1150,\"caption\":\"Vinodeli O\u00dc\"},\"image\":{\"@id\":\"https:\/\/vinodeli.ee\/#\/schema\/logo\/image\/\"}}]}<\/script>\n<!-- \/ Yoast SEO plugin. -->","yoast_head_json":{"title":"Anima Leonardo \u0414\u0432\u0443\u0445\u0441\u043e\u043b\u043e\u0434\u043e\u0432\u044b\u0439 \u0421\u0432\u0435\u0442\u043b\u044b\u0439 \u042d\u043b\u044c 6.7% 750 \u043c\u043b - Vinodeli","robots":{"index":"index","follow":"follow","max-snippet":"max-snippet:-1","max-image-preview":"max-image-preview:large","max-video-preview":"max-video-preview:-1"},"canonical":"https:\/\/vinodeli.ee\/ru\/product\/leonardo_750_anima\/","og_locale":"ru_RU","og_type":"article","og_title":"Anima Leonardo \u0414\u0432\u0443\u0445\u0441\u043e\u043b\u043e\u0434\u043e\u0432\u044b\u0439 \u0421\u0432\u0435\u0442\u043b\u044b\u0439 \u042d\u043b\u044c 6.7% 750 \u043c\u043b - Vinodeli","og_description":"BLOND ALE-t\u00fc\u00fcpi \u00f5luP\u00e4ritolumaa: Roccasparvera, Piedmont, ItaaliaTugev ale, t\u00e4helepanuv\u00e4\u00e4rselt t\u00e4ielik, mida iseloomustab puuviljal\u00f5hn,\u00f5rn keha, rikkalik linnase p\u00f5hi,suurep\u00e4rane vaht, oskuslik m\u00f5ru j\u00e4relmaitse.Igak\u00fclgne t\u00e4iuslikkus.Toidusoovitus: k\u00fclmad lihasuupisted, kala, punane lihaServeerimistemperatuur: 7\u00b0C.","og_url":"https:\/\/vinodeli.ee\/ru\/product\/leonardo_750_anima\/","og_site_name":"Vinodeli","article_modified_time":"2023-12-20T12:59:54+00:00","og_image":[{"width":1200,"height":1200,"url":"https:\/\/vinodeli.ee\/wp-content\/uploads\/2023\/11\/leonardo-square-jpg-2.webp","type":"image\/webp"}],"twitter_card":"summary_large_image","schema":{"@context":"https:\/\/schema.org","@graph":[{"@type":"WebPage","@id":"https:\/\/vinodeli.ee\/ru\/product\/leonardo_750_anima\/","url":"https:\/\/vinodeli.ee\/ru\/product\/leonardo_750_anima\/","name":"Anima Leonardo \u0414\u0432\u0443\u0445\u0441\u043e\u043b\u043e\u0434\u043e\u0432\u044b\u0439 \u0421\u0432\u0435\u0442\u043b\u044b\u0439 \u042d\u043b\u044c 6.7% 750 \u043c\u043b - Vinodeli","isPartOf":{"@id":"https:\/\/vinodeli.ee\/#website"},"primaryImageOfPage":{"@id":"https:\/\/vinodeli.ee\/ru\/product\/leonardo_750_anima\/#primaryimage"},"image":{"@id":"https:\/\/vinodeli.ee\/ru\/product\/leonardo_750_anima\/#primaryimage"},"thumbnailUrl":"https:\/\/vinodeli.ee\/wp-content\/uploads\/2023\/11\/leonardo-square-jpg-2.webp","datePublished":"2021-05-21T11:26:25+00:00","dateModified":"2023-12-20T12:59:54+00:00","breadcrumb":{"@id":"https:\/\/vinodeli.ee\/ru\/product\/leonardo_750_anima\/#breadcrumb"},"inLanguage":"ru-RU","potentialAction":[{"@type":"ReadAction","target":["https:\/\/vinodeli.ee\/ru\/product\/leonardo_750_anima\/"]}]},{"@type":"ImageObject","inLanguage":"ru-RU","@id":"https:\/\/vinodeli.ee\/ru\/product\/leonardo_750_anima\/#primaryimage","url":"https:\/\/vinodeli.ee\/wp-content\/uploads\/2023\/11\/leonardo-square-jpg-2.webp","contentUrl":"https:\/\/vinodeli.ee\/wp-content\/uploads\/2023\/11\/leonardo-square-jpg-2.webp","width":1200,"height":1200},{"@type":"BreadcrumbList","@id":"https:\/\/vinodeli.ee\/ru\/product\/leonardo_750_anima\/#breadcrumb","itemListElement":[{"@type":"ListItem","position":1,"name":"\u0414\u043e\u043c\u0430\u0448\u043d\u044f\u044f \u0441\u0442\u0440\u0430\u043d\u0438\u0446\u0430","item":"https:\/\/vinodeli.ee\/ru\/"},{"@type":"ListItem","position":2,"name":"\u041c\u0430\u0433\u0430\u0437\u0438\u043d","item":"https:\/\/vinodeli.ee\/pood\/"},{"@type":"ListItem","position":3,"name":"Anima Leonardo \u0414\u0432\u0443\u0445\u0441\u043e\u043b\u043e\u0434\u043e\u0432\u044b\u0439 \u0421\u0432\u0435\u0442\u043b\u044b\u0439 \u042d\u043b\u044c 6.7% 750 \u043c\u043b"}]},{"@type":"WebSite","@id":"https:\/\/vinodeli.ee\/#website","url":"https:\/\/vinodeli.ee\/","name":"Vinodeli","description":"","publisher":{"@id":"https:\/\/vinodeli.ee\/#organization"},"potentialAction":[{"@type":"SearchAction","target":{"@type":"EntryPoint","urlTemplate":"https:\/\/vinodeli.ee\/?s={search_term_string}"},"query-input":{"@type":"PropertyValueSpecification","valueRequired":true,"valueName":"search_term_string"}}],"inLanguage":"ru-RU"},{"@type":"Organization","@id":"https:\/\/vinodeli.ee\/#organization","name":"Vinodeli O\u00dc","url":"https:\/\/vinodeli.ee\/","logo":{"@type":"ImageObject","inLanguage":"ru-RU","@id":"https:\/\/vinodeli.ee\/#\/schema\/logo\/image\/","url":"https:\/\/vinodeli.ee\/wp-content\/uploads\/2024\/02\/logo-winodeli-1.png","contentUrl":"https:\/\/vinodeli.ee\/wp-content\/uploads\/2024\/02\/logo-winodeli-1.png","width":1500,"height":1150,"caption":"Vinodeli O\u00dc"},"image":{"@id":"https:\/\/vinodeli.ee\/#\/schema\/logo\/image\/"}}]}},"_links":{"self":[{"href":"https:\/\/vinodeli.ee\/ru\/wp-json\/wp\/v2\/product\/50768","targetHints":{"allow":["GET"]}}],"collection":[{"href":"https:\/\/vinodeli.ee\/ru\/wp-json\/wp\/v2\/product"}],"about":[{"href":"https:\/\/vinodeli.ee\/ru\/wp-json\/wp\/v2\/types\/product"}],"version-history":[{"count":0,"href":"https:\/\/vinodeli.ee\/ru\/wp-json\/wp\/v2\/product\/50768\/revisions"}],"wp:featuredmedia":[{"embeddable":true,"href":"https:\/\/vinodeli.ee\/ru\/wp-json\/wp\/v2\/media\/41759"}],"wp:attachment":[{"href":"https:\/\/vinodeli.ee\/ru\/wp-json\/wp\/v2\/media?parent=50768"}],"wp:term":[{"taxonomy":"product_brand","embeddable":true,"href":"https:\/\/vinodeli.ee\/ru\/wp-json\/wp\/v2\/product_brand?post=50768"},{"taxonomy":"product_cat","embeddable":true,"href":"https:\/\/vinodeli.ee\/ru\/wp-json\/wp\/v2\/product_cat?post=50768"},{"taxonomy":"product_tag","embeddable":true,"href":"https:\/\/vinodeli.ee\/ru\/wp-json\/wp\/v2\/product_tag?post=50768"}],"curies":[{"name":"wp","href":"https:\/\/api.w.org\/{rel}","templated":true}]}}