{"id":58960,"date":"2024-06-05T22:27:47","date_gmt":"2024-06-05T19:27:47","guid":{"rendered":"https:\/\/vinodeli.ee\/?post_type=product&#038;p=58960"},"modified":"2025-09-02T15:46:03","modified_gmt":"2025-09-02T12:46:03","slug":"fabiano-storica-amarone-della-valpolicella-docg-classico-2019-15-5-vol","status":"publish","type":"product","link":"https:\/\/vinodeli.ee\/ru\/product\/fabiano-storica-amarone-della-valpolicella-docg-classico-2019-15-5-vol\/","title":{"rendered":"Fabiano &#171;Storica&#187; Amarone della Valpolicella DOCG Classico 2019 15.5% vol."},"content":{"rendered":"<blockquote>\n<h5>Fabiano veinitehase ajalugu sai alguse 1912. aastal, kui asutaja Francesco Fabiano hakkas koos oma poja Sergioga Veneetsia linnas oma veine m\u00fc\u00fcma ja laiendab sellest oma tegevust Veneto tagamaal Veronasse. Viiek\u00fcmnendate l\u00f5pus kolis Sergio Fabiano ja tema pojad alaliselt Veronasse, algul Col\u00e0 di Lazise keldris, kus toimus kaubandustegevus kogu P\u00f5hja-Itaalias. J\u00e4rgmisel k\u00fcmnendil alustas perekond Sonas uue veinitehase ehitamist, millest sai alates seitsmek\u00fcmnendate algusest \u00fcks Itaalia suurimaid veinitootjaid oma toodetud veinikoguste poolest. Kaheksak\u00fcmnendatel ja \u00fcheksak\u00fcmnendatel aastatel toimunud kaubandusliku kasvu t\u00f5ttu eksporditi Fabiano veine k\u00f5igisse maailma peamistesse riikidesse \u00fcha suuremates kogustes, muutes Fabianost \u00fcheks Verona ja riikliku veinit\u00f6\u00f6stuse peamiseks veinitehaseks.<\/h5>\n<\/blockquote>\n<h3>Veini valmistamine<\/h3>\n<p>Amarone on iidse p\u00e4ritoluga vein. Seda toodetakse piiratud koguses Valpolicella klassikalise piirkonna viinamarjadest, mis on hoolikalt valitud, kuivatatud ja veinistatud vastavalt iidsetele traditsioonidele. Maitse on kuiv ja meeldiv, iseloomuliku aroomiga ning intensiivne granaat\u00f5unav\u00e4rv on pikaajalise laagerdumise tulemus.M\u00e4e\u00e4\u00e4rsed viinamarjaistandused asuvad 200-350 meetri k\u00f5rgusel Marano vallas, klassikalises Valpolicella piirkonnas. Kaltsiini-eotseeni pinnas. Veronese pergola kasvatuss\u00fcsteem, mis on paigutatud kuivade kivim\u00fc\u00fcridega (marogne) piiratud terrassidel. K\u00e4sitsi korjamine. Osaliselt kooritud viinamarjade pehme purustamine. Veinivalmistamine alates iidsest kuivatustehnikast umbes 100 p\u00e4eva jooksul kuni jaanuari teise pooleni, mil viinamarjad \u00f5rnalt purustatakse ja osaliselt kooritakse, k\u00e4\u00e4rimine toimub terasvannides umbes 50 p\u00e4eva jooksul, p\u00e4rast umbes 30-p\u00e4evast matseratsiooni kestvust kestvust. 60% veinist laagerdub 24 kuud 20-30-50hl slavoonia tammevaatides; \u00fclej\u00e4\u00e4nud 40% laagerdub 18 kuud keskmiselt r\u00f6stitud Allier&#8217;i tammevaatides. Edasine areng pudelis 6 kuud.<\/p>\n<h3>Maistmism\u00e4rkused<\/h3>\n<p>Amarone &#171;Storica&#187;, mida iseloomustab intensiivne rubiinpunane v\u00e4rvus. Vanilje aroom, kirsi, ploomi ja kohvi nootidega. T\u00e4ielik, soe ja sametine maitse. See vana kooli Amarone on selle stiili arhet\u00fc\u00fcp. Aroomis on tunda kirsi, ploomi, kuivatatud maitsetaimi, soolaseid ja magusaid v\u00fcrtse ning kakaoube. Maitse on siidine ja elegantne, \u00fckski maitse ei domineeri. See on h\u00e4sti tasakaalustatud ja l\u00f5peb tubakalehtede ja grafiidi vihjetega.<\/p>\n<h3>Toidusoovitus<\/h3>\n<p>Sobib ideaalselt hautatud liha, ulukiliha ja v\u00e4ga maitsvate k\u00f5vade juustude juurde. Sobib ka s\u00f6\u00f6gi l\u00f5pus. Serveeri 18 \u00b0C juures, hoolitsedes selle eest, et pudel avatakse paar tundi enne serveerimist.<\/p>\n","protected":false},"excerpt":{"rendered":"<blockquote>\n<h4>Viinamarjasordid:75% Corvina Veronese ja Corvinone, 25% Rondinella<\/h4>\n<\/blockquote>\n<ul>\n<li>Wine Enthusiast (2017. aastak\u00e4ik) &#8212; 92 punkti<\/li>\n<li>Mundus Vini 2012 &#8212; Kuldmedal<\/li>\n<\/ul>\n","protected":false},"featured_media":40900,"template":"","meta":{"_acf_changed":false},"product_brand":[],"product_cat":[4586],"product_tag":[],"class_list":{"0":"post-58960","1":"product","2":"type-product","3":"status-publish","4":"has-post-thumbnail","6":"product_cat-punane-vein","8":"first","9":"instock","10":"downloadable","11":"taxable","12":"shipping-taxable","13":"purchasable","14":"product-type-simple"},"acf":[],"yoast_head":"<!-- This site is optimized with the Yoast SEO plugin v25.7 - https:\/\/yoast.com\/wordpress\/plugins\/seo\/ -->\n<title>Fabiano &quot;Storica&quot; Amarone della Valpolicella DOCG Classico 2019 15.5% vol. - Vinodeli<\/title>\n<meta name=\"robots\" content=\"index, follow, max-snippet:-1, max-image-preview:large, max-video-preview:-1\" \/>\n<link rel=\"canonical\" href=\"https:\/\/vinodeli.ee\/product\/fabiano-storica-amarone-della-valpolicella-docg-classico-2019-15-5-vol\/\" \/>\n<meta property=\"og:locale\" content=\"ru_RU\" \/>\n<meta property=\"og:type\" content=\"article\" \/>\n<meta property=\"og:title\" content=\"Fabiano &quot;Storica&quot; Amarone della Valpolicella DOCG Classico 2019 15.5% vol. - Vinodeli\" \/>\n<meta property=\"og:description\" content=\"Viinamarjasordid:75% Corvina Veronese ja Corvinone, 25% Rondinella    Wine Enthusiast (2017. aastak\u00e4ik) - 92 punkti  Mundus Vini 2012 - Kuldmedal\" \/>\n<meta property=\"og:url\" content=\"https:\/\/vinodeli.ee\/product\/fabiano-storica-amarone-della-valpolicella-docg-classico-2019-15-5-vol\/\" \/>\n<meta property=\"og:site_name\" content=\"Vinodeli\" \/>\n<meta property=\"article:modified_time\" content=\"2025-09-02T12:46:03+00:00\" \/>\n<meta property=\"og:image\" content=\"https:\/\/vinodeli.ee\/wp-content\/uploads\/2023\/11\/fabiano-amarone-della-valpolicella-jpg-2.webp\" \/>\n\t<meta property=\"og:image:width\" content=\"2000\" \/>\n\t<meta property=\"og:image:height\" content=\"2000\" \/>\n\t<meta property=\"og:image:type\" content=\"image\/webp\" \/>\n<meta name=\"twitter:card\" content=\"summary_large_image\" \/>\n<meta name=\"twitter:label1\" content=\"\u041f\u0440\u0438\u043c\u0435\u0440\u043d\u043e\u0435 \u0432\u0440\u0435\u043c\u044f \u0434\u043b\u044f \u0447\u0442\u0435\u043d\u0438\u044f\" \/>\n\t<meta name=\"twitter:data1\" content=\"2 \u043c\u0438\u043d\u0443\u0442\u044b\" \/>\n<script type=\"application\/ld+json\" class=\"yoast-schema-graph\">{\"@context\":\"https:\/\/schema.org\",\"@graph\":[{\"@type\":\"WebPage\",\"@id\":\"https:\/\/vinodeli.ee\/product\/fabiano-storica-amarone-della-valpolicella-docg-classico-2019-15-5-vol\/\",\"url\":\"https:\/\/vinodeli.ee\/product\/fabiano-storica-amarone-della-valpolicella-docg-classico-2019-15-5-vol\/\",\"name\":\"Fabiano \\\"Storica\\\" Amarone della Valpolicella DOCG Classico 2019 15.5% vol. - Vinodeli\",\"isPartOf\":{\"@id\":\"https:\/\/vinodeli.ee\/#website\"},\"primaryImageOfPage\":{\"@id\":\"https:\/\/vinodeli.ee\/product\/fabiano-storica-amarone-della-valpolicella-docg-classico-2019-15-5-vol\/#primaryimage\"},\"image\":{\"@id\":\"https:\/\/vinodeli.ee\/product\/fabiano-storica-amarone-della-valpolicella-docg-classico-2019-15-5-vol\/#primaryimage\"},\"thumbnailUrl\":\"https:\/\/vinodeli.ee\/wp-content\/uploads\/2023\/11\/fabiano-amarone-della-valpolicella-jpg-2.webp\",\"datePublished\":\"2024-06-05T19:27:47+00:00\",\"dateModified\":\"2025-09-02T12:46:03+00:00\",\"breadcrumb\":{\"@id\":\"https:\/\/vinodeli.ee\/product\/fabiano-storica-amarone-della-valpolicella-docg-classico-2019-15-5-vol\/#breadcrumb\"},\"inLanguage\":\"ru-RU\",\"potentialAction\":[{\"@type\":\"ReadAction\",\"target\":[\"https:\/\/vinodeli.ee\/product\/fabiano-storica-amarone-della-valpolicella-docg-classico-2019-15-5-vol\/\"]}]},{\"@type\":\"ImageObject\",\"inLanguage\":\"ru-RU\",\"@id\":\"https:\/\/vinodeli.ee\/product\/fabiano-storica-amarone-della-valpolicella-docg-classico-2019-15-5-vol\/#primaryimage\",\"url\":\"https:\/\/vinodeli.ee\/wp-content\/uploads\/2023\/11\/fabiano-amarone-della-valpolicella-jpg-2.webp\",\"contentUrl\":\"https:\/\/vinodeli.ee\/wp-content\/uploads\/2023\/11\/fabiano-amarone-della-valpolicella-jpg-2.webp\",\"width\":2000,\"height\":2000},{\"@type\":\"BreadcrumbList\",\"@id\":\"https:\/\/vinodeli.ee\/product\/fabiano-storica-amarone-della-valpolicella-docg-classico-2019-15-5-vol\/#breadcrumb\",\"itemListElement\":[{\"@type\":\"ListItem\",\"position\":1,\"name\":\"\u0414\u043e\u043c\u0430\u0448\u043d\u044f\u044f \u0441\u0442\u0440\u0430\u043d\u0438\u0446\u0430\",\"item\":\"https:\/\/vinodeli.ee\/ru\/\"},{\"@type\":\"ListItem\",\"position\":2,\"name\":\"\u041c\u0430\u0433\u0430\u0437\u0438\u043d\",\"item\":\"https:\/\/vinodeli.ee\/pood\/\"},{\"@type\":\"ListItem\",\"position\":3,\"name\":\"Fabiano &#171;Storica&#187; Amarone della Valpolicella DOCG Classico 2019 15.5% vol.\"}]},{\"@type\":\"WebSite\",\"@id\":\"https:\/\/vinodeli.ee\/#website\",\"url\":\"https:\/\/vinodeli.ee\/\",\"name\":\"Vinodeli\",\"description\":\"\",\"publisher\":{\"@id\":\"https:\/\/vinodeli.ee\/#organization\"},\"potentialAction\":[{\"@type\":\"SearchAction\",\"target\":{\"@type\":\"EntryPoint\",\"urlTemplate\":\"https:\/\/vinodeli.ee\/?s={search_term_string}\"},\"query-input\":{\"@type\":\"PropertyValueSpecification\",\"valueRequired\":true,\"valueName\":\"search_term_string\"}}],\"inLanguage\":\"ru-RU\"},{\"@type\":\"Organization\",\"@id\":\"https:\/\/vinodeli.ee\/#organization\",\"name\":\"Vinodeli O\u00dc\",\"url\":\"https:\/\/vinodeli.ee\/\",\"logo\":{\"@type\":\"ImageObject\",\"inLanguage\":\"ru-RU\",\"@id\":\"https:\/\/vinodeli.ee\/#\/schema\/logo\/image\/\",\"url\":\"https:\/\/vinodeli.ee\/wp-content\/uploads\/2024\/02\/logo-winodeli-1.png\",\"contentUrl\":\"https:\/\/vinodeli.ee\/wp-content\/uploads\/2024\/02\/logo-winodeli-1.png\",\"width\":1500,\"height\":1150,\"caption\":\"Vinodeli O\u00dc\"},\"image\":{\"@id\":\"https:\/\/vinodeli.ee\/#\/schema\/logo\/image\/\"}}]}<\/script>\n<!-- \/ Yoast SEO plugin. -->","yoast_head_json":{"title":"Fabiano \"Storica\" Amarone della Valpolicella DOCG Classico 2019 15.5% vol. - Vinodeli","robots":{"index":"index","follow":"follow","max-snippet":"max-snippet:-1","max-image-preview":"max-image-preview:large","max-video-preview":"max-video-preview:-1"},"canonical":"https:\/\/vinodeli.ee\/product\/fabiano-storica-amarone-della-valpolicella-docg-classico-2019-15-5-vol\/","og_locale":"ru_RU","og_type":"article","og_title":"Fabiano \"Storica\" Amarone della Valpolicella DOCG Classico 2019 15.5% vol. - Vinodeli","og_description":"Viinamarjasordid:75% Corvina Veronese ja Corvinone, 25% Rondinella    Wine Enthusiast (2017. aastak\u00e4ik) - 92 punkti  Mundus Vini 2012 - Kuldmedal","og_url":"https:\/\/vinodeli.ee\/product\/fabiano-storica-amarone-della-valpolicella-docg-classico-2019-15-5-vol\/","og_site_name":"Vinodeli","article_modified_time":"2025-09-02T12:46:03+00:00","og_image":[{"width":2000,"height":2000,"url":"https:\/\/vinodeli.ee\/wp-content\/uploads\/2023\/11\/fabiano-amarone-della-valpolicella-jpg-2.webp","type":"image\/webp"}],"twitter_card":"summary_large_image","twitter_misc":{"\u041f\u0440\u0438\u043c\u0435\u0440\u043d\u043e\u0435 \u0432\u0440\u0435\u043c\u044f \u0434\u043b\u044f \u0447\u0442\u0435\u043d\u0438\u044f":"2 \u043c\u0438\u043d\u0443\u0442\u044b"},"schema":{"@context":"https:\/\/schema.org","@graph":[{"@type":"WebPage","@id":"https:\/\/vinodeli.ee\/product\/fabiano-storica-amarone-della-valpolicella-docg-classico-2019-15-5-vol\/","url":"https:\/\/vinodeli.ee\/product\/fabiano-storica-amarone-della-valpolicella-docg-classico-2019-15-5-vol\/","name":"Fabiano \"Storica\" Amarone della Valpolicella DOCG Classico 2019 15.5% vol. - Vinodeli","isPartOf":{"@id":"https:\/\/vinodeli.ee\/#website"},"primaryImageOfPage":{"@id":"https:\/\/vinodeli.ee\/product\/fabiano-storica-amarone-della-valpolicella-docg-classico-2019-15-5-vol\/#primaryimage"},"image":{"@id":"https:\/\/vinodeli.ee\/product\/fabiano-storica-amarone-della-valpolicella-docg-classico-2019-15-5-vol\/#primaryimage"},"thumbnailUrl":"https:\/\/vinodeli.ee\/wp-content\/uploads\/2023\/11\/fabiano-amarone-della-valpolicella-jpg-2.webp","datePublished":"2024-06-05T19:27:47+00:00","dateModified":"2025-09-02T12:46:03+00:00","breadcrumb":{"@id":"https:\/\/vinodeli.ee\/product\/fabiano-storica-amarone-della-valpolicella-docg-classico-2019-15-5-vol\/#breadcrumb"},"inLanguage":"ru-RU","potentialAction":[{"@type":"ReadAction","target":["https:\/\/vinodeli.ee\/product\/fabiano-storica-amarone-della-valpolicella-docg-classico-2019-15-5-vol\/"]}]},{"@type":"ImageObject","inLanguage":"ru-RU","@id":"https:\/\/vinodeli.ee\/product\/fabiano-storica-amarone-della-valpolicella-docg-classico-2019-15-5-vol\/#primaryimage","url":"https:\/\/vinodeli.ee\/wp-content\/uploads\/2023\/11\/fabiano-amarone-della-valpolicella-jpg-2.webp","contentUrl":"https:\/\/vinodeli.ee\/wp-content\/uploads\/2023\/11\/fabiano-amarone-della-valpolicella-jpg-2.webp","width":2000,"height":2000},{"@type":"BreadcrumbList","@id":"https:\/\/vinodeli.ee\/product\/fabiano-storica-amarone-della-valpolicella-docg-classico-2019-15-5-vol\/#breadcrumb","itemListElement":[{"@type":"ListItem","position":1,"name":"\u0414\u043e\u043c\u0430\u0448\u043d\u044f\u044f \u0441\u0442\u0440\u0430\u043d\u0438\u0446\u0430","item":"https:\/\/vinodeli.ee\/ru\/"},{"@type":"ListItem","position":2,"name":"\u041c\u0430\u0433\u0430\u0437\u0438\u043d","item":"https:\/\/vinodeli.ee\/pood\/"},{"@type":"ListItem","position":3,"name":"Fabiano &#171;Storica&#187; Amarone della Valpolicella DOCG Classico 2019 15.5% vol."}]},{"@type":"WebSite","@id":"https:\/\/vinodeli.ee\/#website","url":"https:\/\/vinodeli.ee\/","name":"Vinodeli","description":"","publisher":{"@id":"https:\/\/vinodeli.ee\/#organization"},"potentialAction":[{"@type":"SearchAction","target":{"@type":"EntryPoint","urlTemplate":"https:\/\/vinodeli.ee\/?s={search_term_string}"},"query-input":{"@type":"PropertyValueSpecification","valueRequired":true,"valueName":"search_term_string"}}],"inLanguage":"ru-RU"},{"@type":"Organization","@id":"https:\/\/vinodeli.ee\/#organization","name":"Vinodeli O\u00dc","url":"https:\/\/vinodeli.ee\/","logo":{"@type":"ImageObject","inLanguage":"ru-RU","@id":"https:\/\/vinodeli.ee\/#\/schema\/logo\/image\/","url":"https:\/\/vinodeli.ee\/wp-content\/uploads\/2024\/02\/logo-winodeli-1.png","contentUrl":"https:\/\/vinodeli.ee\/wp-content\/uploads\/2024\/02\/logo-winodeli-1.png","width":1500,"height":1150,"caption":"Vinodeli O\u00dc"},"image":{"@id":"https:\/\/vinodeli.ee\/#\/schema\/logo\/image\/"}}]}},"_links":{"self":[{"href":"https:\/\/vinodeli.ee\/ru\/wp-json\/wp\/v2\/product\/58960","targetHints":{"allow":["GET"]}}],"collection":[{"href":"https:\/\/vinodeli.ee\/ru\/wp-json\/wp\/v2\/product"}],"about":[{"href":"https:\/\/vinodeli.ee\/ru\/wp-json\/wp\/v2\/types\/product"}],"version-history":[{"count":0,"href":"https:\/\/vinodeli.ee\/ru\/wp-json\/wp\/v2\/product\/58960\/revisions"}],"wp:featuredmedia":[{"embeddable":true,"href":"https:\/\/vinodeli.ee\/ru\/wp-json\/wp\/v2\/media\/40900"}],"wp:attachment":[{"href":"https:\/\/vinodeli.ee\/ru\/wp-json\/wp\/v2\/media?parent=58960"}],"wp:term":[{"taxonomy":"product_brand","embeddable":true,"href":"https:\/\/vinodeli.ee\/ru\/wp-json\/wp\/v2\/product_brand?post=58960"},{"taxonomy":"product_cat","embeddable":true,"href":"https:\/\/vinodeli.ee\/ru\/wp-json\/wp\/v2\/product_cat?post=58960"},{"taxonomy":"product_tag","embeddable":true,"href":"https:\/\/vinodeli.ee\/ru\/wp-json\/wp\/v2\/product_tag?post=58960"}],"curies":[{"name":"wp","href":"https:\/\/api.w.org\/{rel}","templated":true}]}}