{"id":73831,"date":"2025-07-29T16:05:22","date_gmt":"2025-07-29T13:05:22","guid":{"rendered":"https:\/\/vinodeli.ee\/?post_type=product&#038;p=73831"},"modified":"2025-07-29T16:08:49","modified_gmt":"2025-07-29T13:08:49","slug":"marquis-de-saint-loup-1996","status":"publish","type":"product","link":"https:\/\/vinodeli.ee\/ru\/product\/marquis-de-saint-loup-1996\/","title":{"rendered":"Marquis de Saint-Loup Mill\u00e9sime 1996 Calvados Pays d&#8217;Auge AOC 42% vol. 700\u043c\u043b (\u0432 \u0434\u0435\u0440\u0435\u0432\u044f\u043d\u043d\u043e\u0439 \u043a\u043e\u0440\u043e\u0431\u043a\u0435)"},"content":{"rendered":"<blockquote>\n<h5>\u042d\u0442\u043e\u0442 \u043f\u0440\u043e\u0438\u0437\u0432\u043e\u0434\u0438\u0442\u0435\u043b\u044c \u0437\u0430\u043d\u0438\u043c\u0430\u0435\u0442\u0441\u044f \u043f\u0440\u043e\u0438\u0437\u0432\u043e\u0434\u0441\u0442\u0432\u043e\u043c \u0441\u0438\u0434\u0440\u0430 \u0438 \u043a\u0430\u043b\u044c\u0432\u0430\u0434\u043e\u0441\u0430 \u043d\u0430 \u043f\u0440\u043e\u0442\u044f\u0436\u0435\u043d\u0438\u0438 \u0442\u0440\u0435\u0445 \u043f\u043e\u043a\u043e\u043b\u0435\u043d\u0438\u0439. \u041a\u0430\u043b\u044c\u0432\u0430\u0434\u043e\u0441 AOC Marquis de Saint-Loup \u0434\u0438\u0441\u0442\u0438\u043b\u043b\u0438\u0440\u0443\u0435\u0442\u0441\u044f \u0432 \u043a\u043e\u043b\u043e\u043d\u043d\u043e\u043c \u0430\u043f\u043f\u0430\u0440\u0430\u0442\u0435, \u0447\u0442\u043e \u043f\u0440\u0438\u0434\u0430\u0435\u0442 \u043a\u0430\u043b\u044c\u0432\u0430\u0434\u043e\u0441\u0443 \u043e\u0447\u0435\u043d\u044c \u0444\u0440\u0443\u043a\u0442\u043e\u0432\u044b\u0439 \u0438 \u043f\u0440\u044f\u043c\u043e\u043b\u0438\u043d\u0435\u0439\u043d\u044b\u0439 \u0441\u0442\u0438\u043b\u044c. \u041a\u0430\u043b\u044c\u0432\u0430\u0434\u043e\u0441 AOC Pays d&#8217;Auge, \u043d\u0430\u043f\u0440\u043e\u0442\u0438\u0432, \u0434\u0438\u0441\u0442\u0438\u043b\u043b\u0438\u0440\u0443\u0435\u0442\u0441\u044f \u0432 \u043c\u0435\u0434\u043d\u043e\u043c \u0433\u043e\u0440\u0448\u043a\u0435, \u0447\u0442\u043e \u043f\u043e\u0437\u0432\u043e\u043b\u044f\u0435\u0442 \u043f\u043e\u043b\u0443\u0447\u0438\u0442\u044c \u043c\u044f\u0433\u043a\u0438\u0439 \u0438 \u043d\u0430\u0441\u044b\u0449\u0435\u043d\u043d\u044b\u0439 \u043a\u0430\u043b\u044c\u0432\u0430\u0434\u043e\u0441. \u0421\u0438\u0434\u0440 Marquis de Saint-Loup &#8212; \u044d\u0442\u043e IGP Cidre de Normandie (indication g\u00e9ographique prot\u00e9g\u00e9e). \u0427\u0442\u043e\u0431\u044b \u043f\u043e\u043b\u0443\u0447\u0438\u0442\u044c \u0441\u0442\u0430\u0442\u0443\u0441 IGP, \u0432\u0441\u0435 \u044f\u0431\u043b\u043e\u043a\u0438, \u0438\u0441\u043f\u043e\u043b\u044c\u0437\u0443\u0435\u043c\u044b\u0435 \u0434\u043b\u044f \u043f\u0440\u043e\u0438\u0437\u0432\u043e\u0434\u0441\u0442\u0432\u0430 \u0441\u0438\u0434\u0440\u0430 Marquis de Saint-Loup, \u0434\u043e\u043b\u0436\u043d\u044b \u0431\u044b\u0442\u044c \u043e\u0434\u043e\u0431\u0440\u0435\u043d\u043d\u043e\u0433\u043e \u0441\u043e\u0440\u0442\u0430 \u0438 \u043f\u0440\u043e\u0438\u0441\u0445\u043e\u0434\u0438\u0442\u044c \u0438\u0437 \u0441\u043f\u0435\u0446\u0438\u0430\u043b\u044c\u043d\u043e \u0441\u0435\u0440\u0442\u0438\u0444\u0438\u0446\u0438\u0440\u043e\u0432\u0430\u043d\u043d\u043e\u0439 \u0433\u0435\u043e\u0433\u0440\u0430\u0444\u0438\u0447\u0435\u0441\u043a\u043e\u0439 \u0437\u043e\u043d\u044b.    <\/h5>\n<\/blockquote>\n<h3 data-start=\"995\" data-end=\"1264\">\u041e \u043a\u0430\u043b\u044c\u0432\u0430\u0434\u043e\u0441\u0435<\/h3>\n<p>\u0414\u0432\u0430\u0436\u0434\u044b \u0434\u0438\u0441\u0442\u0438\u043b\u043b\u0438\u0440\u043e\u0432\u0430\u043d. \u0412\u044b\u0434\u0435\u0440\u0436\u0430\u043d \u0432 \u0442\u0440\u0430\u0434\u0438\u0446\u0438\u043e\u043d\u043d\u044b\u0445 \u0431\u043e\u0447\u043a\u0430\u0445 \u0438\u0437-\u043f\u043e\u0434 \u043a\u0430\u043b\u044c\u0432\u0430\u0434\u043e\u0441\u0430 \u0438 \u0431\u044b\u0432\u0448\u0438\u0445 \u0431\u043e\u0447\u043a\u0430\u0445 \u0438\u0437-\u043f\u043e\u0434 \u0411\u0430\u043d\u044c\u044e\u043b\u044f (Banyuls). <\/p>\n<h3 data-start=\"995\" data-end=\"1264\">\u0414\u0435\u0433\u0443\u0441\u0442\u0430\u0446\u0438\u043e\u043d\u043d\u044b\u0435 \u0437\u0430\u043c\u0435\u0442\u043a\u0438<\/h3>\n<p data-start=\"121\" data-end=\"449\">\u042f\u043d\u0442\u0430\u0440\u043d\u044b\u0439 \u0446\u0432\u0435\u0442 \u0441 \u043c\u0435\u0434\u043d\u043e-\u043a\u0440\u0430\u0441\u043d\u044b\u043c \u043e\u0442\u0442\u0435\u043d\u043a\u043e\u043c. \u041d\u0435\u043e\u0431\u044b\u0447\u043d\u043e \u0440\u0430\u0437\u0432\u0438\u0442\u044b\u0439 \u0438 \u043c\u044f\u0433\u043a\u0438\u0439 \u0430\u0440\u043e\u043c\u0430\u0442 \u0434\u043b\u044f \u043a\u0430\u043b\u044c\u0432\u0430\u0434\u043e\u0441\u0430 \u0442\u0430\u043a\u043e\u0433\u043e \u0432\u043e\u0437\u0440\u0430\u0441\u0442\u0430 \u2014 \u0441\u043e\u0447\u0435\u0442\u0430\u043d\u0438\u0435 \u043c\u0438\u043d\u0434\u0430\u043b\u044f, \u043a\u0443\u0440\u0430\u0433\u0438 \u0438 \u0432\u043e\u0441\u043a\u0430. \u041f\u043e\u043b\u043d\u043e\u0442\u0435\u043b\u044b\u0439 \u0432\u043a\u0443\u0441 \u0441 \u0440\u0430\u0437\u0432\u0438\u0442\u0438\u0435\u043c \u0448\u0435\u043b\u043a\u043e\u0432\u0438\u0441\u0442\u044b\u0445 \u0438 \u0431\u043b\u0430\u0433\u043e\u0440\u043e\u0434\u043d\u044b\u0445 \u0442\u0430\u043d\u0438\u043d\u043e\u0432.  <\/p>\n","protected":false},"excerpt":{"rendered":"<p>\u042d\u0442\u043e\u0442 \u043f\u0440\u043e\u0438\u0437\u0432\u043e\u0434\u0438\u0442\u0435\u043b\u044c \u0437\u0430\u043d\u0438\u043c\u0430\u0435\u0442\u0441\u044f \u043f\u0440\u043e\u0438\u0437\u0432\u043e\u0434\u0441\u0442\u0432\u043e\u043c \u0441\u0438\u0434\u0440\u0430 \u0438 \u043a\u0430\u043b\u044c\u0432\u0430\u0434\u043e\u0441\u0430 \u043d\u0430 \u043f\u0440\u043e\u0442\u044f\u0436\u0435\u043d\u0438\u0438 \u0442\u0440\u0435\u0445 \u043f\u043e\u043a\u043e\u043b\u0435\u043d\u0438\u0439. \u041a\u0430\u043b\u044c\u0432\u0430\u0434\u043e\u0441 AOC Marquis de Saint-Loup \u0434\u0438\u0441\u0442\u0438\u043b\u043b\u0438\u0440\u0443\u0435\u0442\u0441\u044f \u0432 \u043a\u043e\u043b\u043e\u043d\u043d\u043e\u043c \u0430\u043f\u043f\u0430\u0440\u0430\u0442\u0435,<\/p>\n","protected":false},"featured_media":74049,"template":"","meta":{"_acf_changed":false},"product_brand":[],"product_cat":[22951],"product_tag":[],"class_list":{"0":"post-73831","1":"product","2":"type-product","3":"status-publish","4":"has-post-thumbnail","6":"product_cat-22951","8":"first","9":"instock","10":"sold-individually","11":"taxable","12":"shipping-taxable","13":"purchasable","14":"product-type-simple"},"acf":[],"yoast_head":"<!-- This site is optimized with the Yoast SEO plugin v25.7 - https:\/\/yoast.com\/wordpress\/plugins\/seo\/ -->\n<title>Marquis de Saint-Loup Mill\u00e9sime 1996 Calvados Pays d&#039;Auge AOC 42% vol. 700\u043c\u043b (\u0432 \u0434\u0435\u0440\u0435\u0432\u044f\u043d\u043d\u043e\u0439 \u043a\u043e\u0440\u043e\u0431\u043a\u0435) - Vinodeli<\/title>\n<meta name=\"robots\" content=\"index, follow, max-snippet:-1, max-image-preview:large, max-video-preview:-1\" \/>\n<link rel=\"canonical\" href=\"https:\/\/vinodeli.ee\/ru\/product\/marquis-de-saint-loup-1996\/\" \/>\n<meta property=\"og:locale\" content=\"ru_RU\" \/>\n<meta property=\"og:type\" content=\"article\" \/>\n<meta property=\"og:title\" content=\"Marquis de Saint-Loup Mill\u00e9sime 1996 Calvados Pays d&#039;Auge AOC 42% vol. 700\u043c\u043b (\u0432 \u0434\u0435\u0440\u0435\u0432\u044f\u043d\u043d\u043e\u0439 \u043a\u043e\u0440\u043e\u0431\u043a\u0435) - Vinodeli\" \/>\n<meta property=\"og:description\" content=\"\u042d\u0442\u043e\u0442 \u043f\u0440\u043e\u0438\u0437\u0432\u043e\u0434\u0438\u0442\u0435\u043b\u044c \u0437\u0430\u043d\u0438\u043c\u0430\u0435\u0442\u0441\u044f \u043f\u0440\u043e\u0438\u0437\u0432\u043e\u0434\u0441\u0442\u0432\u043e\u043c \u0441\u0438\u0434\u0440\u0430 \u0438 \u043a\u0430\u043b\u044c\u0432\u0430\u0434\u043e\u0441\u0430 \u043d\u0430 \u043f\u0440\u043e\u0442\u044f\u0436\u0435\u043d\u0438\u0438 \u0442\u0440\u0435\u0445 \u043f\u043e\u043a\u043e\u043b\u0435\u043d\u0438\u0439. \u041a\u0430\u043b\u044c\u0432\u0430\u0434\u043e\u0441 AOC Marquis de Saint-Loup \u0434\u0438\u0441\u0442\u0438\u043b\u043b\u0438\u0440\u0443\u0435\u0442\u0441\u044f \u0432 \u043a\u043e\u043b\u043e\u043d\u043d\u043e\u043c \u0430\u043f\u043f\u0430\u0440\u0430\u0442\u0435,\" \/>\n<meta property=\"og:url\" content=\"https:\/\/vinodeli.ee\/ru\/product\/marquis-de-saint-loup-1996\/\" \/>\n<meta property=\"og:site_name\" content=\"Vinodeli\" \/>\n<meta property=\"article:modified_time\" content=\"2025-07-29T13:08:49+00:00\" \/>\n<meta name=\"twitter:card\" content=\"summary_large_image\" \/>\n<script type=\"application\/ld+json\" class=\"yoast-schema-graph\">{\"@context\":\"https:\/\/schema.org\",\"@graph\":[{\"@type\":\"WebPage\",\"@id\":\"https:\/\/vinodeli.ee\/ru\/product\/marquis-de-saint-loup-1996\/\",\"url\":\"https:\/\/vinodeli.ee\/ru\/product\/marquis-de-saint-loup-1996\/\",\"name\":\"Marquis de Saint-Loup Mill\u00e9sime 1996 Calvados Pays d'Auge AOC 42% vol. 700\u043c\u043b (\u0432 \u0434\u0435\u0440\u0435\u0432\u044f\u043d\u043d\u043e\u0439 \u043a\u043e\u0440\u043e\u0431\u043a\u0435) - Vinodeli\",\"isPartOf\":{\"@id\":\"https:\/\/vinodeli.ee\/#website\"},\"primaryImageOfPage\":{\"@id\":\"https:\/\/vinodeli.ee\/ru\/product\/marquis-de-saint-loup-1996\/#primaryimage\"},\"image\":{\"@id\":\"https:\/\/vinodeli.ee\/ru\/product\/marquis-de-saint-loup-1996\/#primaryimage\"},\"thumbnailUrl\":\"https:\/\/vinodeli.ee\/wp-content\/uploads\/2025\/07\/9b935d81-74bb-44ed-ac2d-1c61b3c296e0.jpeg\",\"datePublished\":\"2025-07-29T13:05:22+00:00\",\"dateModified\":\"2025-07-29T13:08:49+00:00\",\"breadcrumb\":{\"@id\":\"https:\/\/vinodeli.ee\/ru\/product\/marquis-de-saint-loup-1996\/#breadcrumb\"},\"inLanguage\":\"ru-RU\",\"potentialAction\":[{\"@type\":\"ReadAction\",\"target\":[\"https:\/\/vinodeli.ee\/ru\/product\/marquis-de-saint-loup-1996\/\"]}]},{\"@type\":\"ImageObject\",\"inLanguage\":\"ru-RU\",\"@id\":\"https:\/\/vinodeli.ee\/ru\/product\/marquis-de-saint-loup-1996\/#primaryimage\",\"url\":\"https:\/\/vinodeli.ee\/wp-content\/uploads\/2025\/07\/9b935d81-74bb-44ed-ac2d-1c61b3c296e0.jpeg\",\"contentUrl\":\"https:\/\/vinodeli.ee\/wp-content\/uploads\/2025\/07\/9b935d81-74bb-44ed-ac2d-1c61b3c296e0.jpeg\",\"width\":768,\"height\":1024},{\"@type\":\"BreadcrumbList\",\"@id\":\"https:\/\/vinodeli.ee\/ru\/product\/marquis-de-saint-loup-1996\/#breadcrumb\",\"itemListElement\":[{\"@type\":\"ListItem\",\"position\":1,\"name\":\"\u0414\u043e\u043c\u0430\u0448\u043d\u044f\u044f \u0441\u0442\u0440\u0430\u043d\u0438\u0446\u0430\",\"item\":\"https:\/\/vinodeli.ee\/ru\/\"},{\"@type\":\"ListItem\",\"position\":2,\"name\":\"\u041c\u0430\u0433\u0430\u0437\u0438\u043d\",\"item\":\"https:\/\/vinodeli.ee\/pood\/\"},{\"@type\":\"ListItem\",\"position\":3,\"name\":\"Marquis de Saint-Loup Mill\u00e9sime 1996 Calvados Pays d&#8217;Auge AOC 42% vol. 700\u043c\u043b (\u0432 \u0434\u0435\u0440\u0435\u0432\u044f\u043d\u043d\u043e\u0439 \u043a\u043e\u0440\u043e\u0431\u043a\u0435)\"}]},{\"@type\":\"WebSite\",\"@id\":\"https:\/\/vinodeli.ee\/#website\",\"url\":\"https:\/\/vinodeli.ee\/\",\"name\":\"Vinodeli\",\"description\":\"\",\"publisher\":{\"@id\":\"https:\/\/vinodeli.ee\/#organization\"},\"potentialAction\":[{\"@type\":\"SearchAction\",\"target\":{\"@type\":\"EntryPoint\",\"urlTemplate\":\"https:\/\/vinodeli.ee\/?s={search_term_string}\"},\"query-input\":{\"@type\":\"PropertyValueSpecification\",\"valueRequired\":true,\"valueName\":\"search_term_string\"}}],\"inLanguage\":\"ru-RU\"},{\"@type\":\"Organization\",\"@id\":\"https:\/\/vinodeli.ee\/#organization\",\"name\":\"Vinodeli O\u00dc\",\"url\":\"https:\/\/vinodeli.ee\/\",\"logo\":{\"@type\":\"ImageObject\",\"inLanguage\":\"ru-RU\",\"@id\":\"https:\/\/vinodeli.ee\/#\/schema\/logo\/image\/\",\"url\":\"https:\/\/vinodeli.ee\/wp-content\/uploads\/2024\/02\/logo-winodeli-1.png\",\"contentUrl\":\"https:\/\/vinodeli.ee\/wp-content\/uploads\/2024\/02\/logo-winodeli-1.png\",\"width\":1500,\"height\":1150,\"caption\":\"Vinodeli O\u00dc\"},\"image\":{\"@id\":\"https:\/\/vinodeli.ee\/#\/schema\/logo\/image\/\"}}]}<\/script>\n<!-- \/ Yoast SEO plugin. -->","yoast_head_json":{"title":"Marquis de Saint-Loup Mill\u00e9sime 1996 Calvados Pays d'Auge AOC 42% vol. 700\u043c\u043b (\u0432 \u0434\u0435\u0440\u0435\u0432\u044f\u043d\u043d\u043e\u0439 \u043a\u043e\u0440\u043e\u0431\u043a\u0435) - Vinodeli","robots":{"index":"index","follow":"follow","max-snippet":"max-snippet:-1","max-image-preview":"max-image-preview:large","max-video-preview":"max-video-preview:-1"},"canonical":"https:\/\/vinodeli.ee\/ru\/product\/marquis-de-saint-loup-1996\/","og_locale":"ru_RU","og_type":"article","og_title":"Marquis de Saint-Loup Mill\u00e9sime 1996 Calvados Pays d'Auge AOC 42% vol. 700\u043c\u043b (\u0432 \u0434\u0435\u0440\u0435\u0432\u044f\u043d\u043d\u043e\u0439 \u043a\u043e\u0440\u043e\u0431\u043a\u0435) - Vinodeli","og_description":"\u042d\u0442\u043e\u0442 \u043f\u0440\u043e\u0438\u0437\u0432\u043e\u0434\u0438\u0442\u0435\u043b\u044c \u0437\u0430\u043d\u0438\u043c\u0430\u0435\u0442\u0441\u044f \u043f\u0440\u043e\u0438\u0437\u0432\u043e\u0434\u0441\u0442\u0432\u043e\u043c \u0441\u0438\u0434\u0440\u0430 \u0438 \u043a\u0430\u043b\u044c\u0432\u0430\u0434\u043e\u0441\u0430 \u043d\u0430 \u043f\u0440\u043e\u0442\u044f\u0436\u0435\u043d\u0438\u0438 \u0442\u0440\u0435\u0445 \u043f\u043e\u043a\u043e\u043b\u0435\u043d\u0438\u0439. \u041a\u0430\u043b\u044c\u0432\u0430\u0434\u043e\u0441 AOC Marquis de Saint-Loup \u0434\u0438\u0441\u0442\u0438\u043b\u043b\u0438\u0440\u0443\u0435\u0442\u0441\u044f \u0432 \u043a\u043e\u043b\u043e\u043d\u043d\u043e\u043c \u0430\u043f\u043f\u0430\u0440\u0430\u0442\u0435,","og_url":"https:\/\/vinodeli.ee\/ru\/product\/marquis-de-saint-loup-1996\/","og_site_name":"Vinodeli","article_modified_time":"2025-07-29T13:08:49+00:00","twitter_card":"summary_large_image","schema":{"@context":"https:\/\/schema.org","@graph":[{"@type":"WebPage","@id":"https:\/\/vinodeli.ee\/ru\/product\/marquis-de-saint-loup-1996\/","url":"https:\/\/vinodeli.ee\/ru\/product\/marquis-de-saint-loup-1996\/","name":"Marquis de Saint-Loup Mill\u00e9sime 1996 Calvados Pays d'Auge AOC 42% vol. 700\u043c\u043b (\u0432 \u0434\u0435\u0440\u0435\u0432\u044f\u043d\u043d\u043e\u0439 \u043a\u043e\u0440\u043e\u0431\u043a\u0435) - Vinodeli","isPartOf":{"@id":"https:\/\/vinodeli.ee\/#website"},"primaryImageOfPage":{"@id":"https:\/\/vinodeli.ee\/ru\/product\/marquis-de-saint-loup-1996\/#primaryimage"},"image":{"@id":"https:\/\/vinodeli.ee\/ru\/product\/marquis-de-saint-loup-1996\/#primaryimage"},"thumbnailUrl":"https:\/\/vinodeli.ee\/wp-content\/uploads\/2025\/07\/9b935d81-74bb-44ed-ac2d-1c61b3c296e0.jpeg","datePublished":"2025-07-29T13:05:22+00:00","dateModified":"2025-07-29T13:08:49+00:00","breadcrumb":{"@id":"https:\/\/vinodeli.ee\/ru\/product\/marquis-de-saint-loup-1996\/#breadcrumb"},"inLanguage":"ru-RU","potentialAction":[{"@type":"ReadAction","target":["https:\/\/vinodeli.ee\/ru\/product\/marquis-de-saint-loup-1996\/"]}]},{"@type":"ImageObject","inLanguage":"ru-RU","@id":"https:\/\/vinodeli.ee\/ru\/product\/marquis-de-saint-loup-1996\/#primaryimage","url":"https:\/\/vinodeli.ee\/wp-content\/uploads\/2025\/07\/9b935d81-74bb-44ed-ac2d-1c61b3c296e0.jpeg","contentUrl":"https:\/\/vinodeli.ee\/wp-content\/uploads\/2025\/07\/9b935d81-74bb-44ed-ac2d-1c61b3c296e0.jpeg","width":768,"height":1024},{"@type":"BreadcrumbList","@id":"https:\/\/vinodeli.ee\/ru\/product\/marquis-de-saint-loup-1996\/#breadcrumb","itemListElement":[{"@type":"ListItem","position":1,"name":"\u0414\u043e\u043c\u0430\u0448\u043d\u044f\u044f \u0441\u0442\u0440\u0430\u043d\u0438\u0446\u0430","item":"https:\/\/vinodeli.ee\/ru\/"},{"@type":"ListItem","position":2,"name":"\u041c\u0430\u0433\u0430\u0437\u0438\u043d","item":"https:\/\/vinodeli.ee\/pood\/"},{"@type":"ListItem","position":3,"name":"Marquis de Saint-Loup Mill\u00e9sime 1996 Calvados Pays d&#8217;Auge AOC 42% vol. 700\u043c\u043b (\u0432 \u0434\u0435\u0440\u0435\u0432\u044f\u043d\u043d\u043e\u0439 \u043a\u043e\u0440\u043e\u0431\u043a\u0435)"}]},{"@type":"WebSite","@id":"https:\/\/vinodeli.ee\/#website","url":"https:\/\/vinodeli.ee\/","name":"Vinodeli","description":"","publisher":{"@id":"https:\/\/vinodeli.ee\/#organization"},"potentialAction":[{"@type":"SearchAction","target":{"@type":"EntryPoint","urlTemplate":"https:\/\/vinodeli.ee\/?s={search_term_string}"},"query-input":{"@type":"PropertyValueSpecification","valueRequired":true,"valueName":"search_term_string"}}],"inLanguage":"ru-RU"},{"@type":"Organization","@id":"https:\/\/vinodeli.ee\/#organization","name":"Vinodeli O\u00dc","url":"https:\/\/vinodeli.ee\/","logo":{"@type":"ImageObject","inLanguage":"ru-RU","@id":"https:\/\/vinodeli.ee\/#\/schema\/logo\/image\/","url":"https:\/\/vinodeli.ee\/wp-content\/uploads\/2024\/02\/logo-winodeli-1.png","contentUrl":"https:\/\/vinodeli.ee\/wp-content\/uploads\/2024\/02\/logo-winodeli-1.png","width":1500,"height":1150,"caption":"Vinodeli O\u00dc"},"image":{"@id":"https:\/\/vinodeli.ee\/#\/schema\/logo\/image\/"}}]}},"_links":{"self":[{"href":"https:\/\/vinodeli.ee\/ru\/wp-json\/wp\/v2\/product\/73831","targetHints":{"allow":["GET"]}}],"collection":[{"href":"https:\/\/vinodeli.ee\/ru\/wp-json\/wp\/v2\/product"}],"about":[{"href":"https:\/\/vinodeli.ee\/ru\/wp-json\/wp\/v2\/types\/product"}],"version-history":[{"count":0,"href":"https:\/\/vinodeli.ee\/ru\/wp-json\/wp\/v2\/product\/73831\/revisions"}],"wp:featuredmedia":[{"embeddable":true,"href":"https:\/\/vinodeli.ee\/ru\/wp-json\/wp\/v2\/media\/74049"}],"wp:attachment":[{"href":"https:\/\/vinodeli.ee\/ru\/wp-json\/wp\/v2\/media?parent=73831"}],"wp:term":[{"taxonomy":"product_brand","embeddable":true,"href":"https:\/\/vinodeli.ee\/ru\/wp-json\/wp\/v2\/product_brand?post=73831"},{"taxonomy":"product_cat","embeddable":true,"href":"https:\/\/vinodeli.ee\/ru\/wp-json\/wp\/v2\/product_cat?post=73831"},{"taxonomy":"product_tag","embeddable":true,"href":"https:\/\/vinodeli.ee\/ru\/wp-json\/wp\/v2\/product_tag?post=73831"}],"curies":[{"name":"wp","href":"https:\/\/api.w.org\/{rel}","templated":true}]}}