{"id":79216,"date":"2026-01-14T16:11:28","date_gmt":"2026-01-14T14:11:28","guid":{"rendered":"https:\/\/vinodeli.ee\/?post_type=product&#038;p=79216"},"modified":"2026-01-14T16:30:37","modified_gmt":"2026-01-14T14:30:37","slug":"fondo-antico-baccadoro-terre-siciliane-igt-vino-passito-bianco-12-05l","status":"publish","type":"product","link":"https:\/\/vinodeli.ee\/ru\/product\/fondo-antico-baccadoro-terre-siciliane-igt-vino-passito-bianco-12-05l\/","title":{"rendered":"Fondo Antico Baccadoro Terre Siciliane IGT Vino Passito Bianco 12% 0,5l"},"content":{"rendered":"<blockquote>\n<h5>Fondo Antico \u2014 \u0441\u0435\u043c\u0435\u0439\u043d\u0430\u044f \u0432\u0438\u043d\u043e\u0434\u0435\u043b\u044c\u043d\u044f \u0432 \u0422\u0440\u0430\u043f\u0430\u043d\u0438, \u0447\u044c\u044f \u0438\u0441\u0442\u043e\u0440\u0438\u044f \u043e\u0441\u043d\u043e\u0432\u0430\u043d\u0430 \u043d\u0430 \u0443\u0432\u0430\u0436\u0435\u043d\u0438\u0438 \u043a \u0441\u0438\u0446\u0438\u043b\u0438\u0439\u0441\u043a\u043e\u0439 \u0437\u0435\u043c\u043b\u0435 \u0438 \u043c\u043d\u043e\u0433\u043e\u0432\u0435\u043a\u043e\u0432\u043e\u043c \u0432\u0438\u043d\u043e\u0434\u0435\u043b\u044c\u0447\u0435\u0441\u043a\u043e\u043c \u043e\u043f\u044b\u0442\u0435 \u0441\u0435\u043c\u044c\u0438 \u041f\u043e\u043b\u0438\u0446\u0446\u043e\u0442\u0442\u0438\u2011\u0421\u043a\u0443\u0434\u0435\u0440\u0438. \u041d\u0430 80 \u0433\u0435\u043a\u0442\u0430\u0440\u0430\u0445 \u0432\u0438\u043d\u043e\u0433\u0440\u0430\u0434\u043d\u0438\u043a\u043e\u0432 \u0432 Contrada Portelli \u0442\u0440\u0430\u0434\u0438\u0446\u0438\u0438 \u0433\u0430\u0440\u043c\u043e\u043d\u0438\u0447\u043d\u043e \u0441\u043e\u0447\u0435\u0442\u0430\u044e\u0442\u0441\u044f \u0441 \u0438\u043d\u043d\u043e\u0432\u0430\u0446\u0438\u044f\u043c\u0438, \u0447\u0442\u043e \u043f\u043e\u0437\u0432\u043e\u043b\u044f\u0435\u0442 \u0441\u043e\u0437\u0434\u0430\u0432\u0430\u0442\u044c \u0445\u0430\u0440\u0430\u043a\u0442\u0435\u0440\u043d\u044b\u0435 \u0432\u0438\u043d\u0430, \u043e\u0442\u0440\u0430\u0436\u0430\u044e\u0449\u0438\u0435 \u0441\u0438\u043b\u0443, \u0449\u0435\u0434\u0440\u043e\u0441\u0442\u044c \u0438 \u0443\u043d\u0438\u043a\u0430\u043b\u044c\u043d\u043e\u0441\u0442\u044c \u0421\u0438\u0446\u0438\u043b\u0438\u0438. <\/h5>\n<\/blockquote>\n<p>\u0421\u0435\u0433\u043e\u0434\u043d\u044f <\/p>\n<p>FONDO-ANTICO-BACCADORO.pdf<br \/>PDF<br \/>\u041f\u0435\u0440\u0435\u0432\u0435\u0434\u0438 \u043d\u0430 \u044d\u0441\u0442, \u0440\u0443\u0441 \u0438 \u0430\u043d\u0433\u043b:<\/p>\n<p>\u0413\u043e\u0442\u043e\u0432\u043e \u2014 \u043f\u0435\u0440\u0435\u0432\u0435\u0434\u0443 \u0432\u0435\u0441\u044c \u0442\u0435\u043a\u0441\u0442 \u043e Fondo Antico Baccadoro \u043d\u0430 \u044d\u0441\u0442\u043e\u043d\u0441\u043a\u0438\u0439, \u0440\u0443\u0441\u0441\u043a\u0438\u0439 \u0438 \u0430\u043d\u0433\u043b\u0438\u0439\u0441\u043a\u0438\u0439. \u042f \u0441\u043e\u0445\u0440\u0430\u043d\u0438\u043b\u0430 \u0441\u0442\u0440\u0443\u043a\u0442\u0443\u0440\u0443 \u0438 \u0441\u0442\u0438\u043b\u044c, \u0447\u0442\u043e\u0431\u044b \u0442\u0435\u043a\u0441\u0442 \u0431\u044b\u043b \u0441\u0440\u0430\u0437\u0443 \u043f\u0440\u0438\u0433\u043e\u0434\u0435\u043d \u0434\u043b\u044f \u043a\u0430\u0442\u0430\u043b\u043e\u0433\u0430.<\/p>\n<p>\ud83c\uddea\ud83c\uddea Eesti keel<br \/>Baccadoro<br \/>IGT Terre Siciliane<br \/>Rosinavein, valmistatud Grillo ja Zibibbo viinamarjade segust. Viinamarjade kuldne toon, mis k\u00fcpseb t\u00e4ielikult p\u00f5\u00f5sal, inspireeris nime \u201eBaccadoro\u201c. Vein meenutab sidrunikoorel m\u00e4ngiva p\u00e4ikese helke, aroomis on tunda apelsini\u00f5isi ja v\u00e4rskelt korjatud tsitruseid. V\u00e4rskus ja intensiivsus loovad m\u00e4rkimisv\u00e4\u00e4rse kontrasti. Meenutab Sitsiilia kirge\u2026 nii magus.<br \/>Apeletsioon: Bianco Passito IGT Terre Siciliane<br \/>Viinamarjasort: Grillo ja Zibibbo<br \/>Koolitusviis: kordon-trellis, Guyot\u2019 l\u00f5ikus<br \/>Istutustihedus: umbes 3600 taime hektari kohta<br \/>Saagikus hektari kohta: 80 kvintalit<br \/>Muldade t\u00fc\u00fcp: keskmise tekstuuriga, hea lubjakivisisaldusega<br \/>K\u00f5rgus: 50\u2013100 m \u00fcle merepinna<br \/>Korjeaeg: augusti l\u00f5pust septembri keskpaigani<br \/>Veinivalmistus: kontrollitud temperatuuril, kestakontaktiga<br \/>Laagerdamine: roostevabast terasest mahutites ja pudelis<br \/>Pudeli maht: 50 cl<br \/>Serveerimistemperatuur: 10\u201312 \u00b0C<br \/>Esimene aastak\u00e4ik: 2004<br \/>Maitseomadused<br \/>V\u00e4rvus: kuldkollane, k\u00fcpsedes merevaigused toonid.<br \/>Aroom: intensiivne aromaatne bukett, milles domineerivad aprikoos, apelsini\u00f5is ja suhkrustatud puuvili.<br \/>Maitse: intensiivne ja p\u00fcsiv, peegeldab aroomi. Suurep\u00e4rane v\u00e4rskuse ja magususe tasakaal. Grillo annab v\u00e4rskust, Zibibbo magusust.<\/p>\n<p>\ud83c\uddf7\ud83c\uddfa \u0420\u0443\u0441\u0441\u043a\u0438\u0439 \u044f\u0437\u044b\u043a<br \/>Baccadoro<br \/>IGT Terre Siciliane<br \/>\u0412\u0438\u043d\u043e \u0438\u0437 \u0438\u0437\u044e\u043c\u0430, \u0441\u043e\u0437\u0434\u0430\u043d\u043d\u043e\u0435 \u0438\u0437 \u043a\u0443\u043f\u0430\u0436\u0430 \u0441\u043e\u0440\u0442\u043e\u0432 \u0413\u0440\u0438\u043b\u043b\u043e \u0438 \u0417\u0438\u0431\u0438\u0431\u0431\u043e. \u0417\u043e\u043b\u043e\u0442\u0438\u0441\u0442\u044b\u0439 \u043e\u0442\u0442\u0435\u043d\u043e\u043a \u044f\u0433\u043e\u0434, \u043f\u043e\u043b\u043d\u043e\u0441\u0442\u044c\u044e \u0441\u043e\u0437\u0440\u0435\u0432\u0430\u044e\u0449\u0438\u0445 \u043d\u0430 \u043b\u043e\u0437\u0435, \u0432\u0434\u043e\u0445\u043d\u043e\u0432\u0438\u043b \u043d\u0430\u0437\u0432\u0430\u043d\u0438\u0435 \u00abBaccadoro\u00bb. \u0412\u0438\u043d\u043e \u043d\u0430\u043f\u043e\u043c\u0438\u043d\u0430\u0435\u0442 \u0441\u043e\u043b\u043d\u0435\u0447\u043d\u044b\u0435 \u0431\u043b\u0438\u043a\u0438 \u043d\u0430 \u043b\u0438\u043c\u043e\u043d\u043d\u043e\u0439 \u0446\u0435\u0434\u0440\u0435, \u0441 \u0430\u0440\u043e\u043c\u0430\u0442\u0430\u043c\u0438 \u0430\u043f\u0435\u043b\u044c\u0441\u0438\u043d\u043e\u0432\u043e\u0433\u043e \u0446\u0432\u0435\u0442\u0430 \u0438 \u0441\u0432\u0435\u0436\u0435\u0441\u043e\u0431\u0440\u0430\u043d\u043d\u044b\u0445 \u0446\u0438\u0442\u0440\u0443\u0441\u043e\u0432. \u0415\u0433\u043e \u0441\u0432\u0435\u0436\u0435\u0441\u0442\u044c \u0432 \u0441\u043e\u0447\u0435\u0442\u0430\u043d\u0438\u0438 \u0441 \u0432\u044b\u0441\u043e\u043a\u043e\u0439 \u0438\u043d\u0442\u0435\u043d\u0441\u0438\u0432\u043d\u043e\u0441\u0442\u044c\u044e \u0441\u043e\u0437\u0434\u0430\u0451\u0442 \u0432\u044b\u0440\u0430\u0437\u0438\u0442\u0435\u043b\u044c\u043d\u044b\u0439 \u043a\u043e\u043d\u0442\u0440\u0430\u0441\u0442. \u041d\u0430\u043f\u043e\u043c\u0438\u043d\u0430\u0435\u0442 \u0441\u0438\u0446\u0438\u043b\u0438\u0439\u0441\u043a\u0443\u044e \u0441\u0442\u0440\u0430\u0441\u0442\u044c\u2026 \u0442\u0430\u043a\u043e\u0435 \u0441\u043b\u0430\u0434\u043a\u043e\u0435.    <\/p>\n<h3>\u0418\u0437\u0433\u043e\u0442\u043e\u0432\u043b\u0435\u043d\u0438\u0435 \u0432\u0438\u043d\u0430<\/h3>\n<p>\u0412\u044b\u0441\u043e\u0442\u0430: 50\u2013100 \u043c \u043d\u0430\u0434 \u0443\u0440\u043e\u0432\u043d\u0435\u043c \u043c\u043e\u0440\u044f<br \/>\u0421\u0431\u043e\u0440 \u0443\u0440\u043e\u0436\u0430\u044f: \u0441 \u043a\u043e\u043d\u0446\u0430 \u0430\u0432\u0433\u0443\u0441\u0442\u0430 \u0434\u043e \u0441\u0435\u0440\u0435\u0434\u0438\u043d\u044b \u0441\u0435\u043d\u0442\u044f\u0431\u0440\u044f<br \/>\u0412\u0438\u043d\u0438\u0444\u0438\u043a\u0430\u0446\u0438\u044f: \u0444\u0435\u0440\u043c\u0435\u043d\u0442\u0430\u0446\u0438\u044f \u043f\u0440\u0438 \u043a\u043e\u043d\u0442\u0440\u043e\u043b\u0438\u0440\u0443\u0435\u043c\u043e\u0439 \u0442\u0435\u043c\u043f\u0435\u0440\u0430\u0442\u0443\u0440\u0435 \u0441 \u043c\u0430\u0446\u0435\u0440\u0430\u0446\u0438\u0435\u0439 \u043d\u0430 \u043a\u043e\u0436\u0438\u0446\u0435<br \/>\u0412\u044b\u0434\u0435\u0440\u0436\u043a\u0430: \u0432 \u0441\u0442\u0430\u043b\u044c\u043d\u044b\u0445 \u0440\u0435\u0437\u0435\u0440\u0432\u0443\u0430\u0440\u0430\u0445 \u0438 \u0432 \u0431\u0443\u0442\u044b\u043b\u043a\u0435<\/p>\n<h3>\u0414\u0435\u0433\u0443\u0441\u0442\u0430\u0446\u0438\u043e\u043d\u043d\u044b\u0435 \u0437\u0430\u043c\u0435\u0442\u043a\u0438<\/h3>\n<p>\u0426\u0432\u0435\u0442: \u0437\u043e\u043b\u043e\u0442\u0438\u0441\u0442\u043e\u2011\u0436\u0451\u043b\u0442\u044b\u0439, \u0441 \u044f\u043d\u0442\u0430\u0440\u043d\u044b\u043c\u0438 \u043e\u0442\u0442\u0435\u043d\u043a\u0430\u043c\u0438 \u043f\u043e \u043c\u0435\u0440\u0435 \u0432\u044b\u0434\u0435\u0440\u0436\u043a\u0438.<br \/>\u0410\u0440\u043e\u043c\u0430\u0442: \u0438\u043d\u0442\u0435\u043d\u0441\u0438\u0432\u043d\u044b\u0439 \u0430\u0440\u043e\u043c\u0430\u0442\u0438\u0447\u0435\u0441\u043a\u0438\u0439 \u0431\u0443\u043a\u0435\u0442 \u0441 \u043d\u043e\u0442\u0430\u043c\u0438 \u0430\u0431\u0440\u0438\u043a\u043e\u0441\u0430, \u0430\u043f\u0435\u043b\u044c\u0441\u0438\u043d\u043e\u0432\u043e\u0433\u043e \u0446\u0432\u0435\u0442\u0430 \u0438 \u0446\u0443\u043a\u0430\u0442\u043e\u0432.<br \/>\u0412\u043a\u0443\u0441: \u043d\u0430\u0441\u044b\u0449\u0435\u043d\u043d\u044b\u0439 \u0438 \u0434\u043b\u0438\u0442\u0435\u043b\u044c\u043d\u044b\u0439, \u043e\u0442\u0440\u0430\u0436\u0430\u0435\u0442 \u0430\u0440\u043e\u043c\u0430\u0442\u0438\u0447\u0435\u0441\u043a\u0438\u0439 \u043f\u0440\u043e\u0444\u0438\u043b\u044c. \u041e\u0442\u043b\u0438\u0447\u043d\u044b\u0439 \u0431\u0430\u043b\u0430\u043d\u0441 \u0441\u0432\u0435\u0436\u0435\u0441\u0442\u0438 \u0438 \u0441\u043b\u0430\u0434\u043e\u0441\u0442\u0438. \u0413\u0440\u0438\u043b\u043b\u043e \u0434\u0430\u0451\u0442 \u0441\u0432\u0435\u0436\u0435\u0441\u0442\u044c, \u0417\u0438\u0431\u0438\u0431\u0431\u043e \u2014 \u0441\u043b\u0430\u0434\u043e\u0441\u0442\u044c.  <\/p>\n<h3><strong>\u0413\u0430\u0441\u0442\u0440\u043e\u043d\u043e\u043c\u0438\u0447\u0435\u0441\u043a\u0438\u0435 \u0441\u043e\u0447\u0435\u0442\u0430\u043d\u0438\u044f<\/strong><\/h3>\n<p>\u043f\u0440\u0435\u043a\u0440\u0430\u0441\u043d\u043e \u043f\u043e\u0434\u0445\u043e\u0434\u0438\u0442 \u043a \u0442\u0440\u0430\u0434\u0438\u0446\u0438\u043e\u043d\u043d\u044b\u043c \u0434\u0435\u0441\u0435\u0440\u0442\u0430\u043c. \u041e\u0431\u044f\u0437\u0430\u0442\u0435\u043b\u044c\u043d\u043e \u043f\u043e\u043f\u0440\u043e\u0431\u0443\u0439\u0442\u0435 \u0441 \u043c\u0438\u043d\u0434\u0430\u043b\u044c\u043d\u044b\u043c\u0438 \u043f\u0438\u0440\u043e\u0436\u043d\u044b\u043c\u0438, \u0441\u0443\u0448\u0451\u043d\u044b\u043c\u0438 \u0438\u043d\u0436\u0438\u0440\u0430\u043c\u0438 \u0438 \u0446\u0443\u043a\u0430\u0442\u0430\u043c\u0438 \u0438\u0437 \u0430\u043f\u0435\u043b\u044c\u0441\u0438\u043d\u0430. \u0422\u0435\u043c\u043f\u0435\u0440\u0430\u0442\u0443\u0440\u0430 \u043f\u043e\u0434\u0430\u0447\u0438: 10\u201312 \u00b0C. <\/p>\n","protected":false},"excerpt":{"rendered":"<blockquote>\n<h4>\u0421\u043e\u0440\u0442\u0430 \u0432\u0438\u043d\u043e\u0433\u0440\u0430\u0434\u0430:\u0422\u0440\u0430\u043c\u0438\u043d\u0435\u0440 \u0410\u0440\u043e\u043c\u0430\u0442\u0438\u043a\u043e \u0438 \u0421\u043e\u0432\u0438\u043d\u044c\u043e\u043d-\u0431\u043b\u0430\u043d<\/h4>\n<\/blockquote>\n<ul>\n<li>Raffaele Vecchione &#8212; WinesCritic.com (\u0432\u0438\u043d\u0442\u0430\u0436 2019) &#8212; 93 \u0431\u0430\u043b\u043b\u0430<\/li>\n<li>Decanter World Wine Awards (\u0432\u0438\u043d\u0442\u0430\u0436 2020) &#8212; 90 \u0431\u0430\u043b\u043b\u043e\u0432<\/li>\n<\/ul>\n","protected":false},"featured_media":79219,"template":"","meta":{"_acf_changed":false},"product_brand":[],"product_cat":[21465,19461],"product_tag":[],"class_list":{"0":"post-79216","1":"product","2":"type-product","3":"status-publish","4":"has-post-thumbnail","6":"product_cat-desertnoe-vino","7":"product_cat-beloe-vino","9":"first","10":"instock","11":"taxable","12":"shipping-taxable","13":"purchasable","14":"product-type-simple"},"acf":[],"yoast_head":"<!-- This site is optimized with the Yoast SEO plugin v25.7 - https:\/\/yoast.com\/wordpress\/plugins\/seo\/ -->\n<title>Fondo Antico Baccadoro Terre Siciliane IGT Vino Passito Bianco 12% 0,5l - Vinodeli<\/title>\n<meta name=\"robots\" content=\"index, follow, max-snippet:-1, max-image-preview:large, max-video-preview:-1\" \/>\n<link rel=\"canonical\" href=\"https:\/\/vinodeli.ee\/ru\/product\/fondo-antico-baccadoro-terre-siciliane-igt-vino-passito-bianco-12-05l\/\" \/>\n<meta property=\"og:locale\" content=\"ru_RU\" \/>\n<meta property=\"og:type\" content=\"article\" \/>\n<meta property=\"og:title\" content=\"Fondo Antico Baccadoro Terre Siciliane IGT Vino Passito Bianco 12% 0,5l - Vinodeli\" \/>\n<meta property=\"og:description\" content=\"\u0421\u043e\u0440\u0442\u0430 \u0432\u0438\u043d\u043e\u0433\u0440\u0430\u0434\u0430:\u0422\u0440\u0430\u043c\u0438\u043d\u0435\u0440 \u0410\u0440\u043e\u043c\u0430\u0442\u0438\u043a\u043e \u0438 \u0421\u043e\u0432\u0438\u043d\u044c\u043e\u043d-\u0431\u043b\u0430\u043d Raffaele Vecchione - WinesCritic.com (\u0432\u0438\u043d\u0442\u0430\u0436 2019) - 93 \u0431\u0430\u043b\u043b\u0430 Decanter World Wine Awards (\u0432\u0438\u043d\u0442\u0430\u0436 2020) - 90 \u0431\u0430\u043b\u043b\u043e\u0432\" \/>\n<meta property=\"og:url\" content=\"https:\/\/vinodeli.ee\/ru\/product\/fondo-antico-baccadoro-terre-siciliane-igt-vino-passito-bianco-12-05l\/\" \/>\n<meta property=\"og:site_name\" content=\"Vinodeli\" \/>\n<meta property=\"article:modified_time\" content=\"2026-01-14T14:30:37+00:00\" \/>\n<meta property=\"og:image\" content=\"https:\/\/vinodeli.ee\/wp-content\/uploads\/2026\/01\/baccadoro.jpg\" \/>\n\t<meta property=\"og:image:width\" content=\"800\" \/>\n\t<meta property=\"og:image:height\" content=\"800\" \/>\n\t<meta property=\"og:image:type\" content=\"image\/jpeg\" \/>\n<meta name=\"twitter:card\" content=\"summary_large_image\" \/>\n<meta name=\"twitter:label1\" content=\"\u041f\u0440\u0438\u043c\u0435\u0440\u043d\u043e\u0435 \u0432\u0440\u0435\u043c\u044f \u0434\u043b\u044f \u0447\u0442\u0435\u043d\u0438\u044f\" \/>\n\t<meta name=\"twitter:data1\" content=\"1 \u043c\u0438\u043d\u0443\u0442\u0430\" \/>\n<script type=\"application\/ld+json\" class=\"yoast-schema-graph\">{\"@context\":\"https:\/\/schema.org\",\"@graph\":[{\"@type\":\"WebPage\",\"@id\":\"https:\/\/vinodeli.ee\/ru\/product\/fondo-antico-baccadoro-terre-siciliane-igt-vino-passito-bianco-12-05l\/\",\"url\":\"https:\/\/vinodeli.ee\/ru\/product\/fondo-antico-baccadoro-terre-siciliane-igt-vino-passito-bianco-12-05l\/\",\"name\":\"Fondo Antico Baccadoro Terre Siciliane IGT Vino Passito Bianco 12% 0,5l - Vinodeli\",\"isPartOf\":{\"@id\":\"https:\/\/vinodeli.ee\/#website\"},\"primaryImageOfPage\":{\"@id\":\"https:\/\/vinodeli.ee\/ru\/product\/fondo-antico-baccadoro-terre-siciliane-igt-vino-passito-bianco-12-05l\/#primaryimage\"},\"image\":{\"@id\":\"https:\/\/vinodeli.ee\/ru\/product\/fondo-antico-baccadoro-terre-siciliane-igt-vino-passito-bianco-12-05l\/#primaryimage\"},\"thumbnailUrl\":\"https:\/\/vinodeli.ee\/wp-content\/uploads\/2026\/01\/baccadoro.jpg\",\"datePublished\":\"2026-01-14T14:11:28+00:00\",\"dateModified\":\"2026-01-14T14:30:37+00:00\",\"breadcrumb\":{\"@id\":\"https:\/\/vinodeli.ee\/ru\/product\/fondo-antico-baccadoro-terre-siciliane-igt-vino-passito-bianco-12-05l\/#breadcrumb\"},\"inLanguage\":\"ru-RU\",\"potentialAction\":[{\"@type\":\"ReadAction\",\"target\":[\"https:\/\/vinodeli.ee\/ru\/product\/fondo-antico-baccadoro-terre-siciliane-igt-vino-passito-bianco-12-05l\/\"]}]},{\"@type\":\"ImageObject\",\"inLanguage\":\"ru-RU\",\"@id\":\"https:\/\/vinodeli.ee\/ru\/product\/fondo-antico-baccadoro-terre-siciliane-igt-vino-passito-bianco-12-05l\/#primaryimage\",\"url\":\"https:\/\/vinodeli.ee\/wp-content\/uploads\/2026\/01\/baccadoro.jpg\",\"contentUrl\":\"https:\/\/vinodeli.ee\/wp-content\/uploads\/2026\/01\/baccadoro.jpg\",\"width\":800,\"height\":800},{\"@type\":\"BreadcrumbList\",\"@id\":\"https:\/\/vinodeli.ee\/ru\/product\/fondo-antico-baccadoro-terre-siciliane-igt-vino-passito-bianco-12-05l\/#breadcrumb\",\"itemListElement\":[{\"@type\":\"ListItem\",\"position\":1,\"name\":\"\u0414\u043e\u043c\u0430\u0448\u043d\u044f\u044f \u0441\u0442\u0440\u0430\u043d\u0438\u0446\u0430\",\"item\":\"https:\/\/vinodeli.ee\/ru\/\"},{\"@type\":\"ListItem\",\"position\":2,\"name\":\"\u041c\u0430\u0433\u0430\u0437\u0438\u043d\",\"item\":\"https:\/\/vinodeli.ee\/pood\/\"},{\"@type\":\"ListItem\",\"position\":3,\"name\":\"Fondo Antico Baccadoro Terre Siciliane IGT Vino Passito Bianco 12% 0,5l\"}]},{\"@type\":\"WebSite\",\"@id\":\"https:\/\/vinodeli.ee\/#website\",\"url\":\"https:\/\/vinodeli.ee\/\",\"name\":\"Vinodeli\",\"description\":\"\",\"publisher\":{\"@id\":\"https:\/\/vinodeli.ee\/#organization\"},\"potentialAction\":[{\"@type\":\"SearchAction\",\"target\":{\"@type\":\"EntryPoint\",\"urlTemplate\":\"https:\/\/vinodeli.ee\/?s={search_term_string}\"},\"query-input\":{\"@type\":\"PropertyValueSpecification\",\"valueRequired\":true,\"valueName\":\"search_term_string\"}}],\"inLanguage\":\"ru-RU\"},{\"@type\":\"Organization\",\"@id\":\"https:\/\/vinodeli.ee\/#organization\",\"name\":\"Vinodeli O\u00dc\",\"url\":\"https:\/\/vinodeli.ee\/\",\"logo\":{\"@type\":\"ImageObject\",\"inLanguage\":\"ru-RU\",\"@id\":\"https:\/\/vinodeli.ee\/#\/schema\/logo\/image\/\",\"url\":\"https:\/\/vinodeli.ee\/wp-content\/uploads\/2024\/02\/logo-winodeli-1.png\",\"contentUrl\":\"https:\/\/vinodeli.ee\/wp-content\/uploads\/2024\/02\/logo-winodeli-1.png\",\"width\":1500,\"height\":1150,\"caption\":\"Vinodeli O\u00dc\"},\"image\":{\"@id\":\"https:\/\/vinodeli.ee\/#\/schema\/logo\/image\/\"}}]}<\/script>\n<!-- \/ Yoast SEO plugin. -->","yoast_head_json":{"title":"Fondo Antico Baccadoro Terre Siciliane IGT Vino Passito Bianco 12% 0,5l - Vinodeli","robots":{"index":"index","follow":"follow","max-snippet":"max-snippet:-1","max-image-preview":"max-image-preview:large","max-video-preview":"max-video-preview:-1"},"canonical":"https:\/\/vinodeli.ee\/ru\/product\/fondo-antico-baccadoro-terre-siciliane-igt-vino-passito-bianco-12-05l\/","og_locale":"ru_RU","og_type":"article","og_title":"Fondo Antico Baccadoro Terre Siciliane IGT Vino Passito Bianco 12% 0,5l - Vinodeli","og_description":"\u0421\u043e\u0440\u0442\u0430 \u0432\u0438\u043d\u043e\u0433\u0440\u0430\u0434\u0430:\u0422\u0440\u0430\u043c\u0438\u043d\u0435\u0440 \u0410\u0440\u043e\u043c\u0430\u0442\u0438\u043a\u043e \u0438 \u0421\u043e\u0432\u0438\u043d\u044c\u043e\u043d-\u0431\u043b\u0430\u043d Raffaele Vecchione - WinesCritic.com (\u0432\u0438\u043d\u0442\u0430\u0436 2019) - 93 \u0431\u0430\u043b\u043b\u0430 Decanter World Wine Awards (\u0432\u0438\u043d\u0442\u0430\u0436 2020) - 90 \u0431\u0430\u043b\u043b\u043e\u0432","og_url":"https:\/\/vinodeli.ee\/ru\/product\/fondo-antico-baccadoro-terre-siciliane-igt-vino-passito-bianco-12-05l\/","og_site_name":"Vinodeli","article_modified_time":"2026-01-14T14:30:37+00:00","og_image":[{"width":800,"height":800,"url":"https:\/\/vinodeli.ee\/wp-content\/uploads\/2026\/01\/baccadoro.jpg","type":"image\/jpeg"}],"twitter_card":"summary_large_image","twitter_misc":{"\u041f\u0440\u0438\u043c\u0435\u0440\u043d\u043e\u0435 \u0432\u0440\u0435\u043c\u044f \u0434\u043b\u044f \u0447\u0442\u0435\u043d\u0438\u044f":"1 \u043c\u0438\u043d\u0443\u0442\u0430"},"schema":{"@context":"https:\/\/schema.org","@graph":[{"@type":"WebPage","@id":"https:\/\/vinodeli.ee\/ru\/product\/fondo-antico-baccadoro-terre-siciliane-igt-vino-passito-bianco-12-05l\/","url":"https:\/\/vinodeli.ee\/ru\/product\/fondo-antico-baccadoro-terre-siciliane-igt-vino-passito-bianco-12-05l\/","name":"Fondo Antico Baccadoro Terre Siciliane IGT Vino Passito Bianco 12% 0,5l - Vinodeli","isPartOf":{"@id":"https:\/\/vinodeli.ee\/#website"},"primaryImageOfPage":{"@id":"https:\/\/vinodeli.ee\/ru\/product\/fondo-antico-baccadoro-terre-siciliane-igt-vino-passito-bianco-12-05l\/#primaryimage"},"image":{"@id":"https:\/\/vinodeli.ee\/ru\/product\/fondo-antico-baccadoro-terre-siciliane-igt-vino-passito-bianco-12-05l\/#primaryimage"},"thumbnailUrl":"https:\/\/vinodeli.ee\/wp-content\/uploads\/2026\/01\/baccadoro.jpg","datePublished":"2026-01-14T14:11:28+00:00","dateModified":"2026-01-14T14:30:37+00:00","breadcrumb":{"@id":"https:\/\/vinodeli.ee\/ru\/product\/fondo-antico-baccadoro-terre-siciliane-igt-vino-passito-bianco-12-05l\/#breadcrumb"},"inLanguage":"ru-RU","potentialAction":[{"@type":"ReadAction","target":["https:\/\/vinodeli.ee\/ru\/product\/fondo-antico-baccadoro-terre-siciliane-igt-vino-passito-bianco-12-05l\/"]}]},{"@type":"ImageObject","inLanguage":"ru-RU","@id":"https:\/\/vinodeli.ee\/ru\/product\/fondo-antico-baccadoro-terre-siciliane-igt-vino-passito-bianco-12-05l\/#primaryimage","url":"https:\/\/vinodeli.ee\/wp-content\/uploads\/2026\/01\/baccadoro.jpg","contentUrl":"https:\/\/vinodeli.ee\/wp-content\/uploads\/2026\/01\/baccadoro.jpg","width":800,"height":800},{"@type":"BreadcrumbList","@id":"https:\/\/vinodeli.ee\/ru\/product\/fondo-antico-baccadoro-terre-siciliane-igt-vino-passito-bianco-12-05l\/#breadcrumb","itemListElement":[{"@type":"ListItem","position":1,"name":"\u0414\u043e\u043c\u0430\u0448\u043d\u044f\u044f \u0441\u0442\u0440\u0430\u043d\u0438\u0446\u0430","item":"https:\/\/vinodeli.ee\/ru\/"},{"@type":"ListItem","position":2,"name":"\u041c\u0430\u0433\u0430\u0437\u0438\u043d","item":"https:\/\/vinodeli.ee\/pood\/"},{"@type":"ListItem","position":3,"name":"Fondo Antico Baccadoro Terre Siciliane IGT Vino Passito Bianco 12% 0,5l"}]},{"@type":"WebSite","@id":"https:\/\/vinodeli.ee\/#website","url":"https:\/\/vinodeli.ee\/","name":"Vinodeli","description":"","publisher":{"@id":"https:\/\/vinodeli.ee\/#organization"},"potentialAction":[{"@type":"SearchAction","target":{"@type":"EntryPoint","urlTemplate":"https:\/\/vinodeli.ee\/?s={search_term_string}"},"query-input":{"@type":"PropertyValueSpecification","valueRequired":true,"valueName":"search_term_string"}}],"inLanguage":"ru-RU"},{"@type":"Organization","@id":"https:\/\/vinodeli.ee\/#organization","name":"Vinodeli O\u00dc","url":"https:\/\/vinodeli.ee\/","logo":{"@type":"ImageObject","inLanguage":"ru-RU","@id":"https:\/\/vinodeli.ee\/#\/schema\/logo\/image\/","url":"https:\/\/vinodeli.ee\/wp-content\/uploads\/2024\/02\/logo-winodeli-1.png","contentUrl":"https:\/\/vinodeli.ee\/wp-content\/uploads\/2024\/02\/logo-winodeli-1.png","width":1500,"height":1150,"caption":"Vinodeli O\u00dc"},"image":{"@id":"https:\/\/vinodeli.ee\/#\/schema\/logo\/image\/"}}]}},"_links":{"self":[{"href":"https:\/\/vinodeli.ee\/ru\/wp-json\/wp\/v2\/product\/79216","targetHints":{"allow":["GET"]}}],"collection":[{"href":"https:\/\/vinodeli.ee\/ru\/wp-json\/wp\/v2\/product"}],"about":[{"href":"https:\/\/vinodeli.ee\/ru\/wp-json\/wp\/v2\/types\/product"}],"version-history":[{"count":0,"href":"https:\/\/vinodeli.ee\/ru\/wp-json\/wp\/v2\/product\/79216\/revisions"}],"wp:featuredmedia":[{"embeddable":true,"href":"https:\/\/vinodeli.ee\/ru\/wp-json\/wp\/v2\/media\/79219"}],"wp:attachment":[{"href":"https:\/\/vinodeli.ee\/ru\/wp-json\/wp\/v2\/media?parent=79216"}],"wp:term":[{"taxonomy":"product_brand","embeddable":true,"href":"https:\/\/vinodeli.ee\/ru\/wp-json\/wp\/v2\/product_brand?post=79216"},{"taxonomy":"product_cat","embeddable":true,"href":"https:\/\/vinodeli.ee\/ru\/wp-json\/wp\/v2\/product_cat?post=79216"},{"taxonomy":"product_tag","embeddable":true,"href":"https:\/\/vinodeli.ee\/ru\/wp-json\/wp\/v2\/product_tag?post=79216"}],"curies":[{"name":"wp","href":"https:\/\/api.w.org\/{rel}","templated":true}]}}