{"id":81636,"date":"2026-03-04T14:03:23","date_gmt":"2026-03-04T12:03:23","guid":{"rendered":"https:\/\/vinodeli.ee\/?post_type=product&#038;p=81636"},"modified":"2026-03-04T14:27:14","modified_gmt":"2026-03-04T12:27:14","slug":"chateau-de-la-ragotiere-cuvee-amelie-muscadet-sevre-maine-aoc-sur-lie-2023-12-vol-075l","status":"publish","type":"product","link":"https:\/\/vinodeli.ee\/ru\/product\/chateau-de-la-ragotiere-cuvee-amelie-muscadet-sevre-maine-aoc-sur-lie-2023-12-vol-075l\/","title":{"rendered":"Ch\u00e2teau de la Ragoti\u00e8re Cuvee Amelie Muscadet S\u00e8vre &amp; Maine AOC Sur Lie 2023 12% vol. 0,75L"},"content":{"rendered":"<blockquote>\n<h5>\u0418\u0441\u0442\u043e\u0440\u0438\u044f Les Fr\u00e8res Couillaud \u2014 \u044d\u0442\u043e \u043f\u0443\u0442\u044c \u0441\u043c\u0435\u043b\u044b\u0445 \u0432\u0438\u043d\u043e\u0434\u0435\u043b\u043e\u0432, \u043d\u0430\u0447\u0430\u0432\u0448\u0438\u0439\u0441\u044f \u0432 1978 \u0433\u043e\u0434\u0443, \u043a\u043e\u0433\u0434\u0430 \u0442\u0440\u0438 \u0431\u0440\u0430\u0442\u0430 \u043f\u0440\u0438\u043e\u0431\u0440\u0435\u043b\u0438 Ch\u00e2teau de la Ragoti\u00e8re, \u0441\u0440\u0435\u0434\u043d\u0435\u0432\u0435\u043a\u043e\u0432\u043e\u0435 \u043f\u043e\u043c\u0435\u0441\u0442\u044c\u0435 XIV \u0432\u0435\u043a\u0430 \u0441 \u0441\u043e\u0445\u0440\u0430\u043d\u0438\u0432\u0448\u0438\u043c\u0438\u0441\u044f \u0440\u0432\u0430\u043c\u0438, \u0438\u0441\u0442\u043e\u0440\u0438\u0447\u0435\u0441\u043a\u0438\u043c \u043f\u043e\u0440\u0442\u0438\u043a\u043e\u043c \u0438 \u0432\u043e\u0441\u0441\u0442\u0430\u043d\u043e\u0432\u043b\u0435\u043d\u043d\u043e\u0439 \u0447\u0430\u0441\u043e\u0432\u043d\u0435\u0439. \u0418\u0445 \u0440\u0430\u0431\u043e\u0442\u0430 \u043e\u0441\u043d\u043e\u0432\u0430\u043d\u0430 \u043d\u0430 \u0443\u0432\u0430\u0436\u0435\u043d\u0438\u0438 \u043a \u0442\u0435\u0440\u0440\u0443\u0430\u0440\u0443, \u044d\u043a\u043e\u043b\u043e\u0433\u0438\u0447\u043d\u043e\u043c \u043f\u043e\u0434\u0445\u043e\u0434\u0435 \u0438 \u0441\u0442\u0440\u0435\u043c\u043b\u0435\u043d\u0438\u0438 \u043a \u0438\u043d\u043d\u043e\u0432\u0430\u0446\u0438\u044f\u043c: \u043e\u0442 \u043e\u0440\u0433\u0430\u043d\u0438\u0447\u0435\u0441\u043a\u043e\u0433\u043e \u0437\u0435\u043c\u043b\u0435\u0434\u0435\u043b\u0438\u044f \u0438 \u0441\u0435\u0440\u0442\u0438\u0444\u0438\u043a\u0430\u0446\u0438\u0438 Terra Vitis \u0434\u043e \u044d\u043a\u0441\u043f\u0435\u0440\u0438\u043c\u0435\u043d\u0442\u043e\u0432 \u0441 \u0443\u0441\u0442\u043e\u0439\u0447\u0438\u0432\u044b\u043c\u0438 \u0441\u043e\u0440\u0442\u0430\u043c\u0438, \u0442\u0430\u043a\u0438\u043c\u0438 \u043a\u0430\u043a Muscaris, Flor\u00e9al, Voltis \u0438 Sauvignac. \u0412\u0438\u043d\u043e\u0434\u0435\u043b\u0438\u0435 \u0441\u0442\u0440\u043e\u0438\u0442\u0441\u044f \u043d\u0430 \u0442\u0449\u0430\u0442\u0435\u043b\u044c\u043d\u043e\u043c \u043a\u043e\u043d\u0442\u0440\u043e\u043b\u0435 \u0437\u0440\u0435\u043b\u043e\u0441\u0442\u0438 \u044f\u0433\u043e\u0434, \u043c\u044f\u0433\u043a\u043e\u043c \u043f\u0440\u0435\u0441\u0441\u043e\u0432\u0430\u043d\u0438\u0438, \u0445\u043e\u043b\u043e\u0434\u043d\u043e\u043c \u043e\u0441\u0432\u0435\u0442\u043b\u0435\u043d\u0438\u0438 \u0438 \u0434\u043b\u0438\u0442\u0435\u043b\u044c\u043d\u043e\u043c \u0432\u044b\u0434\u0435\u0440\u0436\u0438\u0432\u0430\u043d\u0438\u0438 \u043d\u0430 \u043e\u0441\u0430\u0434\u043a\u0435 \u0432 \u043f\u043e\u0434\u0437\u0435\u043c\u043d\u044b\u0445 \u0441\u0442\u0435\u043a\u043b\u043e\u0432\u0430\u043d\u043d\u044b\u0445 \u0447\u0430\u043d\u0430\u0445, \u0430\u043c\u0444\u043e\u0440\u0430\u0445 \u0438 \u0434\u0443\u0431\u043e\u0432\u044b\u0445 \u0431\u043e\u0447\u043a\u0430\u0445. \u041d\u043e\u0432\u043e\u0435 \u043f\u043e\u043a\u043e\u043b\u0435\u043d\u0438\u0435 \u2014 \u0410\u043c\u0435\u043b\u0438 \u0438 \u0412\u0435\u043d\u0441\u0430\u043d \u2014 \u043f\u0440\u043e\u0434\u043e\u043b\u0436\u0430\u0435\u0442 \u0440\u0430\u0437\u0432\u0438\u0432\u0430\u0442\u044c \u0445\u043e\u0437\u044f\u0439\u0441\u0442\u0432\u043e, \u0441\u043e\u0447\u0435\u0442\u0430\u044f \u0442\u0440\u0430\u0434\u0438\u0446\u0438\u0438, \u0431\u0438\u043e\u043b\u043e\u0433\u0438\u0447\u0435\u0441\u043a\u043e\u0435 \u0440\u0430\u0437\u043d\u043e\u043e\u0431\u0440\u0430\u0437\u0438\u0435, \u0438\u043d\u043d\u043e\u0432\u0430\u0446\u0438\u0438 \u0438 \u0441\u0442\u0440\u0435\u043c\u043b\u0435\u043d\u0438\u0435 \u0441\u043e\u0437\u0434\u0430\u0432\u0430\u0442\u044c \u0432\u0438\u043d\u0430, \u0432 \u043a\u043e\u0442\u043e\u0440\u044b\u0445 \u0432\u044b\u0440\u0430\u0436\u0435\u043d\u044b \u044d\u043b\u0435\u0433\u0430\u043d\u0442\u043d\u043e\u0441\u0442\u044c, \u0441\u0432\u0435\u0436\u0435\u0441\u0442\u044c \u0438 \u0443\u043d\u0438\u043a\u0430\u043b\u044c\u043d\u043e\u0441\u0442\u044c \u0442\u0435\u0440\u0440\u0443\u0430\u0440\u0430 \u041b\u0430 \u0420\u0430\u0433\u043e\u0442\u044c\u0435\u0440.   <\/h5>\n<\/blockquote>\n<h3>\u0418\u0437\u0433\u043e\u0442\u043e\u0432\u043b\u0435\u043d\u0438\u0435 \u0432\u0438\u043d\u0430<\/h3>\n<p>\u0421\u0431\u043e\u0440 \u0443\u0440\u043e\u0436\u0430\u044f \u043f\u0440\u043e\u0445\u043e\u0434\u0438\u0442 \u0432 \u0441\u0435\u043d\u0442\u044f\u0431\u0440\u0435, \u043f\u043e\u0441\u043b\u0435 \u0447\u0435\u0433\u043e \u0432\u0438\u043d\u043e\u0433\u0440\u0430\u0434 \u043f\u0440\u043e\u0445\u043e\u0434\u0438\u0442 \u0441\u0442\u0440\u043e\u0433\u0438\u0439 \u043e\u0442\u0431\u043e\u0440. \u041c\u044f\u0433\u043a\u043e\u0435 \u043f\u0440\u0435\u0441\u0441\u043e\u0432\u0430\u043d\u0438\u0435 \u0441\u043e\u043f\u0440\u043e\u0432\u043e\u0436\u0434\u0430\u0435\u0442\u0441\u044f \u0445\u043e\u043b\u043e\u0434\u043d\u044b\u043c \u043e\u0441\u0432\u0435\u0442\u043b\u0435\u043d\u0438\u0435\u043c \u0441\u0443\u0441\u043b\u0430 \u0432 \u0442\u0435\u0447\u0435\u043d\u0438\u0435 \u043f\u044f\u0442\u0438 \u0434\u043d\u0435\u0439, \u0430 \u043a\u043e\u043d\u0442\u0440\u043e\u043b\u0438\u0440\u0443\u0435\u043c\u0430\u044f \u0430\u043b\u043a\u043e\u0433\u043e\u043b\u044c\u043d\u0430\u044f \u0444\u0435\u0440\u043c\u0435\u043d\u0442\u0430\u0446\u0438\u044f \u0434\u043b\u0438\u0442\u0441\u044f \u043e\u043a\u043e\u043b\u043e \u0447\u0435\u0442\u044b\u0440\u0451\u0445 \u043d\u0435\u0434\u0435\u043b\u044c. \u041c\u0430\u043b\u043e\u043b\u0430\u043a\u0442\u0438\u0447\u0435\u0441\u043a\u0430\u044f \u0444\u0435\u0440\u043c\u0435\u043d\u0442\u0430\u0446\u0438\u044f \u043f\u043e\u043b\u043d\u043e\u0441\u0442\u044c\u044e \u0437\u0430\u0432\u0435\u0440\u0448\u0430\u0435\u0442\u0441\u044f \u0432 \u043d\u0430\u0447\u0430\u043b\u0435 \u0437\u0438\u043c\u044b \u0432 \u0440\u0435\u0437\u0435\u0440\u0432\u0443\u0430\u0440\u0430\u0445, \u0430 \u0432\u044b\u0434\u0435\u0440\u0436\u043a\u0430 \u043d\u0430 \u0442\u043e\u043d\u043a\u043e\u043c \u043e\u0441\u0430\u0434\u043a\u0435 \u043f\u0440\u043e\u0434\u043e\u043b\u0436\u0430\u0435\u0442\u0441\u044f 12 \u043c\u0435\u0441\u044f\u0446\u0435\u0432 \u0432 \u043f\u043e\u0434\u0437\u0435\u043c\u043d\u044b\u0445 \u0441\u0442\u0435\u043a\u043b\u043e\u0432\u0430\u043d\u043d\u044b\u0445 \u0447\u0430\u043d\u0430\u0445. \u0420\u043e\u0437\u043b\u0438\u0432 \u043e\u0441\u0443\u0449\u0435\u0441\u0442\u0432\u043b\u044f\u0435\u0442\u0441\u044f \u0432 \u043d\u043e\u044f\u0431\u0440\u0435\u2013\u0434\u0435\u043a\u0430\u0431\u0440\u0435 \u043f\u043e\u0441\u043b\u0435 \u0435\u0441\u0442\u0435\u0441\u0442\u0432\u0435\u043d\u043d\u043e\u0439 \u0445\u043e\u043b\u043e\u0434\u043e\u0432\u043e\u0439 \u0441\u0442\u0430\u0431\u0438\u043b\u0438\u0437\u0430\u0446\u0438\u0438.   <\/p>\n<h3>\u0414\u0435\u0433\u0443\u0441\u0442\u0430\u0446\u0438\u043e\u043d\u043d\u044b\u0435 \u0437\u0430\u043c\u0435\u0442\u043a\u0438<\/h3>\n<p>\u0410\u0440\u043e\u043c\u0430\u0442 \u0446\u0438\u0442\u0440\u0443\u0441\u043e\u0432\u044b\u0445 \u0438 \u0444\u0443\u043d\u0434\u0443\u043a\u0430 \u0441 \u043d\u043e\u0442\u043a\u0430\u043c\u0438 \u0431\u0440\u0438\u043e\u0448\u0438; \u0432\u043a\u0443\u0441 \u043e\u043a\u0440\u0443\u0433\u043b\u044b\u0439 \u0438 \u043d\u0430\u0441\u044b\u0449\u0435\u043d\u043d\u044b\u0439. <\/p>\n<h3>\u0420\u0435\u043a\u043e\u043c\u0435\u043d\u0434\u0430\u0446\u0438\u0438 \u043f\u043e \u0443\u043f\u043e\u0442\u0440\u0435\u0431\u043b\u0435\u043d\u0438\u044e<\/h3>\n<p>\u0412\u0438\u043d\u043e \u043f\u0440\u0435\u043a\u0440\u0430\u0441\u043d\u043e \u0441\u043e\u0447\u0435\u0442\u0430\u0435\u0442\u0441\u044f \u0441 \u0436\u0430\u0440\u0435\u043d\u044b\u043c \u043b\u043e\u0431\u0441\u0442\u0435\u0440\u043e\u043c, \u0441\u0442\u0435\u0439\u043a\u043e\u043c \u0438\u0437 \u0431\u0440\u0435\u0442\u043e\u043d\u0441\u043a\u043e\u0433\u043e \u043b\u043e\u0441\u043e\u0441\u044f \u0441 \u0446\u0432\u0435\u0442\u043e\u0447\u043d\u043e\u0439 \u0441\u043e\u043b\u044c\u044e, \u043a\u0430\u043c\u0431\u0430\u043b\u043e\u0439 \u043f\u043e\u0434 beurre blanc, \u0433\u0440\u0435\u0431\u0435\u0448\u043a\u0430\u043c\u0438 \u0438 \u0444\u043b\u0430\u043c\u0431\u0438\u0440\u043e\u0432\u0430\u043d\u043d\u044b\u043c\u0438 \u043b\u0430\u043d\u0433\u0443\u0441\u0442\u0438\u043d\u0430\u043c\u0438. \u041f\u043e\u0442\u0435\u043d\u0446\u0438\u0430\u043b \u0432\u044b\u0434\u0435\u0440\u0436\u043a\u0438 \u0441\u043e\u0441\u0442\u0430\u0432\u043b\u044f\u0435\u0442 3\u20135 \u043b\u0435\u0442. <\/p>\n","protected":false},"excerpt":{"rendered":"<blockquote>\n<h4>\u0421\u043e\u0440\u0442 \u0432\u0438\u043d\u043e\u0433\u0440\u0430\u0434\u0430:100% \u0421\u043e\u0432\u0438\u043d\u044c\u043e\u043d-\u0431\u043b\u0430\u043d<\/h4>\n<\/blockquote>\n","protected":false},"featured_media":81639,"template":"","meta":{"_acf_changed":false},"product_brand":[],"product_cat":[19461],"product_tag":[],"class_list":{"0":"post-81636","1":"product","2":"type-product","3":"status-publish","4":"has-post-thumbnail","6":"product_cat-beloe-vino","8":"first","9":"instock","10":"downloadable","11":"taxable","12":"shipping-taxable","13":"purchasable","14":"product-type-simple"},"acf":[],"yoast_head":"<!-- This site is optimized with the Yoast SEO plugin v25.7 - https:\/\/yoast.com\/wordpress\/plugins\/seo\/ -->\n<title>Ch\u00e2teau de la Ragoti\u00e8re Cuvee Amelie Muscadet S\u00e8vre &amp; Maine AOC Sur Lie 2023 12% vol. 0,75L - Vinodeli<\/title>\n<meta name=\"robots\" content=\"index, follow, max-snippet:-1, max-image-preview:large, max-video-preview:-1\" \/>\n<link rel=\"canonical\" href=\"https:\/\/vinodeli.ee\/ru\/?post_type=product&p=81636\" \/>\n<meta property=\"og:locale\" content=\"ru_RU\" \/>\n<meta property=\"og:type\" content=\"article\" \/>\n<meta property=\"og:title\" content=\"Ch\u00e2teau de la Ragoti\u00e8re Cuvee Amelie Muscadet S\u00e8vre &amp; Maine AOC Sur Lie 2023 12% vol. 0,75L - Vinodeli\" \/>\n<meta property=\"og:description\" content=\"\u0421\u043e\u0440\u0442 \u0432\u0438\u043d\u043e\u0433\u0440\u0430\u0434\u0430:100% \u0421\u043e\u0432\u0438\u043d\u044c\u043e\u043d-\u0431\u043b\u0430\u043d\" \/>\n<meta property=\"og:url\" content=\"https:\/\/vinodeli.ee\/ru\/?post_type=product&amp;p=81636\" \/>\n<meta property=\"og:site_name\" content=\"Vinodeli\" \/>\n<meta property=\"article:modified_time\" content=\"2026-03-04T12:27:14+00:00\" \/>\n<meta property=\"og:image\" content=\"https:\/\/vinodeli.ee\/wp-content\/uploads\/2026\/03\/cuvee-amelie.jpg\" \/>\n\t<meta property=\"og:image:width\" content=\"450\" \/>\n\t<meta property=\"og:image:height\" content=\"450\" \/>\n\t<meta property=\"og:image:type\" content=\"image\/jpeg\" \/>\n<meta name=\"twitter:card\" content=\"summary_large_image\" \/>\n<script type=\"application\/ld+json\" class=\"yoast-schema-graph\">{\"@context\":\"https:\/\/schema.org\",\"@graph\":[{\"@type\":\"WebPage\",\"@id\":\"https:\/\/vinodeli.ee\/ru\/?post_type=product&p=81636\",\"url\":\"https:\/\/vinodeli.ee\/ru\/?post_type=product&p=81636\",\"name\":\"Ch\u00e2teau de la Ragoti\u00e8re Cuvee Amelie Muscadet S\u00e8vre &amp; Maine AOC Sur Lie 2023 12% vol. 0,75L - Vinodeli\",\"isPartOf\":{\"@id\":\"https:\/\/vinodeli.ee\/#website\"},\"primaryImageOfPage\":{\"@id\":\"https:\/\/vinodeli.ee\/ru\/?post_type=product&p=81636#primaryimage\"},\"image\":{\"@id\":\"https:\/\/vinodeli.ee\/ru\/?post_type=product&p=81636#primaryimage\"},\"thumbnailUrl\":\"https:\/\/vinodeli.ee\/wp-content\/uploads\/2026\/03\/cuvee-amelie.jpg\",\"datePublished\":\"2026-03-04T12:03:23+00:00\",\"dateModified\":\"2026-03-04T12:27:14+00:00\",\"breadcrumb\":{\"@id\":\"https:\/\/vinodeli.ee\/ru\/?post_type=product&p=81636#breadcrumb\"},\"inLanguage\":\"ru-RU\",\"potentialAction\":[{\"@type\":\"ReadAction\",\"target\":[\"https:\/\/vinodeli.ee\/ru\/?post_type=product&p=81636\"]}]},{\"@type\":\"ImageObject\",\"inLanguage\":\"ru-RU\",\"@id\":\"https:\/\/vinodeli.ee\/ru\/?post_type=product&p=81636#primaryimage\",\"url\":\"https:\/\/vinodeli.ee\/wp-content\/uploads\/2026\/03\/cuvee-amelie.jpg\",\"contentUrl\":\"https:\/\/vinodeli.ee\/wp-content\/uploads\/2026\/03\/cuvee-amelie.jpg\",\"width\":450,\"height\":450},{\"@type\":\"BreadcrumbList\",\"@id\":\"https:\/\/vinodeli.ee\/ru\/?post_type=product&p=81636#breadcrumb\",\"itemListElement\":[{\"@type\":\"ListItem\",\"position\":1,\"name\":\"\u0414\u043e\u043c\u0430\u0448\u043d\u044f\u044f \u0441\u0442\u0440\u0430\u043d\u0438\u0446\u0430\",\"item\":\"https:\/\/vinodeli.ee\/ru\/\"},{\"@type\":\"ListItem\",\"position\":2,\"name\":\"\u041c\u0430\u0433\u0430\u0437\u0438\u043d\",\"item\":\"https:\/\/vinodeli.ee\/pood\/\"},{\"@type\":\"ListItem\",\"position\":3,\"name\":\"\u041b\u0438\u0447\u043d\u043e\u0435: Ch\u00e2teau de la Ragoti\u00e8re Cuvee Amelie Muscadet S\u00e8vre &amp; Maine AOC Sur Lie 2023 12% vol. 0,75L\"}]},{\"@type\":\"WebSite\",\"@id\":\"https:\/\/vinodeli.ee\/#website\",\"url\":\"https:\/\/vinodeli.ee\/\",\"name\":\"Vinodeli\",\"description\":\"\",\"publisher\":{\"@id\":\"https:\/\/vinodeli.ee\/#organization\"},\"potentialAction\":[{\"@type\":\"SearchAction\",\"target\":{\"@type\":\"EntryPoint\",\"urlTemplate\":\"https:\/\/vinodeli.ee\/?s={search_term_string}\"},\"query-input\":{\"@type\":\"PropertyValueSpecification\",\"valueRequired\":true,\"valueName\":\"search_term_string\"}}],\"inLanguage\":\"ru-RU\"},{\"@type\":\"Organization\",\"@id\":\"https:\/\/vinodeli.ee\/#organization\",\"name\":\"Vinodeli O\u00dc\",\"url\":\"https:\/\/vinodeli.ee\/\",\"logo\":{\"@type\":\"ImageObject\",\"inLanguage\":\"ru-RU\",\"@id\":\"https:\/\/vinodeli.ee\/#\/schema\/logo\/image\/\",\"url\":\"https:\/\/vinodeli.ee\/wp-content\/uploads\/2024\/02\/logo-winodeli-1.png\",\"contentUrl\":\"https:\/\/vinodeli.ee\/wp-content\/uploads\/2024\/02\/logo-winodeli-1.png\",\"width\":1500,\"height\":1150,\"caption\":\"Vinodeli O\u00dc\"},\"image\":{\"@id\":\"https:\/\/vinodeli.ee\/#\/schema\/logo\/image\/\"}}]}<\/script>\n<!-- \/ Yoast SEO plugin. -->","yoast_head_json":{"title":"Ch\u00e2teau de la Ragoti\u00e8re Cuvee Amelie Muscadet S\u00e8vre &amp; Maine AOC Sur Lie 2023 12% vol. 0,75L - Vinodeli","robots":{"index":"index","follow":"follow","max-snippet":"max-snippet:-1","max-image-preview":"max-image-preview:large","max-video-preview":"max-video-preview:-1"},"canonical":"https:\/\/vinodeli.ee\/ru\/?post_type=product&p=81636","og_locale":"ru_RU","og_type":"article","og_title":"Ch\u00e2teau de la Ragoti\u00e8re Cuvee Amelie Muscadet S\u00e8vre &amp; Maine AOC Sur Lie 2023 12% vol. 0,75L - Vinodeli","og_description":"\u0421\u043e\u0440\u0442 \u0432\u0438\u043d\u043e\u0433\u0440\u0430\u0434\u0430:100% \u0421\u043e\u0432\u0438\u043d\u044c\u043e\u043d-\u0431\u043b\u0430\u043d","og_url":"https:\/\/vinodeli.ee\/ru\/?post_type=product&p=81636","og_site_name":"Vinodeli","article_modified_time":"2026-03-04T12:27:14+00:00","og_image":[{"width":450,"height":450,"url":"https:\/\/vinodeli.ee\/wp-content\/uploads\/2026\/03\/cuvee-amelie.jpg","type":"image\/jpeg"}],"twitter_card":"summary_large_image","schema":{"@context":"https:\/\/schema.org","@graph":[{"@type":"WebPage","@id":"https:\/\/vinodeli.ee\/ru\/?post_type=product&p=81636","url":"https:\/\/vinodeli.ee\/ru\/?post_type=product&p=81636","name":"Ch\u00e2teau de la Ragoti\u00e8re Cuvee Amelie Muscadet S\u00e8vre &amp; Maine AOC Sur Lie 2023 12% vol. 0,75L - Vinodeli","isPartOf":{"@id":"https:\/\/vinodeli.ee\/#website"},"primaryImageOfPage":{"@id":"https:\/\/vinodeli.ee\/ru\/?post_type=product&p=81636#primaryimage"},"image":{"@id":"https:\/\/vinodeli.ee\/ru\/?post_type=product&p=81636#primaryimage"},"thumbnailUrl":"https:\/\/vinodeli.ee\/wp-content\/uploads\/2026\/03\/cuvee-amelie.jpg","datePublished":"2026-03-04T12:03:23+00:00","dateModified":"2026-03-04T12:27:14+00:00","breadcrumb":{"@id":"https:\/\/vinodeli.ee\/ru\/?post_type=product&p=81636#breadcrumb"},"inLanguage":"ru-RU","potentialAction":[{"@type":"ReadAction","target":["https:\/\/vinodeli.ee\/ru\/?post_type=product&p=81636"]}]},{"@type":"ImageObject","inLanguage":"ru-RU","@id":"https:\/\/vinodeli.ee\/ru\/?post_type=product&p=81636#primaryimage","url":"https:\/\/vinodeli.ee\/wp-content\/uploads\/2026\/03\/cuvee-amelie.jpg","contentUrl":"https:\/\/vinodeli.ee\/wp-content\/uploads\/2026\/03\/cuvee-amelie.jpg","width":450,"height":450},{"@type":"BreadcrumbList","@id":"https:\/\/vinodeli.ee\/ru\/?post_type=product&p=81636#breadcrumb","itemListElement":[{"@type":"ListItem","position":1,"name":"\u0414\u043e\u043c\u0430\u0448\u043d\u044f\u044f \u0441\u0442\u0440\u0430\u043d\u0438\u0446\u0430","item":"https:\/\/vinodeli.ee\/ru\/"},{"@type":"ListItem","position":2,"name":"\u041c\u0430\u0433\u0430\u0437\u0438\u043d","item":"https:\/\/vinodeli.ee\/pood\/"},{"@type":"ListItem","position":3,"name":"\u041b\u0438\u0447\u043d\u043e\u0435: Ch\u00e2teau de la Ragoti\u00e8re Cuvee Amelie Muscadet S\u00e8vre &amp; Maine AOC Sur Lie 2023 12% vol. 0,75L"}]},{"@type":"WebSite","@id":"https:\/\/vinodeli.ee\/#website","url":"https:\/\/vinodeli.ee\/","name":"Vinodeli","description":"","publisher":{"@id":"https:\/\/vinodeli.ee\/#organization"},"potentialAction":[{"@type":"SearchAction","target":{"@type":"EntryPoint","urlTemplate":"https:\/\/vinodeli.ee\/?s={search_term_string}"},"query-input":{"@type":"PropertyValueSpecification","valueRequired":true,"valueName":"search_term_string"}}],"inLanguage":"ru-RU"},{"@type":"Organization","@id":"https:\/\/vinodeli.ee\/#organization","name":"Vinodeli O\u00dc","url":"https:\/\/vinodeli.ee\/","logo":{"@type":"ImageObject","inLanguage":"ru-RU","@id":"https:\/\/vinodeli.ee\/#\/schema\/logo\/image\/","url":"https:\/\/vinodeli.ee\/wp-content\/uploads\/2024\/02\/logo-winodeli-1.png","contentUrl":"https:\/\/vinodeli.ee\/wp-content\/uploads\/2024\/02\/logo-winodeli-1.png","width":1500,"height":1150,"caption":"Vinodeli O\u00dc"},"image":{"@id":"https:\/\/vinodeli.ee\/#\/schema\/logo\/image\/"}}]}},"_links":{"self":[{"href":"https:\/\/vinodeli.ee\/ru\/wp-json\/wp\/v2\/product\/81636","targetHints":{"allow":["GET"]}}],"collection":[{"href":"https:\/\/vinodeli.ee\/ru\/wp-json\/wp\/v2\/product"}],"about":[{"href":"https:\/\/vinodeli.ee\/ru\/wp-json\/wp\/v2\/types\/product"}],"version-history":[{"count":0,"href":"https:\/\/vinodeli.ee\/ru\/wp-json\/wp\/v2\/product\/81636\/revisions"}],"wp:featuredmedia":[{"embeddable":true,"href":"https:\/\/vinodeli.ee\/ru\/wp-json\/wp\/v2\/media\/81639"}],"wp:attachment":[{"href":"https:\/\/vinodeli.ee\/ru\/wp-json\/wp\/v2\/media?parent=81636"}],"wp:term":[{"taxonomy":"product_brand","embeddable":true,"href":"https:\/\/vinodeli.ee\/ru\/wp-json\/wp\/v2\/product_brand?post=81636"},{"taxonomy":"product_cat","embeddable":true,"href":"https:\/\/vinodeli.ee\/ru\/wp-json\/wp\/v2\/product_cat?post=81636"},{"taxonomy":"product_tag","embeddable":true,"href":"https:\/\/vinodeli.ee\/ru\/wp-json\/wp\/v2\/product_tag?post=81636"}],"curies":[{"name":"wp","href":"https:\/\/api.w.org\/{rel}","templated":true}]}}